{"id":3413,"date":"2026-05-15T11:51:04","date_gmt":"2026-05-15T09:51:04","guid":{"rendered":"https:\/\/gralmedical.com\/?post_type=product&#038;p=3413"},"modified":"2026-05-15T12:33:49","modified_gmt":"2026-05-15T10:33:49","slug":"1196-suport-elastik-per-kercirin-dhe-pulpen","status":"publish","type":"product","link":"https:\/\/gralmedical.com\/en\/produkt\/1196-suport-elastik-per-kercirin-dhe-pulpen\/","title":{"rendered":"1196 Suporti elastik p\u00ebr k\u00ebrcirin dhe pulp\u00ebn"},"content":{"rendered":"<div class=\"qMYqUG_convSearchResultHighlightRoot\">\n<div class=\"\" data-turn-id-container=\"request-69f8582c-d8c8-83eb-a730-d8579542ea5f-4\" data-is-intersecting=\"true\">\n<div class=\"relative w-full overflow-visible\">\n<section class=\"text-token-text-primary w-full focus:outline-none has-data-writing-block:pointer-events-none [&amp;:has([data-writing-block])&gt;*]:pointer-events-auto R6Vx5W_threadScrollVars scroll-mb-[calc(var(--scroll-root-safe-area-inset-bottom,0px)+var(--thread-response-height))] scroll-mt-[calc(var(--header-height)+min(200px,max(70px,20svh)))]\" dir=\"auto\" data-turn-id=\"request-69f8582c-d8c8-83eb-a730-d8579542ea5f-4\" data-turn-id-container=\"request-69f8582c-d8c8-83eb-a730-d8579542ea5f-4\" data-testid=\"conversation-turn-250\" data-scroll-anchor=\"false\" data-turn=\"assistant\">\n<div class=\"text-base my-auto mx-auto pb-10 [--thread-content-margin:var(--thread-content-margin-xs,calc(var(--spacing)*4))] @w-sm\/main:[--thread-content-margin:var(--thread-content-margin-sm,calc(var(--spacing)*6))] @w-lg\/main:[--thread-content-margin:var(--thread-content-margin-lg,calc(var(--spacing)*16))] px-(--thread-content-margin)\">\n<div class=\"[--thread-content-max-width:40rem] @w-lg\/main:[--thread-content-max-width:48rem] mx-auto max-w-(--thread-content-max-width) flex-1 group\/turn-messages focus-visible:outline-hidden relative flex w-full min-w-0 flex-col agent-turn\">\n<div class=\"flex max-w-full flex-col gap-4 grow\">\n<div class=\"min-h-8 text-message relative flex w-full flex-col items-end gap-2 text-start break-words whitespace-normal outline-none keyboard-focused:focus-ring [.text-message+&amp;]:mt-1\" dir=\"auto\" data-message-author-role=\"assistant\" data-message-id=\"b3c81b86-d94a-4ef8-93e7-5e3cf23ce6e2\" data-message-model-slug=\"gpt-5-5\" data-turn-start-message=\"true\">\n<div class=\"flex w-full flex-col gap-1 empty:hidden\">\n<div class=\"markdown prose dark:prose-invert wrap-break-word w-full light markdown-new-styling\">\n<p data-start=\"213\" data-end=\"424\">Suporti elastik p\u00ebr k\u00ebrcirin dhe pulp\u00ebn \u00ebsht\u00eb projektuar p\u00ebr t\u00eb ofruar kompresion efektiv, stabilizim muskulor dhe p\u00ebrmir\u00ebsim t\u00eb qarkullimit t\u00eb gjakut gjat\u00eb sportit, aktiviteteve t\u00eb p\u00ebrditshme ose rehabilitimit.<\/p>\n<p data-start=\"426\" data-end=\"690\">I prodhuar nga material elastik i thurur dhe i ajrossh\u00ebm, ai siguron ventilim dhe rehati maksimale gjat\u00eb p\u00ebrdorimit t\u00eb zgjatur. Kompresioni i fort\u00eb ndihmon n\u00eb mb\u00ebshtetjen e muskujve t\u00eb pulp\u00ebs, reduktimin e lodhjes muskulare dhe stabilizimin e zon\u00ebs gjat\u00eb l\u00ebvizjes.<\/p>\n<p data-start=\"692\" data-end=\"900\">Dizajni tubular (pull-on) mund\u00ebson vendosje t\u00eb leht\u00eb pa rripa dhe siguron shp\u00ebrndarje uniforme t\u00eb presionit. Skajet elastike t\u00eb p\u00ebrforcuara ndihmojn\u00eb n\u00eb q\u00ebndrimin e sigurt t\u00eb suportit gjat\u00eb aktivitetit fizik.<\/p>\n<p data-start=\"902\" data-end=\"923\"><strong data-start=\"902\" data-end=\"923\">Rekomandohet p\u00ebr:<\/strong><\/p>\n<ul data-start=\"924\" data-end=\"1103\">\n<li data-section-id=\"12dlt9r\" data-start=\"924\" data-end=\"968\">Tendosje dhe d\u00ebmtime muskulare t\u00eb pulp\u00ebs<\/li>\n<li data-section-id=\"1thosg9\" data-start=\"969\" data-end=\"1004\">Dhimbje n\u00eb tibie (shin splints)<\/li>\n<li data-section-id=\"1qmhpnz\" data-start=\"1005\" data-end=\"1053\">Mb\u00ebshtetje gjat\u00eb sporteve me impakt t\u00eb lart\u00eb<\/li>\n<li data-section-id=\"y5k2th\" data-start=\"1054\" data-end=\"1103\">Rikuperim muskulor dhe p\u00ebrdorim t\u00eb p\u00ebrditsh\u00ebm<\/li>\n<\/ul>\n<p data-start=\"1105\" data-end=\"1134\"><strong data-start=\"1105\" data-end=\"1134\">Karakteristikat Kryesore:<\/strong><\/p>\n<ul data-start=\"1135\" data-end=\"1417\">\n<li data-section-id=\"1heaxlv\" data-start=\"1135\" data-end=\"1180\">Material elastik i thurur dhe i ajrossh\u00ebm<\/li>\n<li data-section-id=\"13s8ui7\" data-start=\"1181\" data-end=\"1241\">Kompresion i fort\u00eb p\u00ebr stabilizim t\u00eb k\u00ebrcirit dhe pulp\u00ebs<\/li>\n<li data-section-id=\"1gx6axd\" data-start=\"1242\" data-end=\"1282\">Dizajn tubular p\u00ebr vendosje t\u00eb leht\u00eb<\/li>\n<li data-section-id=\"1s29pck\" data-start=\"1283\" data-end=\"1340\">P\u00ebrshtatje anatomike me skaje elastike t\u00eb p\u00ebrforcuara<\/li>\n<li data-section-id=\"6ex0uc\" data-start=\"1341\" data-end=\"1417\">Ndihmon n\u00eb p\u00ebrmir\u00ebsimin e qarkullimit dhe reduktimin e lodhjes muskulare<\/li>\n<\/ul>\n<p data-start=\"1419\" data-end=\"1495\" data-is-last-node=\"\" data-is-only-node=\"\"><strong data-start=\"1419\" data-end=\"1495\" data-is-last-node=\"\">Ideale p\u00ebr performanc\u00eb m\u00eb t\u00eb mir\u00eb, mbrojtje dhe rikuperim m\u00eb t\u00eb shpejt\u00eb.<\/strong><\/p>\n<\/div>\n<\/div>\n<\/div>\n<\/div>\n<div class=\"z-0 flex min-h-[46px] justify-start\"><\/div>\n<div class=\"mt-3 w-full empty:hidden\">\n<div class=\"text-center\"><\/div>\n<\/div>\n<\/div>\n<\/div>\n<\/section>\n<div class=\"contents\"><\/div>\n<\/div>\n<\/div>\n<\/div>\n<div class=\"pointer-events-none -mt-px h-px translate-y-[calc(var(--scroll-root-safe-area-inset-bottom)-14*var(--spacing))]\" aria-hidden=\"true\"><\/div>\n","protected":false},"excerpt":{"rendered":"<p>Suport elastik p\u00ebr k\u00ebrcirin dhe pulp\u00ebn, i projektuar p\u00ebr stabilitet, kompresion dhe p\u00ebrmir\u00ebsim t\u00eb qarkullimit t\u00eb gjakut gjat\u00eb aktivitetit fizik dhe rikuperimit.<\/p>\n","protected":false},"featured_media":3410,"template":"","meta":{"inline_featured_image":false},"product_brand":[],"product_cat":[396],"product_tag":[],"class_list":{"0":"post-3413","1":"product","2":"type-product","3":"status-publish","4":"has-post-thumbnail","6":"product_cat-kofsha-gjuri-kerciri","8":"first","9":"instock","10":"shipping-taxable","11":"product-type-simple"},"yoast_head":"<!-- This site is optimized with the Yoast SEO plugin v27.6 - https:\/\/yoast.com\/product\/yoast-seo-wordpress\/ -->\n<title>1196 Suporti elastik p\u00ebr k\u00ebrcirin dhe pulp\u00ebn - GralMedical<\/title>\n<meta name=\"description\" content=\"Suport elastik p\u00ebr k\u00ebrcirin dhe pulp\u00ebn, i projektuar p\u00ebr stabilitet, kompresion dhe p\u00ebrmir\u00ebsim t\u00eb qarkullimit t\u00eb gjakut gjat\u00eb aktivitetit fizik dhe rikuperimit.\" \/>\n<meta name=\"robots\" content=\"index, follow, max-snippet:-1, max-image-preview:large, max-video-preview:-1\" \/>\n<link rel=\"canonical\" href=\"https:\/\/gralmedical.com\/en\/produkt\/1196-suport-elastik-per-kercirin-dhe-pulpen\/\" \/>\n<meta property=\"og:locale\" content=\"en_US\" \/>\n<meta property=\"og:type\" content=\"article\" \/>\n<meta property=\"og:title\" content=\"1196 Suporti elastik p\u00ebr k\u00ebrcirin dhe pulp\u00ebn - GralMedical\" \/>\n<meta property=\"og:description\" content=\"Suport elastik p\u00ebr k\u00ebrcirin dhe pulp\u00ebn, i projektuar p\u00ebr stabilitet, kompresion dhe p\u00ebrmir\u00ebsim t\u00eb qarkullimit t\u00eb gjakut gjat\u00eb aktivitetit fizik dhe rikuperimit.\" \/>\n<meta property=\"og:url\" content=\"https:\/\/gralmedical.com\/en\/produkt\/1196-suport-elastik-per-kercirin-dhe-pulpen\/\" \/>\n<meta property=\"og:site_name\" content=\"GralMedical\" \/>\n<meta property=\"article:publisher\" content=\"https:\/\/www.facebook.com\/Gralmedical\" \/>\n<meta property=\"article:modified_time\" content=\"2026-05-15T10:33:49+00:00\" \/>\n<meta property=\"og:image\" content=\"https:\/\/gralmedical.com\/wp-content\/uploads\/2022\/07\/1196-white_polished_nails_2.png\" \/>\n\t<meta property=\"og:image:width\" content=\"1024\" \/>\n\t<meta property=\"og:image:height\" content=\"1024\" \/>\n\t<meta property=\"og:image:type\" content=\"image\/png\" \/>\n<meta name=\"twitter:card\" content=\"summary_large_image\" \/>\n<meta name=\"twitter:label1\" content=\"Est. reading time\" \/>\n\t<meta name=\"twitter:data1\" content=\"2 minutes\" \/>\n<script type=\"application\/ld+json\" class=\"yoast-schema-graph\">{\"@context\":\"https:\\\/\\\/schema.org\",\"@graph\":[{\"@type\":\"WebPage\",\"@id\":\"https:\\\/\\\/gralmedical.com\\\/en\\\/produkt\\\/1196-suport-elastik-per-kercirin-dhe-pulpen\\\/\",\"url\":\"https:\\\/\\\/gralmedical.com\\\/en\\\/produkt\\\/1196-suport-elastik-per-kercirin-dhe-pulpen\\\/\",\"name\":\"1196 Suporti elastik p\u00ebr k\u00ebrcirin dhe pulp\u00ebn - GralMedical\",\"isPartOf\":{\"@id\":\"https:\\\/\\\/gralmedical.com\\\/en\\\/#website\"},\"primaryImageOfPage\":{\"@id\":\"https:\\\/\\\/gralmedical.com\\\/en\\\/produkt\\\/1196-suport-elastik-per-kercirin-dhe-pulpen\\\/#primaryimage\"},\"image\":{\"@id\":\"https:\\\/\\\/gralmedical.com\\\/en\\\/produkt\\\/1196-suport-elastik-per-kercirin-dhe-pulpen\\\/#primaryimage\"},\"thumbnailUrl\":\"https:\\\/\\\/gralmedical.com\\\/wp-content\\\/uploads\\\/2022\\\/07\\\/1196-white_polished_nails_2.png\",\"datePublished\":\"2026-05-15T09:51:04+00:00\",\"dateModified\":\"2026-05-15T10:33:49+00:00\",\"description\":\"Suport elastik p\u00ebr k\u00ebrcirin dhe pulp\u00ebn, i projektuar p\u00ebr stabilitet, kompresion dhe p\u00ebrmir\u00ebsim t\u00eb qarkullimit t\u00eb gjakut gjat\u00eb aktivitetit fizik dhe rikuperimit.\",\"breadcrumb\":{\"@id\":\"https:\\\/\\\/gralmedical.com\\\/en\\\/produkt\\\/1196-suport-elastik-per-kercirin-dhe-pulpen\\\/#breadcrumb\"},\"inLanguage\":\"en-US\",\"potentialAction\":[{\"@type\":\"ReadAction\",\"target\":[\"https:\\\/\\\/gralmedical.com\\\/en\\\/produkt\\\/1196-suport-elastik-per-kercirin-dhe-pulpen\\\/\"]}]},{\"@type\":\"ImageObject\",\"inLanguage\":\"en-US\",\"@id\":\"https:\\\/\\\/gralmedical.com\\\/en\\\/produkt\\\/1196-suport-elastik-per-kercirin-dhe-pulpen\\\/#primaryimage\",\"url\":\"https:\\\/\\\/gralmedical.com\\\/wp-content\\\/uploads\\\/2022\\\/07\\\/1196-white_polished_nails_2.png\",\"contentUrl\":\"https:\\\/\\\/gralmedical.com\\\/wp-content\\\/uploads\\\/2022\\\/07\\\/1196-white_polished_nails_2.png\",\"width\":1024,\"height\":1024},{\"@type\":\"BreadcrumbList\",\"@id\":\"https:\\\/\\\/gralmedical.com\\\/en\\\/produkt\\\/1196-suport-elastik-per-kercirin-dhe-pulpen\\\/#breadcrumb\",\"itemListElement\":[{\"@type\":\"ListItem\",\"position\":1,\"name\":\"Home\",\"item\":\"https:\\\/\\\/gralmedical.com\\\/en\\\/\"},{\"@type\":\"ListItem\",\"position\":2,\"name\":\"Produktet\",\"item\":\"https:\\\/\\\/gralmedical.com\\\/sq\\\/produktet\\\/\"},{\"@type\":\"ListItem\",\"position\":3,\"name\":\"1196 Suporti elastik p\u00ebr k\u00ebrcirin dhe pulp\u00ebn\"}]},{\"@type\":\"WebSite\",\"@id\":\"https:\\\/\\\/gralmedical.com\\\/en\\\/#website\",\"url\":\"https:\\\/\\\/gralmedical.com\\\/en\\\/\",\"name\":\"GralMedical\",\"description\":\"Laboratory equipment &amp; medical apparatus\",\"publisher\":{\"@id\":\"https:\\\/\\\/gralmedical.com\\\/en\\\/#organization\"},\"potentialAction\":[{\"@type\":\"SearchAction\",\"target\":{\"@type\":\"EntryPoint\",\"urlTemplate\":\"https:\\\/\\\/gralmedical.com\\\/en\\\/?s={search_term_string}\"},\"query-input\":{\"@type\":\"PropertyValueSpecification\",\"valueRequired\":true,\"valueName\":\"search_term_string\"}}],\"inLanguage\":\"en-US\"},{\"@type\":\"Organization\",\"@id\":\"https:\\\/\\\/gralmedical.com\\\/en\\\/#organization\",\"name\":\"Gralmedical\",\"url\":\"https:\\\/\\\/gralmedical.com\\\/en\\\/\",\"logo\":{\"@type\":\"ImageObject\",\"inLanguage\":\"en-US\",\"@id\":\"https:\\\/\\\/gralmedical.com\\\/en\\\/#\\\/schema\\\/logo\\\/image\\\/\",\"url\":\"https:\\\/\\\/gralmedical.com\\\/wp-content\\\/uploads\\\/2022\\\/04\\\/logo.png\",\"contentUrl\":\"https:\\\/\\\/gralmedical.com\\\/wp-content\\\/uploads\\\/2022\\\/04\\\/logo.png\",\"width\":491,\"height\":132,\"caption\":\"Gralmedical\"},\"image\":{\"@id\":\"https:\\\/\\\/gralmedical.com\\\/en\\\/#\\\/schema\\\/logo\\\/image\\\/\"},\"sameAs\":[\"https:\\\/\\\/www.facebook.com\\\/Gralmedical\"]}]}<\/script>\n<!-- \/ Yoast SEO plugin. -->","yoast_head_json":{"title":"1196 Suporti elastik p\u00ebr k\u00ebrcirin dhe pulp\u00ebn - GralMedical","description":"Suport elastik p\u00ebr k\u00ebrcirin dhe pulp\u00ebn, i projektuar p\u00ebr stabilitet, kompresion dhe p\u00ebrmir\u00ebsim t\u00eb qarkullimit t\u00eb gjakut gjat\u00eb aktivitetit fizik dhe rikuperimit.","robots":{"index":"index","follow":"follow","max-snippet":"max-snippet:-1","max-image-preview":"max-image-preview:large","max-video-preview":"max-video-preview:-1"},"canonical":"https:\/\/gralmedical.com\/en\/produkt\/1196-suport-elastik-per-kercirin-dhe-pulpen\/","og_locale":"en_US","og_type":"article","og_title":"1196 Suporti elastik p\u00ebr k\u00ebrcirin dhe pulp\u00ebn - GralMedical","og_description":"Suport elastik p\u00ebr k\u00ebrcirin dhe pulp\u00ebn, i projektuar p\u00ebr stabilitet, kompresion dhe p\u00ebrmir\u00ebsim t\u00eb qarkullimit t\u00eb gjakut gjat\u00eb aktivitetit fizik dhe rikuperimit.","og_url":"https:\/\/gralmedical.com\/en\/produkt\/1196-suport-elastik-per-kercirin-dhe-pulpen\/","og_site_name":"GralMedical","article_publisher":"https:\/\/www.facebook.com\/Gralmedical","article_modified_time":"2026-05-15T10:33:49+00:00","og_image":[{"width":1024,"height":1024,"url":"https:\/\/gralmedical.com\/wp-content\/uploads\/2022\/07\/1196-white_polished_nails_2.png","type":"image\/png"}],"twitter_card":"summary_large_image","twitter_misc":{"Est. reading time":"2 minutes"},"schema":{"@context":"https:\/\/schema.org","@graph":[{"@type":"WebPage","@id":"https:\/\/gralmedical.com\/en\/produkt\/1196-suport-elastik-per-kercirin-dhe-pulpen\/","url":"https:\/\/gralmedical.com\/en\/produkt\/1196-suport-elastik-per-kercirin-dhe-pulpen\/","name":"1196 Suporti elastik p\u00ebr k\u00ebrcirin dhe pulp\u00ebn - GralMedical","isPartOf":{"@id":"https:\/\/gralmedical.com\/en\/#website"},"primaryImageOfPage":{"@id":"https:\/\/gralmedical.com\/en\/produkt\/1196-suport-elastik-per-kercirin-dhe-pulpen\/#primaryimage"},"image":{"@id":"https:\/\/gralmedical.com\/en\/produkt\/1196-suport-elastik-per-kercirin-dhe-pulpen\/#primaryimage"},"thumbnailUrl":"https:\/\/gralmedical.com\/wp-content\/uploads\/2022\/07\/1196-white_polished_nails_2.png","datePublished":"2026-05-15T09:51:04+00:00","dateModified":"2026-05-15T10:33:49+00:00","description":"Suport elastik p\u00ebr k\u00ebrcirin dhe pulp\u00ebn, i projektuar p\u00ebr stabilitet, kompresion dhe p\u00ebrmir\u00ebsim t\u00eb qarkullimit t\u00eb gjakut gjat\u00eb aktivitetit fizik dhe rikuperimit.","breadcrumb":{"@id":"https:\/\/gralmedical.com\/en\/produkt\/1196-suport-elastik-per-kercirin-dhe-pulpen\/#breadcrumb"},"inLanguage":"en-US","potentialAction":[{"@type":"ReadAction","target":["https:\/\/gralmedical.com\/en\/produkt\/1196-suport-elastik-per-kercirin-dhe-pulpen\/"]}]},{"@type":"ImageObject","inLanguage":"en-US","@id":"https:\/\/gralmedical.com\/en\/produkt\/1196-suport-elastik-per-kercirin-dhe-pulpen\/#primaryimage","url":"https:\/\/gralmedical.com\/wp-content\/uploads\/2022\/07\/1196-white_polished_nails_2.png","contentUrl":"https:\/\/gralmedical.com\/wp-content\/uploads\/2022\/07\/1196-white_polished_nails_2.png","width":1024,"height":1024},{"@type":"BreadcrumbList","@id":"https:\/\/gralmedical.com\/en\/produkt\/1196-suport-elastik-per-kercirin-dhe-pulpen\/#breadcrumb","itemListElement":[{"@type":"ListItem","position":1,"name":"Home","item":"https:\/\/gralmedical.com\/en\/"},{"@type":"ListItem","position":2,"name":"Produktet","item":"https:\/\/gralmedical.com\/sq\/produktet\/"},{"@type":"ListItem","position":3,"name":"1196 Suporti elastik p\u00ebr k\u00ebrcirin dhe pulp\u00ebn"}]},{"@type":"WebSite","@id":"https:\/\/gralmedical.com\/en\/#website","url":"https:\/\/gralmedical.com\/en\/","name":"GralMedical","description":"Laboratory equipment &amp; medical apparatus","publisher":{"@id":"https:\/\/gralmedical.com\/en\/#organization"},"potentialAction":[{"@type":"SearchAction","target":{"@type":"EntryPoint","urlTemplate":"https:\/\/gralmedical.com\/en\/?s={search_term_string}"},"query-input":{"@type":"PropertyValueSpecification","valueRequired":true,"valueName":"search_term_string"}}],"inLanguage":"en-US"},{"@type":"Organization","@id":"https:\/\/gralmedical.com\/en\/#organization","name":"Gralmedical","url":"https:\/\/gralmedical.com\/en\/","logo":{"@type":"ImageObject","inLanguage":"en-US","@id":"https:\/\/gralmedical.com\/en\/#\/schema\/logo\/image\/","url":"https:\/\/gralmedical.com\/wp-content\/uploads\/2022\/04\/logo.png","contentUrl":"https:\/\/gralmedical.com\/wp-content\/uploads\/2022\/04\/logo.png","width":491,"height":132,"caption":"Gralmedical"},"image":{"@id":"https:\/\/gralmedical.com\/en\/#\/schema\/logo\/image\/"},"sameAs":["https:\/\/www.facebook.com\/Gralmedical"]}]}},"_links":{"self":[{"href":"https:\/\/gralmedical.com\/en\/wp-json\/wp\/v2\/product\/3413","targetHints":{"allow":["GET"]}}],"collection":[{"href":"https:\/\/gralmedical.com\/en\/wp-json\/wp\/v2\/product"}],"about":[{"href":"https:\/\/gralmedical.com\/en\/wp-json\/wp\/v2\/types\/product"}],"wp:featuredmedia":[{"embeddable":true,"href":"https:\/\/gralmedical.com\/en\/wp-json\/wp\/v2\/media\/3410"}],"wp:attachment":[{"href":"https:\/\/gralmedical.com\/en\/wp-json\/wp\/v2\/media?parent=3413"}],"wp:term":[{"taxonomy":"product_brand","embeddable":true,"href":"https:\/\/gralmedical.com\/en\/wp-json\/wp\/v2\/product_brand?post=3413"},{"taxonomy":"product_cat","embeddable":true,"href":"https:\/\/gralmedical.com\/en\/wp-json\/wp\/v2\/product_cat?post=3413"},{"taxonomy":"product_tag","embeddable":true,"href":"https:\/\/gralmedical.com\/en\/wp-json\/wp\/v2\/product_tag?post=3413"}],"curies":[{"name":"wp","href":"https:\/\/api.w.org\/{rel}","templated":true}]}}