{"id":3401,"date":"2026-05-15T10:45:00","date_gmt":"2026-05-15T08:45:00","guid":{"rendered":"https:\/\/gralmedical.com\/?post_type=product&#038;p=3401"},"modified":"2026-05-15T10:51:40","modified_gmt":"2026-05-15T08:51:40","slug":"1004-menge-kompresive-cool-hot-gel","status":"publish","type":"product","link":"https:\/\/gralmedical.com\/en\/produkt\/1004-menge-kompresive-cool-hot-gel\/","title":{"rendered":"1004 M\u00ebng\u00eb kompresive Cool\/Hot Therapy Gel"},"content":{"rendered":"<div class=\"qMYqUG_convSearchResultHighlightRoot\">\n<div class=\"\" data-turn-id-container=\"request-69f8582c-d8c8-83eb-a730-d8579542ea5f-2\" data-is-intersecting=\"true\">\n<div class=\"relative w-full overflow-visible\">\n<section class=\"text-token-text-primary w-full focus:outline-none has-data-writing-block:pointer-events-none [&amp;:has([data-writing-block])&gt;*]:pointer-events-auto R6Vx5W_threadScrollVars scroll-mb-[calc(var(--scroll-root-safe-area-inset-bottom,0px)+var(--thread-response-height))] scroll-mt-[calc(var(--header-height)+min(200px,max(70px,20svh)))]\" dir=\"auto\" data-turn-id=\"request-69f8582c-d8c8-83eb-a730-d8579542ea5f-2\" data-turn-id-container=\"request-69f8582c-d8c8-83eb-a730-d8579542ea5f-2\" data-testid=\"conversation-turn-246\" data-scroll-anchor=\"false\" data-turn=\"assistant\">\n<div class=\"text-base my-auto mx-auto pb-10 [--thread-content-margin:var(--thread-content-margin-xs,calc(var(--spacing)*4))] @w-sm\/main:[--thread-content-margin:var(--thread-content-margin-sm,calc(var(--spacing)*6))] @w-lg\/main:[--thread-content-margin:var(--thread-content-margin-lg,calc(var(--spacing)*16))] px-(--thread-content-margin)\">\n<div class=\"[--thread-content-max-width:40rem] @w-lg\/main:[--thread-content-max-width:48rem] mx-auto max-w-(--thread-content-max-width) flex-1 group\/turn-messages focus-visible:outline-hidden relative flex w-full min-w-0 flex-col agent-turn\">\n<div class=\"flex max-w-full flex-col gap-4 grow\">\n<div class=\"min-h-8 text-message relative flex w-full flex-col items-end gap-2 text-start break-words whitespace-normal outline-none keyboard-focused:focus-ring [.text-message+&amp;]:mt-1\" dir=\"auto\" data-message-author-role=\"assistant\" data-message-id=\"89c335fa-1d86-4c75-a65b-41f384b63ac8\" data-message-model-slug=\"gpt-5-5\" data-turn-start-message=\"true\">\n<div class=\"flex w-full flex-col gap-1 empty:hidden\">\n<div class=\"markdown prose dark:prose-invert wrap-break-word w-full light markdown-new-styling\">\n<p data-start=\"221\" data-end=\"425\">M\u00ebng\u00ebt kompresive Cool\/Hot Therapy Gel jan\u00eb projektuar p\u00ebr t\u00eb ofruar terapi efektive me nxeht\u00ebsi ose ftoht\u00ebsi, s\u00eb bashku me kompresion t\u00eb kontrolluar p\u00ebr leht\u00ebsim t\u00eb dhimbjeve dhe rikuperim m\u00eb t\u00eb shpejt\u00eb.<\/p>\n<p data-start=\"427\" data-end=\"750\">Ato p\u00ebrmbajn\u00eb xhel fleksib\u00ebl q\u00eb mbetet i but\u00eb si n\u00eb temperatura t\u00eb ul\u00ebta ashtu edhe n\u00eb temperatura t\u00eb larta, duke siguruar mbulim 360\u00b0 dhe rehati maksimale gjat\u00eb p\u00ebrdorimit. Dizajni ergonomik p\u00ebrshtatet leht\u00ebsisht me forma t\u00eb ndryshme t\u00eb trupit dhe ofron mb\u00ebshtetje t\u00eb q\u00ebndrueshme gjat\u00eb aktivitetit fizik apo rehabilitimit.<\/p>\n<p data-start=\"752\" data-end=\"930\">Terapia e kombinuar me kompresion dhe temperatur\u00eb ndihmon n\u00eb reduktimin e inflamacionit, qet\u00ebsimin e dhimbjeve dhe p\u00ebrmir\u00ebsimin e rikuperimit pas d\u00ebmtimeve ose lodhjes muskulare.<\/p>\n<p data-start=\"932\" data-end=\"956\"><strong data-start=\"932\" data-end=\"956\">P\u00ebrfitimet Kryesore:<\/strong><\/p>\n<ul data-start=\"957\" data-end=\"1209\">\n<li data-section-id=\"1w2zxgn\" data-start=\"957\" data-end=\"1015\">Leht\u00ebson dhimbjet nga ndrydhjet, tendiniti dhe artriti<\/li>\n<li data-section-id=\"az1hgu\" data-start=\"1016\" data-end=\"1071\">Ofron terapi me nxeht\u00ebsi ose ftoht\u00ebsi sipas nevoj\u00ebs<\/li>\n<li data-section-id=\"1adu67\" data-start=\"1072\" data-end=\"1145\">Kombinon kompresionin me efekt terapeutik p\u00ebr rikuperim m\u00eb t\u00eb shpejt\u00eb<\/li>\n<li data-section-id=\"70lg0m\" data-start=\"1146\" data-end=\"1209\">Ndihmon n\u00eb reduktimin e inflamacionit dhe lodhjes muskulare<\/li>\n<\/ul>\n<p data-start=\"1211\" data-end=\"1240\"><strong data-start=\"1211\" data-end=\"1240\">Karakteristikat Kryesore:<\/strong><\/p>\n<ul data-start=\"1241\" data-end=\"1515\">\n<li data-section-id=\"149oala\" data-start=\"1241\" data-end=\"1303\">Xhel fleksib\u00ebl q\u00eb mbetet i but\u00eb n\u00eb temperatura t\u00eb ndryshme<\/li>\n<li data-section-id=\"oavg46\" data-start=\"1304\" data-end=\"1361\">Mbulim 360\u00b0 p\u00ebr kontakt t\u00eb plot\u00eb me zon\u00ebn e trajtimit<\/li>\n<li data-section-id=\"100irp0\" data-start=\"1362\" data-end=\"1405\">I rip\u00ebrdorsh\u00ebm dhe i leht\u00eb p\u00ebr p\u00ebrdorim<\/li>\n<li data-section-id=\"1cxs99o\" data-start=\"1406\" data-end=\"1455\">I p\u00ebrshtatsh\u00ebm p\u00ebr b\u00ebrryl, gju, pulp\u00eb dhe ky\u00e7<\/li>\n<li data-section-id=\"1wabv3l\" data-start=\"1456\" data-end=\"1515\">Model anatomik p\u00ebr ky\u00e7in e k\u00ebmb\u00ebs dhe tendinin e Akilit<\/li>\n<\/ul>\n<p data-start=\"1517\" data-end=\"1616\" data-is-last-node=\"\" data-is-only-node=\"\"><strong data-start=\"1517\" data-end=\"1616\" data-is-last-node=\"\">Ideale p\u00ebr sportist\u00eb, rehabilitim dhe p\u00ebrdorim t\u00eb p\u00ebrditsh\u00ebm p\u00ebr rehati dhe rikuperim maksimal.<\/strong><\/p>\n<\/div>\n<\/div>\n<\/div>\n<\/div>\n<\/div>\n<\/div>\n<\/section>\n<\/div>\n<\/div>\n<\/div>\n","protected":false},"excerpt":{"rendered":"<p>M\u00ebnga kompresive Cool\/Hot me xhel terapeutik fleksib\u00ebl, e projektuar p\u00ebr terapi me nxeht\u00ebsi ose ftoht\u00ebsi, kompresion dhe leht\u00ebsim t\u00eb dhimbjeve muskulare dhe artikulare.<\/p>\n","protected":false},"featured_media":3402,"template":"","meta":{"inline_featured_image":false},"product_brand":[],"product_cat":[396],"product_tag":[],"class_list":{"0":"post-3401","1":"product","2":"type-product","3":"status-publish","4":"has-post-thumbnail","6":"product_cat-kofsha-gjuri-kerciri","8":"first","9":"instock","10":"shipping-taxable","11":"product-type-simple"},"yoast_head":"<!-- This site is optimized with the Yoast SEO plugin v27.6 - https:\/\/yoast.com\/product\/yoast-seo-wordpress\/ -->\n<title>1004 M\u00ebng\u00eb kompresive Cool\/Hot Therapy Gel - GralMedical<\/title>\n<meta name=\"description\" content=\"M\u00ebnga kompresive Cool\/Hot me xhel terapeutik fleksib\u00ebl, e projektuar p\u00ebr terapi me nxeht\u00ebsi ose ftoht\u00ebsi, kompresion dhe leht\u00ebsim t\u00eb dhimbjeve muskulare dhe artikulare.\" \/>\n<meta name=\"robots\" content=\"index, follow, max-snippet:-1, max-image-preview:large, max-video-preview:-1\" \/>\n<link rel=\"canonical\" href=\"https:\/\/gralmedical.com\/en\/produkt\/1004-menge-kompresive-cool-hot-gel\/\" \/>\n<meta property=\"og:locale\" content=\"en_US\" \/>\n<meta property=\"og:type\" content=\"article\" \/>\n<meta property=\"og:title\" content=\"1004 M\u00ebng\u00eb kompresive Cool\/Hot Therapy Gel - GralMedical\" \/>\n<meta property=\"og:description\" content=\"M\u00ebnga kompresive Cool\/Hot me xhel terapeutik fleksib\u00ebl, e projektuar p\u00ebr terapi me nxeht\u00ebsi ose ftoht\u00ebsi, kompresion dhe leht\u00ebsim t\u00eb dhimbjeve muskulare dhe artikulare.\" \/>\n<meta property=\"og:url\" content=\"https:\/\/gralmedical.com\/en\/produkt\/1004-menge-kompresive-cool-hot-gel\/\" \/>\n<meta property=\"og:site_name\" content=\"GralMedical\" \/>\n<meta property=\"article:publisher\" content=\"https:\/\/www.facebook.com\/Gralmedical\" \/>\n<meta property=\"article:modified_time\" content=\"2026-05-15T08:51:40+00:00\" \/>\n<meta property=\"og:image\" content=\"https:\/\/gralmedical.com\/wp-content\/uploads\/2026\/05\/compression_sleeve_model.png\" \/>\n\t<meta property=\"og:image:width\" content=\"2036\" \/>\n\t<meta property=\"og:image:height\" content=\"2036\" \/>\n\t<meta property=\"og:image:type\" content=\"image\/png\" \/>\n<meta name=\"twitter:card\" content=\"summary_large_image\" \/>\n<meta name=\"twitter:label1\" content=\"Est. reading time\" \/>\n\t<meta name=\"twitter:data1\" content=\"2 minutes\" \/>\n<script type=\"application\/ld+json\" class=\"yoast-schema-graph\">{\"@context\":\"https:\\\/\\\/schema.org\",\"@graph\":[{\"@type\":\"WebPage\",\"@id\":\"https:\\\/\\\/gralmedical.com\\\/en\\\/produkt\\\/1004-menge-kompresive-cool-hot-gel\\\/\",\"url\":\"https:\\\/\\\/gralmedical.com\\\/en\\\/produkt\\\/1004-menge-kompresive-cool-hot-gel\\\/\",\"name\":\"1004 M\u00ebng\u00eb kompresive Cool\\\/Hot Therapy Gel - GralMedical\",\"isPartOf\":{\"@id\":\"https:\\\/\\\/gralmedical.com\\\/en\\\/#website\"},\"primaryImageOfPage\":{\"@id\":\"https:\\\/\\\/gralmedical.com\\\/en\\\/produkt\\\/1004-menge-kompresive-cool-hot-gel\\\/#primaryimage\"},\"image\":{\"@id\":\"https:\\\/\\\/gralmedical.com\\\/en\\\/produkt\\\/1004-menge-kompresive-cool-hot-gel\\\/#primaryimage\"},\"thumbnailUrl\":\"https:\\\/\\\/gralmedical.com\\\/wp-content\\\/uploads\\\/2026\\\/05\\\/compression_sleeve_model.png\",\"datePublished\":\"2026-05-15T08:45:00+00:00\",\"dateModified\":\"2026-05-15T08:51:40+00:00\",\"description\":\"M\u00ebnga kompresive Cool\\\/Hot me xhel terapeutik fleksib\u00ebl, e projektuar p\u00ebr terapi me nxeht\u00ebsi ose ftoht\u00ebsi, kompresion dhe leht\u00ebsim t\u00eb dhimbjeve muskulare dhe artikulare.\",\"breadcrumb\":{\"@id\":\"https:\\\/\\\/gralmedical.com\\\/en\\\/produkt\\\/1004-menge-kompresive-cool-hot-gel\\\/#breadcrumb\"},\"inLanguage\":\"en-US\",\"potentialAction\":[{\"@type\":\"ReadAction\",\"target\":[\"https:\\\/\\\/gralmedical.com\\\/en\\\/produkt\\\/1004-menge-kompresive-cool-hot-gel\\\/\"]}]},{\"@type\":\"ImageObject\",\"inLanguage\":\"en-US\",\"@id\":\"https:\\\/\\\/gralmedical.com\\\/en\\\/produkt\\\/1004-menge-kompresive-cool-hot-gel\\\/#primaryimage\",\"url\":\"https:\\\/\\\/gralmedical.com\\\/wp-content\\\/uploads\\\/2026\\\/05\\\/compression_sleeve_model.png\",\"contentUrl\":\"https:\\\/\\\/gralmedical.com\\\/wp-content\\\/uploads\\\/2026\\\/05\\\/compression_sleeve_model.png\",\"width\":2036,\"height\":2036},{\"@type\":\"BreadcrumbList\",\"@id\":\"https:\\\/\\\/gralmedical.com\\\/en\\\/produkt\\\/1004-menge-kompresive-cool-hot-gel\\\/#breadcrumb\",\"itemListElement\":[{\"@type\":\"ListItem\",\"position\":1,\"name\":\"Home\",\"item\":\"https:\\\/\\\/gralmedical.com\\\/en\\\/\"},{\"@type\":\"ListItem\",\"position\":2,\"name\":\"Produktet\",\"item\":\"https:\\\/\\\/gralmedical.com\\\/sq\\\/produktet\\\/\"},{\"@type\":\"ListItem\",\"position\":3,\"name\":\"1004 M\u00ebng\u00eb kompresive Cool\\\/Hot Therapy Gel\"}]},{\"@type\":\"WebSite\",\"@id\":\"https:\\\/\\\/gralmedical.com\\\/en\\\/#website\",\"url\":\"https:\\\/\\\/gralmedical.com\\\/en\\\/\",\"name\":\"GralMedical\",\"description\":\"Laboratory equipment &amp; medical apparatus\",\"publisher\":{\"@id\":\"https:\\\/\\\/gralmedical.com\\\/en\\\/#organization\"},\"potentialAction\":[{\"@type\":\"SearchAction\",\"target\":{\"@type\":\"EntryPoint\",\"urlTemplate\":\"https:\\\/\\\/gralmedical.com\\\/en\\\/?s={search_term_string}\"},\"query-input\":{\"@type\":\"PropertyValueSpecification\",\"valueRequired\":true,\"valueName\":\"search_term_string\"}}],\"inLanguage\":\"en-US\"},{\"@type\":\"Organization\",\"@id\":\"https:\\\/\\\/gralmedical.com\\\/en\\\/#organization\",\"name\":\"Gralmedical\",\"url\":\"https:\\\/\\\/gralmedical.com\\\/en\\\/\",\"logo\":{\"@type\":\"ImageObject\",\"inLanguage\":\"en-US\",\"@id\":\"https:\\\/\\\/gralmedical.com\\\/en\\\/#\\\/schema\\\/logo\\\/image\\\/\",\"url\":\"https:\\\/\\\/gralmedical.com\\\/wp-content\\\/uploads\\\/2022\\\/04\\\/logo.png\",\"contentUrl\":\"https:\\\/\\\/gralmedical.com\\\/wp-content\\\/uploads\\\/2022\\\/04\\\/logo.png\",\"width\":491,\"height\":132,\"caption\":\"Gralmedical\"},\"image\":{\"@id\":\"https:\\\/\\\/gralmedical.com\\\/en\\\/#\\\/schema\\\/logo\\\/image\\\/\"},\"sameAs\":[\"https:\\\/\\\/www.facebook.com\\\/Gralmedical\"]}]}<\/script>\n<!-- \/ Yoast SEO plugin. -->","yoast_head_json":{"title":"1004 M\u00ebng\u00eb kompresive Cool\/Hot Therapy Gel - GralMedical","description":"M\u00ebnga kompresive Cool\/Hot me xhel terapeutik fleksib\u00ebl, e projektuar p\u00ebr terapi me nxeht\u00ebsi ose ftoht\u00ebsi, kompresion dhe leht\u00ebsim t\u00eb dhimbjeve muskulare dhe artikulare.","robots":{"index":"index","follow":"follow","max-snippet":"max-snippet:-1","max-image-preview":"max-image-preview:large","max-video-preview":"max-video-preview:-1"},"canonical":"https:\/\/gralmedical.com\/en\/produkt\/1004-menge-kompresive-cool-hot-gel\/","og_locale":"en_US","og_type":"article","og_title":"1004 M\u00ebng\u00eb kompresive Cool\/Hot Therapy Gel - GralMedical","og_description":"M\u00ebnga kompresive Cool\/Hot me xhel terapeutik fleksib\u00ebl, e projektuar p\u00ebr terapi me nxeht\u00ebsi ose ftoht\u00ebsi, kompresion dhe leht\u00ebsim t\u00eb dhimbjeve muskulare dhe artikulare.","og_url":"https:\/\/gralmedical.com\/en\/produkt\/1004-menge-kompresive-cool-hot-gel\/","og_site_name":"GralMedical","article_publisher":"https:\/\/www.facebook.com\/Gralmedical","article_modified_time":"2026-05-15T08:51:40+00:00","og_image":[{"width":2036,"height":2036,"url":"https:\/\/gralmedical.com\/wp-content\/uploads\/2026\/05\/compression_sleeve_model.png","type":"image\/png"}],"twitter_card":"summary_large_image","twitter_misc":{"Est. reading time":"2 minutes"},"schema":{"@context":"https:\/\/schema.org","@graph":[{"@type":"WebPage","@id":"https:\/\/gralmedical.com\/en\/produkt\/1004-menge-kompresive-cool-hot-gel\/","url":"https:\/\/gralmedical.com\/en\/produkt\/1004-menge-kompresive-cool-hot-gel\/","name":"1004 M\u00ebng\u00eb kompresive Cool\/Hot Therapy Gel - GralMedical","isPartOf":{"@id":"https:\/\/gralmedical.com\/en\/#website"},"primaryImageOfPage":{"@id":"https:\/\/gralmedical.com\/en\/produkt\/1004-menge-kompresive-cool-hot-gel\/#primaryimage"},"image":{"@id":"https:\/\/gralmedical.com\/en\/produkt\/1004-menge-kompresive-cool-hot-gel\/#primaryimage"},"thumbnailUrl":"https:\/\/gralmedical.com\/wp-content\/uploads\/2026\/05\/compression_sleeve_model.png","datePublished":"2026-05-15T08:45:00+00:00","dateModified":"2026-05-15T08:51:40+00:00","description":"M\u00ebnga kompresive Cool\/Hot me xhel terapeutik fleksib\u00ebl, e projektuar p\u00ebr terapi me nxeht\u00ebsi ose ftoht\u00ebsi, kompresion dhe leht\u00ebsim t\u00eb dhimbjeve muskulare dhe artikulare.","breadcrumb":{"@id":"https:\/\/gralmedical.com\/en\/produkt\/1004-menge-kompresive-cool-hot-gel\/#breadcrumb"},"inLanguage":"en-US","potentialAction":[{"@type":"ReadAction","target":["https:\/\/gralmedical.com\/en\/produkt\/1004-menge-kompresive-cool-hot-gel\/"]}]},{"@type":"ImageObject","inLanguage":"en-US","@id":"https:\/\/gralmedical.com\/en\/produkt\/1004-menge-kompresive-cool-hot-gel\/#primaryimage","url":"https:\/\/gralmedical.com\/wp-content\/uploads\/2026\/05\/compression_sleeve_model.png","contentUrl":"https:\/\/gralmedical.com\/wp-content\/uploads\/2026\/05\/compression_sleeve_model.png","width":2036,"height":2036},{"@type":"BreadcrumbList","@id":"https:\/\/gralmedical.com\/en\/produkt\/1004-menge-kompresive-cool-hot-gel\/#breadcrumb","itemListElement":[{"@type":"ListItem","position":1,"name":"Home","item":"https:\/\/gralmedical.com\/en\/"},{"@type":"ListItem","position":2,"name":"Produktet","item":"https:\/\/gralmedical.com\/sq\/produktet\/"},{"@type":"ListItem","position":3,"name":"1004 M\u00ebng\u00eb kompresive Cool\/Hot Therapy Gel"}]},{"@type":"WebSite","@id":"https:\/\/gralmedical.com\/en\/#website","url":"https:\/\/gralmedical.com\/en\/","name":"GralMedical","description":"Laboratory equipment &amp; medical apparatus","publisher":{"@id":"https:\/\/gralmedical.com\/en\/#organization"},"potentialAction":[{"@type":"SearchAction","target":{"@type":"EntryPoint","urlTemplate":"https:\/\/gralmedical.com\/en\/?s={search_term_string}"},"query-input":{"@type":"PropertyValueSpecification","valueRequired":true,"valueName":"search_term_string"}}],"inLanguage":"en-US"},{"@type":"Organization","@id":"https:\/\/gralmedical.com\/en\/#organization","name":"Gralmedical","url":"https:\/\/gralmedical.com\/en\/","logo":{"@type":"ImageObject","inLanguage":"en-US","@id":"https:\/\/gralmedical.com\/en\/#\/schema\/logo\/image\/","url":"https:\/\/gralmedical.com\/wp-content\/uploads\/2022\/04\/logo.png","contentUrl":"https:\/\/gralmedical.com\/wp-content\/uploads\/2022\/04\/logo.png","width":491,"height":132,"caption":"Gralmedical"},"image":{"@id":"https:\/\/gralmedical.com\/en\/#\/schema\/logo\/image\/"},"sameAs":["https:\/\/www.facebook.com\/Gralmedical"]}]}},"_links":{"self":[{"href":"https:\/\/gralmedical.com\/en\/wp-json\/wp\/v2\/product\/3401","targetHints":{"allow":["GET"]}}],"collection":[{"href":"https:\/\/gralmedical.com\/en\/wp-json\/wp\/v2\/product"}],"about":[{"href":"https:\/\/gralmedical.com\/en\/wp-json\/wp\/v2\/types\/product"}],"wp:featuredmedia":[{"embeddable":true,"href":"https:\/\/gralmedical.com\/en\/wp-json\/wp\/v2\/media\/3402"}],"wp:attachment":[{"href":"https:\/\/gralmedical.com\/en\/wp-json\/wp\/v2\/media?parent=3401"}],"wp:term":[{"taxonomy":"product_brand","embeddable":true,"href":"https:\/\/gralmedical.com\/en\/wp-json\/wp\/v2\/product_brand?post=3401"},{"taxonomy":"product_cat","embeddable":true,"href":"https:\/\/gralmedical.com\/en\/wp-json\/wp\/v2\/product_cat?post=3401"},{"taxonomy":"product_tag","embeddable":true,"href":"https:\/\/gralmedical.com\/en\/wp-json\/wp\/v2\/product_tag?post=3401"}],"curies":[{"name":"wp","href":"https:\/\/api.w.org\/{rel}","templated":true}]}}