{"id":3399,"date":"2026-05-14T16:22:03","date_gmt":"2026-05-14T14:22:03","guid":{"rendered":"https:\/\/gralmedical.com\/?post_type=product&#038;p=3399"},"modified":"2026-05-14T16:29:30","modified_gmt":"2026-05-14T14:29:30","slug":"1192-brez-mesi-me-locion-qetesues-2","status":"publish","type":"product","link":"https:\/\/gralmedical.com\/en\/produkt\/1192-brez-mesi-me-locion-qetesues-2\/","title":{"rendered":"1192 Brez mesi me locion qetesues"},"content":{"rendered":"<p data-start=\"174\" data-end=\"397\">Brezi Hot Power p\u00ebr mesin \u00ebsht\u00eb nj\u00eb sistem terapeutik i dizajnuar p\u00ebr t\u00eb ofruar mb\u00ebshtetje efektive t\u00eb zon\u00ebs lumbare, stabilitet dhe ngroht\u00ebsi qet\u00ebsuese q\u00eb ndihmon n\u00eb leht\u00ebsimin e dhimbjeve dhe p\u00ebrmir\u00ebsimin e l\u00ebvizshm\u00ebris\u00eb.<\/p>\n<p data-start=\"399\" data-end=\"657\">I prodhuar nga material elastik i ajrossh\u00ebm me shtres\u00eb t\u00eb but\u00eb pambuku, brezi siguron rehati gjat\u00eb p\u00ebrdorimit t\u00eb zgjatur. \u00cbsht\u00eb i pajisur me 4 shufra p\u00ebrforcuese dhe 2 rripa shtes\u00eb q\u00eb ofrojn\u00eb stabilitet maksimal dhe kompresion t\u00eb rregulluesh\u00ebm sipas nevoj\u00ebs.<\/p>\n<p data-start=\"659\" data-end=\"908\">P\u00ebrfshin gjithashtu sprej me efekt termik me p\u00ebrb\u00ebr\u00ebs si kamfori, kapsaicina (spec i kuq) dhe mente, i cili krijon efekt ngroh\u00ebs t\u00eb menj\u00ebhersh\u00ebm q\u00eb zgjat rreth 2\u20133 or\u00eb, duke ndihmuar n\u00eb relaksimin e muskujve dhe p\u00ebrmir\u00ebsimin e qarkullimit t\u00eb gjakut.<\/p>\n<table width=\"496\">\n<thead>\n<tr>\n<th><strong>Size<\/strong><\/th>\n<th style=\"text-align: center\" align=\"right\"><strong>S<\/strong><\/th>\n<th style=\"text-align: center\" align=\"right\"><strong>M<\/strong><\/th>\n<th style=\"text-align: center\" align=\"right\"><strong>L<\/strong><\/th>\n<th style=\"text-align: center\" align=\"right\"><strong>XL<\/strong><\/th>\n<th style=\"text-align: center\" align=\"right\"><strong>XXL<\/strong><\/th>\n<\/tr>\n<\/thead>\n<tbody>\n<tr>\n<td><strong>Perimetri i belit (cm)<\/strong><\/td>\n<td style=\"text-align: center\" align=\"right\">70-80<\/td>\n<td style=\"text-align: center\" align=\"right\">80-90<\/td>\n<td style=\"text-align: center\" align=\"right\">90-100<\/td>\n<td style=\"text-align: center\" align=\"right\">100-110<\/td>\n<td style=\"text-align: center\" align=\"right\">110-120<\/td>\n<\/tr>\n<\/tbody>\n<\/table>\n<p data-start=\"910\" data-end=\"934\"><strong data-start=\"910\" data-end=\"934\">P\u00ebrdorimet Kryesore:<\/strong><\/p>\n<ul data-start=\"935\" data-end=\"1154\">\n<li data-section-id=\"zmddow\" data-start=\"935\" data-end=\"980\">Dhimbje muskulare dhe shqet\u00ebsime t\u00eb mesit<\/li>\n<li data-section-id=\"m1hoci\" data-start=\"981\" data-end=\"1017\">Nervi shiatik dhe hernie diskale<\/li>\n<li data-section-id=\"12f10sb\" data-start=\"1018\" data-end=\"1072\">Mb\u00ebshtetje gjat\u00eb aktivitetit fizik dhe rikuperimit<\/li>\n<li data-section-id=\"11d9snf\" data-start=\"1073\" data-end=\"1104\">Mb\u00ebshtetje pas operacioneve<\/li>\n<li data-section-id=\"1dxr5su\" data-start=\"1105\" data-end=\"1154\">Reduktim i tensionit dhe ngurt\u00ebsis\u00eb muskulore<\/li>\n<\/ul>\n<p data-start=\"1156\" data-end=\"1185\"><strong data-start=\"1156\" data-end=\"1185\">Karakteristikat Kryesore:<\/strong><\/p>\n<ul data-start=\"1186\" data-end=\"1492\">\n<li data-section-id=\"1jqj0v6\" data-start=\"1186\" data-end=\"1237\">Material elastik i ajrossh\u00ebm me shtres\u00eb pambuku<\/li>\n<li data-section-id=\"1oyg54f\" data-start=\"1238\" data-end=\"1284\">4 shufra p\u00ebrforcuese p\u00ebr stabilitet lumbal<\/li>\n<li data-section-id=\"zm28t7\" data-start=\"1285\" data-end=\"1328\">2 rripa p\u00ebr kompresion t\u00eb rregulluesh\u00ebm<\/li>\n<li data-section-id=\"1n232mn\" data-start=\"1329\" data-end=\"1384\">Sprej me efekt termik p\u00ebr ngroht\u00ebsi t\u00eb menj\u00ebhershme<\/li>\n<li data-section-id=\"1yph63z\" data-start=\"1385\" data-end=\"1446\">Ndihmon n\u00eb p\u00ebrmir\u00ebsimin e qarkullimit dhe fleksibilitetit<\/li>\n<li data-section-id=\"ue660w\" data-start=\"1447\" data-end=\"1492\">I p\u00ebrshtatsh\u00ebm p\u00ebr p\u00ebrdorim t\u00eb p\u00ebrditsh\u00ebm<\/li>\n<\/ul>\n<p data-start=\"1494\" data-end=\"1606\" data-is-last-node=\"\" data-is-only-node=\"\"><strong data-start=\"1494\" data-end=\"1606\" data-is-last-node=\"\">Zgjidhje ideale p\u00ebr mb\u00ebshtetje t\u00eb mesit, leht\u00ebsim dhimbjeje dhe efekt terapeutik ngroh\u00ebs gjat\u00eb gjith\u00eb dit\u00ebs.<\/strong><\/p>\n","protected":false},"excerpt":{"rendered":"<p data-start=\"26\" data-end=\"147\">Brez mesi Hot Power i projektuar p\u00ebr mb\u00ebshtetje t\u00eb zon\u00ebs lumbare, kompresion t\u00eb kontrolluar dhe leht\u00ebsim termik qet\u00ebsues.<\/p>\n","protected":false},"featured_media":3398,"template":"","meta":{"inline_featured_image":false},"product_brand":[],"product_cat":[391],"product_tag":[],"class_list":{"0":"post-3399","1":"product","2":"type-product","3":"status-publish","4":"has-post-thumbnail","6":"product_cat-kolona-brinjet-mesi","8":"first","9":"instock","10":"shipping-taxable","11":"product-type-simple"},"yoast_head":"<!-- This site is optimized with the Yoast SEO plugin v27.6 - https:\/\/yoast.com\/product\/yoast-seo-wordpress\/ -->\n<title>1192 Brez mesi me locion qetesues - GralMedical<\/title>\n<meta name=\"description\" content=\"Brez mesi Hot Power i projektuar p\u00ebr mb\u00ebshtetje t\u00eb zon\u00ebs lumbare, kompresion t\u00eb kontrolluar dhe leht\u00ebsim termik qet\u00ebsues.\" \/>\n<meta name=\"robots\" content=\"index, follow, max-snippet:-1, max-image-preview:large, max-video-preview:-1\" \/>\n<link rel=\"canonical\" href=\"https:\/\/gralmedical.com\/en\/produkt\/1192-brez-mesi-me-locion-qetesues-2\/\" \/>\n<meta property=\"og:locale\" content=\"en_US\" \/>\n<meta property=\"og:type\" content=\"article\" \/>\n<meta property=\"og:title\" content=\"1192 Brez mesi me locion qetesues - GralMedical\" \/>\n<meta property=\"og:description\" content=\"Brez mesi Hot Power i projektuar p\u00ebr mb\u00ebshtetje t\u00eb zon\u00ebs lumbare, kompresion t\u00eb kontrolluar dhe leht\u00ebsim termik qet\u00ebsues.\" \/>\n<meta property=\"og:url\" content=\"https:\/\/gralmedical.com\/en\/produkt\/1192-brez-mesi-me-locion-qetesues-2\/\" \/>\n<meta property=\"og:site_name\" content=\"GralMedical\" \/>\n<meta property=\"article:publisher\" content=\"https:\/\/www.facebook.com\/Gralmedical\" \/>\n<meta property=\"article:modified_time\" content=\"2026-05-14T14:29:30+00:00\" \/>\n<meta property=\"og:image\" content=\"https:\/\/gralmedical.com\/wp-content\/uploads\/2022\/07\/1192-ChatGPT-Image-Mar-27-2026-10_13_42.png\" \/>\n\t<meta property=\"og:image:width\" content=\"1308\" \/>\n\t<meta property=\"og:image:height\" content=\"1308\" \/>\n\t<meta property=\"og:image:type\" content=\"image\/png\" \/>\n<meta name=\"twitter:card\" content=\"summary_large_image\" \/>\n<meta name=\"twitter:label1\" content=\"Est. reading time\" \/>\n\t<meta name=\"twitter:data1\" content=\"2 minutes\" \/>\n<script type=\"application\/ld+json\" class=\"yoast-schema-graph\">{\"@context\":\"https:\\\/\\\/schema.org\",\"@graph\":[{\"@type\":\"WebPage\",\"@id\":\"https:\\\/\\\/gralmedical.com\\\/en\\\/produkt\\\/1192-brez-mesi-me-locion-qetesues-2\\\/\",\"url\":\"https:\\\/\\\/gralmedical.com\\\/en\\\/produkt\\\/1192-brez-mesi-me-locion-qetesues-2\\\/\",\"name\":\"1192 Brez mesi me locion qetesues - GralMedical\",\"isPartOf\":{\"@id\":\"https:\\\/\\\/gralmedical.com\\\/en\\\/#website\"},\"primaryImageOfPage\":{\"@id\":\"https:\\\/\\\/gralmedical.com\\\/en\\\/produkt\\\/1192-brez-mesi-me-locion-qetesues-2\\\/#primaryimage\"},\"image\":{\"@id\":\"https:\\\/\\\/gralmedical.com\\\/en\\\/produkt\\\/1192-brez-mesi-me-locion-qetesues-2\\\/#primaryimage\"},\"thumbnailUrl\":\"https:\\\/\\\/gralmedical.com\\\/wp-content\\\/uploads\\\/2022\\\/07\\\/1192-ChatGPT-Image-Mar-27-2026-10_13_42.png\",\"datePublished\":\"2026-05-14T14:22:03+00:00\",\"dateModified\":\"2026-05-14T14:29:30+00:00\",\"description\":\"Brez mesi Hot Power i projektuar p\u00ebr mb\u00ebshtetje t\u00eb zon\u00ebs lumbare, kompresion t\u00eb kontrolluar dhe leht\u00ebsim termik qet\u00ebsues.\",\"breadcrumb\":{\"@id\":\"https:\\\/\\\/gralmedical.com\\\/en\\\/produkt\\\/1192-brez-mesi-me-locion-qetesues-2\\\/#breadcrumb\"},\"inLanguage\":\"en-US\",\"potentialAction\":[{\"@type\":\"ReadAction\",\"target\":[\"https:\\\/\\\/gralmedical.com\\\/en\\\/produkt\\\/1192-brez-mesi-me-locion-qetesues-2\\\/\"]}]},{\"@type\":\"ImageObject\",\"inLanguage\":\"en-US\",\"@id\":\"https:\\\/\\\/gralmedical.com\\\/en\\\/produkt\\\/1192-brez-mesi-me-locion-qetesues-2\\\/#primaryimage\",\"url\":\"https:\\\/\\\/gralmedical.com\\\/wp-content\\\/uploads\\\/2022\\\/07\\\/1192-ChatGPT-Image-Mar-27-2026-10_13_42.png\",\"contentUrl\":\"https:\\\/\\\/gralmedical.com\\\/wp-content\\\/uploads\\\/2022\\\/07\\\/1192-ChatGPT-Image-Mar-27-2026-10_13_42.png\",\"width\":1308,\"height\":1308},{\"@type\":\"BreadcrumbList\",\"@id\":\"https:\\\/\\\/gralmedical.com\\\/en\\\/produkt\\\/1192-brez-mesi-me-locion-qetesues-2\\\/#breadcrumb\",\"itemListElement\":[{\"@type\":\"ListItem\",\"position\":1,\"name\":\"Home\",\"item\":\"https:\\\/\\\/gralmedical.com\\\/en\\\/\"},{\"@type\":\"ListItem\",\"position\":2,\"name\":\"Produktet\",\"item\":\"https:\\\/\\\/gralmedical.com\\\/sq\\\/produktet\\\/\"},{\"@type\":\"ListItem\",\"position\":3,\"name\":\"1192 Brez mesi me locion qetesues\"}]},{\"@type\":\"WebSite\",\"@id\":\"https:\\\/\\\/gralmedical.com\\\/en\\\/#website\",\"url\":\"https:\\\/\\\/gralmedical.com\\\/en\\\/\",\"name\":\"GralMedical\",\"description\":\"Laboratory equipment &amp; medical apparatus\",\"publisher\":{\"@id\":\"https:\\\/\\\/gralmedical.com\\\/en\\\/#organization\"},\"potentialAction\":[{\"@type\":\"SearchAction\",\"target\":{\"@type\":\"EntryPoint\",\"urlTemplate\":\"https:\\\/\\\/gralmedical.com\\\/en\\\/?s={search_term_string}\"},\"query-input\":{\"@type\":\"PropertyValueSpecification\",\"valueRequired\":true,\"valueName\":\"search_term_string\"}}],\"inLanguage\":\"en-US\"},{\"@type\":\"Organization\",\"@id\":\"https:\\\/\\\/gralmedical.com\\\/en\\\/#organization\",\"name\":\"Gralmedical\",\"url\":\"https:\\\/\\\/gralmedical.com\\\/en\\\/\",\"logo\":{\"@type\":\"ImageObject\",\"inLanguage\":\"en-US\",\"@id\":\"https:\\\/\\\/gralmedical.com\\\/en\\\/#\\\/schema\\\/logo\\\/image\\\/\",\"url\":\"https:\\\/\\\/gralmedical.com\\\/wp-content\\\/uploads\\\/2022\\\/04\\\/logo.png\",\"contentUrl\":\"https:\\\/\\\/gralmedical.com\\\/wp-content\\\/uploads\\\/2022\\\/04\\\/logo.png\",\"width\":491,\"height\":132,\"caption\":\"Gralmedical\"},\"image\":{\"@id\":\"https:\\\/\\\/gralmedical.com\\\/en\\\/#\\\/schema\\\/logo\\\/image\\\/\"},\"sameAs\":[\"https:\\\/\\\/www.facebook.com\\\/Gralmedical\"]}]}<\/script>\n<!-- \/ Yoast SEO plugin. -->","yoast_head_json":{"title":"1192 Brez mesi me locion qetesues - GralMedical","description":"Brez mesi Hot Power i projektuar p\u00ebr mb\u00ebshtetje t\u00eb zon\u00ebs lumbare, kompresion t\u00eb kontrolluar dhe leht\u00ebsim termik qet\u00ebsues.","robots":{"index":"index","follow":"follow","max-snippet":"max-snippet:-1","max-image-preview":"max-image-preview:large","max-video-preview":"max-video-preview:-1"},"canonical":"https:\/\/gralmedical.com\/en\/produkt\/1192-brez-mesi-me-locion-qetesues-2\/","og_locale":"en_US","og_type":"article","og_title":"1192 Brez mesi me locion qetesues - GralMedical","og_description":"Brez mesi Hot Power i projektuar p\u00ebr mb\u00ebshtetje t\u00eb zon\u00ebs lumbare, kompresion t\u00eb kontrolluar dhe leht\u00ebsim termik qet\u00ebsues.","og_url":"https:\/\/gralmedical.com\/en\/produkt\/1192-brez-mesi-me-locion-qetesues-2\/","og_site_name":"GralMedical","article_publisher":"https:\/\/www.facebook.com\/Gralmedical","article_modified_time":"2026-05-14T14:29:30+00:00","og_image":[{"width":1308,"height":1308,"url":"https:\/\/gralmedical.com\/wp-content\/uploads\/2022\/07\/1192-ChatGPT-Image-Mar-27-2026-10_13_42.png","type":"image\/png"}],"twitter_card":"summary_large_image","twitter_misc":{"Est. reading time":"2 minutes"},"schema":{"@context":"https:\/\/schema.org","@graph":[{"@type":"WebPage","@id":"https:\/\/gralmedical.com\/en\/produkt\/1192-brez-mesi-me-locion-qetesues-2\/","url":"https:\/\/gralmedical.com\/en\/produkt\/1192-brez-mesi-me-locion-qetesues-2\/","name":"1192 Brez mesi me locion qetesues - GralMedical","isPartOf":{"@id":"https:\/\/gralmedical.com\/en\/#website"},"primaryImageOfPage":{"@id":"https:\/\/gralmedical.com\/en\/produkt\/1192-brez-mesi-me-locion-qetesues-2\/#primaryimage"},"image":{"@id":"https:\/\/gralmedical.com\/en\/produkt\/1192-brez-mesi-me-locion-qetesues-2\/#primaryimage"},"thumbnailUrl":"https:\/\/gralmedical.com\/wp-content\/uploads\/2022\/07\/1192-ChatGPT-Image-Mar-27-2026-10_13_42.png","datePublished":"2026-05-14T14:22:03+00:00","dateModified":"2026-05-14T14:29:30+00:00","description":"Brez mesi Hot Power i projektuar p\u00ebr mb\u00ebshtetje t\u00eb zon\u00ebs lumbare, kompresion t\u00eb kontrolluar dhe leht\u00ebsim termik qet\u00ebsues.","breadcrumb":{"@id":"https:\/\/gralmedical.com\/en\/produkt\/1192-brez-mesi-me-locion-qetesues-2\/#breadcrumb"},"inLanguage":"en-US","potentialAction":[{"@type":"ReadAction","target":["https:\/\/gralmedical.com\/en\/produkt\/1192-brez-mesi-me-locion-qetesues-2\/"]}]},{"@type":"ImageObject","inLanguage":"en-US","@id":"https:\/\/gralmedical.com\/en\/produkt\/1192-brez-mesi-me-locion-qetesues-2\/#primaryimage","url":"https:\/\/gralmedical.com\/wp-content\/uploads\/2022\/07\/1192-ChatGPT-Image-Mar-27-2026-10_13_42.png","contentUrl":"https:\/\/gralmedical.com\/wp-content\/uploads\/2022\/07\/1192-ChatGPT-Image-Mar-27-2026-10_13_42.png","width":1308,"height":1308},{"@type":"BreadcrumbList","@id":"https:\/\/gralmedical.com\/en\/produkt\/1192-brez-mesi-me-locion-qetesues-2\/#breadcrumb","itemListElement":[{"@type":"ListItem","position":1,"name":"Home","item":"https:\/\/gralmedical.com\/en\/"},{"@type":"ListItem","position":2,"name":"Produktet","item":"https:\/\/gralmedical.com\/sq\/produktet\/"},{"@type":"ListItem","position":3,"name":"1192 Brez mesi me locion qetesues"}]},{"@type":"WebSite","@id":"https:\/\/gralmedical.com\/en\/#website","url":"https:\/\/gralmedical.com\/en\/","name":"GralMedical","description":"Laboratory equipment &amp; medical apparatus","publisher":{"@id":"https:\/\/gralmedical.com\/en\/#organization"},"potentialAction":[{"@type":"SearchAction","target":{"@type":"EntryPoint","urlTemplate":"https:\/\/gralmedical.com\/en\/?s={search_term_string}"},"query-input":{"@type":"PropertyValueSpecification","valueRequired":true,"valueName":"search_term_string"}}],"inLanguage":"en-US"},{"@type":"Organization","@id":"https:\/\/gralmedical.com\/en\/#organization","name":"Gralmedical","url":"https:\/\/gralmedical.com\/en\/","logo":{"@type":"ImageObject","inLanguage":"en-US","@id":"https:\/\/gralmedical.com\/en\/#\/schema\/logo\/image\/","url":"https:\/\/gralmedical.com\/wp-content\/uploads\/2022\/04\/logo.png","contentUrl":"https:\/\/gralmedical.com\/wp-content\/uploads\/2022\/04\/logo.png","width":491,"height":132,"caption":"Gralmedical"},"image":{"@id":"https:\/\/gralmedical.com\/en\/#\/schema\/logo\/image\/"},"sameAs":["https:\/\/www.facebook.com\/Gralmedical"]}]}},"_links":{"self":[{"href":"https:\/\/gralmedical.com\/en\/wp-json\/wp\/v2\/product\/3399","targetHints":{"allow":["GET"]}}],"collection":[{"href":"https:\/\/gralmedical.com\/en\/wp-json\/wp\/v2\/product"}],"about":[{"href":"https:\/\/gralmedical.com\/en\/wp-json\/wp\/v2\/types\/product"}],"wp:featuredmedia":[{"embeddable":true,"href":"https:\/\/gralmedical.com\/en\/wp-json\/wp\/v2\/media\/3398"}],"wp:attachment":[{"href":"https:\/\/gralmedical.com\/en\/wp-json\/wp\/v2\/media?parent=3399"}],"wp:term":[{"taxonomy":"product_brand","embeddable":true,"href":"https:\/\/gralmedical.com\/en\/wp-json\/wp\/v2\/product_brand?post=3399"},{"taxonomy":"product_cat","embeddable":true,"href":"https:\/\/gralmedical.com\/en\/wp-json\/wp\/v2\/product_cat?post=3399"},{"taxonomy":"product_tag","embeddable":true,"href":"https:\/\/gralmedical.com\/en\/wp-json\/wp\/v2\/product_tag?post=3399"}],"curies":[{"name":"wp","href":"https:\/\/api.w.org\/{rel}","templated":true}]}}