{"id":3395,"date":"2026-05-14T15:50:43","date_gmt":"2026-05-14T13:50:43","guid":{"rendered":"https:\/\/gralmedical.com\/?post_type=product&#038;p=3395"},"modified":"2026-05-14T15:53:24","modified_gmt":"2026-05-14T13:53:24","slug":"0874-brez-shtatezanie-2","status":"publish","type":"product","link":"https:\/\/gralmedical.com\/en\/produkt\/0874-brez-shtatezanie-2\/","title":{"rendered":"0874 Brez shtatezanie"},"content":{"rendered":"<p data-start=\"181\" data-end=\"448\">Brezi i shtatz\u00ebnis\u00eb \u00ebsht\u00eb projektuar posa\u00e7\u00ebrisht p\u00ebr t\u00eb ofruar mb\u00ebshtetje dhe rehati p\u00ebr grat\u00eb gjat\u00eb fazave t\u00eb avancuara t\u00eb shtatz\u00ebnis\u00eb. Ai ndihmon n\u00eb mb\u00ebshtetjen e barkut dhe zon\u00ebs lumbosakrale, duke reduktuar lodhjen dhe parehatit\u00eb gjat\u00eb aktiviteteve t\u00eb p\u00ebrditshme.<\/p>\n<p data-start=\"450\" data-end=\"691\">I prodhuar nga material i ajrossh\u00ebm, brezi ndihmon n\u00eb shmangien e mbinxehjes dhe siguron rehati gjat\u00eb gjith\u00eb dit\u00ebs. Shtresa e brendshme me shkum\u00eb t\u00eb but\u00eb dhe veshje veluri ofron ndjesi t\u00eb k\u00ebndshme n\u00eb kontakt me l\u00ebkur\u00ebn pa shkaktuar irritime.<\/p>\n<p data-start=\"693\" data-end=\"859\">Fal\u00eb dizajnit elastik dhe sistemit t\u00eb rregulluesh\u00ebm me Velcro, brezi p\u00ebrshtatet leht\u00ebsisht me rritjen e barkut gjat\u00eb shtatz\u00ebnis\u00eb dhe ofron fiksim t\u00eb sigurt dhe komod.<\/p>\n<table width=\"496\">\n<thead>\n<tr>\n<th style=\"text-align: center\"><strong>Size<\/strong><\/th>\n<th style=\"text-align: center\" align=\"right\"><strong>S<\/strong><\/th>\n<th style=\"text-align: center\" align=\"right\"><strong>M<\/strong><\/th>\n<th style=\"text-align: center\" align=\"right\"><strong>L<\/strong><\/th>\n<th style=\"text-align: center\" align=\"right\"><strong>XL<\/strong><\/th>\n<th style=\"text-align: center\" align=\"right\"><strong>XXL<\/strong><\/th>\n<\/tr>\n<\/thead>\n<tbody>\n<tr>\n<td><strong>Perimetri i belit (cm)<\/strong><\/td>\n<td style=\"text-align: center\" align=\"right\">70-80<\/td>\n<td style=\"text-align: center\" align=\"right\">80-90<\/td>\n<td style=\"text-align: center\" align=\"right\">90-100<\/td>\n<td style=\"text-align: center\" align=\"right\">100-110<\/td>\n<td style=\"text-align: center\" align=\"right\">110-120<\/td>\n<\/tr>\n<\/tbody>\n<\/table>\n<p data-start=\"861\" data-end=\"890\"><strong data-start=\"861\" data-end=\"890\">Karakteristikat Kryesore:<\/strong><\/p>\n<ul data-start=\"891\" data-end=\"1076\">\n<li data-section-id=\"xqyf89\" data-start=\"891\" data-end=\"945\">Material i ajrossh\u00ebm p\u00ebr rehati gjat\u00eb gjith\u00eb dit\u00ebs<\/li>\n<li data-section-id=\"hci2az\" data-start=\"946\" data-end=\"993\">Shtres\u00eb me shkum\u00eb t\u00eb but\u00eb dhe veshje veluri<\/li>\n<li data-section-id=\"1tzr0xw\" data-start=\"994\" data-end=\"1042\">Dizajn elastik dhe i rregulluesh\u00ebm me Velcro<\/li>\n<li data-section-id=\"mtuuy1\" data-start=\"1043\" data-end=\"1076\">Disponohet n\u00eb madh\u00ebsi S \u2013 XXL<\/li>\n<\/ul>\n<p data-start=\"1078\" data-end=\"1093\"><strong data-start=\"1078\" data-end=\"1093\">P\u00ebrfitimet:<\/strong><\/p>\n<ul data-start=\"1094\" data-end=\"1328\">\n<li data-section-id=\"fj5fby\" data-start=\"1094\" data-end=\"1136\">Mb\u00ebshtet zon\u00ebn lumbosakrale dhe barkun<\/li>\n<li data-section-id=\"122mm9q\" data-start=\"1137\" data-end=\"1204\">Ndihmon n\u00eb reduktimin e dhimbjeve dhe lodhjes gjat\u00eb shtatz\u00ebnis\u00eb<\/li>\n<li data-section-id=\"ksr6lk\" data-start=\"1205\" data-end=\"1251\">Ofron stabilitet dhe siguri gjat\u00eb l\u00ebvizjes<\/li>\n<li data-section-id=\"1or66x8\" data-start=\"1252\" data-end=\"1328\">Mund t\u00eb p\u00ebrdoret edhe pas lindjes p\u00ebr stabilizimin e muskujve abdominal\u00eb<\/li>\n<\/ul>\n<p data-start=\"1330\" data-end=\"1434\" data-is-last-node=\"\" data-is-only-node=\"\"><strong data-start=\"1330\" data-end=\"1434\" data-is-last-node=\"\">Zgjidhje ideale p\u00ebr n\u00ebnat q\u00eb k\u00ebrkojn\u00eb mb\u00ebshtetje shtes\u00eb, stabilitet dhe rehati gjat\u00eb p\u00ebrditshm\u00ebris\u00eb.<\/strong><\/p>\n","protected":false},"excerpt":{"rendered":"<p>Brez shtatz\u00ebnie i projektuar p\u00ebr t\u00eb ofruar mb\u00ebshtetje, stabilitet dhe rehati maksimale gjat\u00eb fazave t\u00eb avancuara t\u00eb shtatz\u00ebnis\u00eb.<\/p>\n","protected":false},"featured_media":3394,"template":"","meta":{"inline_featured_image":false},"product_brand":[],"product_cat":[87],"product_tag":[],"class_list":{"0":"post-3395","1":"product","2":"type-product","3":"status-publish","4":"has-post-thumbnail","6":"product_cat-spine-ribs-lower-back","8":"first","9":"instock","10":"shipping-taxable","11":"product-type-simple"},"yoast_head":"<!-- This site is optimized with the Yoast SEO plugin v27.6 - https:\/\/yoast.com\/product\/yoast-seo-wordpress\/ -->\n<title>0874 Brez shtatezanie - GralMedical<\/title>\n<meta name=\"description\" content=\"Brez shtatz\u00ebnie i projektuar p\u00ebr t\u00eb ofruar mb\u00ebshtetje, stabilitet dhe rehati maksimale gjat\u00eb fazave t\u00eb avancuara t\u00eb shtatz\u00ebnis\u00eb.\" \/>\n<meta name=\"robots\" content=\"index, follow, max-snippet:-1, max-image-preview:large, max-video-preview:-1\" \/>\n<link rel=\"canonical\" href=\"https:\/\/gralmedical.com\/en\/produkt\/0874-brez-shtatezanie-2\/\" \/>\n<meta property=\"og:locale\" content=\"en_US\" \/>\n<meta property=\"og:type\" content=\"article\" \/>\n<meta property=\"og:title\" content=\"0874 Brez shtatezanie - GralMedical\" \/>\n<meta property=\"og:description\" content=\"Brez shtatz\u00ebnie i projektuar p\u00ebr t\u00eb ofruar mb\u00ebshtetje, stabilitet dhe rehati maksimale gjat\u00eb fazave t\u00eb avancuara t\u00eb shtatz\u00ebnis\u00eb.\" \/>\n<meta property=\"og:url\" content=\"https:\/\/gralmedical.com\/en\/produkt\/0874-brez-shtatezanie-2\/\" \/>\n<meta property=\"og:site_name\" content=\"GralMedical\" \/>\n<meta property=\"article:publisher\" content=\"https:\/\/www.facebook.com\/Gralmedical\" \/>\n<meta property=\"article:modified_time\" content=\"2026-05-14T13:53:24+00:00\" \/>\n<meta property=\"og:image\" content=\"https:\/\/gralmedical.com\/wp-content\/uploads\/2022\/07\/Gemini_Generated_Image_jquyovjquyquy.png\" \/>\n\t<meta property=\"og:image:width\" content=\"1024\" \/>\n\t<meta property=\"og:image:height\" content=\"1024\" \/>\n\t<meta property=\"og:image:type\" content=\"image\/png\" \/>\n<meta name=\"twitter:card\" content=\"summary_large_image\" \/>\n<meta name=\"twitter:label1\" content=\"Est. reading time\" \/>\n\t<meta name=\"twitter:data1\" content=\"2 minutes\" \/>\n<script type=\"application\/ld+json\" class=\"yoast-schema-graph\">{\"@context\":\"https:\\\/\\\/schema.org\",\"@graph\":[{\"@type\":\"WebPage\",\"@id\":\"https:\\\/\\\/gralmedical.com\\\/en\\\/produkt\\\/0874-brez-shtatezanie-2\\\/\",\"url\":\"https:\\\/\\\/gralmedical.com\\\/en\\\/produkt\\\/0874-brez-shtatezanie-2\\\/\",\"name\":\"0874 Brez shtatezanie - GralMedical\",\"isPartOf\":{\"@id\":\"https:\\\/\\\/gralmedical.com\\\/en\\\/#website\"},\"primaryImageOfPage\":{\"@id\":\"https:\\\/\\\/gralmedical.com\\\/en\\\/produkt\\\/0874-brez-shtatezanie-2\\\/#primaryimage\"},\"image\":{\"@id\":\"https:\\\/\\\/gralmedical.com\\\/en\\\/produkt\\\/0874-brez-shtatezanie-2\\\/#primaryimage\"},\"thumbnailUrl\":\"https:\\\/\\\/gralmedical.com\\\/wp-content\\\/uploads\\\/2022\\\/07\\\/Gemini_Generated_Image_jquyovjquyquy.png\",\"datePublished\":\"2026-05-14T13:50:43+00:00\",\"dateModified\":\"2026-05-14T13:53:24+00:00\",\"description\":\"Brez shtatz\u00ebnie i projektuar p\u00ebr t\u00eb ofruar mb\u00ebshtetje, stabilitet dhe rehati maksimale gjat\u00eb fazave t\u00eb avancuara t\u00eb shtatz\u00ebnis\u00eb.\",\"breadcrumb\":{\"@id\":\"https:\\\/\\\/gralmedical.com\\\/en\\\/produkt\\\/0874-brez-shtatezanie-2\\\/#breadcrumb\"},\"inLanguage\":\"en-US\",\"potentialAction\":[{\"@type\":\"ReadAction\",\"target\":[\"https:\\\/\\\/gralmedical.com\\\/en\\\/produkt\\\/0874-brez-shtatezanie-2\\\/\"]}]},{\"@type\":\"ImageObject\",\"inLanguage\":\"en-US\",\"@id\":\"https:\\\/\\\/gralmedical.com\\\/en\\\/produkt\\\/0874-brez-shtatezanie-2\\\/#primaryimage\",\"url\":\"https:\\\/\\\/gralmedical.com\\\/wp-content\\\/uploads\\\/2022\\\/07\\\/Gemini_Generated_Image_jquyovjquyquy.png\",\"contentUrl\":\"https:\\\/\\\/gralmedical.com\\\/wp-content\\\/uploads\\\/2022\\\/07\\\/Gemini_Generated_Image_jquyovjquyquy.png\",\"width\":1024,\"height\":1024},{\"@type\":\"BreadcrumbList\",\"@id\":\"https:\\\/\\\/gralmedical.com\\\/en\\\/produkt\\\/0874-brez-shtatezanie-2\\\/#breadcrumb\",\"itemListElement\":[{\"@type\":\"ListItem\",\"position\":1,\"name\":\"Home\",\"item\":\"https:\\\/\\\/gralmedical.com\\\/en\\\/\"},{\"@type\":\"ListItem\",\"position\":2,\"name\":\"Produktet\",\"item\":\"https:\\\/\\\/gralmedical.com\\\/sq\\\/produktet\\\/\"},{\"@type\":\"ListItem\",\"position\":3,\"name\":\"0874 Brez shtatezanie\"}]},{\"@type\":\"WebSite\",\"@id\":\"https:\\\/\\\/gralmedical.com\\\/en\\\/#website\",\"url\":\"https:\\\/\\\/gralmedical.com\\\/en\\\/\",\"name\":\"GralMedical\",\"description\":\"Laboratory equipment &amp; medical apparatus\",\"publisher\":{\"@id\":\"https:\\\/\\\/gralmedical.com\\\/en\\\/#organization\"},\"potentialAction\":[{\"@type\":\"SearchAction\",\"target\":{\"@type\":\"EntryPoint\",\"urlTemplate\":\"https:\\\/\\\/gralmedical.com\\\/en\\\/?s={search_term_string}\"},\"query-input\":{\"@type\":\"PropertyValueSpecification\",\"valueRequired\":true,\"valueName\":\"search_term_string\"}}],\"inLanguage\":\"en-US\"},{\"@type\":\"Organization\",\"@id\":\"https:\\\/\\\/gralmedical.com\\\/en\\\/#organization\",\"name\":\"Gralmedical\",\"url\":\"https:\\\/\\\/gralmedical.com\\\/en\\\/\",\"logo\":{\"@type\":\"ImageObject\",\"inLanguage\":\"en-US\",\"@id\":\"https:\\\/\\\/gralmedical.com\\\/en\\\/#\\\/schema\\\/logo\\\/image\\\/\",\"url\":\"https:\\\/\\\/gralmedical.com\\\/wp-content\\\/uploads\\\/2022\\\/04\\\/logo.png\",\"contentUrl\":\"https:\\\/\\\/gralmedical.com\\\/wp-content\\\/uploads\\\/2022\\\/04\\\/logo.png\",\"width\":491,\"height\":132,\"caption\":\"Gralmedical\"},\"image\":{\"@id\":\"https:\\\/\\\/gralmedical.com\\\/en\\\/#\\\/schema\\\/logo\\\/image\\\/\"},\"sameAs\":[\"https:\\\/\\\/www.facebook.com\\\/Gralmedical\"]}]}<\/script>\n<!-- \/ Yoast SEO plugin. -->","yoast_head_json":{"title":"0874 Brez shtatezanie - GralMedical","description":"Brez shtatz\u00ebnie i projektuar p\u00ebr t\u00eb ofruar mb\u00ebshtetje, stabilitet dhe rehati maksimale gjat\u00eb fazave t\u00eb avancuara t\u00eb shtatz\u00ebnis\u00eb.","robots":{"index":"index","follow":"follow","max-snippet":"max-snippet:-1","max-image-preview":"max-image-preview:large","max-video-preview":"max-video-preview:-1"},"canonical":"https:\/\/gralmedical.com\/en\/produkt\/0874-brez-shtatezanie-2\/","og_locale":"en_US","og_type":"article","og_title":"0874 Brez shtatezanie - GralMedical","og_description":"Brez shtatz\u00ebnie i projektuar p\u00ebr t\u00eb ofruar mb\u00ebshtetje, stabilitet dhe rehati maksimale gjat\u00eb fazave t\u00eb avancuara t\u00eb shtatz\u00ebnis\u00eb.","og_url":"https:\/\/gralmedical.com\/en\/produkt\/0874-brez-shtatezanie-2\/","og_site_name":"GralMedical","article_publisher":"https:\/\/www.facebook.com\/Gralmedical","article_modified_time":"2026-05-14T13:53:24+00:00","og_image":[{"width":1024,"height":1024,"url":"https:\/\/gralmedical.com\/wp-content\/uploads\/2022\/07\/Gemini_Generated_Image_jquyovjquyquy.png","type":"image\/png"}],"twitter_card":"summary_large_image","twitter_misc":{"Est. reading time":"2 minutes"},"schema":{"@context":"https:\/\/schema.org","@graph":[{"@type":"WebPage","@id":"https:\/\/gralmedical.com\/en\/produkt\/0874-brez-shtatezanie-2\/","url":"https:\/\/gralmedical.com\/en\/produkt\/0874-brez-shtatezanie-2\/","name":"0874 Brez shtatezanie - GralMedical","isPartOf":{"@id":"https:\/\/gralmedical.com\/en\/#website"},"primaryImageOfPage":{"@id":"https:\/\/gralmedical.com\/en\/produkt\/0874-brez-shtatezanie-2\/#primaryimage"},"image":{"@id":"https:\/\/gralmedical.com\/en\/produkt\/0874-brez-shtatezanie-2\/#primaryimage"},"thumbnailUrl":"https:\/\/gralmedical.com\/wp-content\/uploads\/2022\/07\/Gemini_Generated_Image_jquyovjquyquy.png","datePublished":"2026-05-14T13:50:43+00:00","dateModified":"2026-05-14T13:53:24+00:00","description":"Brez shtatz\u00ebnie i projektuar p\u00ebr t\u00eb ofruar mb\u00ebshtetje, stabilitet dhe rehati maksimale gjat\u00eb fazave t\u00eb avancuara t\u00eb shtatz\u00ebnis\u00eb.","breadcrumb":{"@id":"https:\/\/gralmedical.com\/en\/produkt\/0874-brez-shtatezanie-2\/#breadcrumb"},"inLanguage":"en-US","potentialAction":[{"@type":"ReadAction","target":["https:\/\/gralmedical.com\/en\/produkt\/0874-brez-shtatezanie-2\/"]}]},{"@type":"ImageObject","inLanguage":"en-US","@id":"https:\/\/gralmedical.com\/en\/produkt\/0874-brez-shtatezanie-2\/#primaryimage","url":"https:\/\/gralmedical.com\/wp-content\/uploads\/2022\/07\/Gemini_Generated_Image_jquyovjquyquy.png","contentUrl":"https:\/\/gralmedical.com\/wp-content\/uploads\/2022\/07\/Gemini_Generated_Image_jquyovjquyquy.png","width":1024,"height":1024},{"@type":"BreadcrumbList","@id":"https:\/\/gralmedical.com\/en\/produkt\/0874-brez-shtatezanie-2\/#breadcrumb","itemListElement":[{"@type":"ListItem","position":1,"name":"Home","item":"https:\/\/gralmedical.com\/en\/"},{"@type":"ListItem","position":2,"name":"Produktet","item":"https:\/\/gralmedical.com\/sq\/produktet\/"},{"@type":"ListItem","position":3,"name":"0874 Brez shtatezanie"}]},{"@type":"WebSite","@id":"https:\/\/gralmedical.com\/en\/#website","url":"https:\/\/gralmedical.com\/en\/","name":"GralMedical","description":"Laboratory equipment &amp; medical apparatus","publisher":{"@id":"https:\/\/gralmedical.com\/en\/#organization"},"potentialAction":[{"@type":"SearchAction","target":{"@type":"EntryPoint","urlTemplate":"https:\/\/gralmedical.com\/en\/?s={search_term_string}"},"query-input":{"@type":"PropertyValueSpecification","valueRequired":true,"valueName":"search_term_string"}}],"inLanguage":"en-US"},{"@type":"Organization","@id":"https:\/\/gralmedical.com\/en\/#organization","name":"Gralmedical","url":"https:\/\/gralmedical.com\/en\/","logo":{"@type":"ImageObject","inLanguage":"en-US","@id":"https:\/\/gralmedical.com\/en\/#\/schema\/logo\/image\/","url":"https:\/\/gralmedical.com\/wp-content\/uploads\/2022\/04\/logo.png","contentUrl":"https:\/\/gralmedical.com\/wp-content\/uploads\/2022\/04\/logo.png","width":491,"height":132,"caption":"Gralmedical"},"image":{"@id":"https:\/\/gralmedical.com\/en\/#\/schema\/logo\/image\/"},"sameAs":["https:\/\/www.facebook.com\/Gralmedical"]}]}},"_links":{"self":[{"href":"https:\/\/gralmedical.com\/en\/wp-json\/wp\/v2\/product\/3395","targetHints":{"allow":["GET"]}}],"collection":[{"href":"https:\/\/gralmedical.com\/en\/wp-json\/wp\/v2\/product"}],"about":[{"href":"https:\/\/gralmedical.com\/en\/wp-json\/wp\/v2\/types\/product"}],"wp:featuredmedia":[{"embeddable":true,"href":"https:\/\/gralmedical.com\/en\/wp-json\/wp\/v2\/media\/3394"}],"wp:attachment":[{"href":"https:\/\/gralmedical.com\/en\/wp-json\/wp\/v2\/media?parent=3395"}],"wp:term":[{"taxonomy":"product_brand","embeddable":true,"href":"https:\/\/gralmedical.com\/en\/wp-json\/wp\/v2\/product_brand?post=3395"},{"taxonomy":"product_cat","embeddable":true,"href":"https:\/\/gralmedical.com\/en\/wp-json\/wp\/v2\/product_cat?post=3395"},{"taxonomy":"product_tag","embeddable":true,"href":"https:\/\/gralmedical.com\/en\/wp-json\/wp\/v2\/product_tag?post=3395"}],"curies":[{"name":"wp","href":"https:\/\/api.w.org\/{rel}","templated":true}]}}