{"id":3391,"date":"2026-05-14T15:33:45","date_gmt":"2026-05-14T13:33:45","guid":{"rendered":"https:\/\/gralmedical.com\/?post_type=product&#038;p=3391"},"modified":"2026-05-14T15:35:10","modified_gmt":"2026-05-14T13:35:10","slug":"0877-brez-shtatezanie-2","status":"publish","type":"product","link":"https:\/\/gralmedical.com\/en\/produkt\/0877-brez-shtatezanie-2\/","title":{"rendered":"0877 Brez shtatezanie"},"content":{"rendered":"<p data-start=\"186\" data-end=\"471\">Brezi i shtatz\u00ebnis\u00eb \u00ebsht\u00eb projektuar posa\u00e7\u00ebrisht p\u00ebr t\u00eb ofruar komoditet, stabilitet dhe mb\u00ebshtetje t\u00eb but\u00eb p\u00ebr n\u00ebnat gjat\u00eb periudh\u00ebs s\u00eb shtatz\u00ebnis\u00eb. Ai ndihmon n\u00eb reduktimin e parehative t\u00eb p\u00ebrditshme duke mb\u00ebshtetur barkun dhe duke leht\u00ebsuar presionin n\u00eb zon\u00ebn e shpin\u00ebs dhe legenit.<\/p>\n<p data-start=\"473\" data-end=\"646\">Duke shp\u00ebrndar\u00eb n\u00eb m\u00ebnyr\u00eb t\u00eb balancuar pesh\u00ebn e barkut, brezi ndihmon n\u00eb uljen e tensionit n\u00eb muskujt e shpin\u00ebs dhe p\u00ebrmir\u00ebsimin e postur\u00ebs gjat\u00eb aktiviteteve t\u00eb p\u00ebrditshme.<\/p>\n<p data-start=\"648\" data-end=\"825\">I prodhuar nga materiale premium, t\u00eb lehta, t\u00eb ajrosshme dhe t\u00eb buta, ai ofron rehati maksimale edhe gjat\u00eb p\u00ebrdorimit t\u00eb zgjatur dhe \u00ebsht\u00eb i p\u00ebrshtatsh\u00ebm p\u00ebr l\u00ebkur\u00eb t\u00eb ndjeshme.<\/p>\n<table width=\"496\">\n<thead>\n<tr>\n<th><strong>Masa<\/strong><\/th>\n<th style=\"text-align: center\" align=\"right\"><strong>S<\/strong><\/th>\n<th style=\"text-align: center\" align=\"right\"><strong>M<\/strong><\/th>\n<th style=\"text-align: center\" align=\"right\"><strong>L<\/strong><\/th>\n<th style=\"text-align: center\" align=\"right\"><strong>XL<\/strong><\/th>\n<th style=\"text-align: center\" align=\"right\"><strong>XXL<\/strong><\/th>\n<\/tr>\n<\/thead>\n<tbody>\n<tr>\n<td><strong>Perimetri i belit (cm)<\/strong><\/td>\n<td style=\"text-align: center\" align=\"right\">70-80<\/td>\n<td style=\"text-align: center\" align=\"right\">80-90<\/td>\n<td style=\"text-align: center\" align=\"right\">90-100<\/td>\n<td style=\"text-align: center\" align=\"right\">100-110<\/td>\n<td style=\"text-align: center\" align=\"right\">110-120<\/td>\n<\/tr>\n<\/tbody>\n<\/table>\n<p data-start=\"827\" data-end=\"851\"><strong data-start=\"827\" data-end=\"851\">P\u00ebrfitimet Kryesore:<\/strong><\/p>\n<ul data-start=\"852\" data-end=\"1106\">\n<li data-section-id=\"1527dx4\" data-start=\"852\" data-end=\"915\">Ndihmon n\u00eb leht\u00ebsimin e presionit n\u00eb shpin\u00eb, bark dhe legen<\/li>\n<li data-section-id=\"1xrv3fe\" data-start=\"916\" data-end=\"969\">Ofron mb\u00ebshtetje p\u00ebr shpin\u00ebn dhe zon\u00ebn abdominale<\/li>\n<li data-section-id=\"67lhin\" data-start=\"970\" data-end=\"1035\">P\u00ebrmir\u00ebson postur\u00ebn dhe mb\u00ebshtet muskujt e barkut dhe shpin\u00ebs<\/li>\n<li data-section-id=\"12bfaz0\" data-start=\"1036\" data-end=\"1106\">Ndihmon n\u00eb reduktimin e dhimbjeve dhe parehative gjat\u00eb shtatz\u00ebnis\u00eb<\/li>\n<\/ul>\n<p data-start=\"1108\" data-end=\"1137\"><strong data-start=\"1108\" data-end=\"1137\">Karakteristikat Kryesore:<\/strong><\/p>\n<ul data-start=\"1138\" data-end=\"1349\">\n<li data-section-id=\"2ber7w\" data-start=\"1138\" data-end=\"1174\">Material i leht\u00eb dhe i ajrossh\u00ebm<\/li>\n<li data-section-id=\"1d55ui8\" data-start=\"1175\" data-end=\"1225\">Dizajn i but\u00eb dhe komod p\u00ebr l\u00ebkur\u00eb t\u00eb ndjeshme<\/li>\n<li data-section-id=\"1dsdcd\" data-start=\"1226\" data-end=\"1268\">Mb\u00ebshtetje e but\u00eb p\u00ebr barkun dhe mesin<\/li>\n<li data-section-id=\"ue660w\" data-start=\"1269\" data-end=\"1314\">I p\u00ebrshtatsh\u00ebm p\u00ebr p\u00ebrdorim t\u00eb p\u00ebrditsh\u00ebm<\/li>\n<li data-section-id=\"4bye8f\" data-start=\"1315\" data-end=\"1349\">Vendosje dhe rregullim i leht\u00eb<\/li>\n<\/ul>\n<p data-start=\"1351\" data-end=\"1420\" data-is-last-node=\"\" data-is-only-node=\"\"><strong data-start=\"1351\" data-end=\"1420\" data-is-last-node=\"\">Komfort dhe mb\u00ebshtetje gjat\u00eb \u00e7do momenti t\u00eb bukur t\u00eb shtatz\u00ebnis\u00eb.<\/strong><\/p>\n","protected":false},"excerpt":{"rendered":"<p>Brez shtatz\u00ebnie i projektuar p\u00ebr t\u00eb ofruar rehati, mb\u00ebshtetje t\u00eb but\u00eb dhe leht\u00ebsim t\u00eb presionit n\u00eb bark dhe shpin\u00eb gjat\u00eb shtatz\u00ebnis\u00eb.<\/p>\n","protected":false},"featured_media":3390,"template":"","meta":{"inline_featured_image":false},"product_brand":[],"product_cat":[391],"product_tag":[],"class_list":{"0":"post-3391","1":"product","2":"type-product","3":"status-publish","4":"has-post-thumbnail","6":"product_cat-kolona-brinjet-mesi","8":"first","9":"instock","10":"shipping-taxable","11":"product-type-simple"},"yoast_head":"<!-- This site is optimized with the Yoast SEO plugin v27.6 - https:\/\/yoast.com\/product\/yoast-seo-wordpress\/ -->\n<title>0877 Brez shtatezanie - GralMedical<\/title>\n<meta name=\"description\" content=\"Brez shtatz\u00ebnie i projektuar p\u00ebr t\u00eb ofruar rehati, mb\u00ebshtetje t\u00eb but\u00eb dhe leht\u00ebsim t\u00eb presionit n\u00eb bark dhe shpin\u00eb gjat\u00eb shtatz\u00ebnis\u00eb.\" \/>\n<meta name=\"robots\" content=\"index, follow, max-snippet:-1, max-image-preview:large, max-video-preview:-1\" \/>\n<link rel=\"canonical\" href=\"https:\/\/gralmedical.com\/en\/produkt\/0877-brez-shtatezanie-2\/\" \/>\n<meta property=\"og:locale\" content=\"en_US\" \/>\n<meta property=\"og:type\" content=\"article\" \/>\n<meta property=\"og:title\" content=\"0877 Brez shtatezanie - GralMedical\" \/>\n<meta property=\"og:description\" content=\"Brez shtatz\u00ebnie i projektuar p\u00ebr t\u00eb ofruar rehati, mb\u00ebshtetje t\u00eb but\u00eb dhe leht\u00ebsim t\u00eb presionit n\u00eb bark dhe shpin\u00eb gjat\u00eb shtatz\u00ebnis\u00eb.\" \/>\n<meta property=\"og:url\" content=\"https:\/\/gralmedical.com\/en\/produkt\/0877-brez-shtatezanie-2\/\" \/>\n<meta property=\"og:site_name\" content=\"GralMedical\" \/>\n<meta property=\"article:publisher\" content=\"https:\/\/www.facebook.com\/Gralmedical\" \/>\n<meta property=\"article:modified_time\" content=\"2026-05-14T13:35:10+00:00\" \/>\n<meta property=\"og:image\" content=\"https:\/\/gralmedical.com\/wp-content\/uploads\/2022\/07\/Gemini_Generated_Image_o8dekoo8dek8de.png\" \/>\n\t<meta property=\"og:image:width\" content=\"1024\" \/>\n\t<meta property=\"og:image:height\" content=\"1024\" \/>\n\t<meta property=\"og:image:type\" content=\"image\/png\" \/>\n<meta name=\"twitter:card\" content=\"summary_large_image\" \/>\n<meta name=\"twitter:label1\" content=\"Est. reading time\" \/>\n\t<meta name=\"twitter:data1\" content=\"2 minutes\" \/>\n<script type=\"application\/ld+json\" class=\"yoast-schema-graph\">{\"@context\":\"https:\\\/\\\/schema.org\",\"@graph\":[{\"@type\":\"WebPage\",\"@id\":\"https:\\\/\\\/gralmedical.com\\\/en\\\/produkt\\\/0877-brez-shtatezanie-2\\\/\",\"url\":\"https:\\\/\\\/gralmedical.com\\\/en\\\/produkt\\\/0877-brez-shtatezanie-2\\\/\",\"name\":\"0877 Brez shtatezanie - GralMedical\",\"isPartOf\":{\"@id\":\"https:\\\/\\\/gralmedical.com\\\/en\\\/#website\"},\"primaryImageOfPage\":{\"@id\":\"https:\\\/\\\/gralmedical.com\\\/en\\\/produkt\\\/0877-brez-shtatezanie-2\\\/#primaryimage\"},\"image\":{\"@id\":\"https:\\\/\\\/gralmedical.com\\\/en\\\/produkt\\\/0877-brez-shtatezanie-2\\\/#primaryimage\"},\"thumbnailUrl\":\"https:\\\/\\\/gralmedical.com\\\/wp-content\\\/uploads\\\/2022\\\/07\\\/Gemini_Generated_Image_o8dekoo8dek8de.png\",\"datePublished\":\"2026-05-14T13:33:45+00:00\",\"dateModified\":\"2026-05-14T13:35:10+00:00\",\"description\":\"Brez shtatz\u00ebnie i projektuar p\u00ebr t\u00eb ofruar rehati, mb\u00ebshtetje t\u00eb but\u00eb dhe leht\u00ebsim t\u00eb presionit n\u00eb bark dhe shpin\u00eb gjat\u00eb shtatz\u00ebnis\u00eb.\",\"breadcrumb\":{\"@id\":\"https:\\\/\\\/gralmedical.com\\\/en\\\/produkt\\\/0877-brez-shtatezanie-2\\\/#breadcrumb\"},\"inLanguage\":\"en-US\",\"potentialAction\":[{\"@type\":\"ReadAction\",\"target\":[\"https:\\\/\\\/gralmedical.com\\\/en\\\/produkt\\\/0877-brez-shtatezanie-2\\\/\"]}]},{\"@type\":\"ImageObject\",\"inLanguage\":\"en-US\",\"@id\":\"https:\\\/\\\/gralmedical.com\\\/en\\\/produkt\\\/0877-brez-shtatezanie-2\\\/#primaryimage\",\"url\":\"https:\\\/\\\/gralmedical.com\\\/wp-content\\\/uploads\\\/2022\\\/07\\\/Gemini_Generated_Image_o8dekoo8dek8de.png\",\"contentUrl\":\"https:\\\/\\\/gralmedical.com\\\/wp-content\\\/uploads\\\/2022\\\/07\\\/Gemini_Generated_Image_o8dekoo8dek8de.png\",\"width\":1024,\"height\":1024},{\"@type\":\"BreadcrumbList\",\"@id\":\"https:\\\/\\\/gralmedical.com\\\/en\\\/produkt\\\/0877-brez-shtatezanie-2\\\/#breadcrumb\",\"itemListElement\":[{\"@type\":\"ListItem\",\"position\":1,\"name\":\"Home\",\"item\":\"https:\\\/\\\/gralmedical.com\\\/en\\\/\"},{\"@type\":\"ListItem\",\"position\":2,\"name\":\"Produktet\",\"item\":\"https:\\\/\\\/gralmedical.com\\\/sq\\\/produktet\\\/\"},{\"@type\":\"ListItem\",\"position\":3,\"name\":\"0877 Brez shtatezanie\"}]},{\"@type\":\"WebSite\",\"@id\":\"https:\\\/\\\/gralmedical.com\\\/en\\\/#website\",\"url\":\"https:\\\/\\\/gralmedical.com\\\/en\\\/\",\"name\":\"GralMedical\",\"description\":\"Laboratory equipment &amp; medical apparatus\",\"publisher\":{\"@id\":\"https:\\\/\\\/gralmedical.com\\\/en\\\/#organization\"},\"potentialAction\":[{\"@type\":\"SearchAction\",\"target\":{\"@type\":\"EntryPoint\",\"urlTemplate\":\"https:\\\/\\\/gralmedical.com\\\/en\\\/?s={search_term_string}\"},\"query-input\":{\"@type\":\"PropertyValueSpecification\",\"valueRequired\":true,\"valueName\":\"search_term_string\"}}],\"inLanguage\":\"en-US\"},{\"@type\":\"Organization\",\"@id\":\"https:\\\/\\\/gralmedical.com\\\/en\\\/#organization\",\"name\":\"Gralmedical\",\"url\":\"https:\\\/\\\/gralmedical.com\\\/en\\\/\",\"logo\":{\"@type\":\"ImageObject\",\"inLanguage\":\"en-US\",\"@id\":\"https:\\\/\\\/gralmedical.com\\\/en\\\/#\\\/schema\\\/logo\\\/image\\\/\",\"url\":\"https:\\\/\\\/gralmedical.com\\\/wp-content\\\/uploads\\\/2022\\\/04\\\/logo.png\",\"contentUrl\":\"https:\\\/\\\/gralmedical.com\\\/wp-content\\\/uploads\\\/2022\\\/04\\\/logo.png\",\"width\":491,\"height\":132,\"caption\":\"Gralmedical\"},\"image\":{\"@id\":\"https:\\\/\\\/gralmedical.com\\\/en\\\/#\\\/schema\\\/logo\\\/image\\\/\"},\"sameAs\":[\"https:\\\/\\\/www.facebook.com\\\/Gralmedical\"]}]}<\/script>\n<!-- \/ Yoast SEO plugin. -->","yoast_head_json":{"title":"0877 Brez shtatezanie - GralMedical","description":"Brez shtatz\u00ebnie i projektuar p\u00ebr t\u00eb ofruar rehati, mb\u00ebshtetje t\u00eb but\u00eb dhe leht\u00ebsim t\u00eb presionit n\u00eb bark dhe shpin\u00eb gjat\u00eb shtatz\u00ebnis\u00eb.","robots":{"index":"index","follow":"follow","max-snippet":"max-snippet:-1","max-image-preview":"max-image-preview:large","max-video-preview":"max-video-preview:-1"},"canonical":"https:\/\/gralmedical.com\/en\/produkt\/0877-brez-shtatezanie-2\/","og_locale":"en_US","og_type":"article","og_title":"0877 Brez shtatezanie - GralMedical","og_description":"Brez shtatz\u00ebnie i projektuar p\u00ebr t\u00eb ofruar rehati, mb\u00ebshtetje t\u00eb but\u00eb dhe leht\u00ebsim t\u00eb presionit n\u00eb bark dhe shpin\u00eb gjat\u00eb shtatz\u00ebnis\u00eb.","og_url":"https:\/\/gralmedical.com\/en\/produkt\/0877-brez-shtatezanie-2\/","og_site_name":"GralMedical","article_publisher":"https:\/\/www.facebook.com\/Gralmedical","article_modified_time":"2026-05-14T13:35:10+00:00","og_image":[{"width":1024,"height":1024,"url":"https:\/\/gralmedical.com\/wp-content\/uploads\/2022\/07\/Gemini_Generated_Image_o8dekoo8dek8de.png","type":"image\/png"}],"twitter_card":"summary_large_image","twitter_misc":{"Est. reading time":"2 minutes"},"schema":{"@context":"https:\/\/schema.org","@graph":[{"@type":"WebPage","@id":"https:\/\/gralmedical.com\/en\/produkt\/0877-brez-shtatezanie-2\/","url":"https:\/\/gralmedical.com\/en\/produkt\/0877-brez-shtatezanie-2\/","name":"0877 Brez shtatezanie - GralMedical","isPartOf":{"@id":"https:\/\/gralmedical.com\/en\/#website"},"primaryImageOfPage":{"@id":"https:\/\/gralmedical.com\/en\/produkt\/0877-brez-shtatezanie-2\/#primaryimage"},"image":{"@id":"https:\/\/gralmedical.com\/en\/produkt\/0877-brez-shtatezanie-2\/#primaryimage"},"thumbnailUrl":"https:\/\/gralmedical.com\/wp-content\/uploads\/2022\/07\/Gemini_Generated_Image_o8dekoo8dek8de.png","datePublished":"2026-05-14T13:33:45+00:00","dateModified":"2026-05-14T13:35:10+00:00","description":"Brez shtatz\u00ebnie i projektuar p\u00ebr t\u00eb ofruar rehati, mb\u00ebshtetje t\u00eb but\u00eb dhe leht\u00ebsim t\u00eb presionit n\u00eb bark dhe shpin\u00eb gjat\u00eb shtatz\u00ebnis\u00eb.","breadcrumb":{"@id":"https:\/\/gralmedical.com\/en\/produkt\/0877-brez-shtatezanie-2\/#breadcrumb"},"inLanguage":"en-US","potentialAction":[{"@type":"ReadAction","target":["https:\/\/gralmedical.com\/en\/produkt\/0877-brez-shtatezanie-2\/"]}]},{"@type":"ImageObject","inLanguage":"en-US","@id":"https:\/\/gralmedical.com\/en\/produkt\/0877-brez-shtatezanie-2\/#primaryimage","url":"https:\/\/gralmedical.com\/wp-content\/uploads\/2022\/07\/Gemini_Generated_Image_o8dekoo8dek8de.png","contentUrl":"https:\/\/gralmedical.com\/wp-content\/uploads\/2022\/07\/Gemini_Generated_Image_o8dekoo8dek8de.png","width":1024,"height":1024},{"@type":"BreadcrumbList","@id":"https:\/\/gralmedical.com\/en\/produkt\/0877-brez-shtatezanie-2\/#breadcrumb","itemListElement":[{"@type":"ListItem","position":1,"name":"Home","item":"https:\/\/gralmedical.com\/en\/"},{"@type":"ListItem","position":2,"name":"Produktet","item":"https:\/\/gralmedical.com\/sq\/produktet\/"},{"@type":"ListItem","position":3,"name":"0877 Brez shtatezanie"}]},{"@type":"WebSite","@id":"https:\/\/gralmedical.com\/en\/#website","url":"https:\/\/gralmedical.com\/en\/","name":"GralMedical","description":"Laboratory equipment &amp; medical apparatus","publisher":{"@id":"https:\/\/gralmedical.com\/en\/#organization"},"potentialAction":[{"@type":"SearchAction","target":{"@type":"EntryPoint","urlTemplate":"https:\/\/gralmedical.com\/en\/?s={search_term_string}"},"query-input":{"@type":"PropertyValueSpecification","valueRequired":true,"valueName":"search_term_string"}}],"inLanguage":"en-US"},{"@type":"Organization","@id":"https:\/\/gralmedical.com\/en\/#organization","name":"Gralmedical","url":"https:\/\/gralmedical.com\/en\/","logo":{"@type":"ImageObject","inLanguage":"en-US","@id":"https:\/\/gralmedical.com\/en\/#\/schema\/logo\/image\/","url":"https:\/\/gralmedical.com\/wp-content\/uploads\/2022\/04\/logo.png","contentUrl":"https:\/\/gralmedical.com\/wp-content\/uploads\/2022\/04\/logo.png","width":491,"height":132,"caption":"Gralmedical"},"image":{"@id":"https:\/\/gralmedical.com\/en\/#\/schema\/logo\/image\/"},"sameAs":["https:\/\/www.facebook.com\/Gralmedical"]}]}},"_links":{"self":[{"href":"https:\/\/gralmedical.com\/en\/wp-json\/wp\/v2\/product\/3391","targetHints":{"allow":["GET"]}}],"collection":[{"href":"https:\/\/gralmedical.com\/en\/wp-json\/wp\/v2\/product"}],"about":[{"href":"https:\/\/gralmedical.com\/en\/wp-json\/wp\/v2\/types\/product"}],"wp:featuredmedia":[{"embeddable":true,"href":"https:\/\/gralmedical.com\/en\/wp-json\/wp\/v2\/media\/3390"}],"wp:attachment":[{"href":"https:\/\/gralmedical.com\/en\/wp-json\/wp\/v2\/media?parent=3391"}],"wp:term":[{"taxonomy":"product_brand","embeddable":true,"href":"https:\/\/gralmedical.com\/en\/wp-json\/wp\/v2\/product_brand?post=3391"},{"taxonomy":"product_cat","embeddable":true,"href":"https:\/\/gralmedical.com\/en\/wp-json\/wp\/v2\/product_cat?post=3391"},{"taxonomy":"product_tag","embeddable":true,"href":"https:\/\/gralmedical.com\/en\/wp-json\/wp\/v2\/product_tag?post=3391"}],"curies":[{"name":"wp","href":"https:\/\/api.w.org\/{rel}","templated":true}]}}