{"id":3383,"date":"2026-05-14T14:46:59","date_gmt":"2026-05-14T12:46:59","guid":{"rendered":"https:\/\/gralmedical.com\/?post_type=product&#038;p=3383"},"modified":"2026-05-14T14:49:09","modified_gmt":"2026-05-14T12:49:09","slug":"0843-brez-neoprene-me-4-shufra-2","status":"publish","type":"product","link":"https:\/\/gralmedical.com\/en\/produkt\/0843-brez-neoprene-me-4-shufra-2\/","title":{"rendered":"0843 Brez neoprene me 4 shufra"},"content":{"rendered":"<p data-start=\"195\" data-end=\"362\">Brezi neoprene me 4 shufra \u00ebsht\u00eb nj\u00eb rrip ortopedik i projektuar p\u00ebr t\u00eb ofruar stabilizim dhe mb\u00ebshtetje t\u00eb fuqishme p\u00ebr zon\u00ebn lumbare dhe pjes\u00ebn e poshtme t\u00eb shpin\u00ebs.<\/p>\n<p data-start=\"364\" data-end=\"681\">Ai ndihmon n\u00eb leht\u00ebsimin e dhimbjeve t\u00eb forta t\u00eb mesit, reduktimin e presionit mbi shtyll\u00ebn kurrizore dhe mb\u00ebshtet rikuperimin pas d\u00ebmtimeve ose nd\u00ebrhyrjeve kirurgjikale. Shinat mb\u00ebshtet\u00ebse t\u00eb integruara rrisin stabilitetin e zon\u00ebs lumbare dhe kontribuojn\u00eb n\u00eb p\u00ebrmir\u00ebsimin e postur\u00ebs gjat\u00eb aktiviteteve t\u00eb p\u00ebrditshme.<\/p>\n<p data-start=\"683\" data-end=\"847\">I prodhuar nga material neopreni fleksib\u00ebl dhe komod, brezi ofron efekt ngroh\u00ebs dhe p\u00ebrshtatje anatomike me trupin p\u00ebr rehati maksimale gjat\u00eb p\u00ebrdorimit t\u00eb zgjatur.<\/p>\n<table width=\"496\">\n<thead>\n<tr>\n<th><strong>Masa<\/strong><\/th>\n<th style=\"text-align: center\" align=\"right\"><strong>S<\/strong><\/th>\n<th style=\"text-align: center\" align=\"right\"><strong>M<\/strong><\/th>\n<th style=\"text-align: center\" align=\"right\"><strong>L<\/strong><\/th>\n<th style=\"text-align: center\" align=\"right\"><strong>XL<\/strong><\/th>\n<th style=\"text-align: center\" align=\"right\"><strong>XXL<\/strong><\/th>\n<\/tr>\n<\/thead>\n<tbody>\n<tr>\n<td style=\"text-align: center\"><strong>Perimetri i belit (cm)<\/strong><\/td>\n<td style=\"text-align: center\" align=\"right\">70-80<\/td>\n<td style=\"text-align: center\" align=\"right\">80-90<\/td>\n<td style=\"text-align: center\" align=\"right\">90-100<\/td>\n<td style=\"text-align: center\" align=\"right\">100-110<\/td>\n<td style=\"text-align: center\" align=\"right\">110-120<\/td>\n<\/tr>\n<\/tbody>\n<\/table>\n<p data-start=\"849\" data-end=\"873\"><strong data-start=\"849\" data-end=\"873\">P\u00ebrdorimet Kryesore:<\/strong><\/p>\n<ul data-start=\"874\" data-end=\"1131\">\n<li data-section-id=\"1cm7n8l\" data-start=\"874\" data-end=\"932\">Dhimbje t\u00eb forta t\u00eb mesit (lumbago) dhe nervit shiatik<\/li>\n<li data-section-id=\"152s3m3\" data-start=\"933\" data-end=\"975\">Mb\u00ebshtetje n\u00eb rastet e hernies diskale<\/li>\n<li data-section-id=\"ticsgp\" data-start=\"976\" data-end=\"1031\">Rikuperim pas operacioneve t\u00eb shpin\u00ebs ose abdomenit<\/li>\n<li data-section-id=\"106npg7\" data-start=\"1032\" data-end=\"1070\">Stabilizim pas d\u00ebmtimeve muskulare<\/li>\n<li data-section-id=\"18gcbc7\" data-start=\"1071\" data-end=\"1131\">Mb\u00ebshtetje posturale dhe stabilizim i shtyll\u00ebs kurrizore<\/li>\n<\/ul>\n<p data-start=\"1133\" data-end=\"1162\"><strong data-start=\"1133\" data-end=\"1162\">Karakteristikat Kryesore:<\/strong><\/p>\n<ul data-start=\"1163\" data-end=\"1449\">\n<li data-section-id=\"1wfqcci\" data-start=\"1163\" data-end=\"1225\">4 shufra mb\u00ebshtet\u00ebse t\u00eb integruara p\u00ebr stabilitet maksimal<\/li>\n<li data-section-id=\"pczt3d\" data-start=\"1226\" data-end=\"1274\">Material neopreni fleksib\u00ebl me efekt ngroh\u00ebs<\/li>\n<li data-section-id=\"1r34vgs\" data-start=\"1275\" data-end=\"1329\">Ndihmon n\u00eb reduktimin e presionit n\u00eb zon\u00ebn e mesit<\/li>\n<li data-section-id=\"1wg8pjy\" data-start=\"1330\" data-end=\"1381\">Dizajn anatomik p\u00ebr p\u00ebrshtatje komode me trupin<\/li>\n<li data-section-id=\"10wjjq9\" data-start=\"1382\" data-end=\"1449\">I p\u00ebrshtatsh\u00ebm p\u00ebr p\u00ebrdorim t\u00eb p\u00ebrditsh\u00ebm dhe gjat\u00eb rikuperimit<\/li>\n<\/ul>\n<p data-start=\"1451\" data-end=\"1556\" data-is-last-node=\"\" data-is-only-node=\"\"><strong data-start=\"1451\" data-end=\"1556\" data-is-last-node=\"\">Zgjidhje ideale p\u00ebr stabilitet, leht\u00ebsim dhimbjeje dhe rikthim t\u00eb sigurt n\u00eb aktivitetet e p\u00ebrditshme.<\/strong><\/p>\n","protected":false},"excerpt":{"rendered":"<p>Brez neoprene me 4 shufra, i projektuar p\u00ebr mb\u00ebshtetje t\u00eb fort\u00eb, stabilizim dhe leht\u00ebsim t\u00eb dhimbjeve n\u00eb zon\u00ebn lumbare dhe shpin\u00ebs s\u00eb poshtme.<\/p>\n","protected":false},"featured_media":3381,"template":"","meta":{"inline_featured_image":false},"product_brand":[],"product_cat":[391],"product_tag":[],"class_list":{"0":"post-3383","1":"product","2":"type-product","3":"status-publish","4":"has-post-thumbnail","6":"product_cat-kolona-brinjet-mesi","8":"first","9":"instock","10":"shipping-taxable","11":"product-type-simple"},"yoast_head":"<!-- This site is optimized with the Yoast SEO plugin v27.6 - https:\/\/yoast.com\/product\/yoast-seo-wordpress\/ -->\n<title>0843 Brez neoprene me 4 shufra - GralMedical<\/title>\n<meta name=\"description\" content=\"Brez neoprene me 4 shufra, i projektuar p\u00ebr mb\u00ebshtetje t\u00eb fort\u00eb, stabilizim dhe leht\u00ebsim t\u00eb dhimbjeve n\u00eb zon\u00ebn lumbare dhe shpin\u00ebs s\u00eb poshtme.\" \/>\n<meta name=\"robots\" content=\"index, follow, max-snippet:-1, max-image-preview:large, max-video-preview:-1\" \/>\n<link rel=\"canonical\" href=\"https:\/\/gralmedical.com\/en\/produkt\/0843-brez-neoprene-me-4-shufra-2\/\" \/>\n<meta property=\"og:locale\" content=\"en_US\" \/>\n<meta property=\"og:type\" content=\"article\" \/>\n<meta property=\"og:title\" content=\"0843 Brez neoprene me 4 shufra - GralMedical\" \/>\n<meta property=\"og:description\" content=\"Brez neoprene me 4 shufra, i projektuar p\u00ebr mb\u00ebshtetje t\u00eb fort\u00eb, stabilizim dhe leht\u00ebsim t\u00eb dhimbjeve n\u00eb zon\u00ebn lumbare dhe shpin\u00ebs s\u00eb poshtme.\" \/>\n<meta property=\"og:url\" content=\"https:\/\/gralmedical.com\/en\/produkt\/0843-brez-neoprene-me-4-shufra-2\/\" \/>\n<meta property=\"og:site_name\" content=\"GralMedical\" \/>\n<meta property=\"article:publisher\" content=\"https:\/\/www.facebook.com\/Gralmedical\" \/>\n<meta property=\"article:modified_time\" content=\"2026-05-14T12:49:09+00:00\" \/>\n<meta property=\"og:image\" content=\"https:\/\/gralmedical.com\/wp-content\/uploads\/2022\/07\/0843-ChatGPT-Image-Mar-27-2026-08_24_19-1.png\" \/>\n\t<meta property=\"og:image:width\" content=\"1536\" \/>\n\t<meta property=\"og:image:height\" content=\"1536\" \/>\n\t<meta property=\"og:image:type\" content=\"image\/png\" \/>\n<meta name=\"twitter:card\" content=\"summary_large_image\" \/>\n<meta name=\"twitter:label1\" content=\"Est. reading time\" \/>\n\t<meta name=\"twitter:data1\" content=\"2 minutes\" \/>\n<script type=\"application\/ld+json\" class=\"yoast-schema-graph\">{\"@context\":\"https:\\\/\\\/schema.org\",\"@graph\":[{\"@type\":\"WebPage\",\"@id\":\"https:\\\/\\\/gralmedical.com\\\/en\\\/produkt\\\/0843-brez-neoprene-me-4-shufra-2\\\/\",\"url\":\"https:\\\/\\\/gralmedical.com\\\/en\\\/produkt\\\/0843-brez-neoprene-me-4-shufra-2\\\/\",\"name\":\"0843 Brez neoprene me 4 shufra - GralMedical\",\"isPartOf\":{\"@id\":\"https:\\\/\\\/gralmedical.com\\\/en\\\/#website\"},\"primaryImageOfPage\":{\"@id\":\"https:\\\/\\\/gralmedical.com\\\/en\\\/produkt\\\/0843-brez-neoprene-me-4-shufra-2\\\/#primaryimage\"},\"image\":{\"@id\":\"https:\\\/\\\/gralmedical.com\\\/en\\\/produkt\\\/0843-brez-neoprene-me-4-shufra-2\\\/#primaryimage\"},\"thumbnailUrl\":\"https:\\\/\\\/gralmedical.com\\\/wp-content\\\/uploads\\\/2022\\\/07\\\/0843-ChatGPT-Image-Mar-27-2026-08_24_19-1.png\",\"datePublished\":\"2026-05-14T12:46:59+00:00\",\"dateModified\":\"2026-05-14T12:49:09+00:00\",\"description\":\"Brez neoprene me 4 shufra, i projektuar p\u00ebr mb\u00ebshtetje t\u00eb fort\u00eb, stabilizim dhe leht\u00ebsim t\u00eb dhimbjeve n\u00eb zon\u00ebn lumbare dhe shpin\u00ebs s\u00eb poshtme.\",\"breadcrumb\":{\"@id\":\"https:\\\/\\\/gralmedical.com\\\/en\\\/produkt\\\/0843-brez-neoprene-me-4-shufra-2\\\/#breadcrumb\"},\"inLanguage\":\"en-US\",\"potentialAction\":[{\"@type\":\"ReadAction\",\"target\":[\"https:\\\/\\\/gralmedical.com\\\/en\\\/produkt\\\/0843-brez-neoprene-me-4-shufra-2\\\/\"]}]},{\"@type\":\"ImageObject\",\"inLanguage\":\"en-US\",\"@id\":\"https:\\\/\\\/gralmedical.com\\\/en\\\/produkt\\\/0843-brez-neoprene-me-4-shufra-2\\\/#primaryimage\",\"url\":\"https:\\\/\\\/gralmedical.com\\\/wp-content\\\/uploads\\\/2022\\\/07\\\/0843-ChatGPT-Image-Mar-27-2026-08_24_19-1.png\",\"contentUrl\":\"https:\\\/\\\/gralmedical.com\\\/wp-content\\\/uploads\\\/2022\\\/07\\\/0843-ChatGPT-Image-Mar-27-2026-08_24_19-1.png\",\"width\":1536,\"height\":1536},{\"@type\":\"BreadcrumbList\",\"@id\":\"https:\\\/\\\/gralmedical.com\\\/en\\\/produkt\\\/0843-brez-neoprene-me-4-shufra-2\\\/#breadcrumb\",\"itemListElement\":[{\"@type\":\"ListItem\",\"position\":1,\"name\":\"Home\",\"item\":\"https:\\\/\\\/gralmedical.com\\\/en\\\/\"},{\"@type\":\"ListItem\",\"position\":2,\"name\":\"Produktet\",\"item\":\"https:\\\/\\\/gralmedical.com\\\/sq\\\/produktet\\\/\"},{\"@type\":\"ListItem\",\"position\":3,\"name\":\"0843 Brez neoprene me 4 shufra\"}]},{\"@type\":\"WebSite\",\"@id\":\"https:\\\/\\\/gralmedical.com\\\/en\\\/#website\",\"url\":\"https:\\\/\\\/gralmedical.com\\\/en\\\/\",\"name\":\"GralMedical\",\"description\":\"Laboratory equipment &amp; medical apparatus\",\"publisher\":{\"@id\":\"https:\\\/\\\/gralmedical.com\\\/en\\\/#organization\"},\"potentialAction\":[{\"@type\":\"SearchAction\",\"target\":{\"@type\":\"EntryPoint\",\"urlTemplate\":\"https:\\\/\\\/gralmedical.com\\\/en\\\/?s={search_term_string}\"},\"query-input\":{\"@type\":\"PropertyValueSpecification\",\"valueRequired\":true,\"valueName\":\"search_term_string\"}}],\"inLanguage\":\"en-US\"},{\"@type\":\"Organization\",\"@id\":\"https:\\\/\\\/gralmedical.com\\\/en\\\/#organization\",\"name\":\"Gralmedical\",\"url\":\"https:\\\/\\\/gralmedical.com\\\/en\\\/\",\"logo\":{\"@type\":\"ImageObject\",\"inLanguage\":\"en-US\",\"@id\":\"https:\\\/\\\/gralmedical.com\\\/en\\\/#\\\/schema\\\/logo\\\/image\\\/\",\"url\":\"https:\\\/\\\/gralmedical.com\\\/wp-content\\\/uploads\\\/2022\\\/04\\\/logo.png\",\"contentUrl\":\"https:\\\/\\\/gralmedical.com\\\/wp-content\\\/uploads\\\/2022\\\/04\\\/logo.png\",\"width\":491,\"height\":132,\"caption\":\"Gralmedical\"},\"image\":{\"@id\":\"https:\\\/\\\/gralmedical.com\\\/en\\\/#\\\/schema\\\/logo\\\/image\\\/\"},\"sameAs\":[\"https:\\\/\\\/www.facebook.com\\\/Gralmedical\"]}]}<\/script>\n<!-- \/ Yoast SEO plugin. -->","yoast_head_json":{"title":"0843 Brez neoprene me 4 shufra - GralMedical","description":"Brez neoprene me 4 shufra, i projektuar p\u00ebr mb\u00ebshtetje t\u00eb fort\u00eb, stabilizim dhe leht\u00ebsim t\u00eb dhimbjeve n\u00eb zon\u00ebn lumbare dhe shpin\u00ebs s\u00eb poshtme.","robots":{"index":"index","follow":"follow","max-snippet":"max-snippet:-1","max-image-preview":"max-image-preview:large","max-video-preview":"max-video-preview:-1"},"canonical":"https:\/\/gralmedical.com\/en\/produkt\/0843-brez-neoprene-me-4-shufra-2\/","og_locale":"en_US","og_type":"article","og_title":"0843 Brez neoprene me 4 shufra - GralMedical","og_description":"Brez neoprene me 4 shufra, i projektuar p\u00ebr mb\u00ebshtetje t\u00eb fort\u00eb, stabilizim dhe leht\u00ebsim t\u00eb dhimbjeve n\u00eb zon\u00ebn lumbare dhe shpin\u00ebs s\u00eb poshtme.","og_url":"https:\/\/gralmedical.com\/en\/produkt\/0843-brez-neoprene-me-4-shufra-2\/","og_site_name":"GralMedical","article_publisher":"https:\/\/www.facebook.com\/Gralmedical","article_modified_time":"2026-05-14T12:49:09+00:00","og_image":[{"width":1536,"height":1536,"url":"https:\/\/gralmedical.com\/wp-content\/uploads\/2022\/07\/0843-ChatGPT-Image-Mar-27-2026-08_24_19-1.png","type":"image\/png"}],"twitter_card":"summary_large_image","twitter_misc":{"Est. reading time":"2 minutes"},"schema":{"@context":"https:\/\/schema.org","@graph":[{"@type":"WebPage","@id":"https:\/\/gralmedical.com\/en\/produkt\/0843-brez-neoprene-me-4-shufra-2\/","url":"https:\/\/gralmedical.com\/en\/produkt\/0843-brez-neoprene-me-4-shufra-2\/","name":"0843 Brez neoprene me 4 shufra - GralMedical","isPartOf":{"@id":"https:\/\/gralmedical.com\/en\/#website"},"primaryImageOfPage":{"@id":"https:\/\/gralmedical.com\/en\/produkt\/0843-brez-neoprene-me-4-shufra-2\/#primaryimage"},"image":{"@id":"https:\/\/gralmedical.com\/en\/produkt\/0843-brez-neoprene-me-4-shufra-2\/#primaryimage"},"thumbnailUrl":"https:\/\/gralmedical.com\/wp-content\/uploads\/2022\/07\/0843-ChatGPT-Image-Mar-27-2026-08_24_19-1.png","datePublished":"2026-05-14T12:46:59+00:00","dateModified":"2026-05-14T12:49:09+00:00","description":"Brez neoprene me 4 shufra, i projektuar p\u00ebr mb\u00ebshtetje t\u00eb fort\u00eb, stabilizim dhe leht\u00ebsim t\u00eb dhimbjeve n\u00eb zon\u00ebn lumbare dhe shpin\u00ebs s\u00eb poshtme.","breadcrumb":{"@id":"https:\/\/gralmedical.com\/en\/produkt\/0843-brez-neoprene-me-4-shufra-2\/#breadcrumb"},"inLanguage":"en-US","potentialAction":[{"@type":"ReadAction","target":["https:\/\/gralmedical.com\/en\/produkt\/0843-brez-neoprene-me-4-shufra-2\/"]}]},{"@type":"ImageObject","inLanguage":"en-US","@id":"https:\/\/gralmedical.com\/en\/produkt\/0843-brez-neoprene-me-4-shufra-2\/#primaryimage","url":"https:\/\/gralmedical.com\/wp-content\/uploads\/2022\/07\/0843-ChatGPT-Image-Mar-27-2026-08_24_19-1.png","contentUrl":"https:\/\/gralmedical.com\/wp-content\/uploads\/2022\/07\/0843-ChatGPT-Image-Mar-27-2026-08_24_19-1.png","width":1536,"height":1536},{"@type":"BreadcrumbList","@id":"https:\/\/gralmedical.com\/en\/produkt\/0843-brez-neoprene-me-4-shufra-2\/#breadcrumb","itemListElement":[{"@type":"ListItem","position":1,"name":"Home","item":"https:\/\/gralmedical.com\/en\/"},{"@type":"ListItem","position":2,"name":"Produktet","item":"https:\/\/gralmedical.com\/sq\/produktet\/"},{"@type":"ListItem","position":3,"name":"0843 Brez neoprene me 4 shufra"}]},{"@type":"WebSite","@id":"https:\/\/gralmedical.com\/en\/#website","url":"https:\/\/gralmedical.com\/en\/","name":"GralMedical","description":"Laboratory equipment &amp; medical apparatus","publisher":{"@id":"https:\/\/gralmedical.com\/en\/#organization"},"potentialAction":[{"@type":"SearchAction","target":{"@type":"EntryPoint","urlTemplate":"https:\/\/gralmedical.com\/en\/?s={search_term_string}"},"query-input":{"@type":"PropertyValueSpecification","valueRequired":true,"valueName":"search_term_string"}}],"inLanguage":"en-US"},{"@type":"Organization","@id":"https:\/\/gralmedical.com\/en\/#organization","name":"Gralmedical","url":"https:\/\/gralmedical.com\/en\/","logo":{"@type":"ImageObject","inLanguage":"en-US","@id":"https:\/\/gralmedical.com\/en\/#\/schema\/logo\/image\/","url":"https:\/\/gralmedical.com\/wp-content\/uploads\/2022\/04\/logo.png","contentUrl":"https:\/\/gralmedical.com\/wp-content\/uploads\/2022\/04\/logo.png","width":491,"height":132,"caption":"Gralmedical"},"image":{"@id":"https:\/\/gralmedical.com\/en\/#\/schema\/logo\/image\/"},"sameAs":["https:\/\/www.facebook.com\/Gralmedical"]}]}},"_links":{"self":[{"href":"https:\/\/gralmedical.com\/en\/wp-json\/wp\/v2\/product\/3383","targetHints":{"allow":["GET"]}}],"collection":[{"href":"https:\/\/gralmedical.com\/en\/wp-json\/wp\/v2\/product"}],"about":[{"href":"https:\/\/gralmedical.com\/en\/wp-json\/wp\/v2\/types\/product"}],"wp:featuredmedia":[{"embeddable":true,"href":"https:\/\/gralmedical.com\/en\/wp-json\/wp\/v2\/media\/3381"}],"wp:attachment":[{"href":"https:\/\/gralmedical.com\/en\/wp-json\/wp\/v2\/media?parent=3383"}],"wp:term":[{"taxonomy":"product_brand","embeddable":true,"href":"https:\/\/gralmedical.com\/en\/wp-json\/wp\/v2\/product_brand?post=3383"},{"taxonomy":"product_cat","embeddable":true,"href":"https:\/\/gralmedical.com\/en\/wp-json\/wp\/v2\/product_cat?post=3383"},{"taxonomy":"product_tag","embeddable":true,"href":"https:\/\/gralmedical.com\/en\/wp-json\/wp\/v2\/product_tag?post=3383"}],"curies":[{"name":"wp","href":"https:\/\/api.w.org\/{rel}","templated":true}]}}