{"id":3377,"date":"2026-05-14T14:30:40","date_gmt":"2026-05-14T12:30:40","guid":{"rendered":"https:\/\/gralmedical.com\/?post_type=product&#038;p=3377"},"modified":"2026-05-14T14:31:59","modified_gmt":"2026-05-14T12:31:59","slug":"0840-brez-abdominal-dobesimi-neoprene-2","status":"publish","type":"product","link":"https:\/\/gralmedical.com\/en\/produkt\/0840-brez-abdominal-dobesimi-neoprene-2\/","title":{"rendered":"0840 Brez abdominal dobesimi neoprene"},"content":{"rendered":"<p data-start=\"253\" data-end=\"542\">Brezi abdominal dob\u00ebsimi Neoprene \u00ebsht\u00eb i p\u00ebrshtatsh\u00ebm p\u00ebr p\u00ebrdorim t\u00eb p\u00ebrditsh\u00ebm si p\u00ebr meshkuj ashtu edhe p\u00ebr femra. Ai ndihmon n\u00eb rritjen e temperatur\u00ebs lokale dhe djersitjes n\u00eb zon\u00ebn e belit dhe abdomenit gjat\u00eb aktivitetit fizik, duke krijuar nj\u00eb efekt vizual t\u00eb menj\u00ebhersh\u00ebm dob\u00ebsimi.<\/p>\n<p data-start=\"544\" data-end=\"701\">Gjat\u00eb ushtrimeve, p\u00ebrdorimi i tij mund t\u00eb ndihmoj\u00eb n\u00eb p\u00ebrmir\u00ebsimin e rezultateve t\u00eb st\u00ebrvitjes p\u00ebrmes djersitjes s\u00eb shtuar dhe mb\u00ebshtetjes s\u00eb zon\u00ebs s\u00eb mesit.<\/p>\n<table width=\"496\">\n<thead>\n<tr>\n<th><strong>Masa<\/strong><\/th>\n<th style=\"text-align: center\" align=\"right\"><strong>S<\/strong><\/th>\n<th style=\"text-align: center\" align=\"right\"><strong>M<\/strong><\/th>\n<th style=\"text-align: center\" align=\"right\"><strong>L<\/strong><\/th>\n<th style=\"text-align: center\" align=\"right\"><strong>XL<\/strong><\/th>\n<th style=\"text-align: center\" align=\"right\"><strong>XXL<\/strong><\/th>\n<\/tr>\n<\/thead>\n<tbody>\n<tr>\n<td style=\"text-align: center\"><strong>Perimetri i belit (cm)<\/strong><\/td>\n<td style=\"text-align: center\" align=\"right\">70-80<\/td>\n<td style=\"text-align: center\" align=\"right\">80-90<\/td>\n<td style=\"text-align: center\" align=\"right\">90-100<\/td>\n<td style=\"text-align: center\" align=\"right\">100-110<\/td>\n<td style=\"text-align: center\" align=\"right\">110-120<\/td>\n<\/tr>\n<\/tbody>\n<\/table>\n<div class=\"text-base my-auto mx-auto [--thread-content-margin:var(--thread-content-margin-xs,calc(var(--spacing)*4))] @w-sm\/main:[--thread-content-margin:var(--thread-content-margin-sm,calc(var(--spacing)*6))] @w-lg\/main:[--thread-content-margin:var(--thread-content-margin-lg,calc(var(--spacing)*16))] px-(--thread-content-margin)\">\n<div class=\"[--thread-content-max-width:40rem] @w-lg\/main:[--thread-content-max-width:48rem] mx-auto max-w-(--thread-content-max-width) flex-1 group\/turn-messages focus-visible:outline-hidden relative flex w-full min-w-0 flex-col agent-turn\">\n<div class=\"flex max-w-full flex-col gap-4 grow\">\n<div class=\"min-h-8 text-message relative flex w-full flex-col items-end gap-2 text-start break-words whitespace-normal outline-none keyboard-focused:focus-ring [.text-message+&amp;]:mt-1\" dir=\"auto\" data-message-author-role=\"assistant\" data-message-id=\"b0e92013-f9a1-423d-a68d-df5e50b95a83\" data-message-model-slug=\"gpt-5-3-mini\">\n<div class=\"flex w-full flex-col gap-1 empty:hidden\">\n<div class=\"markdown prose dark:prose-invert wrap-break-word w-full light markdown-new-styling\">\n<p data-start=\"703\" data-end=\"727\"><strong data-start=\"703\" data-end=\"727\">P\u00ebrfitimet Kryesore:<\/strong><\/p>\n<ul data-start=\"728\" data-end=\"951\">\n<li data-section-id=\"r4de69\" data-start=\"728\" data-end=\"794\">Ndihmon n\u00eb reduktimin e yndyr\u00ebs lokale gjat\u00eb aktivitetit fizik<\/li>\n<li data-section-id=\"1pezrj9\" data-start=\"795\" data-end=\"857\">Kontribuon n\u00eb zbutjen dhe p\u00ebrmir\u00ebsimin e pamjes s\u00eb l\u00ebkur\u00ebs<\/li>\n<li data-section-id=\"11kjps3\" data-start=\"858\" data-end=\"913\">P\u00ebrmir\u00ebson qarkullimin e gjakut n\u00eb zon\u00ebn abdominale<\/li>\n<li data-section-id=\"1tysozq\" data-start=\"914\" data-end=\"951\">Ndihmon n\u00eb reduktimin e celulitit<\/li>\n<\/ul>\n<p data-start=\"953\" data-end=\"982\"><strong data-start=\"953\" data-end=\"982\">Karakteristikat Kryesore:<\/strong><\/p>\n<ul data-start=\"983\" data-end=\"1148\">\n<li data-section-id=\"1pqn9ms\" data-start=\"983\" data-end=\"1012\">Material neopreni cil\u00ebsor<\/li>\n<li data-section-id=\"1vj5z1o\" data-start=\"1013\" data-end=\"1048\">I rehatsh\u00ebm dhe i rregulluesh\u00ebm<\/li>\n<li data-section-id=\"5rv9vz\" data-start=\"1049\" data-end=\"1107\">I p\u00ebrshtatsh\u00ebm p\u00ebr palest\u00ebr dhe p\u00ebrdorim t\u00eb p\u00ebrditsh\u00ebm<\/li>\n<li data-section-id=\"dd209k\" data-start=\"1108\" data-end=\"1148\">Dizajn praktik p\u00ebr p\u00ebrdorim t\u00eb leht\u00eb<\/li>\n<\/ul>\n<p data-start=\"1150\" data-end=\"1246\" data-is-last-node=\"\" data-is-only-node=\"\"><strong data-start=\"1150\" data-end=\"1246\" data-is-last-node=\"\">Zgjidhje ideale p\u00ebr mb\u00ebshtetje gjat\u00eb st\u00ebrvitjes dhe p\u00ebr nj\u00eb pamje m\u00eb t\u00eb form\u00ebsuar t\u00eb trupit.<\/strong><\/p>\n<\/div>\n<\/div>\n<\/div>\n<\/div>\n<div class=\"z-0 flex min-h-[46px] justify-start\"><\/div>\n<\/div>\n<\/div>\n","protected":false},"excerpt":{"rendered":"<p>Brez abdominal dob\u00ebsimi Neoprene (Waist Slimming Belt), i projektuar p\u00ebr t\u00eb rritur djersitjen n\u00eb zon\u00ebn e belit dhe p\u00ebr t\u00eb ndihmuar n\u00eb form\u00ebsimin e trupit gjat\u00eb ushtrimeve dhe p\u00ebrdorimit t\u00eb p\u00ebrditsh\u00ebm.<\/p>\n","protected":false},"featured_media":3376,"template":"","meta":{"inline_featured_image":false},"product_brand":[],"product_cat":[391],"product_tag":[],"class_list":{"0":"post-3377","1":"product","2":"type-product","3":"status-publish","4":"has-post-thumbnail","6":"product_cat-kolona-brinjet-mesi","8":"first","9":"instock","10":"shipping-taxable","11":"product-type-simple"},"yoast_head":"<!-- This site is optimized with the Yoast SEO plugin v27.6 - https:\/\/yoast.com\/product\/yoast-seo-wordpress\/ -->\n<title>0840 Brez abdominal dobesimi neoprene - GralMedical<\/title>\n<meta name=\"description\" content=\"Brez abdominal dob\u00ebsimi Neoprene (Waist Slimming Belt), i projektuar p\u00ebr t\u00eb rritur djersitjen n\u00eb zon\u00ebn e belit dhe p\u00ebr t\u00eb ndihmuar n\u00eb form\u00ebsimin e trupit gjat\u00eb ushtrimeve dhe p\u00ebrdorimit t\u00eb p\u00ebrditsh\u00ebm.\" \/>\n<meta name=\"robots\" content=\"index, follow, max-snippet:-1, max-image-preview:large, max-video-preview:-1\" \/>\n<link rel=\"canonical\" href=\"https:\/\/gralmedical.com\/en\/produkt\/0840-brez-abdominal-dobesimi-neoprene-2\/\" \/>\n<meta property=\"og:locale\" content=\"en_US\" \/>\n<meta property=\"og:type\" content=\"article\" \/>\n<meta property=\"og:title\" content=\"0840 Brez abdominal dobesimi neoprene - GralMedical\" \/>\n<meta property=\"og:description\" content=\"Brez abdominal dob\u00ebsimi Neoprene (Waist Slimming Belt), i projektuar p\u00ebr t\u00eb rritur djersitjen n\u00eb zon\u00ebn e belit dhe p\u00ebr t\u00eb ndihmuar n\u00eb form\u00ebsimin e trupit gjat\u00eb ushtrimeve dhe p\u00ebrdorimit t\u00eb p\u00ebrditsh\u00ebm.\" \/>\n<meta property=\"og:url\" content=\"https:\/\/gralmedical.com\/en\/produkt\/0840-brez-abdominal-dobesimi-neoprene-2\/\" \/>\n<meta property=\"og:site_name\" content=\"GralMedical\" \/>\n<meta property=\"article:publisher\" content=\"https:\/\/www.facebook.com\/Gralmedical\" \/>\n<meta property=\"article:modified_time\" content=\"2026-05-14T12:31:59+00:00\" \/>\n<meta property=\"og:image\" content=\"https:\/\/gralmedical.com\/wp-content\/uploads\/2022\/07\/Gemini_Generated_Image_b3facfb3fb3fa.png\" \/>\n\t<meta property=\"og:image:width\" content=\"960\" \/>\n\t<meta property=\"og:image:height\" content=\"1116\" \/>\n\t<meta property=\"og:image:type\" content=\"image\/png\" \/>\n<meta name=\"twitter:card\" content=\"summary_large_image\" \/>\n<meta name=\"twitter:label1\" content=\"Est. reading time\" \/>\n\t<meta name=\"twitter:data1\" content=\"2 minutes\" \/>\n<script type=\"application\/ld+json\" class=\"yoast-schema-graph\">{\"@context\":\"https:\\\/\\\/schema.org\",\"@graph\":[{\"@type\":\"WebPage\",\"@id\":\"https:\\\/\\\/gralmedical.com\\\/en\\\/produkt\\\/0840-brez-abdominal-dobesimi-neoprene-2\\\/\",\"url\":\"https:\\\/\\\/gralmedical.com\\\/en\\\/produkt\\\/0840-brez-abdominal-dobesimi-neoprene-2\\\/\",\"name\":\"0840 Brez abdominal dobesimi neoprene - GralMedical\",\"isPartOf\":{\"@id\":\"https:\\\/\\\/gralmedical.com\\\/en\\\/#website\"},\"primaryImageOfPage\":{\"@id\":\"https:\\\/\\\/gralmedical.com\\\/en\\\/produkt\\\/0840-brez-abdominal-dobesimi-neoprene-2\\\/#primaryimage\"},\"image\":{\"@id\":\"https:\\\/\\\/gralmedical.com\\\/en\\\/produkt\\\/0840-brez-abdominal-dobesimi-neoprene-2\\\/#primaryimage\"},\"thumbnailUrl\":\"https:\\\/\\\/gralmedical.com\\\/wp-content\\\/uploads\\\/2022\\\/07\\\/Gemini_Generated_Image_b3facfb3fb3fa.png\",\"datePublished\":\"2026-05-14T12:30:40+00:00\",\"dateModified\":\"2026-05-14T12:31:59+00:00\",\"description\":\"Brez abdominal dob\u00ebsimi Neoprene (Waist Slimming Belt), i projektuar p\u00ebr t\u00eb rritur djersitjen n\u00eb zon\u00ebn e belit dhe p\u00ebr t\u00eb ndihmuar n\u00eb form\u00ebsimin e trupit gjat\u00eb ushtrimeve dhe p\u00ebrdorimit t\u00eb p\u00ebrditsh\u00ebm.\",\"breadcrumb\":{\"@id\":\"https:\\\/\\\/gralmedical.com\\\/en\\\/produkt\\\/0840-brez-abdominal-dobesimi-neoprene-2\\\/#breadcrumb\"},\"inLanguage\":\"en-US\",\"potentialAction\":[{\"@type\":\"ReadAction\",\"target\":[\"https:\\\/\\\/gralmedical.com\\\/en\\\/produkt\\\/0840-brez-abdominal-dobesimi-neoprene-2\\\/\"]}]},{\"@type\":\"ImageObject\",\"inLanguage\":\"en-US\",\"@id\":\"https:\\\/\\\/gralmedical.com\\\/en\\\/produkt\\\/0840-brez-abdominal-dobesimi-neoprene-2\\\/#primaryimage\",\"url\":\"https:\\\/\\\/gralmedical.com\\\/wp-content\\\/uploads\\\/2022\\\/07\\\/Gemini_Generated_Image_b3facfb3fb3fa.png\",\"contentUrl\":\"https:\\\/\\\/gralmedical.com\\\/wp-content\\\/uploads\\\/2022\\\/07\\\/Gemini_Generated_Image_b3facfb3fb3fa.png\",\"width\":960,\"height\":1116},{\"@type\":\"BreadcrumbList\",\"@id\":\"https:\\\/\\\/gralmedical.com\\\/en\\\/produkt\\\/0840-brez-abdominal-dobesimi-neoprene-2\\\/#breadcrumb\",\"itemListElement\":[{\"@type\":\"ListItem\",\"position\":1,\"name\":\"Home\",\"item\":\"https:\\\/\\\/gralmedical.com\\\/en\\\/\"},{\"@type\":\"ListItem\",\"position\":2,\"name\":\"Produktet\",\"item\":\"https:\\\/\\\/gralmedical.com\\\/sq\\\/produktet\\\/\"},{\"@type\":\"ListItem\",\"position\":3,\"name\":\"0840 Brez abdominal dobesimi neoprene\"}]},{\"@type\":\"WebSite\",\"@id\":\"https:\\\/\\\/gralmedical.com\\\/en\\\/#website\",\"url\":\"https:\\\/\\\/gralmedical.com\\\/en\\\/\",\"name\":\"GralMedical\",\"description\":\"Laboratory equipment &amp; medical apparatus\",\"publisher\":{\"@id\":\"https:\\\/\\\/gralmedical.com\\\/en\\\/#organization\"},\"potentialAction\":[{\"@type\":\"SearchAction\",\"target\":{\"@type\":\"EntryPoint\",\"urlTemplate\":\"https:\\\/\\\/gralmedical.com\\\/en\\\/?s={search_term_string}\"},\"query-input\":{\"@type\":\"PropertyValueSpecification\",\"valueRequired\":true,\"valueName\":\"search_term_string\"}}],\"inLanguage\":\"en-US\"},{\"@type\":\"Organization\",\"@id\":\"https:\\\/\\\/gralmedical.com\\\/en\\\/#organization\",\"name\":\"Gralmedical\",\"url\":\"https:\\\/\\\/gralmedical.com\\\/en\\\/\",\"logo\":{\"@type\":\"ImageObject\",\"inLanguage\":\"en-US\",\"@id\":\"https:\\\/\\\/gralmedical.com\\\/en\\\/#\\\/schema\\\/logo\\\/image\\\/\",\"url\":\"https:\\\/\\\/gralmedical.com\\\/wp-content\\\/uploads\\\/2022\\\/04\\\/logo.png\",\"contentUrl\":\"https:\\\/\\\/gralmedical.com\\\/wp-content\\\/uploads\\\/2022\\\/04\\\/logo.png\",\"width\":491,\"height\":132,\"caption\":\"Gralmedical\"},\"image\":{\"@id\":\"https:\\\/\\\/gralmedical.com\\\/en\\\/#\\\/schema\\\/logo\\\/image\\\/\"},\"sameAs\":[\"https:\\\/\\\/www.facebook.com\\\/Gralmedical\"]}]}<\/script>\n<!-- \/ Yoast SEO plugin. -->","yoast_head_json":{"title":"0840 Brez abdominal dobesimi neoprene - GralMedical","description":"Brez abdominal dob\u00ebsimi Neoprene (Waist Slimming Belt), i projektuar p\u00ebr t\u00eb rritur djersitjen n\u00eb zon\u00ebn e belit dhe p\u00ebr t\u00eb ndihmuar n\u00eb form\u00ebsimin e trupit gjat\u00eb ushtrimeve dhe p\u00ebrdorimit t\u00eb p\u00ebrditsh\u00ebm.","robots":{"index":"index","follow":"follow","max-snippet":"max-snippet:-1","max-image-preview":"max-image-preview:large","max-video-preview":"max-video-preview:-1"},"canonical":"https:\/\/gralmedical.com\/en\/produkt\/0840-brez-abdominal-dobesimi-neoprene-2\/","og_locale":"en_US","og_type":"article","og_title":"0840 Brez abdominal dobesimi neoprene - GralMedical","og_description":"Brez abdominal dob\u00ebsimi Neoprene (Waist Slimming Belt), i projektuar p\u00ebr t\u00eb rritur djersitjen n\u00eb zon\u00ebn e belit dhe p\u00ebr t\u00eb ndihmuar n\u00eb form\u00ebsimin e trupit gjat\u00eb ushtrimeve dhe p\u00ebrdorimit t\u00eb p\u00ebrditsh\u00ebm.","og_url":"https:\/\/gralmedical.com\/en\/produkt\/0840-brez-abdominal-dobesimi-neoprene-2\/","og_site_name":"GralMedical","article_publisher":"https:\/\/www.facebook.com\/Gralmedical","article_modified_time":"2026-05-14T12:31:59+00:00","og_image":[{"width":960,"height":1116,"url":"https:\/\/gralmedical.com\/wp-content\/uploads\/2022\/07\/Gemini_Generated_Image_b3facfb3fb3fa.png","type":"image\/png"}],"twitter_card":"summary_large_image","twitter_misc":{"Est. reading time":"2 minutes"},"schema":{"@context":"https:\/\/schema.org","@graph":[{"@type":"WebPage","@id":"https:\/\/gralmedical.com\/en\/produkt\/0840-brez-abdominal-dobesimi-neoprene-2\/","url":"https:\/\/gralmedical.com\/en\/produkt\/0840-brez-abdominal-dobesimi-neoprene-2\/","name":"0840 Brez abdominal dobesimi neoprene - GralMedical","isPartOf":{"@id":"https:\/\/gralmedical.com\/en\/#website"},"primaryImageOfPage":{"@id":"https:\/\/gralmedical.com\/en\/produkt\/0840-brez-abdominal-dobesimi-neoprene-2\/#primaryimage"},"image":{"@id":"https:\/\/gralmedical.com\/en\/produkt\/0840-brez-abdominal-dobesimi-neoprene-2\/#primaryimage"},"thumbnailUrl":"https:\/\/gralmedical.com\/wp-content\/uploads\/2022\/07\/Gemini_Generated_Image_b3facfb3fb3fa.png","datePublished":"2026-05-14T12:30:40+00:00","dateModified":"2026-05-14T12:31:59+00:00","description":"Brez abdominal dob\u00ebsimi Neoprene (Waist Slimming Belt), i projektuar p\u00ebr t\u00eb rritur djersitjen n\u00eb zon\u00ebn e belit dhe p\u00ebr t\u00eb ndihmuar n\u00eb form\u00ebsimin e trupit gjat\u00eb ushtrimeve dhe p\u00ebrdorimit t\u00eb p\u00ebrditsh\u00ebm.","breadcrumb":{"@id":"https:\/\/gralmedical.com\/en\/produkt\/0840-brez-abdominal-dobesimi-neoprene-2\/#breadcrumb"},"inLanguage":"en-US","potentialAction":[{"@type":"ReadAction","target":["https:\/\/gralmedical.com\/en\/produkt\/0840-brez-abdominal-dobesimi-neoprene-2\/"]}]},{"@type":"ImageObject","inLanguage":"en-US","@id":"https:\/\/gralmedical.com\/en\/produkt\/0840-brez-abdominal-dobesimi-neoprene-2\/#primaryimage","url":"https:\/\/gralmedical.com\/wp-content\/uploads\/2022\/07\/Gemini_Generated_Image_b3facfb3fb3fa.png","contentUrl":"https:\/\/gralmedical.com\/wp-content\/uploads\/2022\/07\/Gemini_Generated_Image_b3facfb3fb3fa.png","width":960,"height":1116},{"@type":"BreadcrumbList","@id":"https:\/\/gralmedical.com\/en\/produkt\/0840-brez-abdominal-dobesimi-neoprene-2\/#breadcrumb","itemListElement":[{"@type":"ListItem","position":1,"name":"Home","item":"https:\/\/gralmedical.com\/en\/"},{"@type":"ListItem","position":2,"name":"Produktet","item":"https:\/\/gralmedical.com\/sq\/produktet\/"},{"@type":"ListItem","position":3,"name":"0840 Brez abdominal dobesimi neoprene"}]},{"@type":"WebSite","@id":"https:\/\/gralmedical.com\/en\/#website","url":"https:\/\/gralmedical.com\/en\/","name":"GralMedical","description":"Laboratory equipment &amp; medical apparatus","publisher":{"@id":"https:\/\/gralmedical.com\/en\/#organization"},"potentialAction":[{"@type":"SearchAction","target":{"@type":"EntryPoint","urlTemplate":"https:\/\/gralmedical.com\/en\/?s={search_term_string}"},"query-input":{"@type":"PropertyValueSpecification","valueRequired":true,"valueName":"search_term_string"}}],"inLanguage":"en-US"},{"@type":"Organization","@id":"https:\/\/gralmedical.com\/en\/#organization","name":"Gralmedical","url":"https:\/\/gralmedical.com\/en\/","logo":{"@type":"ImageObject","inLanguage":"en-US","@id":"https:\/\/gralmedical.com\/en\/#\/schema\/logo\/image\/","url":"https:\/\/gralmedical.com\/wp-content\/uploads\/2022\/04\/logo.png","contentUrl":"https:\/\/gralmedical.com\/wp-content\/uploads\/2022\/04\/logo.png","width":491,"height":132,"caption":"Gralmedical"},"image":{"@id":"https:\/\/gralmedical.com\/en\/#\/schema\/logo\/image\/"},"sameAs":["https:\/\/www.facebook.com\/Gralmedical"]}]}},"_links":{"self":[{"href":"https:\/\/gralmedical.com\/en\/wp-json\/wp\/v2\/product\/3377","targetHints":{"allow":["GET"]}}],"collection":[{"href":"https:\/\/gralmedical.com\/en\/wp-json\/wp\/v2\/product"}],"about":[{"href":"https:\/\/gralmedical.com\/en\/wp-json\/wp\/v2\/types\/product"}],"wp:featuredmedia":[{"embeddable":true,"href":"https:\/\/gralmedical.com\/en\/wp-json\/wp\/v2\/media\/3376"}],"wp:attachment":[{"href":"https:\/\/gralmedical.com\/en\/wp-json\/wp\/v2\/media?parent=3377"}],"wp:term":[{"taxonomy":"product_brand","embeddable":true,"href":"https:\/\/gralmedical.com\/en\/wp-json\/wp\/v2\/product_brand?post=3377"},{"taxonomy":"product_cat","embeddable":true,"href":"https:\/\/gralmedical.com\/en\/wp-json\/wp\/v2\/product_cat?post=3377"},{"taxonomy":"product_tag","embeddable":true,"href":"https:\/\/gralmedical.com\/en\/wp-json\/wp\/v2\/product_tag?post=3377"}],"curies":[{"name":"wp","href":"https:\/\/api.w.org\/{rel}","templated":true}]}}