{"id":3359,"date":"2026-05-13T16:48:33","date_gmt":"2026-05-13T14:48:33","guid":{"rendered":"https:\/\/gralmedical.com\/?post_type=product&#038;p=3359"},"modified":"2026-05-13T16:49:35","modified_gmt":"2026-05-13T14:49:35","slug":"0857-rrip-brinjesh","status":"publish","type":"product","link":"https:\/\/gralmedical.com\/en\/produkt\/0857-rrip-brinjesh\/","title":{"rendered":"0857 Rrip per brinj\u00ebt"},"content":{"rendered":"<p data-start=\"199\" data-end=\"383\">Rripi p\u00ebr brinj\u00ebt \u00ebsht\u00eb nj\u00eb mb\u00ebshtet\u00ebse elastike kompresive q\u00eb vendoset rreth kraharorit p\u00ebr t\u00eb ofruar stabilitet dhe mb\u00ebshtetje n\u00eb raste mavijosjeje, frakture apo d\u00ebmtimi t\u00eb brinj\u00ebve.<\/p>\n<p data-start=\"385\" data-end=\"640\">Ai ndihmon n\u00eb reduktimin e dhimbjes duke stabilizuar zon\u00ebn e d\u00ebmtuar dhe duke leht\u00ebsuar frym\u00ebmarrjen dhe l\u00ebvizjen gjat\u00eb aktiviteteve t\u00eb p\u00ebrditshme dhe rikuperimit. Materiali elastik siguron kompresion t\u00eb kontrolluar dhe rehati gjat\u00eb p\u00ebrdorimit t\u00eb zgjatur.<\/p>\n<p data-start=\"642\" data-end=\"787\">Fal\u00eb dizajnit praktik dhe komod, rripi \u00ebsht\u00eb i p\u00ebrshtatsh\u00ebm p\u00ebr p\u00ebrdorim t\u00eb p\u00ebrditsh\u00ebm dhe ndihmon n\u00eb nj\u00eb rikuperim m\u00eb t\u00eb sigurt dhe m\u00eb t\u00eb leht\u00eb.<\/p>\n<p data-start=\"789\" data-end=\"818\"><strong data-start=\"789\" data-end=\"818\">Karakteristikat Kryesore:<\/strong><\/p>\n<ul data-start=\"819\" data-end=\"1076\">\n<li data-section-id=\"1h265lb\" data-start=\"819\" data-end=\"875\">Ofron kompresion dhe stabilizim p\u00ebr zon\u00ebn e brinj\u00ebve<\/li>\n<li data-section-id=\"sgm728\" data-start=\"876\" data-end=\"927\">Ndihmon n\u00eb reduktimin e dhimbjes dhe parehatis\u00eb<\/li>\n<li data-section-id=\"19n00co\" data-start=\"928\" data-end=\"966\">Leht\u00ebson frym\u00ebmarrjen dhe l\u00ebvizjen<\/li>\n<li data-section-id=\"5te3uy\" data-start=\"967\" data-end=\"1024\">Material elastik dhe komod p\u00ebr p\u00ebrdorim t\u00eb p\u00ebrditsh\u00ebm<\/li>\n<li data-section-id=\"1c08itp\" data-start=\"1025\" data-end=\"1076\">Dizajn i rregulluesh\u00ebm p\u00ebr p\u00ebrshtatje t\u00eb sigurt<\/li>\n<li data-section-id=\"1c08itp\" data-start=\"1025\" data-end=\"1076\">Mase universale<\/li>\n<\/ul>\n<p data-start=\"1078\" data-end=\"1099\"><strong data-start=\"1078\" data-end=\"1099\">Rekomandohet p\u00ebr:<\/strong><\/p>\n<ul data-start=\"1100\" data-end=\"1222\">\n<li data-section-id=\"11lbfko\" data-start=\"1100\" data-end=\"1125\">Mavijosje t\u00eb brinj\u00ebve<\/li>\n<li data-section-id=\"155rwce\" data-start=\"1126\" data-end=\"1150\">Fraktura t\u00eb brinj\u00ebve<\/li>\n<li data-section-id=\"1gdb1pf\" data-start=\"1151\" data-end=\"1176\">D\u00ebmtime t\u00eb kraharorit<\/li>\n<li data-section-id=\"4yvr0a\" data-start=\"1177\" data-end=\"1222\">Mb\u00ebshtetje gjat\u00eb rikuperimit pas traumave<\/li>\n<\/ul>\n<p data-start=\"1224\" data-end=\"1302\" data-is-last-node=\"\" data-is-only-node=\"\"><strong data-start=\"1224\" data-end=\"1302\" data-is-last-node=\"\">Zgjidhje ideale p\u00ebr rikuperim t\u00eb sigurt, komod dhe me mb\u00ebshtetje optimale.<\/strong><\/p>\n","protected":false},"excerpt":{"rendered":"<p>Rripi p\u00ebr brinj\u00ebt \u00ebsht\u00eb nj\u00eb mb\u00ebshtet\u00ebse elastike kompresive q\u00eb vendoset rreth kraharorit p\u00ebr t\u00eb ofruar stabilitet dhe mb\u00ebshtetje n\u00eb raste mavijosjeje, frakture apo d\u00ebmtimi t\u00eb brinj\u00ebve. Ai ndihmon n\u00eb reduktimin e dhimbjes duke stabilizuar zon\u00ebn e d\u00ebmtuar dhe duke leht\u00ebsuar frym\u00ebmarrjen dhe l\u00ebvizjen gjat\u00eb aktiviteteve t\u00eb p\u00ebrditshme dhe rikuperimit. Materiali elastik siguron kompresion t\u00eb kontrolluar [&hellip;]<\/p>\n","protected":false},"featured_media":3358,"template":"","meta":{"inline_featured_image":false},"product_brand":[],"product_cat":[87],"product_tag":[],"class_list":{"0":"post-3359","1":"product","2":"type-product","3":"status-publish","4":"has-post-thumbnail","6":"product_cat-spine-ribs-lower-back","8":"first","9":"instock","10":"shipping-taxable","11":"product-type-simple"},"yoast_head":"<!-- This site is optimized with the Yoast SEO plugin v27.6 - https:\/\/yoast.com\/product\/yoast-seo-wordpress\/ -->\n<title>0857 Rrip per brinj\u00ebt - GralMedical<\/title>\n<meta name=\"description\" content=\"Rrip elastik kompresiv p\u00ebr brinj\u00ebt, i projektuar p\u00ebr mb\u00ebshtetje, stabilizim dhe reduktim t\u00eb dhimbjes n\u00eb rast d\u00ebmtimesh ose frakturash t\u00eb brinj\u00ebve.\" \/>\n<meta name=\"robots\" content=\"index, follow, max-snippet:-1, max-image-preview:large, max-video-preview:-1\" \/>\n<link rel=\"canonical\" href=\"https:\/\/gralmedical.com\/en\/produkt\/0857-rrip-brinjesh\/\" \/>\n<meta property=\"og:locale\" content=\"en_US\" \/>\n<meta property=\"og:type\" content=\"article\" \/>\n<meta property=\"og:title\" content=\"0857 Rrip per brinj\u00ebt - GralMedical\" \/>\n<meta property=\"og:description\" content=\"Rrip elastik kompresiv p\u00ebr brinj\u00ebt, i projektuar p\u00ebr mb\u00ebshtetje, stabilizim dhe reduktim t\u00eb dhimbjes n\u00eb rast d\u00ebmtimesh ose frakturash t\u00eb brinj\u00ebve.\" \/>\n<meta property=\"og:url\" content=\"https:\/\/gralmedical.com\/en\/produkt\/0857-rrip-brinjesh\/\" \/>\n<meta property=\"og:site_name\" content=\"GralMedical\" \/>\n<meta property=\"article:publisher\" content=\"https:\/\/www.facebook.com\/Gralmedical\" \/>\n<meta property=\"article:modified_time\" content=\"2026-05-13T14:49:35+00:00\" \/>\n<meta property=\"og:image\" content=\"https:\/\/gralmedical.com\/wp-content\/uploads\/2022\/07\/white_Gemini_Generated_Image_mmnliymmnliymmnl.png\" \/>\n\t<meta property=\"og:image:width\" content=\"992\" \/>\n\t<meta property=\"og:image:height\" content=\"1060\" \/>\n\t<meta property=\"og:image:type\" content=\"image\/png\" \/>\n<meta name=\"twitter:card\" content=\"summary_large_image\" \/>\n<meta name=\"twitter:label1\" content=\"Est. reading time\" \/>\n\t<meta name=\"twitter:data1\" content=\"2 minutes\" \/>\n<script type=\"application\/ld+json\" class=\"yoast-schema-graph\">{\"@context\":\"https:\\\/\\\/schema.org\",\"@graph\":[{\"@type\":\"WebPage\",\"@id\":\"https:\\\/\\\/gralmedical.com\\\/en\\\/produkt\\\/0857-rrip-brinjesh\\\/\",\"url\":\"https:\\\/\\\/gralmedical.com\\\/en\\\/produkt\\\/0857-rrip-brinjesh\\\/\",\"name\":\"0857 Rrip per brinj\u00ebt - GralMedical\",\"isPartOf\":{\"@id\":\"https:\\\/\\\/gralmedical.com\\\/en\\\/#website\"},\"primaryImageOfPage\":{\"@id\":\"https:\\\/\\\/gralmedical.com\\\/en\\\/produkt\\\/0857-rrip-brinjesh\\\/#primaryimage\"},\"image\":{\"@id\":\"https:\\\/\\\/gralmedical.com\\\/en\\\/produkt\\\/0857-rrip-brinjesh\\\/#primaryimage\"},\"thumbnailUrl\":\"https:\\\/\\\/gralmedical.com\\\/wp-content\\\/uploads\\\/2022\\\/07\\\/white_Gemini_Generated_Image_mmnliymmnliymmnl.png\",\"datePublished\":\"2026-05-13T14:48:33+00:00\",\"dateModified\":\"2026-05-13T14:49:35+00:00\",\"description\":\"Rrip elastik kompresiv p\u00ebr brinj\u00ebt, i projektuar p\u00ebr mb\u00ebshtetje, stabilizim dhe reduktim t\u00eb dhimbjes n\u00eb rast d\u00ebmtimesh ose frakturash t\u00eb brinj\u00ebve.\",\"breadcrumb\":{\"@id\":\"https:\\\/\\\/gralmedical.com\\\/en\\\/produkt\\\/0857-rrip-brinjesh\\\/#breadcrumb\"},\"inLanguage\":\"en-US\",\"potentialAction\":[{\"@type\":\"ReadAction\",\"target\":[\"https:\\\/\\\/gralmedical.com\\\/en\\\/produkt\\\/0857-rrip-brinjesh\\\/\"]}]},{\"@type\":\"ImageObject\",\"inLanguage\":\"en-US\",\"@id\":\"https:\\\/\\\/gralmedical.com\\\/en\\\/produkt\\\/0857-rrip-brinjesh\\\/#primaryimage\",\"url\":\"https:\\\/\\\/gralmedical.com\\\/wp-content\\\/uploads\\\/2022\\\/07\\\/white_Gemini_Generated_Image_mmnliymmnliymmnl.png\",\"contentUrl\":\"https:\\\/\\\/gralmedical.com\\\/wp-content\\\/uploads\\\/2022\\\/07\\\/white_Gemini_Generated_Image_mmnliymmnliymmnl.png\",\"width\":992,\"height\":1060},{\"@type\":\"BreadcrumbList\",\"@id\":\"https:\\\/\\\/gralmedical.com\\\/en\\\/produkt\\\/0857-rrip-brinjesh\\\/#breadcrumb\",\"itemListElement\":[{\"@type\":\"ListItem\",\"position\":1,\"name\":\"Home\",\"item\":\"https:\\\/\\\/gralmedical.com\\\/en\\\/\"},{\"@type\":\"ListItem\",\"position\":2,\"name\":\"Produktet\",\"item\":\"https:\\\/\\\/gralmedical.com\\\/sq\\\/produktet\\\/\"},{\"@type\":\"ListItem\",\"position\":3,\"name\":\"0857 Rrip per brinj\u00ebt\"}]},{\"@type\":\"WebSite\",\"@id\":\"https:\\\/\\\/gralmedical.com\\\/en\\\/#website\",\"url\":\"https:\\\/\\\/gralmedical.com\\\/en\\\/\",\"name\":\"GralMedical\",\"description\":\"Laboratory equipment &amp; medical apparatus\",\"publisher\":{\"@id\":\"https:\\\/\\\/gralmedical.com\\\/en\\\/#organization\"},\"potentialAction\":[{\"@type\":\"SearchAction\",\"target\":{\"@type\":\"EntryPoint\",\"urlTemplate\":\"https:\\\/\\\/gralmedical.com\\\/en\\\/?s={search_term_string}\"},\"query-input\":{\"@type\":\"PropertyValueSpecification\",\"valueRequired\":true,\"valueName\":\"search_term_string\"}}],\"inLanguage\":\"en-US\"},{\"@type\":\"Organization\",\"@id\":\"https:\\\/\\\/gralmedical.com\\\/en\\\/#organization\",\"name\":\"Gralmedical\",\"url\":\"https:\\\/\\\/gralmedical.com\\\/en\\\/\",\"logo\":{\"@type\":\"ImageObject\",\"inLanguage\":\"en-US\",\"@id\":\"https:\\\/\\\/gralmedical.com\\\/en\\\/#\\\/schema\\\/logo\\\/image\\\/\",\"url\":\"https:\\\/\\\/gralmedical.com\\\/wp-content\\\/uploads\\\/2022\\\/04\\\/logo.png\",\"contentUrl\":\"https:\\\/\\\/gralmedical.com\\\/wp-content\\\/uploads\\\/2022\\\/04\\\/logo.png\",\"width\":491,\"height\":132,\"caption\":\"Gralmedical\"},\"image\":{\"@id\":\"https:\\\/\\\/gralmedical.com\\\/en\\\/#\\\/schema\\\/logo\\\/image\\\/\"},\"sameAs\":[\"https:\\\/\\\/www.facebook.com\\\/Gralmedical\"]}]}<\/script>\n<!-- \/ Yoast SEO plugin. -->","yoast_head_json":{"title":"0857 Rrip per brinj\u00ebt - GralMedical","description":"Rrip elastik kompresiv p\u00ebr brinj\u00ebt, i projektuar p\u00ebr mb\u00ebshtetje, stabilizim dhe reduktim t\u00eb dhimbjes n\u00eb rast d\u00ebmtimesh ose frakturash t\u00eb brinj\u00ebve.","robots":{"index":"index","follow":"follow","max-snippet":"max-snippet:-1","max-image-preview":"max-image-preview:large","max-video-preview":"max-video-preview:-1"},"canonical":"https:\/\/gralmedical.com\/en\/produkt\/0857-rrip-brinjesh\/","og_locale":"en_US","og_type":"article","og_title":"0857 Rrip per brinj\u00ebt - GralMedical","og_description":"Rrip elastik kompresiv p\u00ebr brinj\u00ebt, i projektuar p\u00ebr mb\u00ebshtetje, stabilizim dhe reduktim t\u00eb dhimbjes n\u00eb rast d\u00ebmtimesh ose frakturash t\u00eb brinj\u00ebve.","og_url":"https:\/\/gralmedical.com\/en\/produkt\/0857-rrip-brinjesh\/","og_site_name":"GralMedical","article_publisher":"https:\/\/www.facebook.com\/Gralmedical","article_modified_time":"2026-05-13T14:49:35+00:00","og_image":[{"width":992,"height":1060,"url":"https:\/\/gralmedical.com\/wp-content\/uploads\/2022\/07\/white_Gemini_Generated_Image_mmnliymmnliymmnl.png","type":"image\/png"}],"twitter_card":"summary_large_image","twitter_misc":{"Est. reading time":"2 minutes"},"schema":{"@context":"https:\/\/schema.org","@graph":[{"@type":"WebPage","@id":"https:\/\/gralmedical.com\/en\/produkt\/0857-rrip-brinjesh\/","url":"https:\/\/gralmedical.com\/en\/produkt\/0857-rrip-brinjesh\/","name":"0857 Rrip per brinj\u00ebt - GralMedical","isPartOf":{"@id":"https:\/\/gralmedical.com\/en\/#website"},"primaryImageOfPage":{"@id":"https:\/\/gralmedical.com\/en\/produkt\/0857-rrip-brinjesh\/#primaryimage"},"image":{"@id":"https:\/\/gralmedical.com\/en\/produkt\/0857-rrip-brinjesh\/#primaryimage"},"thumbnailUrl":"https:\/\/gralmedical.com\/wp-content\/uploads\/2022\/07\/white_Gemini_Generated_Image_mmnliymmnliymmnl.png","datePublished":"2026-05-13T14:48:33+00:00","dateModified":"2026-05-13T14:49:35+00:00","description":"Rrip elastik kompresiv p\u00ebr brinj\u00ebt, i projektuar p\u00ebr mb\u00ebshtetje, stabilizim dhe reduktim t\u00eb dhimbjes n\u00eb rast d\u00ebmtimesh ose frakturash t\u00eb brinj\u00ebve.","breadcrumb":{"@id":"https:\/\/gralmedical.com\/en\/produkt\/0857-rrip-brinjesh\/#breadcrumb"},"inLanguage":"en-US","potentialAction":[{"@type":"ReadAction","target":["https:\/\/gralmedical.com\/en\/produkt\/0857-rrip-brinjesh\/"]}]},{"@type":"ImageObject","inLanguage":"en-US","@id":"https:\/\/gralmedical.com\/en\/produkt\/0857-rrip-brinjesh\/#primaryimage","url":"https:\/\/gralmedical.com\/wp-content\/uploads\/2022\/07\/white_Gemini_Generated_Image_mmnliymmnliymmnl.png","contentUrl":"https:\/\/gralmedical.com\/wp-content\/uploads\/2022\/07\/white_Gemini_Generated_Image_mmnliymmnliymmnl.png","width":992,"height":1060},{"@type":"BreadcrumbList","@id":"https:\/\/gralmedical.com\/en\/produkt\/0857-rrip-brinjesh\/#breadcrumb","itemListElement":[{"@type":"ListItem","position":1,"name":"Home","item":"https:\/\/gralmedical.com\/en\/"},{"@type":"ListItem","position":2,"name":"Produktet","item":"https:\/\/gralmedical.com\/sq\/produktet\/"},{"@type":"ListItem","position":3,"name":"0857 Rrip per brinj\u00ebt"}]},{"@type":"WebSite","@id":"https:\/\/gralmedical.com\/en\/#website","url":"https:\/\/gralmedical.com\/en\/","name":"GralMedical","description":"Laboratory equipment &amp; medical apparatus","publisher":{"@id":"https:\/\/gralmedical.com\/en\/#organization"},"potentialAction":[{"@type":"SearchAction","target":{"@type":"EntryPoint","urlTemplate":"https:\/\/gralmedical.com\/en\/?s={search_term_string}"},"query-input":{"@type":"PropertyValueSpecification","valueRequired":true,"valueName":"search_term_string"}}],"inLanguage":"en-US"},{"@type":"Organization","@id":"https:\/\/gralmedical.com\/en\/#organization","name":"Gralmedical","url":"https:\/\/gralmedical.com\/en\/","logo":{"@type":"ImageObject","inLanguage":"en-US","@id":"https:\/\/gralmedical.com\/en\/#\/schema\/logo\/image\/","url":"https:\/\/gralmedical.com\/wp-content\/uploads\/2022\/04\/logo.png","contentUrl":"https:\/\/gralmedical.com\/wp-content\/uploads\/2022\/04\/logo.png","width":491,"height":132,"caption":"Gralmedical"},"image":{"@id":"https:\/\/gralmedical.com\/en\/#\/schema\/logo\/image\/"},"sameAs":["https:\/\/www.facebook.com\/Gralmedical"]}]}},"_links":{"self":[{"href":"https:\/\/gralmedical.com\/en\/wp-json\/wp\/v2\/product\/3359","targetHints":{"allow":["GET"]}}],"collection":[{"href":"https:\/\/gralmedical.com\/en\/wp-json\/wp\/v2\/product"}],"about":[{"href":"https:\/\/gralmedical.com\/en\/wp-json\/wp\/v2\/types\/product"}],"wp:featuredmedia":[{"embeddable":true,"href":"https:\/\/gralmedical.com\/en\/wp-json\/wp\/v2\/media\/3358"}],"wp:attachment":[{"href":"https:\/\/gralmedical.com\/en\/wp-json\/wp\/v2\/media?parent=3359"}],"wp:term":[{"taxonomy":"product_brand","embeddable":true,"href":"https:\/\/gralmedical.com\/en\/wp-json\/wp\/v2\/product_brand?post=3359"},{"taxonomy":"product_cat","embeddable":true,"href":"https:\/\/gralmedical.com\/en\/wp-json\/wp\/v2\/product_cat?post=3359"},{"taxonomy":"product_tag","embeddable":true,"href":"https:\/\/gralmedical.com\/en\/wp-json\/wp\/v2\/product_tag?post=3359"}],"curies":[{"name":"wp","href":"https:\/\/api.w.org\/{rel}","templated":true}]}}