{"id":3355,"date":"2026-05-13T16:25:12","date_gmt":"2026-05-13T14:25:12","guid":{"rendered":"https:\/\/gralmedical.com\/?post_type=product&#038;p=3355"},"modified":"2026-05-13T16:32:13","modified_gmt":"2026-05-13T14:32:13","slug":"0855-brez-i-tipi-zimbau-2","status":"publish","type":"product","link":"https:\/\/gralmedical.com\/en\/produkt\/0855-brez-i-tipi-zimbau-2\/","title":{"rendered":"0855 Brez i tipi \u201cZimbau\u201d"},"content":{"rendered":"<p data-start=\"178\" data-end=\"457\">Brezi i tipit Zimbau \u00ebsht\u00eb nj\u00eb rrip mb\u00ebshtet\u00ebs p\u00ebr zon\u00ebn lumbare, i projektuar p\u00ebr t\u00eb ofruar stabilitet, rehati dhe mb\u00ebshtetje gjat\u00eb p\u00ebrdorimit t\u00eb p\u00ebrditsh\u00ebm. Ai ndihmon n\u00eb reduktimin e dhimbjeve t\u00eb mesit dhe p\u00ebrmir\u00ebsimin e komfortit gjat\u00eb l\u00ebvizjes dhe aktiviteteve t\u00eb zakonshme.<\/p>\n<p data-start=\"459\" data-end=\"674\">Fal\u00eb dizajnit praktik dhe materialit t\u00eb rehatsh\u00ebm, brezi ndihmon n\u00eb mbajtjen ngroht\u00eb t\u00eb zon\u00ebs s\u00eb mesit, ve\u00e7an\u00ebrisht gjat\u00eb periudh\u00ebs s\u00eb dimrit, duke kontribuar n\u00eb relaksimin e muskujve dhe uljen e tensionit muskulor.<\/p>\n<table width=\"496\">\n<thead>\n<tr>\n<th><strong>Masa<\/strong><\/th>\n<th style=\"text-align: center\" align=\"right\"><strong>S<\/strong><\/th>\n<th style=\"text-align: center\" align=\"right\"><strong>M<\/strong><\/th>\n<th style=\"text-align: center\" align=\"right\"><strong>L<\/strong><\/th>\n<th style=\"text-align: center\" align=\"right\"><strong>XL<\/strong><\/th>\n<th style=\"text-align: center\" align=\"right\"><strong>XXL<\/strong><\/th>\n<\/tr>\n<\/thead>\n<tbody>\n<tr>\n<td style=\"text-align: center\"><strong>Perimetri i belit (cm)<\/strong><\/td>\n<td style=\"text-align: center\" align=\"right\">70-80<\/td>\n<td style=\"text-align: center\" align=\"right\">80-90<\/td>\n<td style=\"text-align: center\" align=\"right\">90-100<\/td>\n<td style=\"text-align: center\" align=\"right\">100-110<\/td>\n<td style=\"text-align: center\" align=\"right\">110-120<\/td>\n<\/tr>\n<\/tbody>\n<\/table>\n<p data-start=\"676\" data-end=\"697\"><strong data-start=\"676\" data-end=\"697\">Rekomandohet p\u00ebr:<\/strong><\/p>\n<ul data-start=\"698\" data-end=\"821\">\n<li data-section-id=\"1xvdxtt\" data-start=\"698\" data-end=\"724\">Lumbago (dhimbje mesi)<\/li>\n<li data-section-id=\"17yu14x\" data-start=\"725\" data-end=\"749\">Dhimbje reumatizmale<\/li>\n<li data-section-id=\"1rmzxh9\" data-start=\"750\" data-end=\"770\">Spazma muskulore<\/li>\n<li data-section-id=\"167aepm\" data-start=\"771\" data-end=\"821\">Mbajtjen ngroht\u00eb t\u00eb zon\u00ebs lumbare gjat\u00eb dimrit<\/li>\n<\/ul>\n<p data-start=\"823\" data-end=\"852\"><strong data-start=\"823\" data-end=\"852\">Karakteristikat Kryesore:<\/strong><\/p>\n<ul data-start=\"853\" data-end=\"1111\">\n<li data-section-id=\"frmepj\" data-start=\"853\" data-end=\"906\">Ofron mb\u00ebshtetje dhe stabilitet p\u00ebr zon\u00ebn e mesit<\/li>\n<li data-section-id=\"cdny6v\" data-start=\"907\" data-end=\"966\">Ndihmon n\u00eb reduktimin e dhimbjes dhe tensionit muskulor<\/li>\n<li data-section-id=\"yuq9fy\" data-start=\"967\" data-end=\"1012\">Material komod p\u00ebr p\u00ebrdorim t\u00eb p\u00ebrditsh\u00ebm<\/li>\n<li data-section-id=\"17oido\" data-start=\"1013\" data-end=\"1067\">Ndihmon n\u00eb ruajtjen e ngroht\u00ebsis\u00eb n\u00eb zon\u00ebn lumbare<\/li>\n<li data-section-id=\"1fqtmyv\" data-start=\"1068\" data-end=\"1111\">Dizajn praktik dhe i leht\u00eb p\u00ebr p\u00ebrdorim<\/li>\n<\/ul>\n<p data-start=\"1113\" data-end=\"1196\" data-is-last-node=\"\" data-is-only-node=\"\"><strong data-start=\"1113\" data-end=\"1196\" data-is-last-node=\"\">Zgjidhje ideale p\u00ebr mb\u00ebshtetje, rehati dhe mbrojtje t\u00eb zon\u00ebs s\u00eb mesit \u00e7do dit\u00eb.<\/strong><\/p>\n","protected":false},"excerpt":{"rendered":"<p>Brezi i tipit Zimbau \u00ebsht\u00eb nj\u00eb rrip mb\u00ebshtet\u00ebs p\u00ebr zon\u00ebn lumbare, i projektuar p\u00ebr t\u00eb ofruar stabilitet, rehati dhe mb\u00ebshtetje gjat\u00eb p\u00ebrdorimit t\u00eb p\u00ebrditsh\u00ebm. Ai ndihmon n\u00eb reduktimin e dhimbjeve t\u00eb mesit dhe p\u00ebrmir\u00ebsimin e komfortit gjat\u00eb l\u00ebvizjes dhe aktiviteteve t\u00eb zakonshme. Fal\u00eb dizajnit praktik dhe materialit t\u00eb rehatsh\u00ebm, brezi ndihmon n\u00eb mbajtjen ngroht\u00eb t\u00eb [&hellip;]<\/p>\n","protected":false},"featured_media":3354,"template":"","meta":{"inline_featured_image":false},"product_brand":[],"product_cat":[391],"product_tag":[],"class_list":{"0":"post-3355","1":"product","2":"type-product","3":"status-publish","4":"has-post-thumbnail","6":"product_cat-kolona-brinjet-mesi","8":"first","9":"instock","10":"shipping-taxable","11":"product-type-simple"},"yoast_head":"<!-- This site is optimized with the Yoast SEO plugin v27.6 - https:\/\/yoast.com\/product\/yoast-seo-wordpress\/ -->\n<title>0855 Brez i tipi \u201cZimbau\u201d - GralMedical<\/title>\n<meta name=\"description\" content=\"Brez i tipit Zimbau i projektuar p\u00ebr mb\u00ebshtetje, stabilitet dhe ngroht\u00ebsi t\u00eb zon\u00ebs s\u00eb mesit gjat\u00eb aktiviteteve t\u00eb p\u00ebrditshme.\" \/>\n<meta name=\"robots\" content=\"index, follow, max-snippet:-1, max-image-preview:large, max-video-preview:-1\" \/>\n<link rel=\"canonical\" href=\"https:\/\/gralmedical.com\/en\/produkt\/0855-brez-i-tipi-zimbau-2\/\" \/>\n<meta property=\"og:locale\" content=\"en_US\" \/>\n<meta property=\"og:type\" content=\"article\" \/>\n<meta property=\"og:title\" content=\"0855 Brez i tipi \u201cZimbau\u201d - GralMedical\" \/>\n<meta property=\"og:description\" content=\"Brez i tipit Zimbau i projektuar p\u00ebr mb\u00ebshtetje, stabilitet dhe ngroht\u00ebsi t\u00eb zon\u00ebs s\u00eb mesit gjat\u00eb aktiviteteve t\u00eb p\u00ebrditshme.\" \/>\n<meta property=\"og:url\" content=\"https:\/\/gralmedical.com\/en\/produkt\/0855-brez-i-tipi-zimbau-2\/\" \/>\n<meta property=\"og:site_name\" content=\"GralMedical\" \/>\n<meta property=\"article:publisher\" content=\"https:\/\/www.facebook.com\/Gralmedical\" \/>\n<meta property=\"article:modified_time\" content=\"2026-05-13T14:32:13+00:00\" \/>\n<meta property=\"og:image\" content=\"https:\/\/gralmedical.com\/wp-content\/uploads\/2022\/07\/0855-Gemini_Generated_Image_suk5vwsuk5vwsuk5.png\" \/>\n\t<meta property=\"og:image:width\" content=\"1053\" \/>\n\t<meta property=\"og:image:height\" content=\"1008\" \/>\n\t<meta property=\"og:image:type\" content=\"image\/png\" \/>\n<meta name=\"twitter:card\" content=\"summary_large_image\" \/>\n<meta name=\"twitter:label1\" content=\"Est. reading time\" \/>\n\t<meta name=\"twitter:data1\" content=\"2 minutes\" \/>\n<script type=\"application\/ld+json\" class=\"yoast-schema-graph\">{\"@context\":\"https:\\\/\\\/schema.org\",\"@graph\":[{\"@type\":\"WebPage\",\"@id\":\"https:\\\/\\\/gralmedical.com\\\/en\\\/produkt\\\/0855-brez-i-tipi-zimbau-2\\\/\",\"url\":\"https:\\\/\\\/gralmedical.com\\\/en\\\/produkt\\\/0855-brez-i-tipi-zimbau-2\\\/\",\"name\":\"0855 Brez i tipi \u201cZimbau\u201d - GralMedical\",\"isPartOf\":{\"@id\":\"https:\\\/\\\/gralmedical.com\\\/en\\\/#website\"},\"primaryImageOfPage\":{\"@id\":\"https:\\\/\\\/gralmedical.com\\\/en\\\/produkt\\\/0855-brez-i-tipi-zimbau-2\\\/#primaryimage\"},\"image\":{\"@id\":\"https:\\\/\\\/gralmedical.com\\\/en\\\/produkt\\\/0855-brez-i-tipi-zimbau-2\\\/#primaryimage\"},\"thumbnailUrl\":\"https:\\\/\\\/gralmedical.com\\\/wp-content\\\/uploads\\\/2022\\\/07\\\/0855-Gemini_Generated_Image_suk5vwsuk5vwsuk5.png\",\"datePublished\":\"2026-05-13T14:25:12+00:00\",\"dateModified\":\"2026-05-13T14:32:13+00:00\",\"description\":\"Brez i tipit Zimbau i projektuar p\u00ebr mb\u00ebshtetje, stabilitet dhe ngroht\u00ebsi t\u00eb zon\u00ebs s\u00eb mesit gjat\u00eb aktiviteteve t\u00eb p\u00ebrditshme.\",\"breadcrumb\":{\"@id\":\"https:\\\/\\\/gralmedical.com\\\/en\\\/produkt\\\/0855-brez-i-tipi-zimbau-2\\\/#breadcrumb\"},\"inLanguage\":\"en-US\",\"potentialAction\":[{\"@type\":\"ReadAction\",\"target\":[\"https:\\\/\\\/gralmedical.com\\\/en\\\/produkt\\\/0855-brez-i-tipi-zimbau-2\\\/\"]}]},{\"@type\":\"ImageObject\",\"inLanguage\":\"en-US\",\"@id\":\"https:\\\/\\\/gralmedical.com\\\/en\\\/produkt\\\/0855-brez-i-tipi-zimbau-2\\\/#primaryimage\",\"url\":\"https:\\\/\\\/gralmedical.com\\\/wp-content\\\/uploads\\\/2022\\\/07\\\/0855-Gemini_Generated_Image_suk5vwsuk5vwsuk5.png\",\"contentUrl\":\"https:\\\/\\\/gralmedical.com\\\/wp-content\\\/uploads\\\/2022\\\/07\\\/0855-Gemini_Generated_Image_suk5vwsuk5vwsuk5.png\",\"width\":1053,\"height\":1008},{\"@type\":\"BreadcrumbList\",\"@id\":\"https:\\\/\\\/gralmedical.com\\\/en\\\/produkt\\\/0855-brez-i-tipi-zimbau-2\\\/#breadcrumb\",\"itemListElement\":[{\"@type\":\"ListItem\",\"position\":1,\"name\":\"Home\",\"item\":\"https:\\\/\\\/gralmedical.com\\\/en\\\/\"},{\"@type\":\"ListItem\",\"position\":2,\"name\":\"Produktet\",\"item\":\"https:\\\/\\\/gralmedical.com\\\/sq\\\/produktet\\\/\"},{\"@type\":\"ListItem\",\"position\":3,\"name\":\"0855 Brez i tipi \u201cZimbau\u201d\"}]},{\"@type\":\"WebSite\",\"@id\":\"https:\\\/\\\/gralmedical.com\\\/en\\\/#website\",\"url\":\"https:\\\/\\\/gralmedical.com\\\/en\\\/\",\"name\":\"GralMedical\",\"description\":\"Laboratory equipment &amp; medical apparatus\",\"publisher\":{\"@id\":\"https:\\\/\\\/gralmedical.com\\\/en\\\/#organization\"},\"potentialAction\":[{\"@type\":\"SearchAction\",\"target\":{\"@type\":\"EntryPoint\",\"urlTemplate\":\"https:\\\/\\\/gralmedical.com\\\/en\\\/?s={search_term_string}\"},\"query-input\":{\"@type\":\"PropertyValueSpecification\",\"valueRequired\":true,\"valueName\":\"search_term_string\"}}],\"inLanguage\":\"en-US\"},{\"@type\":\"Organization\",\"@id\":\"https:\\\/\\\/gralmedical.com\\\/en\\\/#organization\",\"name\":\"Gralmedical\",\"url\":\"https:\\\/\\\/gralmedical.com\\\/en\\\/\",\"logo\":{\"@type\":\"ImageObject\",\"inLanguage\":\"en-US\",\"@id\":\"https:\\\/\\\/gralmedical.com\\\/en\\\/#\\\/schema\\\/logo\\\/image\\\/\",\"url\":\"https:\\\/\\\/gralmedical.com\\\/wp-content\\\/uploads\\\/2022\\\/04\\\/logo.png\",\"contentUrl\":\"https:\\\/\\\/gralmedical.com\\\/wp-content\\\/uploads\\\/2022\\\/04\\\/logo.png\",\"width\":491,\"height\":132,\"caption\":\"Gralmedical\"},\"image\":{\"@id\":\"https:\\\/\\\/gralmedical.com\\\/en\\\/#\\\/schema\\\/logo\\\/image\\\/\"},\"sameAs\":[\"https:\\\/\\\/www.facebook.com\\\/Gralmedical\"]}]}<\/script>\n<!-- \/ Yoast SEO plugin. -->","yoast_head_json":{"title":"0855 Brez i tipi \u201cZimbau\u201d - GralMedical","description":"Brez i tipit Zimbau i projektuar p\u00ebr mb\u00ebshtetje, stabilitet dhe ngroht\u00ebsi t\u00eb zon\u00ebs s\u00eb mesit gjat\u00eb aktiviteteve t\u00eb p\u00ebrditshme.","robots":{"index":"index","follow":"follow","max-snippet":"max-snippet:-1","max-image-preview":"max-image-preview:large","max-video-preview":"max-video-preview:-1"},"canonical":"https:\/\/gralmedical.com\/en\/produkt\/0855-brez-i-tipi-zimbau-2\/","og_locale":"en_US","og_type":"article","og_title":"0855 Brez i tipi \u201cZimbau\u201d - GralMedical","og_description":"Brez i tipit Zimbau i projektuar p\u00ebr mb\u00ebshtetje, stabilitet dhe ngroht\u00ebsi t\u00eb zon\u00ebs s\u00eb mesit gjat\u00eb aktiviteteve t\u00eb p\u00ebrditshme.","og_url":"https:\/\/gralmedical.com\/en\/produkt\/0855-brez-i-tipi-zimbau-2\/","og_site_name":"GralMedical","article_publisher":"https:\/\/www.facebook.com\/Gralmedical","article_modified_time":"2026-05-13T14:32:13+00:00","og_image":[{"width":1053,"height":1008,"url":"https:\/\/gralmedical.com\/wp-content\/uploads\/2022\/07\/0855-Gemini_Generated_Image_suk5vwsuk5vwsuk5.png","type":"image\/png"}],"twitter_card":"summary_large_image","twitter_misc":{"Est. reading time":"2 minutes"},"schema":{"@context":"https:\/\/schema.org","@graph":[{"@type":"WebPage","@id":"https:\/\/gralmedical.com\/en\/produkt\/0855-brez-i-tipi-zimbau-2\/","url":"https:\/\/gralmedical.com\/en\/produkt\/0855-brez-i-tipi-zimbau-2\/","name":"0855 Brez i tipi \u201cZimbau\u201d - GralMedical","isPartOf":{"@id":"https:\/\/gralmedical.com\/en\/#website"},"primaryImageOfPage":{"@id":"https:\/\/gralmedical.com\/en\/produkt\/0855-brez-i-tipi-zimbau-2\/#primaryimage"},"image":{"@id":"https:\/\/gralmedical.com\/en\/produkt\/0855-brez-i-tipi-zimbau-2\/#primaryimage"},"thumbnailUrl":"https:\/\/gralmedical.com\/wp-content\/uploads\/2022\/07\/0855-Gemini_Generated_Image_suk5vwsuk5vwsuk5.png","datePublished":"2026-05-13T14:25:12+00:00","dateModified":"2026-05-13T14:32:13+00:00","description":"Brez i tipit Zimbau i projektuar p\u00ebr mb\u00ebshtetje, stabilitet dhe ngroht\u00ebsi t\u00eb zon\u00ebs s\u00eb mesit gjat\u00eb aktiviteteve t\u00eb p\u00ebrditshme.","breadcrumb":{"@id":"https:\/\/gralmedical.com\/en\/produkt\/0855-brez-i-tipi-zimbau-2\/#breadcrumb"},"inLanguage":"en-US","potentialAction":[{"@type":"ReadAction","target":["https:\/\/gralmedical.com\/en\/produkt\/0855-brez-i-tipi-zimbau-2\/"]}]},{"@type":"ImageObject","inLanguage":"en-US","@id":"https:\/\/gralmedical.com\/en\/produkt\/0855-brez-i-tipi-zimbau-2\/#primaryimage","url":"https:\/\/gralmedical.com\/wp-content\/uploads\/2022\/07\/0855-Gemini_Generated_Image_suk5vwsuk5vwsuk5.png","contentUrl":"https:\/\/gralmedical.com\/wp-content\/uploads\/2022\/07\/0855-Gemini_Generated_Image_suk5vwsuk5vwsuk5.png","width":1053,"height":1008},{"@type":"BreadcrumbList","@id":"https:\/\/gralmedical.com\/en\/produkt\/0855-brez-i-tipi-zimbau-2\/#breadcrumb","itemListElement":[{"@type":"ListItem","position":1,"name":"Home","item":"https:\/\/gralmedical.com\/en\/"},{"@type":"ListItem","position":2,"name":"Produktet","item":"https:\/\/gralmedical.com\/sq\/produktet\/"},{"@type":"ListItem","position":3,"name":"0855 Brez i tipi \u201cZimbau\u201d"}]},{"@type":"WebSite","@id":"https:\/\/gralmedical.com\/en\/#website","url":"https:\/\/gralmedical.com\/en\/","name":"GralMedical","description":"Laboratory equipment &amp; medical apparatus","publisher":{"@id":"https:\/\/gralmedical.com\/en\/#organization"},"potentialAction":[{"@type":"SearchAction","target":{"@type":"EntryPoint","urlTemplate":"https:\/\/gralmedical.com\/en\/?s={search_term_string}"},"query-input":{"@type":"PropertyValueSpecification","valueRequired":true,"valueName":"search_term_string"}}],"inLanguage":"en-US"},{"@type":"Organization","@id":"https:\/\/gralmedical.com\/en\/#organization","name":"Gralmedical","url":"https:\/\/gralmedical.com\/en\/","logo":{"@type":"ImageObject","inLanguage":"en-US","@id":"https:\/\/gralmedical.com\/en\/#\/schema\/logo\/image\/","url":"https:\/\/gralmedical.com\/wp-content\/uploads\/2022\/04\/logo.png","contentUrl":"https:\/\/gralmedical.com\/wp-content\/uploads\/2022\/04\/logo.png","width":491,"height":132,"caption":"Gralmedical"},"image":{"@id":"https:\/\/gralmedical.com\/en\/#\/schema\/logo\/image\/"},"sameAs":["https:\/\/www.facebook.com\/Gralmedical"]}]}},"_links":{"self":[{"href":"https:\/\/gralmedical.com\/en\/wp-json\/wp\/v2\/product\/3355","targetHints":{"allow":["GET"]}}],"collection":[{"href":"https:\/\/gralmedical.com\/en\/wp-json\/wp\/v2\/product"}],"about":[{"href":"https:\/\/gralmedical.com\/en\/wp-json\/wp\/v2\/types\/product"}],"wp:featuredmedia":[{"embeddable":true,"href":"https:\/\/gralmedical.com\/en\/wp-json\/wp\/v2\/media\/3354"}],"wp:attachment":[{"href":"https:\/\/gralmedical.com\/en\/wp-json\/wp\/v2\/media?parent=3355"}],"wp:term":[{"taxonomy":"product_brand","embeddable":true,"href":"https:\/\/gralmedical.com\/en\/wp-json\/wp\/v2\/product_brand?post=3355"},{"taxonomy":"product_cat","embeddable":true,"href":"https:\/\/gralmedical.com\/en\/wp-json\/wp\/v2\/product_cat?post=3355"},{"taxonomy":"product_tag","embeddable":true,"href":"https:\/\/gralmedical.com\/en\/wp-json\/wp\/v2\/product_tag?post=3355"}],"curies":[{"name":"wp","href":"https:\/\/api.w.org\/{rel}","templated":true}]}}