{"id":3339,"date":"2026-05-13T14:45:50","date_gmt":"2026-05-13T12:45:50","guid":{"rendered":"https:\/\/gralmedical.com\/?post_type=product&#038;p=3339"},"modified":"2026-05-13T14:47:03","modified_gmt":"2026-05-13T12:47:03","slug":"0856-brez-abdominal-elastik-21-cm","status":"publish","type":"product","link":"https:\/\/gralmedical.com\/en\/produkt\/0856-brez-abdominal-elastik-21-cm\/","title":{"rendered":"0856 Brez abdominal elastik 21 cm"},"content":{"rendered":"<p data-start=\"200\" data-end=\"405\">Brezi abdominal \u00ebsht\u00eb projektuar p\u00ebr t\u00eb ofruar mb\u00ebshtetje dhe kompresion t\u00eb kontrolluar n\u00eb zon\u00ebn e barkut, duke ndihmuar n\u00eb stabilizimin e muskujve abdominal\u00eb dhe p\u00ebrmir\u00ebsimin e rehatis\u00eb gjat\u00eb rikuperimit.<\/p>\n<p data-start=\"407\" data-end=\"611\">I prodhuar nga material elastik cil\u00ebsor, brezi siguron kompresion t\u00eb rehatsh\u00ebm dhe t\u00eb q\u00ebndruesh\u00ebm, nd\u00ebrsa sistemi me mbyllje Velcro mund\u00ebson rregullim t\u00eb leht\u00eb dhe p\u00ebrshtatje sipas nevoj\u00ebs s\u00eb p\u00ebrdoruesit.<\/p>\n<p data-start=\"613\" data-end=\"767\">Fal\u00eb dizajnit praktik dhe ergonomik, \u00ebsht\u00eb i p\u00ebrshtatsh\u00ebm p\u00ebr p\u00ebrdorim t\u00eb p\u00ebrditsh\u00ebm dhe p\u00ebr periudha rikuperimi pas nd\u00ebrhyrjeve kirurgjikale ose lindjes.<\/p>\n<table width=\"496\">\n<thead>\n<tr>\n<th><strong>Masa<\/strong><\/th>\n<th style=\"text-align: center\" align=\"right\"><strong>S<\/strong><\/th>\n<th style=\"text-align: center\" align=\"right\"><strong>M<\/strong><\/th>\n<th style=\"text-align: center\" align=\"right\"><strong>L<\/strong><\/th>\n<th style=\"text-align: center\" align=\"right\"><strong>XL<\/strong><\/th>\n<th style=\"text-align: center\" align=\"right\"><strong>XXL<\/strong><\/th>\n<\/tr>\n<\/thead>\n<tbody>\n<tr>\n<td style=\"text-align: center\"><strong>Perimetri i mesit (cm)<\/strong><\/td>\n<td align=\"right\">70-80<\/td>\n<td align=\"right\">80-90<\/td>\n<td align=\"right\">90-100<\/td>\n<td align=\"right\">100-110<\/td>\n<td align=\"right\">110-120<\/td>\n<\/tr>\n<\/tbody>\n<\/table>\n<p data-start=\"769\" data-end=\"798\"><strong data-start=\"769\" data-end=\"798\">Karakteristikat Kryesore:<\/strong><\/p>\n<ul data-start=\"799\" data-end=\"1047\">\n<li data-section-id=\"6dl90p\" data-start=\"799\" data-end=\"858\">Material elastik p\u00ebr kompresion dhe mb\u00ebshtetje optimale<\/li>\n<li data-section-id=\"rpxukz\" data-start=\"859\" data-end=\"914\">Mbyllje Velcro p\u00ebr rregullim t\u00eb leht\u00eb dhe t\u00eb sigurt<\/li>\n<li data-section-id=\"z86ayo\" data-start=\"915\" data-end=\"970\">Dizajn praktik dhe komod p\u00ebr p\u00ebrdorim t\u00eb p\u00ebrditsh\u00ebm<\/li>\n<li data-section-id=\"sptbea\" data-start=\"971\" data-end=\"1047\">Ofron stabilizim t\u00eb zon\u00ebs abdominale dhe mb\u00ebshtetje p\u00ebr muskujt e barkut<\/li>\n<\/ul>\n<p data-start=\"1184\" data-end=\"1208\"><strong data-start=\"1184\" data-end=\"1208\">P\u00ebrdorimet Kryesore:<\/strong><\/p>\n<ul data-start=\"1209\" data-end=\"1399\">\n<li data-section-id=\"k50o9\" data-start=\"1209\" data-end=\"1263\">Mb\u00ebshtetje pas nd\u00ebrhyrjeve kirurgjikale abdominale<\/li>\n<li data-section-id=\"5nswxl\" data-start=\"1264\" data-end=\"1301\">Rikuperim pas lindjes (C-section)<\/li>\n<li data-section-id=\"m15rbz\" data-start=\"1302\" data-end=\"1338\">Stabilizim i muskujve abdominal\u00eb<\/li>\n<li data-section-id=\"1knsi0u\" data-start=\"1339\" data-end=\"1399\">Leht\u00ebsim i dhimbjeve t\u00eb shpin\u00ebs dhe mb\u00ebshtetje posturale<\/li>\n<\/ul>\n<p data-start=\"1401\" data-end=\"1480\" data-is-last-node=\"\" data-is-only-node=\"\"><strong data-start=\"1401\" data-end=\"1480\" data-is-last-node=\"\">Zgjidhje e besueshme p\u00ebr komoditet, stabilitet dhe rikuperim m\u00eb t\u00eb shpejt\u00eb.<\/strong><\/p>\n","protected":false},"excerpt":{"rendered":"<p>Brezi abdominal \u00ebsht\u00eb projektuar p\u00ebr t\u00eb ofruar mb\u00ebshtetje dhe kompresion t\u00eb kontrolluar n\u00eb zon\u00ebn e barkut, duke ndihmuar n\u00eb stabilizimin e muskujve abdominal\u00eb dhe p\u00ebrmir\u00ebsimin e rehatis\u00eb gjat\u00eb rikuperimit. I prodhuar nga material elastik cil\u00ebsor, brezi siguron kompresion t\u00eb rehatsh\u00ebm dhe t\u00eb q\u00ebndruesh\u00ebm, nd\u00ebrsa sistemi me mbyllje Velcro mund\u00ebson rregullim t\u00eb leht\u00eb dhe p\u00ebrshtatje sipas [&hellip;]<\/p>\n","protected":false},"featured_media":3338,"template":"","meta":{"inline_featured_image":false},"product_brand":[],"product_cat":[391],"product_tag":[],"class_list":{"0":"post-3339","1":"product","2":"type-product","3":"status-publish","4":"has-post-thumbnail","6":"product_cat-kolona-brinjet-mesi","8":"first","9":"instock","10":"shipping-taxable","11":"product-type-simple"},"yoast_head":"<!-- This site is optimized with the Yoast SEO plugin v27.6 - https:\/\/yoast.com\/product\/yoast-seo-wordpress\/ -->\n<title>0856 Brez abdominal elastik 21 cm - GralMedical<\/title>\n<meta name=\"description\" content=\"I projektuar p\u00ebr mb\u00ebshtetje, kompresion dhe stabilizim optimal t\u00eb zon\u00ebs abdominale gjat\u00eb rikuperimit dhe p\u00ebrdorimit t\u00eb p\u00ebrditsh\u00ebm.\" \/>\n<meta name=\"robots\" content=\"index, follow, max-snippet:-1, max-image-preview:large, max-video-preview:-1\" \/>\n<link rel=\"canonical\" href=\"https:\/\/gralmedical.com\/en\/produkt\/0856-brez-abdominal-elastik-21-cm\/\" \/>\n<meta property=\"og:locale\" content=\"en_US\" \/>\n<meta property=\"og:type\" content=\"article\" \/>\n<meta property=\"og:title\" content=\"0856 Brez abdominal elastik 21 cm - GralMedical\" \/>\n<meta property=\"og:description\" content=\"I projektuar p\u00ebr mb\u00ebshtetje, kompresion dhe stabilizim optimal t\u00eb zon\u00ebs abdominale gjat\u00eb rikuperimit dhe p\u00ebrdorimit t\u00eb p\u00ebrditsh\u00ebm.\" \/>\n<meta property=\"og:url\" content=\"https:\/\/gralmedical.com\/en\/produkt\/0856-brez-abdominal-elastik-21-cm\/\" \/>\n<meta property=\"og:site_name\" content=\"GralMedical\" \/>\n<meta property=\"article:publisher\" content=\"https:\/\/www.facebook.com\/Gralmedical\" \/>\n<meta property=\"article:modified_time\" content=\"2026-05-13T12:47:03+00:00\" \/>\n<meta property=\"og:image\" content=\"https:\/\/gralmedical.com\/wp-content\/uploads\/2022\/07\/0856-21-cm.png\" \/>\n\t<meta property=\"og:image:width\" content=\"1039\" \/>\n\t<meta property=\"og:image:height\" content=\"1024\" \/>\n\t<meta property=\"og:image:type\" content=\"image\/png\" \/>\n<meta name=\"twitter:card\" content=\"summary_large_image\" \/>\n<meta name=\"twitter:label1\" content=\"Est. reading time\" \/>\n\t<meta name=\"twitter:data1\" content=\"2 minutes\" \/>\n<script type=\"application\/ld+json\" class=\"yoast-schema-graph\">{\"@context\":\"https:\\\/\\\/schema.org\",\"@graph\":[{\"@type\":\"WebPage\",\"@id\":\"https:\\\/\\\/gralmedical.com\\\/en\\\/produkt\\\/0856-brez-abdominal-elastik-21-cm\\\/\",\"url\":\"https:\\\/\\\/gralmedical.com\\\/en\\\/produkt\\\/0856-brez-abdominal-elastik-21-cm\\\/\",\"name\":\"0856 Brez abdominal elastik 21 cm - GralMedical\",\"isPartOf\":{\"@id\":\"https:\\\/\\\/gralmedical.com\\\/en\\\/#website\"},\"primaryImageOfPage\":{\"@id\":\"https:\\\/\\\/gralmedical.com\\\/en\\\/produkt\\\/0856-brez-abdominal-elastik-21-cm\\\/#primaryimage\"},\"image\":{\"@id\":\"https:\\\/\\\/gralmedical.com\\\/en\\\/produkt\\\/0856-brez-abdominal-elastik-21-cm\\\/#primaryimage\"},\"thumbnailUrl\":\"https:\\\/\\\/gralmedical.com\\\/wp-content\\\/uploads\\\/2022\\\/07\\\/0856-21-cm.png\",\"datePublished\":\"2026-05-13T12:45:50+00:00\",\"dateModified\":\"2026-05-13T12:47:03+00:00\",\"description\":\"I projektuar p\u00ebr mb\u00ebshtetje, kompresion dhe stabilizim optimal t\u00eb zon\u00ebs abdominale gjat\u00eb rikuperimit dhe p\u00ebrdorimit t\u00eb p\u00ebrditsh\u00ebm.\",\"breadcrumb\":{\"@id\":\"https:\\\/\\\/gralmedical.com\\\/en\\\/produkt\\\/0856-brez-abdominal-elastik-21-cm\\\/#breadcrumb\"},\"inLanguage\":\"en-US\",\"potentialAction\":[{\"@type\":\"ReadAction\",\"target\":[\"https:\\\/\\\/gralmedical.com\\\/en\\\/produkt\\\/0856-brez-abdominal-elastik-21-cm\\\/\"]}]},{\"@type\":\"ImageObject\",\"inLanguage\":\"en-US\",\"@id\":\"https:\\\/\\\/gralmedical.com\\\/en\\\/produkt\\\/0856-brez-abdominal-elastik-21-cm\\\/#primaryimage\",\"url\":\"https:\\\/\\\/gralmedical.com\\\/wp-content\\\/uploads\\\/2022\\\/07\\\/0856-21-cm.png\",\"contentUrl\":\"https:\\\/\\\/gralmedical.com\\\/wp-content\\\/uploads\\\/2022\\\/07\\\/0856-21-cm.png\",\"width\":1039,\"height\":1024},{\"@type\":\"BreadcrumbList\",\"@id\":\"https:\\\/\\\/gralmedical.com\\\/en\\\/produkt\\\/0856-brez-abdominal-elastik-21-cm\\\/#breadcrumb\",\"itemListElement\":[{\"@type\":\"ListItem\",\"position\":1,\"name\":\"Home\",\"item\":\"https:\\\/\\\/gralmedical.com\\\/en\\\/\"},{\"@type\":\"ListItem\",\"position\":2,\"name\":\"Produktet\",\"item\":\"https:\\\/\\\/gralmedical.com\\\/sq\\\/produktet\\\/\"},{\"@type\":\"ListItem\",\"position\":3,\"name\":\"0856 Brez abdominal elastik 21 cm\"}]},{\"@type\":\"WebSite\",\"@id\":\"https:\\\/\\\/gralmedical.com\\\/en\\\/#website\",\"url\":\"https:\\\/\\\/gralmedical.com\\\/en\\\/\",\"name\":\"GralMedical\",\"description\":\"Laboratory equipment &amp; medical apparatus\",\"publisher\":{\"@id\":\"https:\\\/\\\/gralmedical.com\\\/en\\\/#organization\"},\"potentialAction\":[{\"@type\":\"SearchAction\",\"target\":{\"@type\":\"EntryPoint\",\"urlTemplate\":\"https:\\\/\\\/gralmedical.com\\\/en\\\/?s={search_term_string}\"},\"query-input\":{\"@type\":\"PropertyValueSpecification\",\"valueRequired\":true,\"valueName\":\"search_term_string\"}}],\"inLanguage\":\"en-US\"},{\"@type\":\"Organization\",\"@id\":\"https:\\\/\\\/gralmedical.com\\\/en\\\/#organization\",\"name\":\"Gralmedical\",\"url\":\"https:\\\/\\\/gralmedical.com\\\/en\\\/\",\"logo\":{\"@type\":\"ImageObject\",\"inLanguage\":\"en-US\",\"@id\":\"https:\\\/\\\/gralmedical.com\\\/en\\\/#\\\/schema\\\/logo\\\/image\\\/\",\"url\":\"https:\\\/\\\/gralmedical.com\\\/wp-content\\\/uploads\\\/2022\\\/04\\\/logo.png\",\"contentUrl\":\"https:\\\/\\\/gralmedical.com\\\/wp-content\\\/uploads\\\/2022\\\/04\\\/logo.png\",\"width\":491,\"height\":132,\"caption\":\"Gralmedical\"},\"image\":{\"@id\":\"https:\\\/\\\/gralmedical.com\\\/en\\\/#\\\/schema\\\/logo\\\/image\\\/\"},\"sameAs\":[\"https:\\\/\\\/www.facebook.com\\\/Gralmedical\"]}]}<\/script>\n<!-- \/ Yoast SEO plugin. -->","yoast_head_json":{"title":"0856 Brez abdominal elastik 21 cm - GralMedical","description":"I projektuar p\u00ebr mb\u00ebshtetje, kompresion dhe stabilizim optimal t\u00eb zon\u00ebs abdominale gjat\u00eb rikuperimit dhe p\u00ebrdorimit t\u00eb p\u00ebrditsh\u00ebm.","robots":{"index":"index","follow":"follow","max-snippet":"max-snippet:-1","max-image-preview":"max-image-preview:large","max-video-preview":"max-video-preview:-1"},"canonical":"https:\/\/gralmedical.com\/en\/produkt\/0856-brez-abdominal-elastik-21-cm\/","og_locale":"en_US","og_type":"article","og_title":"0856 Brez abdominal elastik 21 cm - GralMedical","og_description":"I projektuar p\u00ebr mb\u00ebshtetje, kompresion dhe stabilizim optimal t\u00eb zon\u00ebs abdominale gjat\u00eb rikuperimit dhe p\u00ebrdorimit t\u00eb p\u00ebrditsh\u00ebm.","og_url":"https:\/\/gralmedical.com\/en\/produkt\/0856-brez-abdominal-elastik-21-cm\/","og_site_name":"GralMedical","article_publisher":"https:\/\/www.facebook.com\/Gralmedical","article_modified_time":"2026-05-13T12:47:03+00:00","og_image":[{"width":1039,"height":1024,"url":"https:\/\/gralmedical.com\/wp-content\/uploads\/2022\/07\/0856-21-cm.png","type":"image\/png"}],"twitter_card":"summary_large_image","twitter_misc":{"Est. reading time":"2 minutes"},"schema":{"@context":"https:\/\/schema.org","@graph":[{"@type":"WebPage","@id":"https:\/\/gralmedical.com\/en\/produkt\/0856-brez-abdominal-elastik-21-cm\/","url":"https:\/\/gralmedical.com\/en\/produkt\/0856-brez-abdominal-elastik-21-cm\/","name":"0856 Brez abdominal elastik 21 cm - GralMedical","isPartOf":{"@id":"https:\/\/gralmedical.com\/en\/#website"},"primaryImageOfPage":{"@id":"https:\/\/gralmedical.com\/en\/produkt\/0856-brez-abdominal-elastik-21-cm\/#primaryimage"},"image":{"@id":"https:\/\/gralmedical.com\/en\/produkt\/0856-brez-abdominal-elastik-21-cm\/#primaryimage"},"thumbnailUrl":"https:\/\/gralmedical.com\/wp-content\/uploads\/2022\/07\/0856-21-cm.png","datePublished":"2026-05-13T12:45:50+00:00","dateModified":"2026-05-13T12:47:03+00:00","description":"I projektuar p\u00ebr mb\u00ebshtetje, kompresion dhe stabilizim optimal t\u00eb zon\u00ebs abdominale gjat\u00eb rikuperimit dhe p\u00ebrdorimit t\u00eb p\u00ebrditsh\u00ebm.","breadcrumb":{"@id":"https:\/\/gralmedical.com\/en\/produkt\/0856-brez-abdominal-elastik-21-cm\/#breadcrumb"},"inLanguage":"en-US","potentialAction":[{"@type":"ReadAction","target":["https:\/\/gralmedical.com\/en\/produkt\/0856-brez-abdominal-elastik-21-cm\/"]}]},{"@type":"ImageObject","inLanguage":"en-US","@id":"https:\/\/gralmedical.com\/en\/produkt\/0856-brez-abdominal-elastik-21-cm\/#primaryimage","url":"https:\/\/gralmedical.com\/wp-content\/uploads\/2022\/07\/0856-21-cm.png","contentUrl":"https:\/\/gralmedical.com\/wp-content\/uploads\/2022\/07\/0856-21-cm.png","width":1039,"height":1024},{"@type":"BreadcrumbList","@id":"https:\/\/gralmedical.com\/en\/produkt\/0856-brez-abdominal-elastik-21-cm\/#breadcrumb","itemListElement":[{"@type":"ListItem","position":1,"name":"Home","item":"https:\/\/gralmedical.com\/en\/"},{"@type":"ListItem","position":2,"name":"Produktet","item":"https:\/\/gralmedical.com\/sq\/produktet\/"},{"@type":"ListItem","position":3,"name":"0856 Brez abdominal elastik 21 cm"}]},{"@type":"WebSite","@id":"https:\/\/gralmedical.com\/en\/#website","url":"https:\/\/gralmedical.com\/en\/","name":"GralMedical","description":"Laboratory equipment &amp; medical apparatus","publisher":{"@id":"https:\/\/gralmedical.com\/en\/#organization"},"potentialAction":[{"@type":"SearchAction","target":{"@type":"EntryPoint","urlTemplate":"https:\/\/gralmedical.com\/en\/?s={search_term_string}"},"query-input":{"@type":"PropertyValueSpecification","valueRequired":true,"valueName":"search_term_string"}}],"inLanguage":"en-US"},{"@type":"Organization","@id":"https:\/\/gralmedical.com\/en\/#organization","name":"Gralmedical","url":"https:\/\/gralmedical.com\/en\/","logo":{"@type":"ImageObject","inLanguage":"en-US","@id":"https:\/\/gralmedical.com\/en\/#\/schema\/logo\/image\/","url":"https:\/\/gralmedical.com\/wp-content\/uploads\/2022\/04\/logo.png","contentUrl":"https:\/\/gralmedical.com\/wp-content\/uploads\/2022\/04\/logo.png","width":491,"height":132,"caption":"Gralmedical"},"image":{"@id":"https:\/\/gralmedical.com\/en\/#\/schema\/logo\/image\/"},"sameAs":["https:\/\/www.facebook.com\/Gralmedical"]}]}},"_links":{"self":[{"href":"https:\/\/gralmedical.com\/en\/wp-json\/wp\/v2\/product\/3339","targetHints":{"allow":["GET"]}}],"collection":[{"href":"https:\/\/gralmedical.com\/en\/wp-json\/wp\/v2\/product"}],"about":[{"href":"https:\/\/gralmedical.com\/en\/wp-json\/wp\/v2\/types\/product"}],"wp:featuredmedia":[{"embeddable":true,"href":"https:\/\/gralmedical.com\/en\/wp-json\/wp\/v2\/media\/3338"}],"wp:attachment":[{"href":"https:\/\/gralmedical.com\/en\/wp-json\/wp\/v2\/media?parent=3339"}],"wp:term":[{"taxonomy":"product_brand","embeddable":true,"href":"https:\/\/gralmedical.com\/en\/wp-json\/wp\/v2\/product_brand?post=3339"},{"taxonomy":"product_cat","embeddable":true,"href":"https:\/\/gralmedical.com\/en\/wp-json\/wp\/v2\/product_cat?post=3339"},{"taxonomy":"product_tag","embeddable":true,"href":"https:\/\/gralmedical.com\/en\/wp-json\/wp\/v2\/product_tag?post=3339"}],"curies":[{"name":"wp","href":"https:\/\/api.w.org\/{rel}","templated":true}]}}