{"id":3270,"date":"2026-05-12T11:48:29","date_gmt":"2026-05-12T09:48:29","guid":{"rendered":"https:\/\/gralmedical.com\/?post_type=product&#038;p=3270"},"modified":"2026-05-12T11:48:29","modified_gmt":"2026-05-12T09:48:29","slug":"1505-pompe-digitale-me-4-porta","status":"publish","type":"product","link":"https:\/\/gralmedical.com\/en\/produkt\/1505-pompe-digitale-me-4-porta\/","title":{"rendered":"1505 Pompe digitale me 4 porta"},"content":{"rendered":"<p data-start=\"213\" data-end=\"552\">Pompa digitale me 4 porta p\u00ebr terapi kompresive me aj\u00ebr \u00ebsht\u00eb nj\u00eb pajisje moderne e projektuar p\u00ebr p\u00ebrmir\u00ebsimin e qarkullimit t\u00eb gjakut dhe limf\u00ebs, si dhe p\u00ebr rikuperim m\u00eb t\u00eb shpejt\u00eb. Ajo p\u00ebrdor kompresion ritmik sekvencial, duke imituar n\u00eb m\u00ebnyr\u00eb natyrale veprimin e muskujve dhe duke ndihmuar n\u00eb qarkullimin efektiv t\u00eb l\u00ebngjeve n\u00eb trup.<\/p>\n<p data-start=\"554\" data-end=\"726\">Kjo terapi \u00ebsht\u00eb e p\u00ebrshtatshme p\u00ebr p\u00ebrdorim mjek\u00ebsor, sportiv dhe mir\u00ebqenie t\u00eb p\u00ebrditshme, duke ndihmuar n\u00eb reduktimin e lodhjes, \u00ebnjtjes dhe ndjesis\u00eb s\u00eb k\u00ebmb\u00ebve t\u00eb r\u00ebnda.<\/p>\n<p data-start=\"728\" data-end=\"751\"><strong data-start=\"728\" data-end=\"751\">P\u00ebrdorime kryesore:<\/strong><\/p>\n<ul data-start=\"752\" data-end=\"1051\">\n<li data-section-id=\"m5oyp4\" data-start=\"752\" data-end=\"883\">Rikuperim mjek\u00ebsor: ndihmon n\u00eb parandalimin e tromboz\u00ebs venoze t\u00eb thell\u00eb (DVT), trajtimin e limfedem\u00ebs dhe reduktimin e \u00ebnjtjes<\/li>\n<li data-section-id=\"9f3seu\" data-start=\"884\" data-end=\"959\">Rikuperim sportiv: leht\u00ebson lodhjen muskulare pas st\u00ebrvitjeve intensive<\/li>\n<li data-section-id=\"i585yq\" data-start=\"960\" data-end=\"1051\">Mir\u00ebqenie e p\u00ebrditshme: p\u00ebrmir\u00ebson qarkullimin dhe redukton ndjesin\u00eb e k\u00ebmb\u00ebve t\u00eb r\u00ebnda<\/li>\n<\/ul>\n<p data-start=\"1053\" data-end=\"1082\"><strong data-start=\"1053\" data-end=\"1082\">Karakteristikat Kryesore:<\/strong><\/p>\n<ul data-start=\"1083\" data-end=\"1426\">\n<li data-section-id=\"9laekz\" data-start=\"1083\" data-end=\"1150\">Sistem me shum\u00eb dhoma ajri (4\u20136 zona) p\u00ebr kompresion sekvencial<\/li>\n<li data-section-id=\"mqhk8y\" data-start=\"1151\" data-end=\"1205\">Ekran digjital p\u00ebr kontroll t\u00eb koh\u00ebs dhe presionit<\/li>\n<li data-section-id=\"9cmd4p\" data-start=\"1206\" data-end=\"1256\">Presion i rregulluesh\u00ebm deri n\u00eb rreth 250 mmHg<\/li>\n<li data-section-id=\"75qcva\" data-start=\"1257\" data-end=\"1309\">Programe t\u00eb ndryshme masazhi (mode A, B, C etj.)<\/li>\n<li data-section-id=\"1eyfz0g\" data-start=\"1310\" data-end=\"1366\">P\u00ebrdorim fleksib\u00ebl p\u00ebr k\u00ebmb\u00eb, duar dhe zon\u00ebn e belit<\/li>\n<li data-section-id=\"jad5ul\" data-start=\"1367\" data-end=\"1426\">Terapi e personalizueshme sipas nevojave t\u00eb p\u00ebrdoruesit<\/li>\n<\/ul>\n<p data-start=\"1428\" data-end=\"1533\" data-is-last-node=\"\" data-is-only-node=\"\"><strong data-start=\"1428\" data-end=\"1533\" data-is-last-node=\"\">Zgjidhje ideale p\u00ebr rikuperim profesional, p\u00ebrmir\u00ebsim t\u00eb qarkullimit dhe relaksim t\u00eb plot\u00eb t\u00eb trupit.<\/strong><\/p>\n","protected":false},"excerpt":{"rendered":"<p>Pompa digitale me 4 porta p\u00ebr terapi kompresive me aj\u00ebr \u00ebsht\u00eb nj\u00eb pajisje moderne e projektuar p\u00ebr p\u00ebrmir\u00ebsimin e qarkullimit t\u00eb gjakut dhe limf\u00ebs, si dhe p\u00ebr rikuperim m\u00eb t\u00eb shpejt\u00eb. Ajo p\u00ebrdor kompresion ritmik sekvencial, duke imituar n\u00eb m\u00ebnyr\u00eb natyrale veprimin e muskujve dhe duke ndihmuar n\u00eb qarkullimin efektiv t\u00eb l\u00ebngjeve n\u00eb trup. Kjo [&hellip;]<\/p>\n","protected":false},"featured_media":3271,"template":"","meta":{"inline_featured_image":false},"product_brand":[],"product_cat":[437],"product_tag":[],"class_list":{"0":"post-3270","1":"product","2":"type-product","3":"status-publish","4":"has-post-thumbnail","6":"product_cat-pajisje-mjeksore-monitorimi-en","8":"first","9":"instock","10":"shipping-taxable","11":"product-type-simple"},"yoast_head":"<!-- This site is optimized with the Yoast SEO plugin v27.5 - https:\/\/yoast.com\/product\/yoast-seo-wordpress\/ -->\n<title>1505 Pompe digitale me 4 porta - GralMedical<\/title>\n<meta name=\"description\" content=\"Pompe digitale me 4 porta p\u00ebr terapi kompresive me aj\u00ebr (SCD \/ Lymphedema Pump), e projektuar p\u00ebr p\u00ebrmir\u00ebsim t\u00eb qarkullimit, rikuperim dhe reduktim t\u00eb \u00ebnjtjes.\" \/>\n<meta name=\"robots\" content=\"index, follow, max-snippet:-1, max-image-preview:large, max-video-preview:-1\" \/>\n<link rel=\"canonical\" href=\"https:\/\/gralmedical.com\/en\/produkt\/1505-pompe-digitale-me-4-porta\/\" \/>\n<meta property=\"og:locale\" content=\"en_US\" \/>\n<meta property=\"og:type\" content=\"article\" \/>\n<meta property=\"og:title\" content=\"1505 Pompe digitale me 4 porta - GralMedical\" \/>\n<meta property=\"og:description\" content=\"Pompe digitale me 4 porta p\u00ebr terapi kompresive me aj\u00ebr (SCD \/ Lymphedema Pump), e projektuar p\u00ebr p\u00ebrmir\u00ebsim t\u00eb qarkullimit, rikuperim dhe reduktim t\u00eb \u00ebnjtjes.\" \/>\n<meta property=\"og:url\" content=\"https:\/\/gralmedical.com\/en\/produkt\/1505-pompe-digitale-me-4-porta\/\" \/>\n<meta property=\"og:site_name\" content=\"GralMedical\" \/>\n<meta property=\"article:publisher\" content=\"https:\/\/www.facebook.com\/Gralmedical\" \/>\n<meta property=\"og:image\" content=\"https:\/\/gralmedical.com\/wp-content\/uploads\/2026\/05\/Air-Pressure-Compression-Boots-Design-to-Improve-Leg-Recovery-and-Relieve-Muscle-Aches.png\" \/>\n\t<meta property=\"og:image:width\" content=\"2000\" \/>\n\t<meta property=\"og:image:height\" content=\"2000\" \/>\n\t<meta property=\"og:image:type\" content=\"image\/png\" \/>\n<meta name=\"twitter:card\" content=\"summary_large_image\" \/>\n<meta name=\"twitter:label1\" content=\"Est. reading time\" \/>\n\t<meta name=\"twitter:data1\" content=\"2 minutes\" \/>\n<script type=\"application\/ld+json\" class=\"yoast-schema-graph\">{\"@context\":\"https:\\\/\\\/schema.org\",\"@graph\":[{\"@type\":\"WebPage\",\"@id\":\"https:\\\/\\\/gralmedical.com\\\/en\\\/produkt\\\/1505-pompe-digitale-me-4-porta\\\/\",\"url\":\"https:\\\/\\\/gralmedical.com\\\/en\\\/produkt\\\/1505-pompe-digitale-me-4-porta\\\/\",\"name\":\"1505 Pompe digitale me 4 porta - GralMedical\",\"isPartOf\":{\"@id\":\"https:\\\/\\\/gralmedical.com\\\/en\\\/#website\"},\"primaryImageOfPage\":{\"@id\":\"https:\\\/\\\/gralmedical.com\\\/en\\\/produkt\\\/1505-pompe-digitale-me-4-porta\\\/#primaryimage\"},\"image\":{\"@id\":\"https:\\\/\\\/gralmedical.com\\\/en\\\/produkt\\\/1505-pompe-digitale-me-4-porta\\\/#primaryimage\"},\"thumbnailUrl\":\"https:\\\/\\\/gralmedical.com\\\/wp-content\\\/uploads\\\/2026\\\/05\\\/Air-Pressure-Compression-Boots-Design-to-Improve-Leg-Recovery-and-Relieve-Muscle-Aches.png\",\"datePublished\":\"2026-05-12T09:48:29+00:00\",\"description\":\"Pompe digitale me 4 porta p\u00ebr terapi kompresive me aj\u00ebr (SCD \\\/ Lymphedema Pump), e projektuar p\u00ebr p\u00ebrmir\u00ebsim t\u00eb qarkullimit, rikuperim dhe reduktim t\u00eb \u00ebnjtjes.\",\"breadcrumb\":{\"@id\":\"https:\\\/\\\/gralmedical.com\\\/en\\\/produkt\\\/1505-pompe-digitale-me-4-porta\\\/#breadcrumb\"},\"inLanguage\":\"en-US\",\"potentialAction\":[{\"@type\":\"ReadAction\",\"target\":[\"https:\\\/\\\/gralmedical.com\\\/en\\\/produkt\\\/1505-pompe-digitale-me-4-porta\\\/\"]}]},{\"@type\":\"ImageObject\",\"inLanguage\":\"en-US\",\"@id\":\"https:\\\/\\\/gralmedical.com\\\/en\\\/produkt\\\/1505-pompe-digitale-me-4-porta\\\/#primaryimage\",\"url\":\"https:\\\/\\\/gralmedical.com\\\/wp-content\\\/uploads\\\/2026\\\/05\\\/Air-Pressure-Compression-Boots-Design-to-Improve-Leg-Recovery-and-Relieve-Muscle-Aches.png\",\"contentUrl\":\"https:\\\/\\\/gralmedical.com\\\/wp-content\\\/uploads\\\/2026\\\/05\\\/Air-Pressure-Compression-Boots-Design-to-Improve-Leg-Recovery-and-Relieve-Muscle-Aches.png\",\"width\":2000,\"height\":2000},{\"@type\":\"BreadcrumbList\",\"@id\":\"https:\\\/\\\/gralmedical.com\\\/en\\\/produkt\\\/1505-pompe-digitale-me-4-porta\\\/#breadcrumb\",\"itemListElement\":[{\"@type\":\"ListItem\",\"position\":1,\"name\":\"Home\",\"item\":\"https:\\\/\\\/gralmedical.com\\\/en\\\/\"},{\"@type\":\"ListItem\",\"position\":2,\"name\":\"Produktet\",\"item\":\"https:\\\/\\\/gralmedical.com\\\/sq\\\/produktet\\\/\"},{\"@type\":\"ListItem\",\"position\":3,\"name\":\"1505 Pompe digitale me 4 porta\"}]},{\"@type\":\"WebSite\",\"@id\":\"https:\\\/\\\/gralmedical.com\\\/en\\\/#website\",\"url\":\"https:\\\/\\\/gralmedical.com\\\/en\\\/\",\"name\":\"GralMedical\",\"description\":\"Laboratory equipment &amp; medical apparatus\",\"publisher\":{\"@id\":\"https:\\\/\\\/gralmedical.com\\\/en\\\/#organization\"},\"potentialAction\":[{\"@type\":\"SearchAction\",\"target\":{\"@type\":\"EntryPoint\",\"urlTemplate\":\"https:\\\/\\\/gralmedical.com\\\/en\\\/?s={search_term_string}\"},\"query-input\":{\"@type\":\"PropertyValueSpecification\",\"valueRequired\":true,\"valueName\":\"search_term_string\"}}],\"inLanguage\":\"en-US\"},{\"@type\":\"Organization\",\"@id\":\"https:\\\/\\\/gralmedical.com\\\/en\\\/#organization\",\"name\":\"Gralmedical\",\"url\":\"https:\\\/\\\/gralmedical.com\\\/en\\\/\",\"logo\":{\"@type\":\"ImageObject\",\"inLanguage\":\"en-US\",\"@id\":\"https:\\\/\\\/gralmedical.com\\\/en\\\/#\\\/schema\\\/logo\\\/image\\\/\",\"url\":\"https:\\\/\\\/gralmedical.com\\\/wp-content\\\/uploads\\\/2022\\\/04\\\/logo.png\",\"contentUrl\":\"https:\\\/\\\/gralmedical.com\\\/wp-content\\\/uploads\\\/2022\\\/04\\\/logo.png\",\"width\":491,\"height\":132,\"caption\":\"Gralmedical\"},\"image\":{\"@id\":\"https:\\\/\\\/gralmedical.com\\\/en\\\/#\\\/schema\\\/logo\\\/image\\\/\"},\"sameAs\":[\"https:\\\/\\\/www.facebook.com\\\/Gralmedical\"]}]}<\/script>\n<!-- \/ Yoast SEO plugin. -->","yoast_head_json":{"title":"1505 Pompe digitale me 4 porta - GralMedical","description":"Pompe digitale me 4 porta p\u00ebr terapi kompresive me aj\u00ebr (SCD \/ Lymphedema Pump), e projektuar p\u00ebr p\u00ebrmir\u00ebsim t\u00eb qarkullimit, rikuperim dhe reduktim t\u00eb \u00ebnjtjes.","robots":{"index":"index","follow":"follow","max-snippet":"max-snippet:-1","max-image-preview":"max-image-preview:large","max-video-preview":"max-video-preview:-1"},"canonical":"https:\/\/gralmedical.com\/en\/produkt\/1505-pompe-digitale-me-4-porta\/","og_locale":"en_US","og_type":"article","og_title":"1505 Pompe digitale me 4 porta - GralMedical","og_description":"Pompe digitale me 4 porta p\u00ebr terapi kompresive me aj\u00ebr (SCD \/ Lymphedema Pump), e projektuar p\u00ebr p\u00ebrmir\u00ebsim t\u00eb qarkullimit, rikuperim dhe reduktim t\u00eb \u00ebnjtjes.","og_url":"https:\/\/gralmedical.com\/en\/produkt\/1505-pompe-digitale-me-4-porta\/","og_site_name":"GralMedical","article_publisher":"https:\/\/www.facebook.com\/Gralmedical","og_image":[{"width":2000,"height":2000,"url":"https:\/\/gralmedical.com\/wp-content\/uploads\/2026\/05\/Air-Pressure-Compression-Boots-Design-to-Improve-Leg-Recovery-and-Relieve-Muscle-Aches.png","type":"image\/png"}],"twitter_card":"summary_large_image","twitter_misc":{"Est. reading time":"2 minutes"},"schema":{"@context":"https:\/\/schema.org","@graph":[{"@type":"WebPage","@id":"https:\/\/gralmedical.com\/en\/produkt\/1505-pompe-digitale-me-4-porta\/","url":"https:\/\/gralmedical.com\/en\/produkt\/1505-pompe-digitale-me-4-porta\/","name":"1505 Pompe digitale me 4 porta - GralMedical","isPartOf":{"@id":"https:\/\/gralmedical.com\/en\/#website"},"primaryImageOfPage":{"@id":"https:\/\/gralmedical.com\/en\/produkt\/1505-pompe-digitale-me-4-porta\/#primaryimage"},"image":{"@id":"https:\/\/gralmedical.com\/en\/produkt\/1505-pompe-digitale-me-4-porta\/#primaryimage"},"thumbnailUrl":"https:\/\/gralmedical.com\/wp-content\/uploads\/2026\/05\/Air-Pressure-Compression-Boots-Design-to-Improve-Leg-Recovery-and-Relieve-Muscle-Aches.png","datePublished":"2026-05-12T09:48:29+00:00","description":"Pompe digitale me 4 porta p\u00ebr terapi kompresive me aj\u00ebr (SCD \/ Lymphedema Pump), e projektuar p\u00ebr p\u00ebrmir\u00ebsim t\u00eb qarkullimit, rikuperim dhe reduktim t\u00eb \u00ebnjtjes.","breadcrumb":{"@id":"https:\/\/gralmedical.com\/en\/produkt\/1505-pompe-digitale-me-4-porta\/#breadcrumb"},"inLanguage":"en-US","potentialAction":[{"@type":"ReadAction","target":["https:\/\/gralmedical.com\/en\/produkt\/1505-pompe-digitale-me-4-porta\/"]}]},{"@type":"ImageObject","inLanguage":"en-US","@id":"https:\/\/gralmedical.com\/en\/produkt\/1505-pompe-digitale-me-4-porta\/#primaryimage","url":"https:\/\/gralmedical.com\/wp-content\/uploads\/2026\/05\/Air-Pressure-Compression-Boots-Design-to-Improve-Leg-Recovery-and-Relieve-Muscle-Aches.png","contentUrl":"https:\/\/gralmedical.com\/wp-content\/uploads\/2026\/05\/Air-Pressure-Compression-Boots-Design-to-Improve-Leg-Recovery-and-Relieve-Muscle-Aches.png","width":2000,"height":2000},{"@type":"BreadcrumbList","@id":"https:\/\/gralmedical.com\/en\/produkt\/1505-pompe-digitale-me-4-porta\/#breadcrumb","itemListElement":[{"@type":"ListItem","position":1,"name":"Home","item":"https:\/\/gralmedical.com\/en\/"},{"@type":"ListItem","position":2,"name":"Produktet","item":"https:\/\/gralmedical.com\/sq\/produktet\/"},{"@type":"ListItem","position":3,"name":"1505 Pompe digitale me 4 porta"}]},{"@type":"WebSite","@id":"https:\/\/gralmedical.com\/en\/#website","url":"https:\/\/gralmedical.com\/en\/","name":"GralMedical","description":"Laboratory equipment &amp; medical apparatus","publisher":{"@id":"https:\/\/gralmedical.com\/en\/#organization"},"potentialAction":[{"@type":"SearchAction","target":{"@type":"EntryPoint","urlTemplate":"https:\/\/gralmedical.com\/en\/?s={search_term_string}"},"query-input":{"@type":"PropertyValueSpecification","valueRequired":true,"valueName":"search_term_string"}}],"inLanguage":"en-US"},{"@type":"Organization","@id":"https:\/\/gralmedical.com\/en\/#organization","name":"Gralmedical","url":"https:\/\/gralmedical.com\/en\/","logo":{"@type":"ImageObject","inLanguage":"en-US","@id":"https:\/\/gralmedical.com\/en\/#\/schema\/logo\/image\/","url":"https:\/\/gralmedical.com\/wp-content\/uploads\/2022\/04\/logo.png","contentUrl":"https:\/\/gralmedical.com\/wp-content\/uploads\/2022\/04\/logo.png","width":491,"height":132,"caption":"Gralmedical"},"image":{"@id":"https:\/\/gralmedical.com\/en\/#\/schema\/logo\/image\/"},"sameAs":["https:\/\/www.facebook.com\/Gralmedical"]}]}},"_links":{"self":[{"href":"https:\/\/gralmedical.com\/en\/wp-json\/wp\/v2\/product\/3270","targetHints":{"allow":["GET"]}}],"collection":[{"href":"https:\/\/gralmedical.com\/en\/wp-json\/wp\/v2\/product"}],"about":[{"href":"https:\/\/gralmedical.com\/en\/wp-json\/wp\/v2\/types\/product"}],"wp:featuredmedia":[{"embeddable":true,"href":"https:\/\/gralmedical.com\/en\/wp-json\/wp\/v2\/media\/3271"}],"wp:attachment":[{"href":"https:\/\/gralmedical.com\/en\/wp-json\/wp\/v2\/media?parent=3270"}],"wp:term":[{"taxonomy":"product_brand","embeddable":true,"href":"https:\/\/gralmedical.com\/en\/wp-json\/wp\/v2\/product_brand?post=3270"},{"taxonomy":"product_cat","embeddable":true,"href":"https:\/\/gralmedical.com\/en\/wp-json\/wp\/v2\/product_cat?post=3270"},{"taxonomy":"product_tag","embeddable":true,"href":"https:\/\/gralmedical.com\/en\/wp-json\/wp\/v2\/product_tag?post=3270"}],"curies":[{"name":"wp","href":"https:\/\/api.w.org\/{rel}","templated":true}]}}