{"id":3224,"date":"2026-05-11T16:20:25","date_gmt":"2026-05-11T14:20:25","guid":{"rendered":"https:\/\/gralmedical.com\/?post_type=product&#038;p=3224"},"modified":"2026-05-11T16:23:21","modified_gmt":"2026-05-11T14:23:21","slug":"0738-korse-taylor-2","status":"publish","type":"product","link":"https:\/\/gralmedical.com\/en\/produkt\/0738-korse-taylor-2\/","title":{"rendered":"0738 Korse \u201cTaylor\u201d"},"content":{"rendered":"<p data-start=\"244\" data-end=\"538\">Korse Taylor \u00ebsht\u00eb nj\u00eb mbajt\u00ebse ortopedike elastike e dizajnuar p\u00ebr t\u00eb ofruar mb\u00ebshtetje efektive dhe stabilizim t\u00eb shtyll\u00ebs kurrizore. E prodhuar nga material i thurur dhe i ajrossh\u00ebm, ajo siguron rehati gjat\u00eb p\u00ebrdorimit t\u00eb zgjatur duke ndihmuar n\u00eb ruajtjen e nj\u00eb pozicioni korrekt t\u00eb shpin\u00ebs.<\/p>\n<p data-start=\"540\" data-end=\"769\">Kjo kors\u00e9 \u00ebsht\u00eb ideale p\u00ebr korrigjim postural, stabilizim t\u00eb shtyll\u00ebs kurrizore dhe mb\u00ebshtetje gjat\u00eb procesit t\u00eb rikuperimit. Ndihmon n\u00eb reduktimin e ngarkes\u00ebs mbi shpin\u00eb dhe p\u00ebrmir\u00ebson q\u00ebndrimin gjat\u00eb aktiviteteve t\u00eb p\u00ebrditshme.<\/p>\n<p data-start=\"771\" data-end=\"1001\">Struktura e saj p\u00ebrfshin element\u00eb p\u00ebrforcues p\u00ebr stabilitet t\u00eb shtuar. Ka dy shufra metalike t\u00eb gjata p\u00ebrgjat\u00eb shtyll\u00ebs kurrizore dhe dy shufra shtes\u00eb mb\u00ebshtet\u00ebse n\u00eb pjes\u00ebn e shpin\u00ebs, duke siguruar kontroll dhe imobilizim optimal.<\/p>\n<p data-start=\"1003\" data-end=\"1225\">P\u00ebr rehati maksimale, kors\u00e9ja p\u00ebrfshin rripa t\u00eb rregulluesh\u00ebm me jast\u00ebk\u00eb mb\u00ebshtet\u00ebs, t\u00eb cil\u00ebt mund\u00ebsojn\u00eb p\u00ebrshtatje t\u00eb personalizuar. Sistemi i mbylljes me Velcro (hook &amp; loop) lejon p\u00ebrdorim t\u00eb leht\u00eb dhe fiksim t\u00eb sigurt.<\/p>\n<table width=\"496\">\n<thead>\n<tr>\n<th><strong>Masa<\/strong><\/th>\n<th style=\"text-align: center\" align=\"right\"><strong>S<\/strong><\/th>\n<th style=\"text-align: center\" align=\"right\"><strong>M<\/strong><\/th>\n<th style=\"text-align: center\" align=\"right\"><strong>L<\/strong><\/th>\n<th style=\"text-align: center\" align=\"right\"><strong>XL<\/strong><\/th>\n<\/tr>\n<\/thead>\n<tbody>\n<tr>\n<td style=\"text-align: center\"><strong>Perimetri i mesit (cm)<\/strong><\/td>\n<td style=\"text-align: center\" align=\"right\">85-95<\/td>\n<td style=\"text-align: center\" align=\"right\">95-105<\/td>\n<td style=\"text-align: center\" align=\"right\">105-115<\/td>\n<td style=\"text-align: center\" align=\"right\">115-125<\/td>\n<\/tr>\n<\/tbody>\n<\/table>\n<p data-start=\"1227\" data-end=\"1256\"><strong data-start=\"1227\" data-end=\"1256\">Karakteristikat Kryesore:<\/strong><\/p>\n<ul data-start=\"1257\" data-end=\"1533\">\n<li data-section-id=\"1heaxlv\" data-start=\"1257\" data-end=\"1302\">Material elastik i thurur dhe i ajrossh\u00ebm<\/li>\n<li data-section-id=\"1jogy86\" data-start=\"1303\" data-end=\"1371\">Dy shufra metalike t\u00eb gjata p\u00ebr mb\u00ebshtetje t\u00eb shtyll\u00ebs kurrizore<\/li>\n<li data-section-id=\"aw7iaw\" data-start=\"1372\" data-end=\"1418\">Dy shufra shtes\u00eb p\u00ebr stabilizim t\u00eb shpin\u00ebs<\/li>\n<li data-section-id=\"1177m20\" data-start=\"1419\" data-end=\"1477\">Rripa t\u00eb rregulluesh\u00ebm me jast\u00ebk\u00eb p\u00ebr rehati maksimale<\/li>\n<li data-section-id=\"qm8ozf\" data-start=\"1478\" data-end=\"1533\">Mbyllje me Velcro p\u00ebr fiksim t\u00eb leht\u00eb dhe t\u00eb sigurt<\/li>\n<\/ul>\n<p data-start=\"1535\" data-end=\"1552\"><strong data-start=\"1535\" data-end=\"1552\">Indikacionet:<\/strong><\/p>\n<ul data-start=\"1553\" data-end=\"1701\">\n<li data-section-id=\"uqhahq\" data-start=\"1553\" data-end=\"1575\">Korrigjim postural<\/li>\n<li data-section-id=\"b84hl8\" data-start=\"1576\" data-end=\"1611\">Stabilizim i shtyll\u00ebs kurrizore<\/li>\n<li data-section-id=\"1tkc4r9\" data-start=\"1612\" data-end=\"1644\">Mb\u00ebshtetje gjat\u00eb rikuperimit<\/li>\n<li data-section-id=\"199nwco\" data-start=\"1645\" data-end=\"1701\">Gjendje t\u00eb lehta deri mesatare t\u00eb shtyll\u00ebs kurrizore<\/li>\n<\/ul>\n<p data-start=\"1703\" data-end=\"1798\" data-is-last-node=\"\" data-is-only-node=\"\"><strong data-start=\"1703\" data-end=\"1798\" data-is-last-node=\"\">Zgjidhje e besueshme p\u00ebr mb\u00ebshtetje t\u00eb shpin\u00ebs, korrigjim postural dhe rikuperim t\u00eb sigurt.<\/strong><\/p>\n","protected":false},"excerpt":{"rendered":"<p>Korse Taylor \u00ebsht\u00eb nj\u00eb mbajt\u00ebse ortopedike elastike e dizajnuar p\u00ebr t\u00eb ofruar mb\u00ebshtetje efektive dhe stabilizim t\u00eb shtyll\u00ebs kurrizore. E prodhuar nga material i thurur dhe i ajrossh\u00ebm, ajo siguron rehati gjat\u00eb p\u00ebrdorimit t\u00eb zgjatur duke ndihmuar n\u00eb ruajtjen e nj\u00eb pozicioni korrekt t\u00eb shpin\u00ebs. Kjo kors\u00e9 \u00ebsht\u00eb ideale p\u00ebr korrigjim postural, stabilizim t\u00eb shtyll\u00ebs [&hellip;]<\/p>\n","protected":false},"featured_media":3222,"template":"","meta":{"inline_featured_image":false},"product_brand":[],"product_cat":[391],"product_tag":[],"class_list":{"0":"post-3224","1":"product","2":"type-product","3":"status-publish","4":"has-post-thumbnail","6":"product_cat-kolona-brinjet-mesi","8":"first","9":"instock","10":"shipping-taxable","11":"product-type-simple"},"yoast_head":"<!-- This site is optimized with the Yoast SEO plugin v27.5 - https:\/\/yoast.com\/product\/yoast-seo-wordpress\/ -->\n<title>0738 Korse \u201cTaylor\u201d - GralMedical<\/title>\n<meta name=\"description\" content=\"Korse elastike mjek\u00ebsore p\u00ebr mb\u00ebshtetje dhe stabilizim t\u00eb shtyll\u00ebs kurrizore. E ajrosshme, komode dhe e p\u00ebrshtatshme p\u00ebr korrigjim postural dhe rikuperim\" \/>\n<meta name=\"robots\" content=\"index, follow, max-snippet:-1, max-image-preview:large, max-video-preview:-1\" \/>\n<link rel=\"canonical\" href=\"https:\/\/gralmedical.com\/en\/produkt\/0738-korse-taylor-2\/\" \/>\n<meta property=\"og:locale\" content=\"en_US\" \/>\n<meta property=\"og:type\" content=\"article\" \/>\n<meta property=\"og:title\" content=\"0738 Korse \u201cTaylor\u201d - GralMedical\" \/>\n<meta property=\"og:description\" content=\"Korse elastike mjek\u00ebsore p\u00ebr mb\u00ebshtetje dhe stabilizim t\u00eb shtyll\u00ebs kurrizore. E ajrosshme, komode dhe e p\u00ebrshtatshme p\u00ebr korrigjim postural dhe rikuperim\" \/>\n<meta property=\"og:url\" content=\"https:\/\/gralmedical.com\/en\/produkt\/0738-korse-taylor-2\/\" \/>\n<meta property=\"og:site_name\" content=\"GralMedical\" \/>\n<meta property=\"article:publisher\" content=\"https:\/\/www.facebook.com\/Gralmedical\" \/>\n<meta property=\"article:modified_time\" content=\"2026-05-11T14:23:21+00:00\" \/>\n<meta property=\"og:image\" content=\"https:\/\/gralmedical.com\/wp-content\/uploads\/2022\/07\/0738-Gemini_Generated_Image_149uni149uni149u.png\" \/>\n\t<meta property=\"og:image:width\" content=\"784\" \/>\n\t<meta property=\"og:image:height\" content=\"784\" \/>\n\t<meta property=\"og:image:type\" content=\"image\/png\" \/>\n<meta name=\"twitter:card\" content=\"summary_large_image\" \/>\n<meta name=\"twitter:label1\" content=\"Est. reading time\" \/>\n\t<meta name=\"twitter:data1\" content=\"2 minutes\" \/>\n<script type=\"application\/ld+json\" class=\"yoast-schema-graph\">{\"@context\":\"https:\\\/\\\/schema.org\",\"@graph\":[{\"@type\":\"WebPage\",\"@id\":\"https:\\\/\\\/gralmedical.com\\\/en\\\/produkt\\\/0738-korse-taylor-2\\\/\",\"url\":\"https:\\\/\\\/gralmedical.com\\\/en\\\/produkt\\\/0738-korse-taylor-2\\\/\",\"name\":\"0738 Korse \u201cTaylor\u201d - GralMedical\",\"isPartOf\":{\"@id\":\"https:\\\/\\\/gralmedical.com\\\/en\\\/#website\"},\"primaryImageOfPage\":{\"@id\":\"https:\\\/\\\/gralmedical.com\\\/en\\\/produkt\\\/0738-korse-taylor-2\\\/#primaryimage\"},\"image\":{\"@id\":\"https:\\\/\\\/gralmedical.com\\\/en\\\/produkt\\\/0738-korse-taylor-2\\\/#primaryimage\"},\"thumbnailUrl\":\"https:\\\/\\\/gralmedical.com\\\/wp-content\\\/uploads\\\/2022\\\/07\\\/0738-Gemini_Generated_Image_149uni149uni149u.png\",\"datePublished\":\"2026-05-11T14:20:25+00:00\",\"dateModified\":\"2026-05-11T14:23:21+00:00\",\"description\":\"Korse elastike mjek\u00ebsore p\u00ebr mb\u00ebshtetje dhe stabilizim t\u00eb shtyll\u00ebs kurrizore. E ajrosshme, komode dhe e p\u00ebrshtatshme p\u00ebr korrigjim postural dhe rikuperim\",\"breadcrumb\":{\"@id\":\"https:\\\/\\\/gralmedical.com\\\/en\\\/produkt\\\/0738-korse-taylor-2\\\/#breadcrumb\"},\"inLanguage\":\"en-US\",\"potentialAction\":[{\"@type\":\"ReadAction\",\"target\":[\"https:\\\/\\\/gralmedical.com\\\/en\\\/produkt\\\/0738-korse-taylor-2\\\/\"]}]},{\"@type\":\"ImageObject\",\"inLanguage\":\"en-US\",\"@id\":\"https:\\\/\\\/gralmedical.com\\\/en\\\/produkt\\\/0738-korse-taylor-2\\\/#primaryimage\",\"url\":\"https:\\\/\\\/gralmedical.com\\\/wp-content\\\/uploads\\\/2022\\\/07\\\/0738-Gemini_Generated_Image_149uni149uni149u.png\",\"contentUrl\":\"https:\\\/\\\/gralmedical.com\\\/wp-content\\\/uploads\\\/2022\\\/07\\\/0738-Gemini_Generated_Image_149uni149uni149u.png\",\"width\":784,\"height\":784},{\"@type\":\"BreadcrumbList\",\"@id\":\"https:\\\/\\\/gralmedical.com\\\/en\\\/produkt\\\/0738-korse-taylor-2\\\/#breadcrumb\",\"itemListElement\":[{\"@type\":\"ListItem\",\"position\":1,\"name\":\"Home\",\"item\":\"https:\\\/\\\/gralmedical.com\\\/en\\\/\"},{\"@type\":\"ListItem\",\"position\":2,\"name\":\"Produktet\",\"item\":\"https:\\\/\\\/gralmedical.com\\\/sq\\\/produktet\\\/\"},{\"@type\":\"ListItem\",\"position\":3,\"name\":\"0738 Korse \u201cTaylor\u201d\"}]},{\"@type\":\"WebSite\",\"@id\":\"https:\\\/\\\/gralmedical.com\\\/en\\\/#website\",\"url\":\"https:\\\/\\\/gralmedical.com\\\/en\\\/\",\"name\":\"GralMedical\",\"description\":\"Laboratory equipment &amp; medical apparatus\",\"publisher\":{\"@id\":\"https:\\\/\\\/gralmedical.com\\\/en\\\/#organization\"},\"potentialAction\":[{\"@type\":\"SearchAction\",\"target\":{\"@type\":\"EntryPoint\",\"urlTemplate\":\"https:\\\/\\\/gralmedical.com\\\/en\\\/?s={search_term_string}\"},\"query-input\":{\"@type\":\"PropertyValueSpecification\",\"valueRequired\":true,\"valueName\":\"search_term_string\"}}],\"inLanguage\":\"en-US\"},{\"@type\":\"Organization\",\"@id\":\"https:\\\/\\\/gralmedical.com\\\/en\\\/#organization\",\"name\":\"Gralmedical\",\"url\":\"https:\\\/\\\/gralmedical.com\\\/en\\\/\",\"logo\":{\"@type\":\"ImageObject\",\"inLanguage\":\"en-US\",\"@id\":\"https:\\\/\\\/gralmedical.com\\\/en\\\/#\\\/schema\\\/logo\\\/image\\\/\",\"url\":\"https:\\\/\\\/gralmedical.com\\\/wp-content\\\/uploads\\\/2022\\\/04\\\/logo.png\",\"contentUrl\":\"https:\\\/\\\/gralmedical.com\\\/wp-content\\\/uploads\\\/2022\\\/04\\\/logo.png\",\"width\":491,\"height\":132,\"caption\":\"Gralmedical\"},\"image\":{\"@id\":\"https:\\\/\\\/gralmedical.com\\\/en\\\/#\\\/schema\\\/logo\\\/image\\\/\"},\"sameAs\":[\"https:\\\/\\\/www.facebook.com\\\/Gralmedical\"]}]}<\/script>\n<!-- \/ Yoast SEO plugin. -->","yoast_head_json":{"title":"0738 Korse \u201cTaylor\u201d - GralMedical","description":"Korse elastike mjek\u00ebsore p\u00ebr mb\u00ebshtetje dhe stabilizim t\u00eb shtyll\u00ebs kurrizore. E ajrosshme, komode dhe e p\u00ebrshtatshme p\u00ebr korrigjim postural dhe rikuperim","robots":{"index":"index","follow":"follow","max-snippet":"max-snippet:-1","max-image-preview":"max-image-preview:large","max-video-preview":"max-video-preview:-1"},"canonical":"https:\/\/gralmedical.com\/en\/produkt\/0738-korse-taylor-2\/","og_locale":"en_US","og_type":"article","og_title":"0738 Korse \u201cTaylor\u201d - GralMedical","og_description":"Korse elastike mjek\u00ebsore p\u00ebr mb\u00ebshtetje dhe stabilizim t\u00eb shtyll\u00ebs kurrizore. E ajrosshme, komode dhe e p\u00ebrshtatshme p\u00ebr korrigjim postural dhe rikuperim","og_url":"https:\/\/gralmedical.com\/en\/produkt\/0738-korse-taylor-2\/","og_site_name":"GralMedical","article_publisher":"https:\/\/www.facebook.com\/Gralmedical","article_modified_time":"2026-05-11T14:23:21+00:00","og_image":[{"width":784,"height":784,"url":"https:\/\/gralmedical.com\/wp-content\/uploads\/2022\/07\/0738-Gemini_Generated_Image_149uni149uni149u.png","type":"image\/png"}],"twitter_card":"summary_large_image","twitter_misc":{"Est. reading time":"2 minutes"},"schema":{"@context":"https:\/\/schema.org","@graph":[{"@type":"WebPage","@id":"https:\/\/gralmedical.com\/en\/produkt\/0738-korse-taylor-2\/","url":"https:\/\/gralmedical.com\/en\/produkt\/0738-korse-taylor-2\/","name":"0738 Korse \u201cTaylor\u201d - GralMedical","isPartOf":{"@id":"https:\/\/gralmedical.com\/en\/#website"},"primaryImageOfPage":{"@id":"https:\/\/gralmedical.com\/en\/produkt\/0738-korse-taylor-2\/#primaryimage"},"image":{"@id":"https:\/\/gralmedical.com\/en\/produkt\/0738-korse-taylor-2\/#primaryimage"},"thumbnailUrl":"https:\/\/gralmedical.com\/wp-content\/uploads\/2022\/07\/0738-Gemini_Generated_Image_149uni149uni149u.png","datePublished":"2026-05-11T14:20:25+00:00","dateModified":"2026-05-11T14:23:21+00:00","description":"Korse elastike mjek\u00ebsore p\u00ebr mb\u00ebshtetje dhe stabilizim t\u00eb shtyll\u00ebs kurrizore. E ajrosshme, komode dhe e p\u00ebrshtatshme p\u00ebr korrigjim postural dhe rikuperim","breadcrumb":{"@id":"https:\/\/gralmedical.com\/en\/produkt\/0738-korse-taylor-2\/#breadcrumb"},"inLanguage":"en-US","potentialAction":[{"@type":"ReadAction","target":["https:\/\/gralmedical.com\/en\/produkt\/0738-korse-taylor-2\/"]}]},{"@type":"ImageObject","inLanguage":"en-US","@id":"https:\/\/gralmedical.com\/en\/produkt\/0738-korse-taylor-2\/#primaryimage","url":"https:\/\/gralmedical.com\/wp-content\/uploads\/2022\/07\/0738-Gemini_Generated_Image_149uni149uni149u.png","contentUrl":"https:\/\/gralmedical.com\/wp-content\/uploads\/2022\/07\/0738-Gemini_Generated_Image_149uni149uni149u.png","width":784,"height":784},{"@type":"BreadcrumbList","@id":"https:\/\/gralmedical.com\/en\/produkt\/0738-korse-taylor-2\/#breadcrumb","itemListElement":[{"@type":"ListItem","position":1,"name":"Home","item":"https:\/\/gralmedical.com\/en\/"},{"@type":"ListItem","position":2,"name":"Produktet","item":"https:\/\/gralmedical.com\/sq\/produktet\/"},{"@type":"ListItem","position":3,"name":"0738 Korse \u201cTaylor\u201d"}]},{"@type":"WebSite","@id":"https:\/\/gralmedical.com\/en\/#website","url":"https:\/\/gralmedical.com\/en\/","name":"GralMedical","description":"Laboratory equipment &amp; medical apparatus","publisher":{"@id":"https:\/\/gralmedical.com\/en\/#organization"},"potentialAction":[{"@type":"SearchAction","target":{"@type":"EntryPoint","urlTemplate":"https:\/\/gralmedical.com\/en\/?s={search_term_string}"},"query-input":{"@type":"PropertyValueSpecification","valueRequired":true,"valueName":"search_term_string"}}],"inLanguage":"en-US"},{"@type":"Organization","@id":"https:\/\/gralmedical.com\/en\/#organization","name":"Gralmedical","url":"https:\/\/gralmedical.com\/en\/","logo":{"@type":"ImageObject","inLanguage":"en-US","@id":"https:\/\/gralmedical.com\/en\/#\/schema\/logo\/image\/","url":"https:\/\/gralmedical.com\/wp-content\/uploads\/2022\/04\/logo.png","contentUrl":"https:\/\/gralmedical.com\/wp-content\/uploads\/2022\/04\/logo.png","width":491,"height":132,"caption":"Gralmedical"},"image":{"@id":"https:\/\/gralmedical.com\/en\/#\/schema\/logo\/image\/"},"sameAs":["https:\/\/www.facebook.com\/Gralmedical"]}]}},"_links":{"self":[{"href":"https:\/\/gralmedical.com\/en\/wp-json\/wp\/v2\/product\/3224","targetHints":{"allow":["GET"]}}],"collection":[{"href":"https:\/\/gralmedical.com\/en\/wp-json\/wp\/v2\/product"}],"about":[{"href":"https:\/\/gralmedical.com\/en\/wp-json\/wp\/v2\/types\/product"}],"wp:featuredmedia":[{"embeddable":true,"href":"https:\/\/gralmedical.com\/en\/wp-json\/wp\/v2\/media\/3222"}],"wp:attachment":[{"href":"https:\/\/gralmedical.com\/en\/wp-json\/wp\/v2\/media?parent=3224"}],"wp:term":[{"taxonomy":"product_brand","embeddable":true,"href":"https:\/\/gralmedical.com\/en\/wp-json\/wp\/v2\/product_brand?post=3224"},{"taxonomy":"product_cat","embeddable":true,"href":"https:\/\/gralmedical.com\/en\/wp-json\/wp\/v2\/product_cat?post=3224"},{"taxonomy":"product_tag","embeddable":true,"href":"https:\/\/gralmedical.com\/en\/wp-json\/wp\/v2\/product_tag?post=3224"}],"curies":[{"name":"wp","href":"https:\/\/api.w.org\/{rel}","templated":true}]}}