{"id":3202,"date":"2026-05-11T15:16:56","date_gmt":"2026-05-11T13:16:56","guid":{"rendered":"https:\/\/gralmedical.com\/?post_type=product&#038;p=3202"},"modified":"2026-05-11T15:29:25","modified_gmt":"2026-05-11T13:29:25","slug":"0302-suport-per-brrylin-elastik-2","status":"publish","type":"product","link":"https:\/\/gralmedical.com\/en\/produkt\/0302-suport-per-brrylin-elastik-2\/","title":{"rendered":"0302 Suport per brrylin elastik"},"content":{"rendered":"<p data-start=\"239\" data-end=\"535\">Suporti elastik p\u00ebr b\u00ebrrylin \u00ebsht\u00eb nj\u00eb mb\u00ebshtet\u00ebse ortopedike e projektuar p\u00ebr t\u00eb ofruar kompresion t\u00eb moderuar dhe stabilizim efektiv t\u00eb nyj\u00ebs s\u00eb b\u00ebrrylit. I prodhuar nga material elastik i thurur, ai siguron mb\u00ebshtetje t\u00eb rehatshme duke lejuar l\u00ebvizje natyrale gjat\u00eb aktiviteteve t\u00eb p\u00ebrditshme.<\/p>\n<p data-start=\"537\" data-end=\"748\">Dizajni tubular pa qepje garanton rehati maksimale dhe p\u00ebrshtatje t\u00eb sigurt pa shkaktuar irritime gjat\u00eb p\u00ebrdorimit t\u00eb zgjatur. Materiali elastik dhe i ajrossh\u00ebm ndihmon n\u00eb ruajtjen e rehatis\u00eb gjat\u00eb gjith\u00eb dit\u00ebs.<\/p>\n<p data-start=\"750\" data-end=\"1047\">Ky suport \u00ebsht\u00eb i p\u00ebrshtatsh\u00ebm p\u00ebr d\u00ebmtime t\u00eb lehta t\u00eb b\u00ebrrylit, probleme t\u00eb tendinave, artrit, si dhe p\u00ebr mb\u00ebshtetje mbrojt\u00ebse gjat\u00eb aktiviteteve sportive ose pun\u00ebs fizike. Ndihmon n\u00eb reduktimin e dhimbjes, p\u00ebrmir\u00ebsimin e stabilitetit dhe mb\u00ebshtetjen e l\u00ebvizjes gjat\u00eb rikuperimit dhe aktivitetit.<\/p>\n<p>&nbsp;<\/p>\n<table width=\"496\">\n<thead>\n<tr>\n<th><strong>Masa<\/strong><\/th>\n<th style=\"text-align: center\" align=\"right\"><strong>S<\/strong><\/th>\n<th style=\"text-align: center\" align=\"right\"><strong>M<\/strong><\/th>\n<th style=\"text-align: center\" align=\"right\"><strong>L<\/strong><\/th>\n<th style=\"text-align: center\" align=\"right\"><strong>XL<\/strong><\/th>\n<th style=\"text-align: center\" align=\"right\"><strong>XXL<\/strong><\/th>\n<\/tr>\n<\/thead>\n<tbody>\n<tr>\n<td style=\"text-align: center\"><strong>Perimetri i brrylit (cm)<\/strong><\/td>\n<td align=\"right\">22-25<\/td>\n<td align=\"right\">25-28<\/td>\n<td align=\"right\">28-31<\/td>\n<td align=\"right\">31-34<\/td>\n<td align=\"right\">34-37<\/td>\n<\/tr>\n<\/tbody>\n<\/table>\n<p data-start=\"1049\" data-end=\"1078\"><strong data-start=\"1049\" data-end=\"1078\">Karakteristikat Kryesore:<\/strong><\/p>\n<ul data-start=\"1079\" data-end=\"1349\">\n<li data-section-id=\"185dusb\" data-start=\"1079\" data-end=\"1138\">Material elastik i thurur p\u00ebr kompresion dhe mb\u00ebshtetje<\/li>\n<li data-section-id=\"ysnol7\" data-start=\"1139\" data-end=\"1187\">Dizajn tubular pa qepje p\u00ebr rehati maksimale<\/li>\n<li data-section-id=\"1out45u\" data-start=\"1188\" data-end=\"1232\">Ofron stabilizim t\u00eb moderuar t\u00eb b\u00ebrrylit<\/li>\n<li data-section-id=\"1m9csxb\" data-start=\"1233\" data-end=\"1298\">Material i ajrossh\u00ebm dhe fleksib\u00ebl p\u00ebr p\u00ebrdorim t\u00eb p\u00ebrditsh\u00ebm<\/li>\n<li data-section-id=\"14fkp6n\" data-start=\"1299\" data-end=\"1349\">I p\u00ebrshtatsh\u00ebm p\u00ebr sport dhe aktivitete fizike<\/li>\n<\/ul>\n<p data-start=\"1351\" data-end=\"1368\"><strong data-start=\"1351\" data-end=\"1368\">Indikacionet:<\/strong><\/p>\n<ul data-start=\"1369\" data-end=\"1497\">\n<li data-section-id=\"18twr8q\" data-start=\"1369\" data-end=\"1401\">D\u00ebmtime t\u00eb lehta t\u00eb b\u00ebrrylit<\/li>\n<li data-section-id=\"p55uf\" data-start=\"1402\" data-end=\"1427\">Probleme t\u00eb tendinave<\/li>\n<li data-section-id=\"eufoqo\" data-start=\"1428\" data-end=\"1438\">Artrit<\/li>\n<li data-section-id=\"12k0bqq\" data-start=\"1439\" data-end=\"1497\">Mb\u00ebshtetje parandaluese gjat\u00eb sportit dhe pun\u00ebs fizike<\/li>\n<\/ul>\n<p data-start=\"1499\" data-end=\"1585\" data-is-last-node=\"\" data-is-only-node=\"\"><strong data-start=\"1499\" data-end=\"1585\" data-is-last-node=\"\">Zgjidhje efektive p\u00ebr mb\u00ebshtetje, stabilitet dhe rehati t\u00eb p\u00ebrditshme t\u00eb b\u00ebrrylit.<\/strong><\/p>\n","protected":false},"excerpt":{"rendered":"<p>Suporti elastik p\u00ebr b\u00ebrrylin \u00ebsht\u00eb nj\u00eb mb\u00ebshtet\u00ebse ortopedike e projektuar p\u00ebr t\u00eb ofruar kompresion t\u00eb moderuar dhe stabilizim efektiv t\u00eb nyj\u00ebs s\u00eb b\u00ebrrylit. I prodhuar nga material elastik i thurur, ai siguron mb\u00ebshtetje t\u00eb rehatshme duke lejuar l\u00ebvizje natyrale gjat\u00eb aktiviteteve t\u00eb p\u00ebrditshme. Dizajni tubular pa qepje garanton rehati maksimale dhe p\u00ebrshtatje t\u00eb sigurt pa [&hellip;]<\/p>\n","protected":false},"featured_media":3203,"template":"","meta":{"inline_featured_image":false},"product_brand":[],"product_cat":[392],"product_tag":[],"class_list":{"0":"post-3202","1":"product","2":"type-product","3":"status-publish","4":"has-post-thumbnail","6":"product_cat-brryli-parakrahu-kyci-i-dores","8":"first","9":"instock","10":"shipping-taxable","11":"product-type-simple"},"yoast_head":"<!-- This site is optimized with the Yoast SEO plugin v27.5 - https:\/\/yoast.com\/product\/yoast-seo-wordpress\/ -->\n<title>0302 Suport per brrylin elastik - GralMedical<\/title>\n<meta name=\"description\" content=\"Suport elastik p\u00ebr b\u00ebrrylin, i projektuar p\u00ebr t\u00eb ofruar kompresion t\u00eb moderuar dhe stabilitet p\u00ebr nyj\u00ebn e b\u00ebrrylit. I rehatsh\u00ebm dhe i p\u00ebrshtatsh\u00ebm p\u00ebr p\u00ebrdorim t\u00eb p\u00ebrditsh\u00ebm dhe sportiv.\" \/>\n<meta name=\"robots\" content=\"index, follow, max-snippet:-1, max-image-preview:large, max-video-preview:-1\" \/>\n<link rel=\"canonical\" href=\"https:\/\/gralmedical.com\/en\/produkt\/0302-suport-per-brrylin-elastik-2\/\" \/>\n<meta property=\"og:locale\" content=\"en_US\" \/>\n<meta property=\"og:type\" content=\"article\" \/>\n<meta property=\"og:title\" content=\"0302 Suport per brrylin elastik - GralMedical\" \/>\n<meta property=\"og:description\" content=\"Suport elastik p\u00ebr b\u00ebrrylin, i projektuar p\u00ebr t\u00eb ofruar kompresion t\u00eb moderuar dhe stabilitet p\u00ebr nyj\u00ebn e b\u00ebrrylit. I rehatsh\u00ebm dhe i p\u00ebrshtatsh\u00ebm p\u00ebr p\u00ebrdorim t\u00eb p\u00ebrditsh\u00ebm dhe sportiv.\" \/>\n<meta property=\"og:url\" content=\"https:\/\/gralmedical.com\/en\/produkt\/0302-suport-per-brrylin-elastik-2\/\" \/>\n<meta property=\"og:site_name\" content=\"GralMedical\" \/>\n<meta property=\"article:publisher\" content=\"https:\/\/www.facebook.com\/Gralmedical\" \/>\n<meta property=\"article:modified_time\" content=\"2026-05-11T13:29:25+00:00\" \/>\n<meta property=\"og:image\" content=\"https:\/\/gralmedical.com\/wp-content\/uploads\/2026\/05\/0302-elbow_compression_sleeve_grey_top.png\" \/>\n\t<meta property=\"og:image:width\" content=\"1024\" \/>\n\t<meta property=\"og:image:height\" content=\"1024\" \/>\n\t<meta property=\"og:image:type\" content=\"image\/png\" \/>\n<meta name=\"twitter:card\" content=\"summary_large_image\" \/>\n<meta name=\"twitter:label1\" content=\"Est. reading time\" \/>\n\t<meta name=\"twitter:data1\" content=\"2 minutes\" \/>\n<script type=\"application\/ld+json\" class=\"yoast-schema-graph\">{\"@context\":\"https:\\\/\\\/schema.org\",\"@graph\":[{\"@type\":\"WebPage\",\"@id\":\"https:\\\/\\\/gralmedical.com\\\/en\\\/produkt\\\/0302-suport-per-brrylin-elastik-2\\\/\",\"url\":\"https:\\\/\\\/gralmedical.com\\\/en\\\/produkt\\\/0302-suport-per-brrylin-elastik-2\\\/\",\"name\":\"0302 Suport per brrylin elastik - GralMedical\",\"isPartOf\":{\"@id\":\"https:\\\/\\\/gralmedical.com\\\/en\\\/#website\"},\"primaryImageOfPage\":{\"@id\":\"https:\\\/\\\/gralmedical.com\\\/en\\\/produkt\\\/0302-suport-per-brrylin-elastik-2\\\/#primaryimage\"},\"image\":{\"@id\":\"https:\\\/\\\/gralmedical.com\\\/en\\\/produkt\\\/0302-suport-per-brrylin-elastik-2\\\/#primaryimage\"},\"thumbnailUrl\":\"https:\\\/\\\/gralmedical.com\\\/wp-content\\\/uploads\\\/2026\\\/05\\\/0302-elbow_compression_sleeve_grey_top.png\",\"datePublished\":\"2026-05-11T13:16:56+00:00\",\"dateModified\":\"2026-05-11T13:29:25+00:00\",\"description\":\"Suport elastik p\u00ebr b\u00ebrrylin, i projektuar p\u00ebr t\u00eb ofruar kompresion t\u00eb moderuar dhe stabilitet p\u00ebr nyj\u00ebn e b\u00ebrrylit. I rehatsh\u00ebm dhe i p\u00ebrshtatsh\u00ebm p\u00ebr p\u00ebrdorim t\u00eb p\u00ebrditsh\u00ebm dhe sportiv.\",\"breadcrumb\":{\"@id\":\"https:\\\/\\\/gralmedical.com\\\/en\\\/produkt\\\/0302-suport-per-brrylin-elastik-2\\\/#breadcrumb\"},\"inLanguage\":\"en-US\",\"potentialAction\":[{\"@type\":\"ReadAction\",\"target\":[\"https:\\\/\\\/gralmedical.com\\\/en\\\/produkt\\\/0302-suport-per-brrylin-elastik-2\\\/\"]}]},{\"@type\":\"ImageObject\",\"inLanguage\":\"en-US\",\"@id\":\"https:\\\/\\\/gralmedical.com\\\/en\\\/produkt\\\/0302-suport-per-brrylin-elastik-2\\\/#primaryimage\",\"url\":\"https:\\\/\\\/gralmedical.com\\\/wp-content\\\/uploads\\\/2026\\\/05\\\/0302-elbow_compression_sleeve_grey_top.png\",\"contentUrl\":\"https:\\\/\\\/gralmedical.com\\\/wp-content\\\/uploads\\\/2026\\\/05\\\/0302-elbow_compression_sleeve_grey_top.png\",\"width\":1024,\"height\":1024},{\"@type\":\"BreadcrumbList\",\"@id\":\"https:\\\/\\\/gralmedical.com\\\/en\\\/produkt\\\/0302-suport-per-brrylin-elastik-2\\\/#breadcrumb\",\"itemListElement\":[{\"@type\":\"ListItem\",\"position\":1,\"name\":\"Home\",\"item\":\"https:\\\/\\\/gralmedical.com\\\/en\\\/\"},{\"@type\":\"ListItem\",\"position\":2,\"name\":\"Produktet\",\"item\":\"https:\\\/\\\/gralmedical.com\\\/sq\\\/produktet\\\/\"},{\"@type\":\"ListItem\",\"position\":3,\"name\":\"0302 Suport per brrylin elastik\"}]},{\"@type\":\"WebSite\",\"@id\":\"https:\\\/\\\/gralmedical.com\\\/en\\\/#website\",\"url\":\"https:\\\/\\\/gralmedical.com\\\/en\\\/\",\"name\":\"GralMedical\",\"description\":\"Laboratory equipment &amp; medical apparatus\",\"publisher\":{\"@id\":\"https:\\\/\\\/gralmedical.com\\\/en\\\/#organization\"},\"potentialAction\":[{\"@type\":\"SearchAction\",\"target\":{\"@type\":\"EntryPoint\",\"urlTemplate\":\"https:\\\/\\\/gralmedical.com\\\/en\\\/?s={search_term_string}\"},\"query-input\":{\"@type\":\"PropertyValueSpecification\",\"valueRequired\":true,\"valueName\":\"search_term_string\"}}],\"inLanguage\":\"en-US\"},{\"@type\":\"Organization\",\"@id\":\"https:\\\/\\\/gralmedical.com\\\/en\\\/#organization\",\"name\":\"Gralmedical\",\"url\":\"https:\\\/\\\/gralmedical.com\\\/en\\\/\",\"logo\":{\"@type\":\"ImageObject\",\"inLanguage\":\"en-US\",\"@id\":\"https:\\\/\\\/gralmedical.com\\\/en\\\/#\\\/schema\\\/logo\\\/image\\\/\",\"url\":\"https:\\\/\\\/gralmedical.com\\\/wp-content\\\/uploads\\\/2022\\\/04\\\/logo.png\",\"contentUrl\":\"https:\\\/\\\/gralmedical.com\\\/wp-content\\\/uploads\\\/2022\\\/04\\\/logo.png\",\"width\":491,\"height\":132,\"caption\":\"Gralmedical\"},\"image\":{\"@id\":\"https:\\\/\\\/gralmedical.com\\\/en\\\/#\\\/schema\\\/logo\\\/image\\\/\"},\"sameAs\":[\"https:\\\/\\\/www.facebook.com\\\/Gralmedical\"]}]}<\/script>\n<!-- \/ Yoast SEO plugin. -->","yoast_head_json":{"title":"0302 Suport per brrylin elastik - GralMedical","description":"Suport elastik p\u00ebr b\u00ebrrylin, i projektuar p\u00ebr t\u00eb ofruar kompresion t\u00eb moderuar dhe stabilitet p\u00ebr nyj\u00ebn e b\u00ebrrylit. I rehatsh\u00ebm dhe i p\u00ebrshtatsh\u00ebm p\u00ebr p\u00ebrdorim t\u00eb p\u00ebrditsh\u00ebm dhe sportiv.","robots":{"index":"index","follow":"follow","max-snippet":"max-snippet:-1","max-image-preview":"max-image-preview:large","max-video-preview":"max-video-preview:-1"},"canonical":"https:\/\/gralmedical.com\/en\/produkt\/0302-suport-per-brrylin-elastik-2\/","og_locale":"en_US","og_type":"article","og_title":"0302 Suport per brrylin elastik - GralMedical","og_description":"Suport elastik p\u00ebr b\u00ebrrylin, i projektuar p\u00ebr t\u00eb ofruar kompresion t\u00eb moderuar dhe stabilitet p\u00ebr nyj\u00ebn e b\u00ebrrylit. I rehatsh\u00ebm dhe i p\u00ebrshtatsh\u00ebm p\u00ebr p\u00ebrdorim t\u00eb p\u00ebrditsh\u00ebm dhe sportiv.","og_url":"https:\/\/gralmedical.com\/en\/produkt\/0302-suport-per-brrylin-elastik-2\/","og_site_name":"GralMedical","article_publisher":"https:\/\/www.facebook.com\/Gralmedical","article_modified_time":"2026-05-11T13:29:25+00:00","og_image":[{"width":1024,"height":1024,"url":"https:\/\/gralmedical.com\/wp-content\/uploads\/2026\/05\/0302-elbow_compression_sleeve_grey_top.png","type":"image\/png"}],"twitter_card":"summary_large_image","twitter_misc":{"Est. reading time":"2 minutes"},"schema":{"@context":"https:\/\/schema.org","@graph":[{"@type":"WebPage","@id":"https:\/\/gralmedical.com\/en\/produkt\/0302-suport-per-brrylin-elastik-2\/","url":"https:\/\/gralmedical.com\/en\/produkt\/0302-suport-per-brrylin-elastik-2\/","name":"0302 Suport per brrylin elastik - GralMedical","isPartOf":{"@id":"https:\/\/gralmedical.com\/en\/#website"},"primaryImageOfPage":{"@id":"https:\/\/gralmedical.com\/en\/produkt\/0302-suport-per-brrylin-elastik-2\/#primaryimage"},"image":{"@id":"https:\/\/gralmedical.com\/en\/produkt\/0302-suport-per-brrylin-elastik-2\/#primaryimage"},"thumbnailUrl":"https:\/\/gralmedical.com\/wp-content\/uploads\/2026\/05\/0302-elbow_compression_sleeve_grey_top.png","datePublished":"2026-05-11T13:16:56+00:00","dateModified":"2026-05-11T13:29:25+00:00","description":"Suport elastik p\u00ebr b\u00ebrrylin, i projektuar p\u00ebr t\u00eb ofruar kompresion t\u00eb moderuar dhe stabilitet p\u00ebr nyj\u00ebn e b\u00ebrrylit. I rehatsh\u00ebm dhe i p\u00ebrshtatsh\u00ebm p\u00ebr p\u00ebrdorim t\u00eb p\u00ebrditsh\u00ebm dhe sportiv.","breadcrumb":{"@id":"https:\/\/gralmedical.com\/en\/produkt\/0302-suport-per-brrylin-elastik-2\/#breadcrumb"},"inLanguage":"en-US","potentialAction":[{"@type":"ReadAction","target":["https:\/\/gralmedical.com\/en\/produkt\/0302-suport-per-brrylin-elastik-2\/"]}]},{"@type":"ImageObject","inLanguage":"en-US","@id":"https:\/\/gralmedical.com\/en\/produkt\/0302-suport-per-brrylin-elastik-2\/#primaryimage","url":"https:\/\/gralmedical.com\/wp-content\/uploads\/2026\/05\/0302-elbow_compression_sleeve_grey_top.png","contentUrl":"https:\/\/gralmedical.com\/wp-content\/uploads\/2026\/05\/0302-elbow_compression_sleeve_grey_top.png","width":1024,"height":1024},{"@type":"BreadcrumbList","@id":"https:\/\/gralmedical.com\/en\/produkt\/0302-suport-per-brrylin-elastik-2\/#breadcrumb","itemListElement":[{"@type":"ListItem","position":1,"name":"Home","item":"https:\/\/gralmedical.com\/en\/"},{"@type":"ListItem","position":2,"name":"Produktet","item":"https:\/\/gralmedical.com\/sq\/produktet\/"},{"@type":"ListItem","position":3,"name":"0302 Suport per brrylin elastik"}]},{"@type":"WebSite","@id":"https:\/\/gralmedical.com\/en\/#website","url":"https:\/\/gralmedical.com\/en\/","name":"GralMedical","description":"Laboratory equipment &amp; medical apparatus","publisher":{"@id":"https:\/\/gralmedical.com\/en\/#organization"},"potentialAction":[{"@type":"SearchAction","target":{"@type":"EntryPoint","urlTemplate":"https:\/\/gralmedical.com\/en\/?s={search_term_string}"},"query-input":{"@type":"PropertyValueSpecification","valueRequired":true,"valueName":"search_term_string"}}],"inLanguage":"en-US"},{"@type":"Organization","@id":"https:\/\/gralmedical.com\/en\/#organization","name":"Gralmedical","url":"https:\/\/gralmedical.com\/en\/","logo":{"@type":"ImageObject","inLanguage":"en-US","@id":"https:\/\/gralmedical.com\/en\/#\/schema\/logo\/image\/","url":"https:\/\/gralmedical.com\/wp-content\/uploads\/2022\/04\/logo.png","contentUrl":"https:\/\/gralmedical.com\/wp-content\/uploads\/2022\/04\/logo.png","width":491,"height":132,"caption":"Gralmedical"},"image":{"@id":"https:\/\/gralmedical.com\/en\/#\/schema\/logo\/image\/"},"sameAs":["https:\/\/www.facebook.com\/Gralmedical"]}]}},"_links":{"self":[{"href":"https:\/\/gralmedical.com\/en\/wp-json\/wp\/v2\/product\/3202","targetHints":{"allow":["GET"]}}],"collection":[{"href":"https:\/\/gralmedical.com\/en\/wp-json\/wp\/v2\/product"}],"about":[{"href":"https:\/\/gralmedical.com\/en\/wp-json\/wp\/v2\/types\/product"}],"wp:featuredmedia":[{"embeddable":true,"href":"https:\/\/gralmedical.com\/en\/wp-json\/wp\/v2\/media\/3203"}],"wp:attachment":[{"href":"https:\/\/gralmedical.com\/en\/wp-json\/wp\/v2\/media?parent=3202"}],"wp:term":[{"taxonomy":"product_brand","embeddable":true,"href":"https:\/\/gralmedical.com\/en\/wp-json\/wp\/v2\/product_brand?post=3202"},{"taxonomy":"product_cat","embeddable":true,"href":"https:\/\/gralmedical.com\/en\/wp-json\/wp\/v2\/product_cat?post=3202"},{"taxonomy":"product_tag","embeddable":true,"href":"https:\/\/gralmedical.com\/en\/wp-json\/wp\/v2\/product_tag?post=3202"}],"curies":[{"name":"wp","href":"https:\/\/api.w.org\/{rel}","templated":true}]}}