{"id":3188,"date":"2026-05-07T15:10:01","date_gmt":"2026-05-07T13:10:01","guid":{"rendered":"https:\/\/gralmedical.com\/?post_type=product&#038;p=3188"},"modified":"2026-05-07T15:12:56","modified_gmt":"2026-05-07T13:12:56","slug":"0616-suport-per-kycin-e-dores-dhe-parakrahun-me-shufra-e-shkurter-2","status":"publish","type":"product","link":"https:\/\/gralmedical.com\/en\/produkt\/0616-suport-per-kycin-e-dores-dhe-parakrahun-me-shufra-e-shkurter-2\/","title":{"rendered":"0616 Suport p\u00ebr ky\u00e7in e dor\u00ebs dhe parakrahun me shufra (e shkurt\u00ebr)"},"content":{"rendered":"<p data-start=\"265\" data-end=\"596\">Suport p\u00ebr ky\u00e7in e dor\u00ebs dhe parakrahun me shufra (e shkurt\u00ebr), \u00ebsht\u00eb nj\u00eb pajisje ortopedike e projektuar p\u00ebr t\u00eb stabilizuar dhe imobilizuar si ky\u00e7in e dor\u00ebs ashtu edhe nyj\u00ebn e gishtit t\u00eb madh. Ajo ndihmon n\u00eb kufizimin e l\u00ebvizjeve t\u00eb pad\u00ebshiruara, duke favorizuar procesin e sh\u00ebrimit dhe reduktimin e dhimbjes.<\/p>\n<p data-start=\"598\" data-end=\"836\">Ky lloj suporti p\u00ebrdoret zakonisht p\u00ebr gjendje q\u00eb k\u00ebrkojn\u00eb kufizim t\u00eb l\u00ebvizjes s\u00eb ky\u00e7it dhe gishtit t\u00eb madh, si sindroma De Quervain, sindroma e tunelit karpal, d\u00ebmtime t\u00eb gishtit t\u00eb madh, artrit apo fraktura n\u00eb zon\u00ebn e ky\u00e7it dhe gishtit.<\/p>\n<p data-start=\"838\" data-end=\"1115\">Mbajt\u00ebsja \u00ebsht\u00eb e pajisur me rripa t\u00eb shumt\u00eb hook &amp; loop (Velcro), t\u00eb cil\u00ebt sigurojn\u00eb p\u00ebrshtatje t\u00eb personalizuar dhe kompresion t\u00eb rregulluesh\u00ebm. Shufrat e brendshme prej alumini ose plastike ndihmojn\u00eb n\u00eb mbajtjen e ky\u00e7it dhe gishtit n\u00eb pozicion neutral p\u00ebr rikuperim optimal.<\/p>\n<p data-start=\"1117\" data-end=\"1239\">Materialet e ajrosshme si neopreni ose sfungjeri i but\u00eb e b\u00ebjn\u00eb t\u00eb rehatshme p\u00ebr p\u00ebrdorim afatgjat\u00eb gjat\u00eb dit\u00ebs ose nat\u00ebs.<\/p>\n<table width=\"496\">\n<thead>\n<tr>\n<th><strong>Masa<\/strong><\/th>\n<th style=\"text-align: center\" align=\"right\"><strong>S<\/strong><\/th>\n<th style=\"text-align: center\" align=\"right\"><strong>M<\/strong><\/th>\n<th style=\"text-align: center\" align=\"right\"><strong>L<\/strong><\/th>\n<th style=\"text-align: center\" align=\"right\"><strong>XL<\/strong><\/th>\n<\/tr>\n<\/thead>\n<tbody>\n<tr>\n<td style=\"text-align: center\"><strong>Perimetri i kycit (cm)<\/strong><\/td>\n<td style=\"text-align: center\" align=\"right\">10-13<\/td>\n<td style=\"text-align: center\" align=\"right\">14-17<\/td>\n<td style=\"text-align: center\" align=\"right\">18-22<\/td>\n<td style=\"text-align: center\" align=\"right\">23-28<\/td>\n<\/tr>\n<\/tbody>\n<\/table>\n<p data-start=\"1241\" data-end=\"1270\"><strong data-start=\"1241\" data-end=\"1270\">Karakteristikat Kryesore:<\/strong><\/p>\n<ul data-start=\"1271\" data-end=\"1563\">\n<li data-section-id=\"216osn\" data-start=\"1271\" data-end=\"1318\">Stabilizon ky\u00e7in e dor\u00ebs dhe gishtin e madh<\/li>\n<li data-section-id=\"po66a0\" data-start=\"1319\" data-end=\"1382\">Rripa t\u00eb rregulluesh\u00ebm hook &amp; loop p\u00ebr p\u00ebrshtatje t\u00eb sigurt<\/li>\n<li data-section-id=\"1rxsjei\" data-start=\"1383\" data-end=\"1443\">Shufra t\u00eb brendshme rigide p\u00ebr mb\u00ebshtetje dhe imobilizim<\/li>\n<li data-section-id=\"xflcx2\" data-start=\"1444\" data-end=\"1505\">Materiale t\u00eb ajrosshme dhe komode p\u00ebr p\u00ebrdorim t\u00eb zgjatur<\/li>\n<li data-section-id=\"13k4osl\" data-start=\"1506\" data-end=\"1563\">Ofron kompresion dhe ndihmon n\u00eb reduktimin e dhimbjes<\/li>\n<\/ul>\n<p data-start=\"1565\" data-end=\"1582\"><strong data-start=\"1565\" data-end=\"1582\">Indikacionet:<\/strong><\/p>\n<ul data-start=\"1583\" data-end=\"1825\">\n<li data-section-id=\"1p0e7t7\" data-start=\"1583\" data-end=\"1607\">Sindroma De Quervain<\/li>\n<li data-section-id=\"o7gnoy\" data-start=\"1608\" data-end=\"1637\">Sindroma e tunelit karpal<\/li>\n<li data-section-id=\"1xjk60k\" data-start=\"1638\" data-end=\"1709\">D\u00ebmtime t\u00eb gishtit t\u00eb madh (skier\u2019s thumb, trigger thumb, ndrydhje)<\/li>\n<li data-section-id=\"1e50ifr\" data-start=\"1710\" data-end=\"1765\">Artrit bazal i gishtit t\u00eb madh ose artrit reumatoid<\/li>\n<li data-section-id=\"u7as1n\" data-start=\"1766\" data-end=\"1825\">Fraktura t\u00eb skafoidit ose t\u00eb zon\u00ebs s\u00eb ky\u00e7it dhe gishtit<\/li>\n<\/ul>\n<p data-start=\"1827\" data-end=\"1927\" data-is-last-node=\"\" data-is-only-node=\"\"><strong data-start=\"1827\" data-end=\"1927\" data-is-last-node=\"\">Zgjidhje efektive p\u00ebr stabilizim, mbrojtje dhe rikuperim t\u00eb sigurt t\u00eb ky\u00e7it dhe gishtit t\u00eb madh.<\/strong><\/p>\n","protected":false},"excerpt":{"rendered":"<p>Suport p\u00ebr ky\u00e7in e dor\u00ebs dhe parakrahun me shufra (e shkurt\u00ebr), \u00ebsht\u00eb nj\u00eb pajisje ortopedike e projektuar p\u00ebr t\u00eb stabilizuar dhe imobilizuar si ky\u00e7in e dor\u00ebs ashtu edhe nyj\u00ebn e gishtit t\u00eb madh. Ajo ndihmon n\u00eb kufizimin e l\u00ebvizjeve t\u00eb pad\u00ebshiruara, duke favorizuar procesin e sh\u00ebrimit dhe reduktimin e dhimbjes. Ky lloj suporti p\u00ebrdoret zakonisht [&hellip;]<\/p>\n","protected":false},"featured_media":3173,"template":"","meta":{"inline_featured_image":false},"product_brand":[],"product_cat":[392],"product_tag":[],"class_list":{"0":"post-3188","1":"product","2":"type-product","3":"status-publish","4":"has-post-thumbnail","6":"product_cat-brryli-parakrahu-kyci-i-dores","8":"first","9":"instock","10":"shipping-taxable","11":"product-type-simple"},"yoast_head":"<!-- This site is optimized with the Yoast SEO plugin v27.5 - https:\/\/yoast.com\/product\/yoast-seo-wordpress\/ -->\n<title>0616 Suport p\u00ebr ky\u00e7in e dor\u00ebs dhe parakrahun me shufra (e shkurt\u00ebr) - GralMedical<\/title>\n<meta name=\"description\" content=\"E projektuar p\u00ebr stabilizim dhe imobilizim t\u00eb ky\u00e7it dhe gishtit t\u00eb madh. E rehatshme, e rregullueshme dhe e p\u00ebrshtatshme p\u00ebr p\u00ebrdorim afatgjat\u00eb.\" \/>\n<meta name=\"robots\" content=\"index, follow, max-snippet:-1, max-image-preview:large, max-video-preview:-1\" \/>\n<link rel=\"canonical\" href=\"https:\/\/gralmedical.com\/en\/produkt\/0616-suport-per-kycin-e-dores-dhe-parakrahun-me-shufra-e-shkurter-2\/\" \/>\n<meta property=\"og:locale\" content=\"en_US\" \/>\n<meta property=\"og:type\" content=\"article\" \/>\n<meta property=\"og:title\" content=\"0616 Suport p\u00ebr ky\u00e7in e dor\u00ebs dhe parakrahun me shufra (e shkurt\u00ebr) - GralMedical\" \/>\n<meta property=\"og:description\" content=\"E projektuar p\u00ebr stabilizim dhe imobilizim t\u00eb ky\u00e7it dhe gishtit t\u00eb madh. E rehatshme, e rregullueshme dhe e p\u00ebrshtatshme p\u00ebr p\u00ebrdorim afatgjat\u00eb.\" \/>\n<meta property=\"og:url\" content=\"https:\/\/gralmedical.com\/en\/produkt\/0616-suport-per-kycin-e-dores-dhe-parakrahun-me-shufra-e-shkurter-2\/\" \/>\n<meta property=\"og:site_name\" content=\"GralMedical\" \/>\n<meta property=\"article:publisher\" content=\"https:\/\/www.facebook.com\/Gralmedical\" \/>\n<meta property=\"article:modified_time\" content=\"2026-05-07T13:12:56+00:00\" \/>\n<meta property=\"og:image\" content=\"https:\/\/gralmedical.com\/wp-content\/uploads\/2026\/05\/0616-Gemini_Generated_Image_z8hfd0z8hfd0z8hf.png\" \/>\n\t<meta property=\"og:image:width\" content=\"1024\" \/>\n\t<meta property=\"og:image:height\" content=\"1024\" \/>\n\t<meta property=\"og:image:type\" content=\"image\/png\" \/>\n<meta name=\"twitter:card\" content=\"summary_large_image\" \/>\n<meta name=\"twitter:label1\" content=\"Est. reading time\" \/>\n\t<meta name=\"twitter:data1\" content=\"2 minutes\" \/>\n<script type=\"application\/ld+json\" class=\"yoast-schema-graph\">{\"@context\":\"https:\\\/\\\/schema.org\",\"@graph\":[{\"@type\":\"WebPage\",\"@id\":\"https:\\\/\\\/gralmedical.com\\\/en\\\/produkt\\\/0616-suport-per-kycin-e-dores-dhe-parakrahun-me-shufra-e-shkurter-2\\\/\",\"url\":\"https:\\\/\\\/gralmedical.com\\\/en\\\/produkt\\\/0616-suport-per-kycin-e-dores-dhe-parakrahun-me-shufra-e-shkurter-2\\\/\",\"name\":\"0616 Suport p\u00ebr ky\u00e7in e dor\u00ebs dhe parakrahun me shufra (e shkurt\u00ebr) - GralMedical\",\"isPartOf\":{\"@id\":\"https:\\\/\\\/gralmedical.com\\\/en\\\/#website\"},\"primaryImageOfPage\":{\"@id\":\"https:\\\/\\\/gralmedical.com\\\/en\\\/produkt\\\/0616-suport-per-kycin-e-dores-dhe-parakrahun-me-shufra-e-shkurter-2\\\/#primaryimage\"},\"image\":{\"@id\":\"https:\\\/\\\/gralmedical.com\\\/en\\\/produkt\\\/0616-suport-per-kycin-e-dores-dhe-parakrahun-me-shufra-e-shkurter-2\\\/#primaryimage\"},\"thumbnailUrl\":\"https:\\\/\\\/gralmedical.com\\\/wp-content\\\/uploads\\\/2026\\\/05\\\/0616-Gemini_Generated_Image_z8hfd0z8hfd0z8hf.png\",\"datePublished\":\"2026-05-07T13:10:01+00:00\",\"dateModified\":\"2026-05-07T13:12:56+00:00\",\"description\":\"E projektuar p\u00ebr stabilizim dhe imobilizim t\u00eb ky\u00e7it dhe gishtit t\u00eb madh. E rehatshme, e rregullueshme dhe e p\u00ebrshtatshme p\u00ebr p\u00ebrdorim afatgjat\u00eb.\",\"breadcrumb\":{\"@id\":\"https:\\\/\\\/gralmedical.com\\\/en\\\/produkt\\\/0616-suport-per-kycin-e-dores-dhe-parakrahun-me-shufra-e-shkurter-2\\\/#breadcrumb\"},\"inLanguage\":\"en-US\",\"potentialAction\":[{\"@type\":\"ReadAction\",\"target\":[\"https:\\\/\\\/gralmedical.com\\\/en\\\/produkt\\\/0616-suport-per-kycin-e-dores-dhe-parakrahun-me-shufra-e-shkurter-2\\\/\"]}]},{\"@type\":\"ImageObject\",\"inLanguage\":\"en-US\",\"@id\":\"https:\\\/\\\/gralmedical.com\\\/en\\\/produkt\\\/0616-suport-per-kycin-e-dores-dhe-parakrahun-me-shufra-e-shkurter-2\\\/#primaryimage\",\"url\":\"https:\\\/\\\/gralmedical.com\\\/wp-content\\\/uploads\\\/2026\\\/05\\\/0616-Gemini_Generated_Image_z8hfd0z8hfd0z8hf.png\",\"contentUrl\":\"https:\\\/\\\/gralmedical.com\\\/wp-content\\\/uploads\\\/2026\\\/05\\\/0616-Gemini_Generated_Image_z8hfd0z8hfd0z8hf.png\",\"width\":1024,\"height\":1024},{\"@type\":\"BreadcrumbList\",\"@id\":\"https:\\\/\\\/gralmedical.com\\\/en\\\/produkt\\\/0616-suport-per-kycin-e-dores-dhe-parakrahun-me-shufra-e-shkurter-2\\\/#breadcrumb\",\"itemListElement\":[{\"@type\":\"ListItem\",\"position\":1,\"name\":\"Home\",\"item\":\"https:\\\/\\\/gralmedical.com\\\/en\\\/\"},{\"@type\":\"ListItem\",\"position\":2,\"name\":\"Produktet\",\"item\":\"https:\\\/\\\/gralmedical.com\\\/sq\\\/produktet\\\/\"},{\"@type\":\"ListItem\",\"position\":3,\"name\":\"0616 Suport p\u00ebr ky\u00e7in e dor\u00ebs dhe parakrahun me shufra (e shkurt\u00ebr)\"}]},{\"@type\":\"WebSite\",\"@id\":\"https:\\\/\\\/gralmedical.com\\\/en\\\/#website\",\"url\":\"https:\\\/\\\/gralmedical.com\\\/en\\\/\",\"name\":\"GralMedical\",\"description\":\"Laboratory equipment &amp; medical apparatus\",\"publisher\":{\"@id\":\"https:\\\/\\\/gralmedical.com\\\/en\\\/#organization\"},\"potentialAction\":[{\"@type\":\"SearchAction\",\"target\":{\"@type\":\"EntryPoint\",\"urlTemplate\":\"https:\\\/\\\/gralmedical.com\\\/en\\\/?s={search_term_string}\"},\"query-input\":{\"@type\":\"PropertyValueSpecification\",\"valueRequired\":true,\"valueName\":\"search_term_string\"}}],\"inLanguage\":\"en-US\"},{\"@type\":\"Organization\",\"@id\":\"https:\\\/\\\/gralmedical.com\\\/en\\\/#organization\",\"name\":\"Gralmedical\",\"url\":\"https:\\\/\\\/gralmedical.com\\\/en\\\/\",\"logo\":{\"@type\":\"ImageObject\",\"inLanguage\":\"en-US\",\"@id\":\"https:\\\/\\\/gralmedical.com\\\/en\\\/#\\\/schema\\\/logo\\\/image\\\/\",\"url\":\"https:\\\/\\\/gralmedical.com\\\/wp-content\\\/uploads\\\/2022\\\/04\\\/logo.png\",\"contentUrl\":\"https:\\\/\\\/gralmedical.com\\\/wp-content\\\/uploads\\\/2022\\\/04\\\/logo.png\",\"width\":491,\"height\":132,\"caption\":\"Gralmedical\"},\"image\":{\"@id\":\"https:\\\/\\\/gralmedical.com\\\/en\\\/#\\\/schema\\\/logo\\\/image\\\/\"},\"sameAs\":[\"https:\\\/\\\/www.facebook.com\\\/Gralmedical\"]}]}<\/script>\n<!-- \/ Yoast SEO plugin. -->","yoast_head_json":{"title":"0616 Suport p\u00ebr ky\u00e7in e dor\u00ebs dhe parakrahun me shufra (e shkurt\u00ebr) - GralMedical","description":"E projektuar p\u00ebr stabilizim dhe imobilizim t\u00eb ky\u00e7it dhe gishtit t\u00eb madh. E rehatshme, e rregullueshme dhe e p\u00ebrshtatshme p\u00ebr p\u00ebrdorim afatgjat\u00eb.","robots":{"index":"index","follow":"follow","max-snippet":"max-snippet:-1","max-image-preview":"max-image-preview:large","max-video-preview":"max-video-preview:-1"},"canonical":"https:\/\/gralmedical.com\/en\/produkt\/0616-suport-per-kycin-e-dores-dhe-parakrahun-me-shufra-e-shkurter-2\/","og_locale":"en_US","og_type":"article","og_title":"0616 Suport p\u00ebr ky\u00e7in e dor\u00ebs dhe parakrahun me shufra (e shkurt\u00ebr) - GralMedical","og_description":"E projektuar p\u00ebr stabilizim dhe imobilizim t\u00eb ky\u00e7it dhe gishtit t\u00eb madh. E rehatshme, e rregullueshme dhe e p\u00ebrshtatshme p\u00ebr p\u00ebrdorim afatgjat\u00eb.","og_url":"https:\/\/gralmedical.com\/en\/produkt\/0616-suport-per-kycin-e-dores-dhe-parakrahun-me-shufra-e-shkurter-2\/","og_site_name":"GralMedical","article_publisher":"https:\/\/www.facebook.com\/Gralmedical","article_modified_time":"2026-05-07T13:12:56+00:00","og_image":[{"width":1024,"height":1024,"url":"https:\/\/gralmedical.com\/wp-content\/uploads\/2026\/05\/0616-Gemini_Generated_Image_z8hfd0z8hfd0z8hf.png","type":"image\/png"}],"twitter_card":"summary_large_image","twitter_misc":{"Est. reading time":"2 minutes"},"schema":{"@context":"https:\/\/schema.org","@graph":[{"@type":"WebPage","@id":"https:\/\/gralmedical.com\/en\/produkt\/0616-suport-per-kycin-e-dores-dhe-parakrahun-me-shufra-e-shkurter-2\/","url":"https:\/\/gralmedical.com\/en\/produkt\/0616-suport-per-kycin-e-dores-dhe-parakrahun-me-shufra-e-shkurter-2\/","name":"0616 Suport p\u00ebr ky\u00e7in e dor\u00ebs dhe parakrahun me shufra (e shkurt\u00ebr) - GralMedical","isPartOf":{"@id":"https:\/\/gralmedical.com\/en\/#website"},"primaryImageOfPage":{"@id":"https:\/\/gralmedical.com\/en\/produkt\/0616-suport-per-kycin-e-dores-dhe-parakrahun-me-shufra-e-shkurter-2\/#primaryimage"},"image":{"@id":"https:\/\/gralmedical.com\/en\/produkt\/0616-suport-per-kycin-e-dores-dhe-parakrahun-me-shufra-e-shkurter-2\/#primaryimage"},"thumbnailUrl":"https:\/\/gralmedical.com\/wp-content\/uploads\/2026\/05\/0616-Gemini_Generated_Image_z8hfd0z8hfd0z8hf.png","datePublished":"2026-05-07T13:10:01+00:00","dateModified":"2026-05-07T13:12:56+00:00","description":"E projektuar p\u00ebr stabilizim dhe imobilizim t\u00eb ky\u00e7it dhe gishtit t\u00eb madh. E rehatshme, e rregullueshme dhe e p\u00ebrshtatshme p\u00ebr p\u00ebrdorim afatgjat\u00eb.","breadcrumb":{"@id":"https:\/\/gralmedical.com\/en\/produkt\/0616-suport-per-kycin-e-dores-dhe-parakrahun-me-shufra-e-shkurter-2\/#breadcrumb"},"inLanguage":"en-US","potentialAction":[{"@type":"ReadAction","target":["https:\/\/gralmedical.com\/en\/produkt\/0616-suport-per-kycin-e-dores-dhe-parakrahun-me-shufra-e-shkurter-2\/"]}]},{"@type":"ImageObject","inLanguage":"en-US","@id":"https:\/\/gralmedical.com\/en\/produkt\/0616-suport-per-kycin-e-dores-dhe-parakrahun-me-shufra-e-shkurter-2\/#primaryimage","url":"https:\/\/gralmedical.com\/wp-content\/uploads\/2026\/05\/0616-Gemini_Generated_Image_z8hfd0z8hfd0z8hf.png","contentUrl":"https:\/\/gralmedical.com\/wp-content\/uploads\/2026\/05\/0616-Gemini_Generated_Image_z8hfd0z8hfd0z8hf.png","width":1024,"height":1024},{"@type":"BreadcrumbList","@id":"https:\/\/gralmedical.com\/en\/produkt\/0616-suport-per-kycin-e-dores-dhe-parakrahun-me-shufra-e-shkurter-2\/#breadcrumb","itemListElement":[{"@type":"ListItem","position":1,"name":"Home","item":"https:\/\/gralmedical.com\/en\/"},{"@type":"ListItem","position":2,"name":"Produktet","item":"https:\/\/gralmedical.com\/sq\/produktet\/"},{"@type":"ListItem","position":3,"name":"0616 Suport p\u00ebr ky\u00e7in e dor\u00ebs dhe parakrahun me shufra (e shkurt\u00ebr)"}]},{"@type":"WebSite","@id":"https:\/\/gralmedical.com\/en\/#website","url":"https:\/\/gralmedical.com\/en\/","name":"GralMedical","description":"Laboratory equipment &amp; medical apparatus","publisher":{"@id":"https:\/\/gralmedical.com\/en\/#organization"},"potentialAction":[{"@type":"SearchAction","target":{"@type":"EntryPoint","urlTemplate":"https:\/\/gralmedical.com\/en\/?s={search_term_string}"},"query-input":{"@type":"PropertyValueSpecification","valueRequired":true,"valueName":"search_term_string"}}],"inLanguage":"en-US"},{"@type":"Organization","@id":"https:\/\/gralmedical.com\/en\/#organization","name":"Gralmedical","url":"https:\/\/gralmedical.com\/en\/","logo":{"@type":"ImageObject","inLanguage":"en-US","@id":"https:\/\/gralmedical.com\/en\/#\/schema\/logo\/image\/","url":"https:\/\/gralmedical.com\/wp-content\/uploads\/2022\/04\/logo.png","contentUrl":"https:\/\/gralmedical.com\/wp-content\/uploads\/2022\/04\/logo.png","width":491,"height":132,"caption":"Gralmedical"},"image":{"@id":"https:\/\/gralmedical.com\/en\/#\/schema\/logo\/image\/"},"sameAs":["https:\/\/www.facebook.com\/Gralmedical"]}]}},"_links":{"self":[{"href":"https:\/\/gralmedical.com\/en\/wp-json\/wp\/v2\/product\/3188","targetHints":{"allow":["GET"]}}],"collection":[{"href":"https:\/\/gralmedical.com\/en\/wp-json\/wp\/v2\/product"}],"about":[{"href":"https:\/\/gralmedical.com\/en\/wp-json\/wp\/v2\/types\/product"}],"wp:featuredmedia":[{"embeddable":true,"href":"https:\/\/gralmedical.com\/en\/wp-json\/wp\/v2\/media\/3173"}],"wp:attachment":[{"href":"https:\/\/gralmedical.com\/en\/wp-json\/wp\/v2\/media?parent=3188"}],"wp:term":[{"taxonomy":"product_brand","embeddable":true,"href":"https:\/\/gralmedical.com\/en\/wp-json\/wp\/v2\/product_brand?post=3188"},{"taxonomy":"product_cat","embeddable":true,"href":"https:\/\/gralmedical.com\/en\/wp-json\/wp\/v2\/product_cat?post=3188"},{"taxonomy":"product_tag","embeddable":true,"href":"https:\/\/gralmedical.com\/en\/wp-json\/wp\/v2\/product_tag?post=3188"}],"curies":[{"name":"wp","href":"https:\/\/api.w.org\/{rel}","templated":true}]}}