{"id":3149,"date":"2026-05-05T15:36:32","date_gmt":"2026-05-05T13:36:32","guid":{"rendered":"https:\/\/gralmedical.com\/?post_type=product&#038;p=3149"},"modified":"2026-05-05T15:53:47","modified_gmt":"2026-05-05T13:53:47","slug":"0650-suport-elastik-per-kycin-e-dores-dhe-parakrahun-2","status":"publish","type":"product","link":"https:\/\/gralmedical.com\/en\/produkt\/0650-suport-elastik-per-kycin-e-dores-dhe-parakrahun-2\/","title":{"rendered":"0650 Suport elastik p\u00ebr ky\u00e7in e dor\u00ebs dhe parakrahun"},"content":{"rendered":"<p data-start=\"192\" data-end=\"552\">Suporti elastik p\u00ebr ky\u00e7in e dor\u00ebs dhe parakrahun \u00ebsht\u00eb nj\u00eb mb\u00ebshtet\u00ebse e projektuar p\u00ebr t\u00eb ofruar kompresion dhe stabilizim efektiv n\u00eb rast d\u00ebmtimesh t\u00eb lehta ose p\u00ebr p\u00ebrdorim parandalues gjat\u00eb aktiviteteve t\u00eb p\u00ebrditshme. Struktura elastike siguron p\u00ebrshtatje t\u00eb mir\u00eb dhe rehati, duke ndihmuar n\u00eb mbrojtjen nga d\u00ebmtime t\u00eb vogla, tendosje dhe fraktura t\u00eb lehta.<\/p>\n<p data-start=\"554\" data-end=\"806\">Ky suport ndihmon n\u00eb stabilizimin e ky\u00e7it t\u00eb dor\u00ebs dhe parakrahut, duke ruajtur pozicionin korrekt t\u00eb nyjeve dhe duke lejuar nj\u00ebkoh\u00ebsisht l\u00ebvizje funksionale. \u00cbsht\u00eb ideal p\u00ebr p\u00ebrdorim gjat\u00eb sportit, pun\u00ebs apo aktiviteteve q\u00eb k\u00ebrkojn\u00eb mb\u00ebshtetje shtes\u00eb.<\/p>\n<p data-start=\"808\" data-end=\"927\">Materiali elastik dhe i ajrossh\u00ebm e b\u00ebn t\u00eb p\u00ebrshtatsh\u00ebm p\u00ebr p\u00ebrdorim t\u00eb zgjatur, duke ofruar rehati gjat\u00eb gjith\u00eb dit\u00ebs.<\/p>\n<table style=\"height: 56px\" width=\"496\">\n<thead>\n<tr>\n<th><strong>Masa<\/strong><\/th>\n<th style=\"text-align: center\" align=\"right\"><strong>S<\/strong><\/th>\n<th style=\"text-align: center\" align=\"right\"><strong>M<\/strong><\/th>\n<th style=\"text-align: center\" align=\"right\"><strong>L<\/strong><\/th>\n<th style=\"text-align: center\" align=\"right\"><strong>XL<\/strong><\/th>\n<\/tr>\n<\/thead>\n<tbody>\n<tr>\n<td style=\"text-align: center\"><strong>Perimetri i kycit (cm)<\/strong><\/td>\n<td style=\"text-align: center\" align=\"right\">10-13<\/td>\n<td style=\"text-align: center\" align=\"right\">14-17<\/td>\n<td style=\"text-align: center\" align=\"right\">18-22<\/td>\n<td style=\"text-align: center\" align=\"right\">23-28<\/td>\n<\/tr>\n<\/tbody>\n<\/table>\n<p data-start=\"929\" data-end=\"958\"><strong data-start=\"929\" data-end=\"958\">Karakteristikat Kryesore:<\/strong><\/p>\n<ul data-start=\"959\" data-end=\"1207\">\n<li data-section-id=\"qh7azo\" data-start=\"959\" data-end=\"1027\">Ofron kompresion dhe mb\u00ebshtetje p\u00ebr ky\u00e7in e dor\u00ebs dhe parakrahun<\/li>\n<li data-section-id=\"1dqdn06\" data-start=\"1028\" data-end=\"1083\">Material elastik p\u00ebr p\u00ebrshtatje dhe rehati optimale<\/li>\n<li data-section-id=\"121t0b\" data-start=\"1084\" data-end=\"1149\">Ndihmon n\u00eb stabilizimin e nyjeve dhe parandalimin e d\u00ebmtimeve<\/li>\n<li data-section-id=\"1gtiuim\" data-start=\"1150\" data-end=\"1207\">I leht\u00eb dhe i p\u00ebrshtatsh\u00ebm p\u00ebr p\u00ebrdorim t\u00eb p\u00ebrditsh\u00ebm<\/li>\n<\/ul>\n<p data-start=\"1209\" data-end=\"1226\"><strong data-start=\"1209\" data-end=\"1226\">Indikacionet:<\/strong><\/p>\n<ul data-start=\"1227\" data-end=\"1333\">\n<li data-section-id=\"eytovx\" data-start=\"1227\" data-end=\"1265\">D\u00ebmtime t\u00eb lehta t\u00eb ky\u00e7it t\u00eb dor\u00ebs<\/li>\n<li data-section-id=\"9onsd3\" data-start=\"1266\" data-end=\"1333\">Parandalim dhe mb\u00ebshtetje gjat\u00eb aktiviteteve sportive dhe pun\u00ebs<\/li>\n<\/ul>\n<p data-start=\"1335\" data-end=\"1431\" data-is-last-node=\"\" data-is-only-node=\"\"><strong data-start=\"1335\" data-end=\"1431\" data-is-last-node=\"\">Zgjidhje praktike p\u00ebr mb\u00ebshtetje, mbrojtje dhe rehati t\u00eb p\u00ebrditshme t\u00eb ky\u00e7it dhe parakrahut.<\/strong><\/p>\n","protected":false},"excerpt":{"rendered":"<p>Suporti elastik p\u00ebr ky\u00e7in e dor\u00ebs dhe parakrahun \u00ebsht\u00eb nj\u00eb mb\u00ebshtet\u00ebse e projektuar p\u00ebr t\u00eb ofruar kompresion dhe stabilizim efektiv n\u00eb rast d\u00ebmtimesh t\u00eb lehta ose p\u00ebr p\u00ebrdorim parandalues gjat\u00eb aktiviteteve t\u00eb p\u00ebrditshme. Struktura elastike siguron p\u00ebrshtatje t\u00eb mir\u00eb dhe rehati, duke ndihmuar n\u00eb mbrojtjen nga d\u00ebmtime t\u00eb vogla, tendosje dhe fraktura t\u00eb lehta. Ky [&hellip;]<\/p>\n","protected":false},"featured_media":3150,"template":"","meta":{"inline_featured_image":false},"product_brand":[],"product_cat":[392],"product_tag":[],"class_list":{"0":"post-3149","1":"product","2":"type-product","3":"status-publish","4":"has-post-thumbnail","6":"product_cat-brryli-parakrahu-kyci-i-dores","8":"first","9":"instock","10":"shipping-taxable","11":"product-type-simple"},"yoast_head":"<!-- This site is optimized with the Yoast SEO plugin v27.5 - https:\/\/yoast.com\/product\/yoast-seo-wordpress\/ -->\n<title>0650 Suport elastik p\u00ebr ky\u00e7in e dor\u00ebs dhe parakrahun - GralMedical<\/title>\n<meta name=\"description\" content=\"Suport elastik p\u00ebr ky\u00e7in e dor\u00ebs dhe parakrahun, i projektuar p\u00ebr kompresion dhe stabilitet n\u00eb d\u00ebmtime t\u00eb lehta dhe p\u00ebrdorim t\u00eb p\u00ebrditsh\u00ebm.\" \/>\n<meta name=\"robots\" content=\"index, follow, max-snippet:-1, max-image-preview:large, max-video-preview:-1\" \/>\n<link rel=\"canonical\" href=\"https:\/\/gralmedical.com\/en\/produkt\/0650-suport-elastik-per-kycin-e-dores-dhe-parakrahun-2\/\" \/>\n<meta property=\"og:locale\" content=\"en_US\" \/>\n<meta property=\"og:type\" content=\"article\" \/>\n<meta property=\"og:title\" content=\"0650 Suport elastik p\u00ebr ky\u00e7in e dor\u00ebs dhe parakrahun - GralMedical\" \/>\n<meta property=\"og:description\" content=\"Suport elastik p\u00ebr ky\u00e7in e dor\u00ebs dhe parakrahun, i projektuar p\u00ebr kompresion dhe stabilitet n\u00eb d\u00ebmtime t\u00eb lehta dhe p\u00ebrdorim t\u00eb p\u00ebrditsh\u00ebm.\" \/>\n<meta property=\"og:url\" content=\"https:\/\/gralmedical.com\/en\/produkt\/0650-suport-elastik-per-kycin-e-dores-dhe-parakrahun-2\/\" \/>\n<meta property=\"og:site_name\" content=\"GralMedical\" \/>\n<meta property=\"article:publisher\" content=\"https:\/\/www.facebook.com\/Gralmedical\" \/>\n<meta property=\"article:modified_time\" content=\"2026-05-05T13:53:47+00:00\" \/>\n<meta property=\"og:image\" content=\"https:\/\/gralmedical.com\/wp-content\/uploads\/2026\/05\/0650-Gemini_Generated_Image_lw5hvplw5hvplw5h.png\" \/>\n\t<meta property=\"og:image:width\" content=\"992\" \/>\n\t<meta property=\"og:image:height\" content=\"1060\" \/>\n\t<meta property=\"og:image:type\" content=\"image\/png\" \/>\n<meta name=\"twitter:card\" content=\"summary_large_image\" \/>\n<meta name=\"twitter:label1\" content=\"Est. reading time\" \/>\n\t<meta name=\"twitter:data1\" content=\"2 minutes\" \/>\n<script type=\"application\/ld+json\" class=\"yoast-schema-graph\">{\"@context\":\"https:\\\/\\\/schema.org\",\"@graph\":[{\"@type\":\"WebPage\",\"@id\":\"https:\\\/\\\/gralmedical.com\\\/en\\\/produkt\\\/0650-suport-elastik-per-kycin-e-dores-dhe-parakrahun-2\\\/\",\"url\":\"https:\\\/\\\/gralmedical.com\\\/en\\\/produkt\\\/0650-suport-elastik-per-kycin-e-dores-dhe-parakrahun-2\\\/\",\"name\":\"0650 Suport elastik p\u00ebr ky\u00e7in e dor\u00ebs dhe parakrahun - GralMedical\",\"isPartOf\":{\"@id\":\"https:\\\/\\\/gralmedical.com\\\/en\\\/#website\"},\"primaryImageOfPage\":{\"@id\":\"https:\\\/\\\/gralmedical.com\\\/en\\\/produkt\\\/0650-suport-elastik-per-kycin-e-dores-dhe-parakrahun-2\\\/#primaryimage\"},\"image\":{\"@id\":\"https:\\\/\\\/gralmedical.com\\\/en\\\/produkt\\\/0650-suport-elastik-per-kycin-e-dores-dhe-parakrahun-2\\\/#primaryimage\"},\"thumbnailUrl\":\"https:\\\/\\\/gralmedical.com\\\/wp-content\\\/uploads\\\/2026\\\/05\\\/0650-Gemini_Generated_Image_lw5hvplw5hvplw5h.png\",\"datePublished\":\"2026-05-05T13:36:32+00:00\",\"dateModified\":\"2026-05-05T13:53:47+00:00\",\"description\":\"Suport elastik p\u00ebr ky\u00e7in e dor\u00ebs dhe parakrahun, i projektuar p\u00ebr kompresion dhe stabilitet n\u00eb d\u00ebmtime t\u00eb lehta dhe p\u00ebrdorim t\u00eb p\u00ebrditsh\u00ebm.\",\"breadcrumb\":{\"@id\":\"https:\\\/\\\/gralmedical.com\\\/en\\\/produkt\\\/0650-suport-elastik-per-kycin-e-dores-dhe-parakrahun-2\\\/#breadcrumb\"},\"inLanguage\":\"en-US\",\"potentialAction\":[{\"@type\":\"ReadAction\",\"target\":[\"https:\\\/\\\/gralmedical.com\\\/en\\\/produkt\\\/0650-suport-elastik-per-kycin-e-dores-dhe-parakrahun-2\\\/\"]}]},{\"@type\":\"ImageObject\",\"inLanguage\":\"en-US\",\"@id\":\"https:\\\/\\\/gralmedical.com\\\/en\\\/produkt\\\/0650-suport-elastik-per-kycin-e-dores-dhe-parakrahun-2\\\/#primaryimage\",\"url\":\"https:\\\/\\\/gralmedical.com\\\/wp-content\\\/uploads\\\/2026\\\/05\\\/0650-Gemini_Generated_Image_lw5hvplw5hvplw5h.png\",\"contentUrl\":\"https:\\\/\\\/gralmedical.com\\\/wp-content\\\/uploads\\\/2026\\\/05\\\/0650-Gemini_Generated_Image_lw5hvplw5hvplw5h.png\",\"width\":992,\"height\":1060},{\"@type\":\"BreadcrumbList\",\"@id\":\"https:\\\/\\\/gralmedical.com\\\/en\\\/produkt\\\/0650-suport-elastik-per-kycin-e-dores-dhe-parakrahun-2\\\/#breadcrumb\",\"itemListElement\":[{\"@type\":\"ListItem\",\"position\":1,\"name\":\"Home\",\"item\":\"https:\\\/\\\/gralmedical.com\\\/en\\\/\"},{\"@type\":\"ListItem\",\"position\":2,\"name\":\"Produktet\",\"item\":\"https:\\\/\\\/gralmedical.com\\\/sq\\\/produktet\\\/\"},{\"@type\":\"ListItem\",\"position\":3,\"name\":\"0650 Suport elastik p\u00ebr ky\u00e7in e dor\u00ebs dhe parakrahun\"}]},{\"@type\":\"WebSite\",\"@id\":\"https:\\\/\\\/gralmedical.com\\\/en\\\/#website\",\"url\":\"https:\\\/\\\/gralmedical.com\\\/en\\\/\",\"name\":\"GralMedical\",\"description\":\"Laboratory equipment &amp; medical apparatus\",\"publisher\":{\"@id\":\"https:\\\/\\\/gralmedical.com\\\/en\\\/#organization\"},\"potentialAction\":[{\"@type\":\"SearchAction\",\"target\":{\"@type\":\"EntryPoint\",\"urlTemplate\":\"https:\\\/\\\/gralmedical.com\\\/en\\\/?s={search_term_string}\"},\"query-input\":{\"@type\":\"PropertyValueSpecification\",\"valueRequired\":true,\"valueName\":\"search_term_string\"}}],\"inLanguage\":\"en-US\"},{\"@type\":\"Organization\",\"@id\":\"https:\\\/\\\/gralmedical.com\\\/en\\\/#organization\",\"name\":\"Gralmedical\",\"url\":\"https:\\\/\\\/gralmedical.com\\\/en\\\/\",\"logo\":{\"@type\":\"ImageObject\",\"inLanguage\":\"en-US\",\"@id\":\"https:\\\/\\\/gralmedical.com\\\/en\\\/#\\\/schema\\\/logo\\\/image\\\/\",\"url\":\"https:\\\/\\\/gralmedical.com\\\/wp-content\\\/uploads\\\/2022\\\/04\\\/logo.png\",\"contentUrl\":\"https:\\\/\\\/gralmedical.com\\\/wp-content\\\/uploads\\\/2022\\\/04\\\/logo.png\",\"width\":491,\"height\":132,\"caption\":\"Gralmedical\"},\"image\":{\"@id\":\"https:\\\/\\\/gralmedical.com\\\/en\\\/#\\\/schema\\\/logo\\\/image\\\/\"},\"sameAs\":[\"https:\\\/\\\/www.facebook.com\\\/Gralmedical\"]}]}<\/script>\n<!-- \/ Yoast SEO plugin. -->","yoast_head_json":{"title":"0650 Suport elastik p\u00ebr ky\u00e7in e dor\u00ebs dhe parakrahun - GralMedical","description":"Suport elastik p\u00ebr ky\u00e7in e dor\u00ebs dhe parakrahun, i projektuar p\u00ebr kompresion dhe stabilitet n\u00eb d\u00ebmtime t\u00eb lehta dhe p\u00ebrdorim t\u00eb p\u00ebrditsh\u00ebm.","robots":{"index":"index","follow":"follow","max-snippet":"max-snippet:-1","max-image-preview":"max-image-preview:large","max-video-preview":"max-video-preview:-1"},"canonical":"https:\/\/gralmedical.com\/en\/produkt\/0650-suport-elastik-per-kycin-e-dores-dhe-parakrahun-2\/","og_locale":"en_US","og_type":"article","og_title":"0650 Suport elastik p\u00ebr ky\u00e7in e dor\u00ebs dhe parakrahun - GralMedical","og_description":"Suport elastik p\u00ebr ky\u00e7in e dor\u00ebs dhe parakrahun, i projektuar p\u00ebr kompresion dhe stabilitet n\u00eb d\u00ebmtime t\u00eb lehta dhe p\u00ebrdorim t\u00eb p\u00ebrditsh\u00ebm.","og_url":"https:\/\/gralmedical.com\/en\/produkt\/0650-suport-elastik-per-kycin-e-dores-dhe-parakrahun-2\/","og_site_name":"GralMedical","article_publisher":"https:\/\/www.facebook.com\/Gralmedical","article_modified_time":"2026-05-05T13:53:47+00:00","og_image":[{"width":992,"height":1060,"url":"https:\/\/gralmedical.com\/wp-content\/uploads\/2026\/05\/0650-Gemini_Generated_Image_lw5hvplw5hvplw5h.png","type":"image\/png"}],"twitter_card":"summary_large_image","twitter_misc":{"Est. reading time":"2 minutes"},"schema":{"@context":"https:\/\/schema.org","@graph":[{"@type":"WebPage","@id":"https:\/\/gralmedical.com\/en\/produkt\/0650-suport-elastik-per-kycin-e-dores-dhe-parakrahun-2\/","url":"https:\/\/gralmedical.com\/en\/produkt\/0650-suport-elastik-per-kycin-e-dores-dhe-parakrahun-2\/","name":"0650 Suport elastik p\u00ebr ky\u00e7in e dor\u00ebs dhe parakrahun - GralMedical","isPartOf":{"@id":"https:\/\/gralmedical.com\/en\/#website"},"primaryImageOfPage":{"@id":"https:\/\/gralmedical.com\/en\/produkt\/0650-suport-elastik-per-kycin-e-dores-dhe-parakrahun-2\/#primaryimage"},"image":{"@id":"https:\/\/gralmedical.com\/en\/produkt\/0650-suport-elastik-per-kycin-e-dores-dhe-parakrahun-2\/#primaryimage"},"thumbnailUrl":"https:\/\/gralmedical.com\/wp-content\/uploads\/2026\/05\/0650-Gemini_Generated_Image_lw5hvplw5hvplw5h.png","datePublished":"2026-05-05T13:36:32+00:00","dateModified":"2026-05-05T13:53:47+00:00","description":"Suport elastik p\u00ebr ky\u00e7in e dor\u00ebs dhe parakrahun, i projektuar p\u00ebr kompresion dhe stabilitet n\u00eb d\u00ebmtime t\u00eb lehta dhe p\u00ebrdorim t\u00eb p\u00ebrditsh\u00ebm.","breadcrumb":{"@id":"https:\/\/gralmedical.com\/en\/produkt\/0650-suport-elastik-per-kycin-e-dores-dhe-parakrahun-2\/#breadcrumb"},"inLanguage":"en-US","potentialAction":[{"@type":"ReadAction","target":["https:\/\/gralmedical.com\/en\/produkt\/0650-suport-elastik-per-kycin-e-dores-dhe-parakrahun-2\/"]}]},{"@type":"ImageObject","inLanguage":"en-US","@id":"https:\/\/gralmedical.com\/en\/produkt\/0650-suport-elastik-per-kycin-e-dores-dhe-parakrahun-2\/#primaryimage","url":"https:\/\/gralmedical.com\/wp-content\/uploads\/2026\/05\/0650-Gemini_Generated_Image_lw5hvplw5hvplw5h.png","contentUrl":"https:\/\/gralmedical.com\/wp-content\/uploads\/2026\/05\/0650-Gemini_Generated_Image_lw5hvplw5hvplw5h.png","width":992,"height":1060},{"@type":"BreadcrumbList","@id":"https:\/\/gralmedical.com\/en\/produkt\/0650-suport-elastik-per-kycin-e-dores-dhe-parakrahun-2\/#breadcrumb","itemListElement":[{"@type":"ListItem","position":1,"name":"Home","item":"https:\/\/gralmedical.com\/en\/"},{"@type":"ListItem","position":2,"name":"Produktet","item":"https:\/\/gralmedical.com\/sq\/produktet\/"},{"@type":"ListItem","position":3,"name":"0650 Suport elastik p\u00ebr ky\u00e7in e dor\u00ebs dhe parakrahun"}]},{"@type":"WebSite","@id":"https:\/\/gralmedical.com\/en\/#website","url":"https:\/\/gralmedical.com\/en\/","name":"GralMedical","description":"Laboratory equipment &amp; medical apparatus","publisher":{"@id":"https:\/\/gralmedical.com\/en\/#organization"},"potentialAction":[{"@type":"SearchAction","target":{"@type":"EntryPoint","urlTemplate":"https:\/\/gralmedical.com\/en\/?s={search_term_string}"},"query-input":{"@type":"PropertyValueSpecification","valueRequired":true,"valueName":"search_term_string"}}],"inLanguage":"en-US"},{"@type":"Organization","@id":"https:\/\/gralmedical.com\/en\/#organization","name":"Gralmedical","url":"https:\/\/gralmedical.com\/en\/","logo":{"@type":"ImageObject","inLanguage":"en-US","@id":"https:\/\/gralmedical.com\/en\/#\/schema\/logo\/image\/","url":"https:\/\/gralmedical.com\/wp-content\/uploads\/2022\/04\/logo.png","contentUrl":"https:\/\/gralmedical.com\/wp-content\/uploads\/2022\/04\/logo.png","width":491,"height":132,"caption":"Gralmedical"},"image":{"@id":"https:\/\/gralmedical.com\/en\/#\/schema\/logo\/image\/"},"sameAs":["https:\/\/www.facebook.com\/Gralmedical"]}]}},"_links":{"self":[{"href":"https:\/\/gralmedical.com\/en\/wp-json\/wp\/v2\/product\/3149","targetHints":{"allow":["GET"]}}],"collection":[{"href":"https:\/\/gralmedical.com\/en\/wp-json\/wp\/v2\/product"}],"about":[{"href":"https:\/\/gralmedical.com\/en\/wp-json\/wp\/v2\/types\/product"}],"wp:featuredmedia":[{"embeddable":true,"href":"https:\/\/gralmedical.com\/en\/wp-json\/wp\/v2\/media\/3150"}],"wp:attachment":[{"href":"https:\/\/gralmedical.com\/en\/wp-json\/wp\/v2\/media?parent=3149"}],"wp:term":[{"taxonomy":"product_brand","embeddable":true,"href":"https:\/\/gralmedical.com\/en\/wp-json\/wp\/v2\/product_brand?post=3149"},{"taxonomy":"product_cat","embeddable":true,"href":"https:\/\/gralmedical.com\/en\/wp-json\/wp\/v2\/product_cat?post=3149"},{"taxonomy":"product_tag","embeddable":true,"href":"https:\/\/gralmedical.com\/en\/wp-json\/wp\/v2\/product_tag?post=3149"}],"curies":[{"name":"wp","href":"https:\/\/api.w.org\/{rel}","templated":true}]}}