{"id":2926,"date":"2026-03-11T14:09:06","date_gmt":"2026-03-11T13:09:06","guid":{"rendered":"https:\/\/gralmedical.com\/?post_type=product&#038;p=2926"},"modified":"2026-03-11T14:21:58","modified_gmt":"2026-03-11T13:21:58","slug":"0103-qafore-cervikale-me-rregullim-copy","status":"publish","type":"product","link":"https:\/\/gralmedical.com\/en\/produkt\/0103-qafore-cervikale-me-rregullim-copy\/","title":{"rendered":"0103 Qafore cervikale me rregullim"},"content":{"rendered":"<p>E dizajnuar p\u00ebr t\u00eb ofruar mb\u00ebshtetje dhe stabilizim t\u00eb zon\u00ebs s\u00eb qaf\u00ebs, duke ndihmuar n\u00eb kufizimin e l\u00ebvizjeve dhe n\u00eb leht\u00ebsimin e dhimbjes. Ajo \u00ebsht\u00eb e prodhuar nga material polietileni me struktur\u00eb t\u00eb leht\u00eb dhe rezistente, me vrima p\u00ebr ajrosje dhe ventilim t\u00eb qaf\u00ebs q\u00eb mund\u00ebsojn\u00eb p\u00ebrdorim m\u00eb t\u00eb rehatsh\u00ebm gjat\u00eb gjith\u00eb dit\u00ebs. Pjesa e jashtme \u00ebsht\u00eb e veshur me material leatherette q\u00eb rrit komoditetin dhe q\u00ebndrueshm\u00ebrin\u00eb gjat\u00eb p\u00ebrdorimit. Qaforja ka lart\u00ebsi t\u00eb rregullueshme nga 7 deri n\u00eb 11 cm p\u00ebr p\u00ebrshtatje m\u00eb t\u00eb mir\u00eb sipas nevoj\u00ebs s\u00eb p\u00ebrdoruesit dhe \u00ebsht\u00eb e pajisur me mbyllje praktike Velcro q\u00eb lejon vendosje dhe heqje t\u00eb leht\u00eb.<\/p>\n<p>Rekomandohet p\u00ebr l\u00ebndime dhe mavijosje t\u00eb qaf\u00ebs, spondiloz\u00eb cervikale, s\u00ebmundje t\u00eb diskut cervikal si dhe p\u00ebr p\u00ebrdorim gjat\u00eb rikuperimit pas operacionit.<\/p>\n<table style=\"height: 60px\" width=\"519\">\n<thead>\n<tr>\n<th style=\"text-align: center\"><strong>Masa \/ Size<\/strong><\/th>\n<th style=\"text-align: center\" align=\"right\"><strong>S<\/strong><\/th>\n<th style=\"text-align: center\" align=\"right\"><strong>M<\/strong><\/th>\n<th style=\"text-align: center\" align=\"right\"><strong>L<\/strong><\/th>\n<th style=\"text-align: center\" align=\"right\"><strong>XL<\/strong><\/th>\n<\/tr>\n<\/thead>\n<tbody>\n<tr>\n<td style=\"text-align: center\"><strong>Perimetri i qaf\u00ebs (cm)<\/strong><\/td>\n<td style=\"text-align: center\" align=\"right\">30\u201334<\/td>\n<td style=\"text-align: center\" align=\"right\">34\u201338<\/td>\n<td style=\"text-align: center\" align=\"right\">38\u201342<\/td>\n<td style=\"text-align: center\" align=\"right\">42\u201346<\/td>\n<\/tr>\n<\/tbody>\n<\/table>\n","protected":false},"excerpt":{"rendered":"<p>Qafore cervikale me lart\u00ebsi t\u00eb rregullueshme, e prodhuar nga material polietileni me vrima ventilimi dhe e veshur me material leatherette p\u00ebr rehati dhe stabilitet t\u00eb qaf\u00ebs.<\/p>\n","protected":false},"featured_media":2933,"template":"","meta":{"inline_featured_image":false},"product_brand":[],"product_cat":[122],"product_tag":[],"class_list":{"0":"post-2926","1":"product","2":"type-product","3":"status-publish","4":"has-post-thumbnail","6":"product_cat-collar","8":"first","9":"instock","10":"shipping-taxable","11":"product-type-simple"},"yoast_head":"<!-- This site is optimized with the Yoast SEO plugin v27.4 - https:\/\/yoast.com\/product\/yoast-seo-wordpress\/ -->\n<title>0103 Qafore cervikale me rregullim - GralMedical<\/title>\n<meta name=\"robots\" content=\"index, follow, max-snippet:-1, max-image-preview:large, max-video-preview:-1\" \/>\n<link rel=\"canonical\" href=\"https:\/\/gralmedical.com\/en\/produkt\/0103-qafore-cervikale-me-rregullim-copy\/\" \/>\n<meta property=\"og:locale\" content=\"en_US\" \/>\n<meta property=\"og:type\" content=\"article\" \/>\n<meta property=\"og:title\" content=\"0103 Qafore cervikale me rregullim - GralMedical\" \/>\n<meta property=\"og:description\" content=\"Qafore cervikale me lart\u00ebsi t\u00eb rregullueshme, e prodhuar nga material polietileni me vrima ventilimi dhe e veshur me material leatherette p\u00ebr rehati dhe stabilitet t\u00eb qaf\u00ebs.\" \/>\n<meta property=\"og:url\" content=\"https:\/\/gralmedical.com\/en\/produkt\/0103-qafore-cervikale-me-rregullim-copy\/\" \/>\n<meta property=\"og:site_name\" content=\"GralMedical\" \/>\n<meta property=\"article:publisher\" content=\"https:\/\/www.facebook.com\/Gralmedical\" \/>\n<meta property=\"article:modified_time\" content=\"2026-03-11T13:21:58+00:00\" \/>\n<meta property=\"og:image\" content=\"https:\/\/gralmedical.com\/wp-content\/uploads\/2026\/03\/ChatGPT-Image-Mar-9-2026-11_37_15-AM-e1773234867509.png\" \/>\n\t<meta property=\"og:image:width\" content=\"724\" \/>\n\t<meta property=\"og:image:height\" content=\"724\" \/>\n\t<meta property=\"og:image:type\" content=\"image\/png\" \/>\n<meta name=\"twitter:card\" content=\"summary_large_image\" \/>\n<meta name=\"twitter:label1\" content=\"Est. reading time\" \/>\n\t<meta name=\"twitter:data1\" content=\"1 minute\" \/>\n<script type=\"application\/ld+json\" class=\"yoast-schema-graph\">{\"@context\":\"https:\\\/\\\/schema.org\",\"@graph\":[{\"@type\":\"WebPage\",\"@id\":\"https:\\\/\\\/gralmedical.com\\\/en\\\/produkt\\\/0103-qafore-cervikale-me-rregullim-copy\\\/\",\"url\":\"https:\\\/\\\/gralmedical.com\\\/en\\\/produkt\\\/0103-qafore-cervikale-me-rregullim-copy\\\/\",\"name\":\"0103 Qafore cervikale me rregullim - GralMedical\",\"isPartOf\":{\"@id\":\"https:\\\/\\\/gralmedical.com\\\/en\\\/#website\"},\"primaryImageOfPage\":{\"@id\":\"https:\\\/\\\/gralmedical.com\\\/en\\\/produkt\\\/0103-qafore-cervikale-me-rregullim-copy\\\/#primaryimage\"},\"image\":{\"@id\":\"https:\\\/\\\/gralmedical.com\\\/en\\\/produkt\\\/0103-qafore-cervikale-me-rregullim-copy\\\/#primaryimage\"},\"thumbnailUrl\":\"https:\\\/\\\/gralmedical.com\\\/wp-content\\\/uploads\\\/2026\\\/03\\\/ChatGPT-Image-Mar-9-2026-11_37_15-AM-e1773234867509.png\",\"datePublished\":\"2026-03-11T13:09:06+00:00\",\"dateModified\":\"2026-03-11T13:21:58+00:00\",\"breadcrumb\":{\"@id\":\"https:\\\/\\\/gralmedical.com\\\/en\\\/produkt\\\/0103-qafore-cervikale-me-rregullim-copy\\\/#breadcrumb\"},\"inLanguage\":\"en-US\",\"potentialAction\":[{\"@type\":\"ReadAction\",\"target\":[\"https:\\\/\\\/gralmedical.com\\\/en\\\/produkt\\\/0103-qafore-cervikale-me-rregullim-copy\\\/\"]}]},{\"@type\":\"ImageObject\",\"inLanguage\":\"en-US\",\"@id\":\"https:\\\/\\\/gralmedical.com\\\/en\\\/produkt\\\/0103-qafore-cervikale-me-rregullim-copy\\\/#primaryimage\",\"url\":\"https:\\\/\\\/gralmedical.com\\\/wp-content\\\/uploads\\\/2026\\\/03\\\/ChatGPT-Image-Mar-9-2026-11_37_15-AM-e1773234867509.png\",\"contentUrl\":\"https:\\\/\\\/gralmedical.com\\\/wp-content\\\/uploads\\\/2026\\\/03\\\/ChatGPT-Image-Mar-9-2026-11_37_15-AM-e1773234867509.png\",\"width\":724,\"height\":724},{\"@type\":\"BreadcrumbList\",\"@id\":\"https:\\\/\\\/gralmedical.com\\\/en\\\/produkt\\\/0103-qafore-cervikale-me-rregullim-copy\\\/#breadcrumb\",\"itemListElement\":[{\"@type\":\"ListItem\",\"position\":1,\"name\":\"Home\",\"item\":\"https:\\\/\\\/gralmedical.com\\\/en\\\/\"},{\"@type\":\"ListItem\",\"position\":2,\"name\":\"Produktet\",\"item\":\"https:\\\/\\\/gralmedical.com\\\/sq\\\/produktet\\\/\"},{\"@type\":\"ListItem\",\"position\":3,\"name\":\"0103 Qafore cervikale me rregullim\"}]},{\"@type\":\"WebSite\",\"@id\":\"https:\\\/\\\/gralmedical.com\\\/en\\\/#website\",\"url\":\"https:\\\/\\\/gralmedical.com\\\/en\\\/\",\"name\":\"GralMedical\",\"description\":\"Laboratory equipment &amp; medical apparatus\",\"publisher\":{\"@id\":\"https:\\\/\\\/gralmedical.com\\\/en\\\/#organization\"},\"potentialAction\":[{\"@type\":\"SearchAction\",\"target\":{\"@type\":\"EntryPoint\",\"urlTemplate\":\"https:\\\/\\\/gralmedical.com\\\/en\\\/?s={search_term_string}\"},\"query-input\":{\"@type\":\"PropertyValueSpecification\",\"valueRequired\":true,\"valueName\":\"search_term_string\"}}],\"inLanguage\":\"en-US\"},{\"@type\":\"Organization\",\"@id\":\"https:\\\/\\\/gralmedical.com\\\/en\\\/#organization\",\"name\":\"Gralmedical\",\"url\":\"https:\\\/\\\/gralmedical.com\\\/en\\\/\",\"logo\":{\"@type\":\"ImageObject\",\"inLanguage\":\"en-US\",\"@id\":\"https:\\\/\\\/gralmedical.com\\\/en\\\/#\\\/schema\\\/logo\\\/image\\\/\",\"url\":\"https:\\\/\\\/gralmedical.com\\\/wp-content\\\/uploads\\\/2022\\\/04\\\/logo.png\",\"contentUrl\":\"https:\\\/\\\/gralmedical.com\\\/wp-content\\\/uploads\\\/2022\\\/04\\\/logo.png\",\"width\":491,\"height\":132,\"caption\":\"Gralmedical\"},\"image\":{\"@id\":\"https:\\\/\\\/gralmedical.com\\\/en\\\/#\\\/schema\\\/logo\\\/image\\\/\"},\"sameAs\":[\"https:\\\/\\\/www.facebook.com\\\/Gralmedical\"]}]}<\/script>\n<!-- \/ Yoast SEO plugin. -->","yoast_head_json":{"title":"0103 Qafore cervikale me rregullim - GralMedical","robots":{"index":"index","follow":"follow","max-snippet":"max-snippet:-1","max-image-preview":"max-image-preview:large","max-video-preview":"max-video-preview:-1"},"canonical":"https:\/\/gralmedical.com\/en\/produkt\/0103-qafore-cervikale-me-rregullim-copy\/","og_locale":"en_US","og_type":"article","og_title":"0103 Qafore cervikale me rregullim - GralMedical","og_description":"Qafore cervikale me lart\u00ebsi t\u00eb rregullueshme, e prodhuar nga material polietileni me vrima ventilimi dhe e veshur me material leatherette p\u00ebr rehati dhe stabilitet t\u00eb qaf\u00ebs.","og_url":"https:\/\/gralmedical.com\/en\/produkt\/0103-qafore-cervikale-me-rregullim-copy\/","og_site_name":"GralMedical","article_publisher":"https:\/\/www.facebook.com\/Gralmedical","article_modified_time":"2026-03-11T13:21:58+00:00","og_image":[{"width":724,"height":724,"url":"https:\/\/gralmedical.com\/wp-content\/uploads\/2026\/03\/ChatGPT-Image-Mar-9-2026-11_37_15-AM-e1773234867509.png","type":"image\/png"}],"twitter_card":"summary_large_image","twitter_misc":{"Est. reading time":"1 minute"},"schema":{"@context":"https:\/\/schema.org","@graph":[{"@type":"WebPage","@id":"https:\/\/gralmedical.com\/en\/produkt\/0103-qafore-cervikale-me-rregullim-copy\/","url":"https:\/\/gralmedical.com\/en\/produkt\/0103-qafore-cervikale-me-rregullim-copy\/","name":"0103 Qafore cervikale me rregullim - GralMedical","isPartOf":{"@id":"https:\/\/gralmedical.com\/en\/#website"},"primaryImageOfPage":{"@id":"https:\/\/gralmedical.com\/en\/produkt\/0103-qafore-cervikale-me-rregullim-copy\/#primaryimage"},"image":{"@id":"https:\/\/gralmedical.com\/en\/produkt\/0103-qafore-cervikale-me-rregullim-copy\/#primaryimage"},"thumbnailUrl":"https:\/\/gralmedical.com\/wp-content\/uploads\/2026\/03\/ChatGPT-Image-Mar-9-2026-11_37_15-AM-e1773234867509.png","datePublished":"2026-03-11T13:09:06+00:00","dateModified":"2026-03-11T13:21:58+00:00","breadcrumb":{"@id":"https:\/\/gralmedical.com\/en\/produkt\/0103-qafore-cervikale-me-rregullim-copy\/#breadcrumb"},"inLanguage":"en-US","potentialAction":[{"@type":"ReadAction","target":["https:\/\/gralmedical.com\/en\/produkt\/0103-qafore-cervikale-me-rregullim-copy\/"]}]},{"@type":"ImageObject","inLanguage":"en-US","@id":"https:\/\/gralmedical.com\/en\/produkt\/0103-qafore-cervikale-me-rregullim-copy\/#primaryimage","url":"https:\/\/gralmedical.com\/wp-content\/uploads\/2026\/03\/ChatGPT-Image-Mar-9-2026-11_37_15-AM-e1773234867509.png","contentUrl":"https:\/\/gralmedical.com\/wp-content\/uploads\/2026\/03\/ChatGPT-Image-Mar-9-2026-11_37_15-AM-e1773234867509.png","width":724,"height":724},{"@type":"BreadcrumbList","@id":"https:\/\/gralmedical.com\/en\/produkt\/0103-qafore-cervikale-me-rregullim-copy\/#breadcrumb","itemListElement":[{"@type":"ListItem","position":1,"name":"Home","item":"https:\/\/gralmedical.com\/en\/"},{"@type":"ListItem","position":2,"name":"Produktet","item":"https:\/\/gralmedical.com\/sq\/produktet\/"},{"@type":"ListItem","position":3,"name":"0103 Qafore cervikale me rregullim"}]},{"@type":"WebSite","@id":"https:\/\/gralmedical.com\/en\/#website","url":"https:\/\/gralmedical.com\/en\/","name":"GralMedical","description":"Laboratory equipment &amp; medical apparatus","publisher":{"@id":"https:\/\/gralmedical.com\/en\/#organization"},"potentialAction":[{"@type":"SearchAction","target":{"@type":"EntryPoint","urlTemplate":"https:\/\/gralmedical.com\/en\/?s={search_term_string}"},"query-input":{"@type":"PropertyValueSpecification","valueRequired":true,"valueName":"search_term_string"}}],"inLanguage":"en-US"},{"@type":"Organization","@id":"https:\/\/gralmedical.com\/en\/#organization","name":"Gralmedical","url":"https:\/\/gralmedical.com\/en\/","logo":{"@type":"ImageObject","inLanguage":"en-US","@id":"https:\/\/gralmedical.com\/en\/#\/schema\/logo\/image\/","url":"https:\/\/gralmedical.com\/wp-content\/uploads\/2022\/04\/logo.png","contentUrl":"https:\/\/gralmedical.com\/wp-content\/uploads\/2022\/04\/logo.png","width":491,"height":132,"caption":"Gralmedical"},"image":{"@id":"https:\/\/gralmedical.com\/en\/#\/schema\/logo\/image\/"},"sameAs":["https:\/\/www.facebook.com\/Gralmedical"]}]}},"_links":{"self":[{"href":"https:\/\/gralmedical.com\/en\/wp-json\/wp\/v2\/product\/2926","targetHints":{"allow":["GET"]}}],"collection":[{"href":"https:\/\/gralmedical.com\/en\/wp-json\/wp\/v2\/product"}],"about":[{"href":"https:\/\/gralmedical.com\/en\/wp-json\/wp\/v2\/types\/product"}],"wp:featuredmedia":[{"embeddable":true,"href":"https:\/\/gralmedical.com\/en\/wp-json\/wp\/v2\/media\/2933"}],"wp:attachment":[{"href":"https:\/\/gralmedical.com\/en\/wp-json\/wp\/v2\/media?parent=2926"}],"wp:term":[{"taxonomy":"product_brand","embeddable":true,"href":"https:\/\/gralmedical.com\/en\/wp-json\/wp\/v2\/product_brand?post=2926"},{"taxonomy":"product_cat","embeddable":true,"href":"https:\/\/gralmedical.com\/en\/wp-json\/wp\/v2\/product_cat?post=2926"},{"taxonomy":"product_tag","embeddable":true,"href":"https:\/\/gralmedical.com\/en\/wp-json\/wp\/v2\/product_tag?post=2926"}],"curies":[{"name":"wp","href":"https:\/\/api.w.org\/{rel}","templated":true}]}}