{"id":2854,"date":"2026-02-27T14:22:39","date_gmt":"2026-02-27T13:22:39","guid":{"rendered":"https:\/\/gralmedical.com\/?post_type=product&#038;p=2854"},"modified":"2026-02-27T14:22:40","modified_gmt":"2026-02-27T13:22:40","slug":"1609-krevat-elektrik-me-5-funksione","status":"publish","type":"product","link":"https:\/\/gralmedical.com\/en\/produkt\/1609-krevat-elektrik-me-5-funksione\/","title":{"rendered":"1609 Krevat Elektrik me 5 funksione"},"content":{"rendered":"<p data-start=\"185\" data-end=\"477\"><strong data-start=\"185\" data-end=\"232\">Krevat Elektrik me 5 funksione<\/strong>\u00a0\u00ebsht\u00eb projektuar p\u00ebr kujdes sht\u00ebpiak, p\u00ebr t\u00eb moshuarit dhe pacient\u00ebt me l\u00ebvizshm\u00ebri t\u00eb kufizuar. Ai kombinon nd\u00ebrtim t\u00eb fort\u00eb metalik me korniz\u00eb ortopedike druri, duke ofruar rehati maksimale p\u00ebr pacientin dhe leht\u00ebsi p\u00ebrdorimi p\u00ebr kujdestarin.<\/p>\n<p data-start=\"479\" data-end=\"783\">Shtrati \u00ebsht\u00eb i pajisur me sistem elektrik p\u00ebr ngritjen e shpin\u00ebs, gjunj\u00ebve dhe k\u00ebmb\u00ebve, si dhe me funksionet <strong data-start=\"589\" data-end=\"606\">Trendelenburg<\/strong> dhe <strong data-start=\"611\" data-end=\"633\">Anti-Trendelenburg<\/strong> deri n\u00eb 12\u00b0, duke mund\u00ebsuar pozicionim optimal sipas nevojave mjek\u00ebsore. Komanda elektrike e b\u00ebn rregullimin e pozicioneve t\u00eb thjesht\u00eb dhe t\u00eb sigurt.<\/p>\n<p data-start=\"785\" data-end=\"820\"><strong data-start=\"785\" data-end=\"818\">Karakteristika &amp; Specifikime:<\/strong><\/p>\n<ul data-start=\"821\" data-end=\"1650\">\n<li data-start=\"821\" data-end=\"866\">\n<p data-start=\"823\" data-end=\"866\">Struktur\u00eb metalike e fort\u00eb dhe rezistente<\/p>\n<\/li>\n<li data-start=\"867\" data-end=\"925\">\n<p data-start=\"869\" data-end=\"925\">Korniz\u00eb ortopedike druri me mbulesa t\u00eb brendshme druri<\/p>\n<\/li>\n<li data-start=\"926\" data-end=\"992\">\n<p data-start=\"928\" data-end=\"992\">Parmak\u00eb sigurie prej alumini me ngjyr\u00eb druri (t\u00eb instaluesh\u00ebm)<\/p>\n<\/li>\n<li data-start=\"993\" data-end=\"1046\">\n<p data-start=\"995\" data-end=\"1046\">Ngritje elektrike e shpin\u00ebs, gjunj\u00ebve dhe k\u00ebmb\u00ebve<\/p>\n<\/li>\n<li data-start=\"1047\" data-end=\"1084\">\n<p data-start=\"1049\" data-end=\"1084\">K\u00ebndi maksimal i shpin\u00ebs: <strong data-start=\"1075\" data-end=\"1082\">70\u00b0<\/strong><\/p>\n<\/li>\n<li data-start=\"1085\" data-end=\"1122\">\n<p data-start=\"1087\" data-end=\"1122\">K\u00ebndi maksimal i k\u00ebmb\u00ebve: <strong data-start=\"1113\" data-end=\"1120\">30\u00b0<\/strong><\/p>\n<\/li>\n<li data-start=\"1123\" data-end=\"1187\">\n<p data-start=\"1125\" data-end=\"1187\">Pozicione Trendelenburg &amp; Anti-Trendelenburg deri n\u00eb <strong data-start=\"1178\" data-end=\"1185\">12\u00b0<\/strong><\/p>\n<\/li>\n<li data-start=\"1188\" data-end=\"1227\">\n<p data-start=\"1190\" data-end=\"1227\">P\u00ebrmasa t\u00eb jashtme: <strong data-start=\"1210\" data-end=\"1225\">224 \u00d7 96 cm<\/strong><\/p>\n<\/li>\n<li data-start=\"1228\" data-end=\"1280\">\n<p data-start=\"1230\" data-end=\"1280\">Sip\u00ebrfaqe e brendshme e fjetjes: <strong data-start=\"1263\" data-end=\"1278\">202 \u00d7 88 cm<\/strong><\/p>\n<\/li>\n<li data-start=\"1281\" data-end=\"1327\">\n<p data-start=\"1283\" data-end=\"1327\">Lart\u00ebsia e rregullueshme: <strong data-start=\"1309\" data-end=\"1325\">39.5 \u2013 57 cm<\/strong><\/p>\n<\/li>\n<li data-start=\"1328\" data-end=\"1370\">\n<p data-start=\"1330\" data-end=\"1370\">Kapacitet mbajt\u00ebs maksimal: <strong data-start=\"1358\" data-end=\"1368\">150 kg<\/strong><\/p>\n<\/li>\n<li data-start=\"1371\" data-end=\"1403\">\n<p data-start=\"1373\" data-end=\"1403\">Pesha e produktit: <strong data-start=\"1392\" data-end=\"1401\">90 kg<\/strong><\/p>\n<\/li>\n<li data-start=\"1404\" data-end=\"1462\">\n<p data-start=\"1406\" data-end=\"1462\">Rrota cil\u00ebsore me frena p\u00ebr stabilitet dhe l\u00ebvizshm\u00ebri<\/p>\n<\/li>\n<li data-start=\"1463\" data-end=\"1516\">\n<p data-start=\"1465\" data-end=\"1516\">P\u00ebrfshin shtyll\u00eb ngrit\u00ebse p\u00ebr ndihm\u00ebn e pacientit<\/p>\n<\/li>\n<li data-start=\"1517\" data-end=\"1597\">\n<p data-start=\"1519\" data-end=\"1597\">Dizajn i palossh\u00ebm, i leht\u00eb p\u00ebr transport, montim dhe \u00e7montim nga nj\u00eb person<\/p>\n<\/li>\n<li data-start=\"1598\" data-end=\"1650\">\n<p data-start=\"1600\" data-end=\"1650\">Furnizimi elektrik: <strong data-start=\"1620\" data-end=\"1635\">220V \/ 50Hz<\/strong>, dalje <strong data-start=\"1643\" data-end=\"1650\">24V<\/strong><\/p>\n<\/li>\n<\/ul>\n<p data-start=\"1652\" data-end=\"1813\">Ky shtrat \u00ebsht\u00eb zgjidhje ideale p\u00ebr kujdes afatgjat\u00eb, rehabilitim dhe p\u00ebrdorim n\u00eb ambient sht\u00ebpiak, duke garantuar siguri, funksionalitet dhe komoditet t\u00eb lart\u00eb.<\/p>\n","protected":false},"excerpt":{"rendered":"<p>Shtrat elektrik MOBIAK \u201cVIRGO\u201d p\u00ebr kujdes sht\u00ebpiak, me korniz\u00eb metalike dhe druri ortopedik, ngritje elektrike t\u00eb shpin\u00ebs, k\u00ebmb\u00ebve dhe gjunj\u00ebve, pozicione Trendelenburg, parmak\u00eb sigurie dhe kapacitet mbajt\u00ebs deri n\u00eb 150 kg.<\/p>\n","protected":false},"featured_media":2855,"template":"","meta":{"inline_featured_image":false},"product_brand":[],"product_cat":[388],"product_tag":[],"class_list":{"0":"post-2854","1":"product","2":"type-product","3":"status-publish","4":"has-post-thumbnail","6":"product_cat-jastek-dyshek-krevate","8":"first","9":"instock","10":"shipping-taxable","11":"product-type-simple"},"yoast_head":"<!-- This site is optimized with the Yoast SEO plugin v27.4 - https:\/\/yoast.com\/product\/yoast-seo-wordpress\/ -->\n<title>1609 Krevat Elektrik me 5 funksione - GralMedical<\/title>\n<meta name=\"robots\" content=\"index, follow, max-snippet:-1, max-image-preview:large, max-video-preview:-1\" \/>\n<link rel=\"canonical\" href=\"https:\/\/gralmedical.com\/en\/produkt\/1609-krevat-elektrik-me-5-funksione\/\" \/>\n<meta property=\"og:locale\" content=\"en_US\" \/>\n<meta property=\"og:type\" content=\"article\" \/>\n<meta property=\"og:title\" content=\"1609 Krevat Elektrik me 5 funksione - GralMedical\" \/>\n<meta property=\"og:description\" content=\"Shtrat elektrik MOBIAK \u201cVIRGO\u201d p\u00ebr kujdes sht\u00ebpiak, me korniz\u00eb metalike dhe druri ortopedik, ngritje elektrike t\u00eb shpin\u00ebs, k\u00ebmb\u00ebve dhe gjunj\u00ebve, pozicione Trendelenburg, parmak\u00eb sigurie dhe kapacitet mbajt\u00ebs deri n\u00eb 150 kg.\" \/>\n<meta property=\"og:url\" content=\"https:\/\/gralmedical.com\/en\/produkt\/1609-krevat-elektrik-me-5-funksione\/\" \/>\n<meta property=\"og:site_name\" content=\"GralMedical\" \/>\n<meta property=\"article:publisher\" content=\"https:\/\/www.facebook.com\/Gralmedical\" \/>\n<meta property=\"article:modified_time\" content=\"2026-02-27T13:22:40+00:00\" \/>\n<meta property=\"og:image\" content=\"https:\/\/gralmedical.com\/wp-content\/uploads\/2026\/02\/24659_11.jpg\" \/>\n\t<meta property=\"og:image:width\" content=\"1200\" \/>\n\t<meta property=\"og:image:height\" content=\"1200\" \/>\n\t<meta property=\"og:image:type\" content=\"image\/jpeg\" \/>\n<meta name=\"twitter:card\" content=\"summary_large_image\" \/>\n<meta name=\"twitter:label1\" content=\"Est. reading time\" \/>\n\t<meta name=\"twitter:data1\" content=\"2 minutes\" \/>\n<script type=\"application\/ld+json\" class=\"yoast-schema-graph\">{\"@context\":\"https:\\\/\\\/schema.org\",\"@graph\":[{\"@type\":\"WebPage\",\"@id\":\"https:\\\/\\\/gralmedical.com\\\/en\\\/produkt\\\/1609-krevat-elektrik-me-5-funksione\\\/\",\"url\":\"https:\\\/\\\/gralmedical.com\\\/en\\\/produkt\\\/1609-krevat-elektrik-me-5-funksione\\\/\",\"name\":\"1609 Krevat Elektrik me 5 funksione - GralMedical\",\"isPartOf\":{\"@id\":\"https:\\\/\\\/gralmedical.com\\\/en\\\/#website\"},\"primaryImageOfPage\":{\"@id\":\"https:\\\/\\\/gralmedical.com\\\/en\\\/produkt\\\/1609-krevat-elektrik-me-5-funksione\\\/#primaryimage\"},\"image\":{\"@id\":\"https:\\\/\\\/gralmedical.com\\\/en\\\/produkt\\\/1609-krevat-elektrik-me-5-funksione\\\/#primaryimage\"},\"thumbnailUrl\":\"https:\\\/\\\/gralmedical.com\\\/wp-content\\\/uploads\\\/2026\\\/02\\\/24659_11.jpg\",\"datePublished\":\"2026-02-27T13:22:39+00:00\",\"dateModified\":\"2026-02-27T13:22:40+00:00\",\"breadcrumb\":{\"@id\":\"https:\\\/\\\/gralmedical.com\\\/en\\\/produkt\\\/1609-krevat-elektrik-me-5-funksione\\\/#breadcrumb\"},\"inLanguage\":\"en-US\",\"potentialAction\":[{\"@type\":\"ReadAction\",\"target\":[\"https:\\\/\\\/gralmedical.com\\\/en\\\/produkt\\\/1609-krevat-elektrik-me-5-funksione\\\/\"]}]},{\"@type\":\"ImageObject\",\"inLanguage\":\"en-US\",\"@id\":\"https:\\\/\\\/gralmedical.com\\\/en\\\/produkt\\\/1609-krevat-elektrik-me-5-funksione\\\/#primaryimage\",\"url\":\"https:\\\/\\\/gralmedical.com\\\/wp-content\\\/uploads\\\/2026\\\/02\\\/24659_11.jpg\",\"contentUrl\":\"https:\\\/\\\/gralmedical.com\\\/wp-content\\\/uploads\\\/2026\\\/02\\\/24659_11.jpg\",\"width\":1200,\"height\":1200},{\"@type\":\"BreadcrumbList\",\"@id\":\"https:\\\/\\\/gralmedical.com\\\/en\\\/produkt\\\/1609-krevat-elektrik-me-5-funksione\\\/#breadcrumb\",\"itemListElement\":[{\"@type\":\"ListItem\",\"position\":1,\"name\":\"Home\",\"item\":\"https:\\\/\\\/gralmedical.com\\\/en\\\/\"},{\"@type\":\"ListItem\",\"position\":2,\"name\":\"Produktet\",\"item\":\"https:\\\/\\\/gralmedical.com\\\/sq\\\/produktet\\\/\"},{\"@type\":\"ListItem\",\"position\":3,\"name\":\"1609 Krevat Elektrik me 5 funksione\"}]},{\"@type\":\"WebSite\",\"@id\":\"https:\\\/\\\/gralmedical.com\\\/en\\\/#website\",\"url\":\"https:\\\/\\\/gralmedical.com\\\/en\\\/\",\"name\":\"GralMedical\",\"description\":\"Laboratory equipment &amp; medical apparatus\",\"publisher\":{\"@id\":\"https:\\\/\\\/gralmedical.com\\\/en\\\/#organization\"},\"potentialAction\":[{\"@type\":\"SearchAction\",\"target\":{\"@type\":\"EntryPoint\",\"urlTemplate\":\"https:\\\/\\\/gralmedical.com\\\/en\\\/?s={search_term_string}\"},\"query-input\":{\"@type\":\"PropertyValueSpecification\",\"valueRequired\":true,\"valueName\":\"search_term_string\"}}],\"inLanguage\":\"en-US\"},{\"@type\":\"Organization\",\"@id\":\"https:\\\/\\\/gralmedical.com\\\/en\\\/#organization\",\"name\":\"Gralmedical\",\"url\":\"https:\\\/\\\/gralmedical.com\\\/en\\\/\",\"logo\":{\"@type\":\"ImageObject\",\"inLanguage\":\"en-US\",\"@id\":\"https:\\\/\\\/gralmedical.com\\\/en\\\/#\\\/schema\\\/logo\\\/image\\\/\",\"url\":\"https:\\\/\\\/gralmedical.com\\\/wp-content\\\/uploads\\\/2022\\\/04\\\/logo.png\",\"contentUrl\":\"https:\\\/\\\/gralmedical.com\\\/wp-content\\\/uploads\\\/2022\\\/04\\\/logo.png\",\"width\":491,\"height\":132,\"caption\":\"Gralmedical\"},\"image\":{\"@id\":\"https:\\\/\\\/gralmedical.com\\\/en\\\/#\\\/schema\\\/logo\\\/image\\\/\"},\"sameAs\":[\"https:\\\/\\\/www.facebook.com\\\/Gralmedical\"]}]}<\/script>\n<!-- \/ Yoast SEO plugin. -->","yoast_head_json":{"title":"1609 Krevat Elektrik me 5 funksione - GralMedical","robots":{"index":"index","follow":"follow","max-snippet":"max-snippet:-1","max-image-preview":"max-image-preview:large","max-video-preview":"max-video-preview:-1"},"canonical":"https:\/\/gralmedical.com\/en\/produkt\/1609-krevat-elektrik-me-5-funksione\/","og_locale":"en_US","og_type":"article","og_title":"1609 Krevat Elektrik me 5 funksione - GralMedical","og_description":"Shtrat elektrik MOBIAK \u201cVIRGO\u201d p\u00ebr kujdes sht\u00ebpiak, me korniz\u00eb metalike dhe druri ortopedik, ngritje elektrike t\u00eb shpin\u00ebs, k\u00ebmb\u00ebve dhe gjunj\u00ebve, pozicione Trendelenburg, parmak\u00eb sigurie dhe kapacitet mbajt\u00ebs deri n\u00eb 150 kg.","og_url":"https:\/\/gralmedical.com\/en\/produkt\/1609-krevat-elektrik-me-5-funksione\/","og_site_name":"GralMedical","article_publisher":"https:\/\/www.facebook.com\/Gralmedical","article_modified_time":"2026-02-27T13:22:40+00:00","og_image":[{"width":1200,"height":1200,"url":"https:\/\/gralmedical.com\/wp-content\/uploads\/2026\/02\/24659_11.jpg","type":"image\/jpeg"}],"twitter_card":"summary_large_image","twitter_misc":{"Est. reading time":"2 minutes"},"schema":{"@context":"https:\/\/schema.org","@graph":[{"@type":"WebPage","@id":"https:\/\/gralmedical.com\/en\/produkt\/1609-krevat-elektrik-me-5-funksione\/","url":"https:\/\/gralmedical.com\/en\/produkt\/1609-krevat-elektrik-me-5-funksione\/","name":"1609 Krevat Elektrik me 5 funksione - GralMedical","isPartOf":{"@id":"https:\/\/gralmedical.com\/en\/#website"},"primaryImageOfPage":{"@id":"https:\/\/gralmedical.com\/en\/produkt\/1609-krevat-elektrik-me-5-funksione\/#primaryimage"},"image":{"@id":"https:\/\/gralmedical.com\/en\/produkt\/1609-krevat-elektrik-me-5-funksione\/#primaryimage"},"thumbnailUrl":"https:\/\/gralmedical.com\/wp-content\/uploads\/2026\/02\/24659_11.jpg","datePublished":"2026-02-27T13:22:39+00:00","dateModified":"2026-02-27T13:22:40+00:00","breadcrumb":{"@id":"https:\/\/gralmedical.com\/en\/produkt\/1609-krevat-elektrik-me-5-funksione\/#breadcrumb"},"inLanguage":"en-US","potentialAction":[{"@type":"ReadAction","target":["https:\/\/gralmedical.com\/en\/produkt\/1609-krevat-elektrik-me-5-funksione\/"]}]},{"@type":"ImageObject","inLanguage":"en-US","@id":"https:\/\/gralmedical.com\/en\/produkt\/1609-krevat-elektrik-me-5-funksione\/#primaryimage","url":"https:\/\/gralmedical.com\/wp-content\/uploads\/2026\/02\/24659_11.jpg","contentUrl":"https:\/\/gralmedical.com\/wp-content\/uploads\/2026\/02\/24659_11.jpg","width":1200,"height":1200},{"@type":"BreadcrumbList","@id":"https:\/\/gralmedical.com\/en\/produkt\/1609-krevat-elektrik-me-5-funksione\/#breadcrumb","itemListElement":[{"@type":"ListItem","position":1,"name":"Home","item":"https:\/\/gralmedical.com\/en\/"},{"@type":"ListItem","position":2,"name":"Produktet","item":"https:\/\/gralmedical.com\/sq\/produktet\/"},{"@type":"ListItem","position":3,"name":"1609 Krevat Elektrik me 5 funksione"}]},{"@type":"WebSite","@id":"https:\/\/gralmedical.com\/en\/#website","url":"https:\/\/gralmedical.com\/en\/","name":"GralMedical","description":"Laboratory equipment &amp; medical apparatus","publisher":{"@id":"https:\/\/gralmedical.com\/en\/#organization"},"potentialAction":[{"@type":"SearchAction","target":{"@type":"EntryPoint","urlTemplate":"https:\/\/gralmedical.com\/en\/?s={search_term_string}"},"query-input":{"@type":"PropertyValueSpecification","valueRequired":true,"valueName":"search_term_string"}}],"inLanguage":"en-US"},{"@type":"Organization","@id":"https:\/\/gralmedical.com\/en\/#organization","name":"Gralmedical","url":"https:\/\/gralmedical.com\/en\/","logo":{"@type":"ImageObject","inLanguage":"en-US","@id":"https:\/\/gralmedical.com\/en\/#\/schema\/logo\/image\/","url":"https:\/\/gralmedical.com\/wp-content\/uploads\/2022\/04\/logo.png","contentUrl":"https:\/\/gralmedical.com\/wp-content\/uploads\/2022\/04\/logo.png","width":491,"height":132,"caption":"Gralmedical"},"image":{"@id":"https:\/\/gralmedical.com\/en\/#\/schema\/logo\/image\/"},"sameAs":["https:\/\/www.facebook.com\/Gralmedical"]}]}},"_links":{"self":[{"href":"https:\/\/gralmedical.com\/en\/wp-json\/wp\/v2\/product\/2854","targetHints":{"allow":["GET"]}}],"collection":[{"href":"https:\/\/gralmedical.com\/en\/wp-json\/wp\/v2\/product"}],"about":[{"href":"https:\/\/gralmedical.com\/en\/wp-json\/wp\/v2\/types\/product"}],"wp:featuredmedia":[{"embeddable":true,"href":"https:\/\/gralmedical.com\/en\/wp-json\/wp\/v2\/media\/2855"}],"wp:attachment":[{"href":"https:\/\/gralmedical.com\/en\/wp-json\/wp\/v2\/media?parent=2854"}],"wp:term":[{"taxonomy":"product_brand","embeddable":true,"href":"https:\/\/gralmedical.com\/en\/wp-json\/wp\/v2\/product_brand?post=2854"},{"taxonomy":"product_cat","embeddable":true,"href":"https:\/\/gralmedical.com\/en\/wp-json\/wp\/v2\/product_cat?post=2854"},{"taxonomy":"product_tag","embeddable":true,"href":"https:\/\/gralmedical.com\/en\/wp-json\/wp\/v2\/product_tag?post=2854"}],"curies":[{"name":"wp","href":"https:\/\/api.w.org\/{rel}","templated":true}]}}