{"id":2783,"date":"2026-02-16T15:37:29","date_gmt":"2026-02-16T14:37:29","guid":{"rendered":"https:\/\/gralmedical.com\/?post_type=product&#038;p=2783"},"modified":"2026-02-16T15:43:54","modified_gmt":"2026-02-16T14:43:54","slug":"1983-maske-cool-hot-gel","status":"publish","type":"product","link":"https:\/\/gralmedical.com\/en\/produkt\/1983-maske-cool-hot-gel\/","title":{"rendered":"1983 Maske Cool &amp; Hot Gel"},"content":{"rendered":"<p data-start=\"259\" data-end=\"473\">Mask\u00eb qet\u00ebsuese me xhel, e dizajnuar p\u00ebr p\u00ebrdorim <strong data-start=\"309\" data-end=\"345\">si e ftoht\u00eb ashtu edhe e ngroht\u00eb<\/strong>, ideale p\u00ebr leht\u00ebsimin e <strong data-start=\"371\" data-end=\"470\">migr\u00ebn\u00ebs, dhimbjeve t\u00eb forta t\u00eb kok\u00ebs, stresit, temperatur\u00ebs s\u00eb lart\u00eb, enjtjeve dhe mavijosjeve<\/strong>.<\/p>\n<p data-start=\"475\" data-end=\"760\">E prodhuar nga <strong data-start=\"490\" data-end=\"521\">material miq\u00ebsor me l\u00ebkur\u00ebn<\/strong>, maska ofron <strong data-start=\"535\" data-end=\"555\">rehati maksimale<\/strong> dhe p\u00ebrshtatet leht\u00ebsisht me form\u00ebn e kok\u00ebs. Dizajni ergonomik siguron <strong data-start=\"627\" data-end=\"651\">mbulim t\u00eb plot\u00eb 360\u00b0<\/strong> t\u00eb zon\u00ebs s\u00eb trajtimit, duke garantuar efektivitet optimal dhe shp\u00ebrndarje t\u00eb nj\u00ebtrajtshme t\u00eb temperatur\u00ebs.<\/p>\n<p data-start=\"762\" data-end=\"876\">Ideale p\u00ebr <strong data-start=\"773\" data-end=\"817\">relaksim, pushim dhe rikuperim n\u00eb sht\u00ebpi<\/strong>, pas nj\u00eb dite t\u00eb lodhshme apo gjat\u00eb episodeve t\u00eb dhimbjes.<\/p>\n","protected":false},"excerpt":{"rendered":"<p data-start=\"935\" data-end=\"1106\">Mask\u00eb me xhel p\u00ebr p\u00ebrdorim t\u00eb ftoht\u00eb ose t\u00eb ngroht\u00eb, e p\u00ebrshtatshme p\u00ebr migren\u00eb, dhimbje koke dhe relaksim. Rehati maksimale dhe mbulim 360\u00b0 p\u00ebr efekt t\u00eb shpejt\u00eb qet\u00ebsues.<\/p>\n","protected":false},"featured_media":2784,"template":"","meta":{"inline_featured_image":false},"product_brand":[],"product_cat":[235],"product_tag":[],"class_list":{"0":"post-2783","1":"product","2":"type-product","3":"status-publish","4":"has-post-thumbnail","6":"product_cat-te-ndryshme","8":"first","9":"instock","10":"shipping-taxable","11":"product-type-simple"},"yoast_head":"<!-- This site is optimized with the Yoast SEO plugin v27.4 - https:\/\/yoast.com\/product\/yoast-seo-wordpress\/ -->\n<title>1983 Maske Cool &amp; Hot Gel - GralMedical<\/title>\n<meta name=\"robots\" content=\"index, follow, max-snippet:-1, max-image-preview:large, max-video-preview:-1\" \/>\n<link rel=\"canonical\" href=\"https:\/\/gralmedical.com\/en\/produkt\/1983-maske-cool-hot-gel\/\" \/>\n<meta property=\"og:locale\" content=\"en_US\" \/>\n<meta property=\"og:type\" content=\"article\" \/>\n<meta property=\"og:title\" content=\"1983 Maske Cool &amp; Hot Gel - GralMedical\" \/>\n<meta property=\"og:description\" content=\"Mask\u00eb me xhel p\u00ebr p\u00ebrdorim t\u00eb ftoht\u00eb ose t\u00eb ngroht\u00eb, e p\u00ebrshtatshme p\u00ebr migren\u00eb, dhimbje koke dhe relaksim. Rehati maksimale dhe mbulim 360\u00b0 p\u00ebr efekt t\u00eb shpejt\u00eb qet\u00ebsues.\" \/>\n<meta property=\"og:url\" content=\"https:\/\/gralmedical.com\/en\/produkt\/1983-maske-cool-hot-gel\/\" \/>\n<meta property=\"og:site_name\" content=\"GralMedical\" \/>\n<meta property=\"article:publisher\" content=\"https:\/\/www.facebook.com\/Gralmedical\" \/>\n<meta property=\"article:modified_time\" content=\"2026-02-16T14:43:54+00:00\" \/>\n<meta property=\"og:image\" content=\"https:\/\/gralmedical.com\/wp-content\/uploads\/2026\/02\/ChatGPT-Image-Feb-12-2026-10_12_12-AM.png\" \/>\n\t<meta property=\"og:image:width\" content=\"1024\" \/>\n\t<meta property=\"og:image:height\" content=\"1536\" \/>\n\t<meta property=\"og:image:type\" content=\"image\/png\" \/>\n<meta name=\"twitter:card\" content=\"summary_large_image\" \/>\n<meta name=\"twitter:label1\" content=\"Est. reading time\" \/>\n\t<meta name=\"twitter:data1\" content=\"1 minute\" \/>\n<script type=\"application\/ld+json\" class=\"yoast-schema-graph\">{\"@context\":\"https:\\\/\\\/schema.org\",\"@graph\":[{\"@type\":\"WebPage\",\"@id\":\"https:\\\/\\\/gralmedical.com\\\/en\\\/produkt\\\/1983-maske-cool-hot-gel\\\/\",\"url\":\"https:\\\/\\\/gralmedical.com\\\/en\\\/produkt\\\/1983-maske-cool-hot-gel\\\/\",\"name\":\"1983 Maske Cool &amp; Hot Gel - GralMedical\",\"isPartOf\":{\"@id\":\"https:\\\/\\\/gralmedical.com\\\/en\\\/#website\"},\"primaryImageOfPage\":{\"@id\":\"https:\\\/\\\/gralmedical.com\\\/en\\\/produkt\\\/1983-maske-cool-hot-gel\\\/#primaryimage\"},\"image\":{\"@id\":\"https:\\\/\\\/gralmedical.com\\\/en\\\/produkt\\\/1983-maske-cool-hot-gel\\\/#primaryimage\"},\"thumbnailUrl\":\"https:\\\/\\\/gralmedical.com\\\/wp-content\\\/uploads\\\/2026\\\/02\\\/ChatGPT-Image-Feb-12-2026-10_12_12-AM.png\",\"datePublished\":\"2026-02-16T14:37:29+00:00\",\"dateModified\":\"2026-02-16T14:43:54+00:00\",\"breadcrumb\":{\"@id\":\"https:\\\/\\\/gralmedical.com\\\/en\\\/produkt\\\/1983-maske-cool-hot-gel\\\/#breadcrumb\"},\"inLanguage\":\"en-US\",\"potentialAction\":[{\"@type\":\"ReadAction\",\"target\":[\"https:\\\/\\\/gralmedical.com\\\/en\\\/produkt\\\/1983-maske-cool-hot-gel\\\/\"]}]},{\"@type\":\"ImageObject\",\"inLanguage\":\"en-US\",\"@id\":\"https:\\\/\\\/gralmedical.com\\\/en\\\/produkt\\\/1983-maske-cool-hot-gel\\\/#primaryimage\",\"url\":\"https:\\\/\\\/gralmedical.com\\\/wp-content\\\/uploads\\\/2026\\\/02\\\/ChatGPT-Image-Feb-12-2026-10_12_12-AM.png\",\"contentUrl\":\"https:\\\/\\\/gralmedical.com\\\/wp-content\\\/uploads\\\/2026\\\/02\\\/ChatGPT-Image-Feb-12-2026-10_12_12-AM.png\",\"width\":1024,\"height\":1536},{\"@type\":\"BreadcrumbList\",\"@id\":\"https:\\\/\\\/gralmedical.com\\\/en\\\/produkt\\\/1983-maske-cool-hot-gel\\\/#breadcrumb\",\"itemListElement\":[{\"@type\":\"ListItem\",\"position\":1,\"name\":\"Home\",\"item\":\"https:\\\/\\\/gralmedical.com\\\/en\\\/\"},{\"@type\":\"ListItem\",\"position\":2,\"name\":\"Produktet\",\"item\":\"https:\\\/\\\/gralmedical.com\\\/sq\\\/produktet\\\/\"},{\"@type\":\"ListItem\",\"position\":3,\"name\":\"1983 Maske Cool &amp; Hot Gel\"}]},{\"@type\":\"WebSite\",\"@id\":\"https:\\\/\\\/gralmedical.com\\\/en\\\/#website\",\"url\":\"https:\\\/\\\/gralmedical.com\\\/en\\\/\",\"name\":\"GralMedical\",\"description\":\"Laboratory equipment &amp; medical apparatus\",\"publisher\":{\"@id\":\"https:\\\/\\\/gralmedical.com\\\/en\\\/#organization\"},\"potentialAction\":[{\"@type\":\"SearchAction\",\"target\":{\"@type\":\"EntryPoint\",\"urlTemplate\":\"https:\\\/\\\/gralmedical.com\\\/en\\\/?s={search_term_string}\"},\"query-input\":{\"@type\":\"PropertyValueSpecification\",\"valueRequired\":true,\"valueName\":\"search_term_string\"}}],\"inLanguage\":\"en-US\"},{\"@type\":\"Organization\",\"@id\":\"https:\\\/\\\/gralmedical.com\\\/en\\\/#organization\",\"name\":\"Gralmedical\",\"url\":\"https:\\\/\\\/gralmedical.com\\\/en\\\/\",\"logo\":{\"@type\":\"ImageObject\",\"inLanguage\":\"en-US\",\"@id\":\"https:\\\/\\\/gralmedical.com\\\/en\\\/#\\\/schema\\\/logo\\\/image\\\/\",\"url\":\"https:\\\/\\\/gralmedical.com\\\/wp-content\\\/uploads\\\/2022\\\/04\\\/logo.png\",\"contentUrl\":\"https:\\\/\\\/gralmedical.com\\\/wp-content\\\/uploads\\\/2022\\\/04\\\/logo.png\",\"width\":491,\"height\":132,\"caption\":\"Gralmedical\"},\"image\":{\"@id\":\"https:\\\/\\\/gralmedical.com\\\/en\\\/#\\\/schema\\\/logo\\\/image\\\/\"},\"sameAs\":[\"https:\\\/\\\/www.facebook.com\\\/Gralmedical\"]}]}<\/script>\n<!-- \/ Yoast SEO plugin. -->","yoast_head_json":{"title":"1983 Maske Cool &amp; Hot Gel - GralMedical","robots":{"index":"index","follow":"follow","max-snippet":"max-snippet:-1","max-image-preview":"max-image-preview:large","max-video-preview":"max-video-preview:-1"},"canonical":"https:\/\/gralmedical.com\/en\/produkt\/1983-maske-cool-hot-gel\/","og_locale":"en_US","og_type":"article","og_title":"1983 Maske Cool &amp; Hot Gel - GralMedical","og_description":"Mask\u00eb me xhel p\u00ebr p\u00ebrdorim t\u00eb ftoht\u00eb ose t\u00eb ngroht\u00eb, e p\u00ebrshtatshme p\u00ebr migren\u00eb, dhimbje koke dhe relaksim. Rehati maksimale dhe mbulim 360\u00b0 p\u00ebr efekt t\u00eb shpejt\u00eb qet\u00ebsues.","og_url":"https:\/\/gralmedical.com\/en\/produkt\/1983-maske-cool-hot-gel\/","og_site_name":"GralMedical","article_publisher":"https:\/\/www.facebook.com\/Gralmedical","article_modified_time":"2026-02-16T14:43:54+00:00","og_image":[{"width":1024,"height":1536,"url":"https:\/\/gralmedical.com\/wp-content\/uploads\/2026\/02\/ChatGPT-Image-Feb-12-2026-10_12_12-AM.png","type":"image\/png"}],"twitter_card":"summary_large_image","twitter_misc":{"Est. reading time":"1 minute"},"schema":{"@context":"https:\/\/schema.org","@graph":[{"@type":"WebPage","@id":"https:\/\/gralmedical.com\/en\/produkt\/1983-maske-cool-hot-gel\/","url":"https:\/\/gralmedical.com\/en\/produkt\/1983-maske-cool-hot-gel\/","name":"1983 Maske Cool &amp; Hot Gel - GralMedical","isPartOf":{"@id":"https:\/\/gralmedical.com\/en\/#website"},"primaryImageOfPage":{"@id":"https:\/\/gralmedical.com\/en\/produkt\/1983-maske-cool-hot-gel\/#primaryimage"},"image":{"@id":"https:\/\/gralmedical.com\/en\/produkt\/1983-maske-cool-hot-gel\/#primaryimage"},"thumbnailUrl":"https:\/\/gralmedical.com\/wp-content\/uploads\/2026\/02\/ChatGPT-Image-Feb-12-2026-10_12_12-AM.png","datePublished":"2026-02-16T14:37:29+00:00","dateModified":"2026-02-16T14:43:54+00:00","breadcrumb":{"@id":"https:\/\/gralmedical.com\/en\/produkt\/1983-maske-cool-hot-gel\/#breadcrumb"},"inLanguage":"en-US","potentialAction":[{"@type":"ReadAction","target":["https:\/\/gralmedical.com\/en\/produkt\/1983-maske-cool-hot-gel\/"]}]},{"@type":"ImageObject","inLanguage":"en-US","@id":"https:\/\/gralmedical.com\/en\/produkt\/1983-maske-cool-hot-gel\/#primaryimage","url":"https:\/\/gralmedical.com\/wp-content\/uploads\/2026\/02\/ChatGPT-Image-Feb-12-2026-10_12_12-AM.png","contentUrl":"https:\/\/gralmedical.com\/wp-content\/uploads\/2026\/02\/ChatGPT-Image-Feb-12-2026-10_12_12-AM.png","width":1024,"height":1536},{"@type":"BreadcrumbList","@id":"https:\/\/gralmedical.com\/en\/produkt\/1983-maske-cool-hot-gel\/#breadcrumb","itemListElement":[{"@type":"ListItem","position":1,"name":"Home","item":"https:\/\/gralmedical.com\/en\/"},{"@type":"ListItem","position":2,"name":"Produktet","item":"https:\/\/gralmedical.com\/sq\/produktet\/"},{"@type":"ListItem","position":3,"name":"1983 Maske Cool &amp; Hot Gel"}]},{"@type":"WebSite","@id":"https:\/\/gralmedical.com\/en\/#website","url":"https:\/\/gralmedical.com\/en\/","name":"GralMedical","description":"Laboratory equipment &amp; medical apparatus","publisher":{"@id":"https:\/\/gralmedical.com\/en\/#organization"},"potentialAction":[{"@type":"SearchAction","target":{"@type":"EntryPoint","urlTemplate":"https:\/\/gralmedical.com\/en\/?s={search_term_string}"},"query-input":{"@type":"PropertyValueSpecification","valueRequired":true,"valueName":"search_term_string"}}],"inLanguage":"en-US"},{"@type":"Organization","@id":"https:\/\/gralmedical.com\/en\/#organization","name":"Gralmedical","url":"https:\/\/gralmedical.com\/en\/","logo":{"@type":"ImageObject","inLanguage":"en-US","@id":"https:\/\/gralmedical.com\/en\/#\/schema\/logo\/image\/","url":"https:\/\/gralmedical.com\/wp-content\/uploads\/2022\/04\/logo.png","contentUrl":"https:\/\/gralmedical.com\/wp-content\/uploads\/2022\/04\/logo.png","width":491,"height":132,"caption":"Gralmedical"},"image":{"@id":"https:\/\/gralmedical.com\/en\/#\/schema\/logo\/image\/"},"sameAs":["https:\/\/www.facebook.com\/Gralmedical"]}]}},"_links":{"self":[{"href":"https:\/\/gralmedical.com\/en\/wp-json\/wp\/v2\/product\/2783","targetHints":{"allow":["GET"]}}],"collection":[{"href":"https:\/\/gralmedical.com\/en\/wp-json\/wp\/v2\/product"}],"about":[{"href":"https:\/\/gralmedical.com\/en\/wp-json\/wp\/v2\/types\/product"}],"wp:featuredmedia":[{"embeddable":true,"href":"https:\/\/gralmedical.com\/en\/wp-json\/wp\/v2\/media\/2784"}],"wp:attachment":[{"href":"https:\/\/gralmedical.com\/en\/wp-json\/wp\/v2\/media?parent=2783"}],"wp:term":[{"taxonomy":"product_brand","embeddable":true,"href":"https:\/\/gralmedical.com\/en\/wp-json\/wp\/v2\/product_brand?post=2783"},{"taxonomy":"product_cat","embeddable":true,"href":"https:\/\/gralmedical.com\/en\/wp-json\/wp\/v2\/product_cat?post=2783"},{"taxonomy":"product_tag","embeddable":true,"href":"https:\/\/gralmedical.com\/en\/wp-json\/wp\/v2\/product_tag?post=2783"}],"curies":[{"name":"wp","href":"https:\/\/api.w.org\/{rel}","templated":true}]}}