{"id":2777,"date":"2026-02-09T14:09:30","date_gmt":"2026-02-09T13:09:30","guid":{"rendered":"https:\/\/gralmedical.com\/?post_type=product&#038;p=2777"},"modified":"2026-02-16T15:45:02","modified_gmt":"2026-02-16T14:45:02","slug":"0230-mbulese-e-papershkueshme-nga-uji-per-krahun","status":"publish","type":"product","link":"https:\/\/gralmedical.com\/en\/produkt\/0230-mbulese-e-papershkueshme-nga-uji-per-krahun\/","title":{"rendered":"0230 Mbulese e pap\u00ebrshkueshme nga uji p\u00ebr krahun"},"content":{"rendered":"<p>Mbulesa e Pap\u00ebrshkueshme nga Uji p\u00ebr Krahun \u00ebsht\u00eb nj\u00eb zgjidhje praktike p\u00ebr mbrojtjen e all\u00e7ive, fashave, plag\u00ebve ose garzave nga uji. E prodhuar nga PVC rezistente dhe e rip\u00ebrdorshme, ajo \u00ebsht\u00eb e pajisur me nj\u00eb unaz\u00eb plastike q\u00eb mund\u00ebson vendosje dhe heqje t\u00eb leht\u00eb. Ideale p\u00ebr p\u00ebrdorim gjat\u00eb dushit ose banj\u00ebs, kjo mbules\u00eb ndihmon q\u00eb krahu t\u00eb mbetet i that\u00eb dhe i mbrojtur. E destinuar p\u00ebr p\u00ebrdorim nga nj\u00eb pacient i vet\u00ebm. Gjat\u00ebsia: 56 cm.<\/p>\n","protected":false},"excerpt":{"rendered":"<p>Mbules\u00eb e pap\u00ebrshkueshme nga uji p\u00ebr krahun, <strong data-start=\"635\" data-end=\"653\">e rip\u00ebrdorshme<\/strong>, prej PVC-je, me unaz\u00eb plastike. E leht\u00eb p\u00ebr t\u2019u vendosur, ideale p\u00ebr dush dhe banj\u00eb. P\u00ebrdorim p\u00ebr nj\u00eb pacient. Gjat\u00ebsia: 56 cm.<\/p>\n","protected":false},"featured_media":2778,"template":"","meta":{"inline_featured_image":false},"product_brand":[],"product_cat":[235],"product_tag":[],"class_list":{"0":"post-2777","1":"product","2":"type-product","3":"status-publish","4":"has-post-thumbnail","6":"product_cat-te-ndryshme","8":"first","9":"instock","10":"shipping-taxable","11":"product-type-simple"},"yoast_head":"<!-- This site is optimized with the Yoast SEO plugin v27.4 - https:\/\/yoast.com\/product\/yoast-seo-wordpress\/ -->\n<title>0230 Mbulese e pap\u00ebrshkueshme nga uji p\u00ebr krahun - GralMedical<\/title>\n<meta name=\"robots\" content=\"index, follow, max-snippet:-1, max-image-preview:large, max-video-preview:-1\" \/>\n<link rel=\"canonical\" href=\"https:\/\/gralmedical.com\/en\/produkt\/0230-mbulese-e-papershkueshme-nga-uji-per-krahun\/\" \/>\n<meta property=\"og:locale\" content=\"en_US\" \/>\n<meta property=\"og:type\" content=\"article\" \/>\n<meta property=\"og:title\" content=\"0230 Mbulese e pap\u00ebrshkueshme nga uji p\u00ebr krahun - GralMedical\" \/>\n<meta property=\"og:description\" content=\"Mbules\u00eb e pap\u00ebrshkueshme nga uji p\u00ebr krahun, e rip\u00ebrdorshme, prej PVC-je, me unaz\u00eb plastike. E leht\u00eb p\u00ebr t\u2019u vendosur, ideale p\u00ebr dush dhe banj\u00eb. P\u00ebrdorim p\u00ebr nj\u00eb pacient. Gjat\u00ebsia: 56 cm.\" \/>\n<meta property=\"og:url\" content=\"https:\/\/gralmedical.com\/en\/produkt\/0230-mbulese-e-papershkueshme-nga-uji-per-krahun\/\" \/>\n<meta property=\"og:site_name\" content=\"GralMedical\" \/>\n<meta property=\"article:publisher\" content=\"https:\/\/www.facebook.com\/Gralmedical\" \/>\n<meta property=\"article:modified_time\" content=\"2026-02-16T14:45:02+00:00\" \/>\n<meta property=\"og:image\" content=\"https:\/\/gralmedical.com\/wp-content\/uploads\/2026\/02\/70110680_b-2016-scaled.jpg\" \/>\n\t<meta property=\"og:image:width\" content=\"2560\" \/>\n\t<meta property=\"og:image:height\" content=\"1707\" \/>\n\t<meta property=\"og:image:type\" content=\"image\/jpeg\" \/>\n<meta name=\"twitter:card\" content=\"summary_large_image\" \/>\n<meta name=\"twitter:label1\" content=\"Est. reading time\" \/>\n\t<meta name=\"twitter:data1\" content=\"1 minute\" \/>\n<script type=\"application\/ld+json\" class=\"yoast-schema-graph\">{\"@context\":\"https:\\\/\\\/schema.org\",\"@graph\":[{\"@type\":\"WebPage\",\"@id\":\"https:\\\/\\\/gralmedical.com\\\/en\\\/produkt\\\/0230-mbulese-e-papershkueshme-nga-uji-per-krahun\\\/\",\"url\":\"https:\\\/\\\/gralmedical.com\\\/en\\\/produkt\\\/0230-mbulese-e-papershkueshme-nga-uji-per-krahun\\\/\",\"name\":\"0230 Mbulese e pap\u00ebrshkueshme nga uji p\u00ebr krahun - GralMedical\",\"isPartOf\":{\"@id\":\"https:\\\/\\\/gralmedical.com\\\/en\\\/#website\"},\"primaryImageOfPage\":{\"@id\":\"https:\\\/\\\/gralmedical.com\\\/en\\\/produkt\\\/0230-mbulese-e-papershkueshme-nga-uji-per-krahun\\\/#primaryimage\"},\"image\":{\"@id\":\"https:\\\/\\\/gralmedical.com\\\/en\\\/produkt\\\/0230-mbulese-e-papershkueshme-nga-uji-per-krahun\\\/#primaryimage\"},\"thumbnailUrl\":\"https:\\\/\\\/gralmedical.com\\\/wp-content\\\/uploads\\\/2026\\\/02\\\/70110680_b-2016-scaled.jpg\",\"datePublished\":\"2026-02-09T13:09:30+00:00\",\"dateModified\":\"2026-02-16T14:45:02+00:00\",\"breadcrumb\":{\"@id\":\"https:\\\/\\\/gralmedical.com\\\/en\\\/produkt\\\/0230-mbulese-e-papershkueshme-nga-uji-per-krahun\\\/#breadcrumb\"},\"inLanguage\":\"en-US\",\"potentialAction\":[{\"@type\":\"ReadAction\",\"target\":[\"https:\\\/\\\/gralmedical.com\\\/en\\\/produkt\\\/0230-mbulese-e-papershkueshme-nga-uji-per-krahun\\\/\"]}]},{\"@type\":\"ImageObject\",\"inLanguage\":\"en-US\",\"@id\":\"https:\\\/\\\/gralmedical.com\\\/en\\\/produkt\\\/0230-mbulese-e-papershkueshme-nga-uji-per-krahun\\\/#primaryimage\",\"url\":\"https:\\\/\\\/gralmedical.com\\\/wp-content\\\/uploads\\\/2026\\\/02\\\/70110680_b-2016-scaled.jpg\",\"contentUrl\":\"https:\\\/\\\/gralmedical.com\\\/wp-content\\\/uploads\\\/2026\\\/02\\\/70110680_b-2016-scaled.jpg\",\"width\":2560,\"height\":1707},{\"@type\":\"BreadcrumbList\",\"@id\":\"https:\\\/\\\/gralmedical.com\\\/en\\\/produkt\\\/0230-mbulese-e-papershkueshme-nga-uji-per-krahun\\\/#breadcrumb\",\"itemListElement\":[{\"@type\":\"ListItem\",\"position\":1,\"name\":\"Home\",\"item\":\"https:\\\/\\\/gralmedical.com\\\/en\\\/\"},{\"@type\":\"ListItem\",\"position\":2,\"name\":\"Produktet\",\"item\":\"https:\\\/\\\/gralmedical.com\\\/sq\\\/produktet\\\/\"},{\"@type\":\"ListItem\",\"position\":3,\"name\":\"0230 Mbulese e pap\u00ebrshkueshme nga uji p\u00ebr krahun\"}]},{\"@type\":\"WebSite\",\"@id\":\"https:\\\/\\\/gralmedical.com\\\/en\\\/#website\",\"url\":\"https:\\\/\\\/gralmedical.com\\\/en\\\/\",\"name\":\"GralMedical\",\"description\":\"Laboratory equipment &amp; medical apparatus\",\"publisher\":{\"@id\":\"https:\\\/\\\/gralmedical.com\\\/en\\\/#organization\"},\"potentialAction\":[{\"@type\":\"SearchAction\",\"target\":{\"@type\":\"EntryPoint\",\"urlTemplate\":\"https:\\\/\\\/gralmedical.com\\\/en\\\/?s={search_term_string}\"},\"query-input\":{\"@type\":\"PropertyValueSpecification\",\"valueRequired\":true,\"valueName\":\"search_term_string\"}}],\"inLanguage\":\"en-US\"},{\"@type\":\"Organization\",\"@id\":\"https:\\\/\\\/gralmedical.com\\\/en\\\/#organization\",\"name\":\"Gralmedical\",\"url\":\"https:\\\/\\\/gralmedical.com\\\/en\\\/\",\"logo\":{\"@type\":\"ImageObject\",\"inLanguage\":\"en-US\",\"@id\":\"https:\\\/\\\/gralmedical.com\\\/en\\\/#\\\/schema\\\/logo\\\/image\\\/\",\"url\":\"https:\\\/\\\/gralmedical.com\\\/wp-content\\\/uploads\\\/2022\\\/04\\\/logo.png\",\"contentUrl\":\"https:\\\/\\\/gralmedical.com\\\/wp-content\\\/uploads\\\/2022\\\/04\\\/logo.png\",\"width\":491,\"height\":132,\"caption\":\"Gralmedical\"},\"image\":{\"@id\":\"https:\\\/\\\/gralmedical.com\\\/en\\\/#\\\/schema\\\/logo\\\/image\\\/\"},\"sameAs\":[\"https:\\\/\\\/www.facebook.com\\\/Gralmedical\"]}]}<\/script>\n<!-- \/ Yoast SEO plugin. -->","yoast_head_json":{"title":"0230 Mbulese e pap\u00ebrshkueshme nga uji p\u00ebr krahun - GralMedical","robots":{"index":"index","follow":"follow","max-snippet":"max-snippet:-1","max-image-preview":"max-image-preview:large","max-video-preview":"max-video-preview:-1"},"canonical":"https:\/\/gralmedical.com\/en\/produkt\/0230-mbulese-e-papershkueshme-nga-uji-per-krahun\/","og_locale":"en_US","og_type":"article","og_title":"0230 Mbulese e pap\u00ebrshkueshme nga uji p\u00ebr krahun - GralMedical","og_description":"Mbules\u00eb e pap\u00ebrshkueshme nga uji p\u00ebr krahun, e rip\u00ebrdorshme, prej PVC-je, me unaz\u00eb plastike. E leht\u00eb p\u00ebr t\u2019u vendosur, ideale p\u00ebr dush dhe banj\u00eb. P\u00ebrdorim p\u00ebr nj\u00eb pacient. Gjat\u00ebsia: 56 cm.","og_url":"https:\/\/gralmedical.com\/en\/produkt\/0230-mbulese-e-papershkueshme-nga-uji-per-krahun\/","og_site_name":"GralMedical","article_publisher":"https:\/\/www.facebook.com\/Gralmedical","article_modified_time":"2026-02-16T14:45:02+00:00","og_image":[{"width":2560,"height":1707,"url":"https:\/\/gralmedical.com\/wp-content\/uploads\/2026\/02\/70110680_b-2016-scaled.jpg","type":"image\/jpeg"}],"twitter_card":"summary_large_image","twitter_misc":{"Est. reading time":"1 minute"},"schema":{"@context":"https:\/\/schema.org","@graph":[{"@type":"WebPage","@id":"https:\/\/gralmedical.com\/en\/produkt\/0230-mbulese-e-papershkueshme-nga-uji-per-krahun\/","url":"https:\/\/gralmedical.com\/en\/produkt\/0230-mbulese-e-papershkueshme-nga-uji-per-krahun\/","name":"0230 Mbulese e pap\u00ebrshkueshme nga uji p\u00ebr krahun - GralMedical","isPartOf":{"@id":"https:\/\/gralmedical.com\/en\/#website"},"primaryImageOfPage":{"@id":"https:\/\/gralmedical.com\/en\/produkt\/0230-mbulese-e-papershkueshme-nga-uji-per-krahun\/#primaryimage"},"image":{"@id":"https:\/\/gralmedical.com\/en\/produkt\/0230-mbulese-e-papershkueshme-nga-uji-per-krahun\/#primaryimage"},"thumbnailUrl":"https:\/\/gralmedical.com\/wp-content\/uploads\/2026\/02\/70110680_b-2016-scaled.jpg","datePublished":"2026-02-09T13:09:30+00:00","dateModified":"2026-02-16T14:45:02+00:00","breadcrumb":{"@id":"https:\/\/gralmedical.com\/en\/produkt\/0230-mbulese-e-papershkueshme-nga-uji-per-krahun\/#breadcrumb"},"inLanguage":"en-US","potentialAction":[{"@type":"ReadAction","target":["https:\/\/gralmedical.com\/en\/produkt\/0230-mbulese-e-papershkueshme-nga-uji-per-krahun\/"]}]},{"@type":"ImageObject","inLanguage":"en-US","@id":"https:\/\/gralmedical.com\/en\/produkt\/0230-mbulese-e-papershkueshme-nga-uji-per-krahun\/#primaryimage","url":"https:\/\/gralmedical.com\/wp-content\/uploads\/2026\/02\/70110680_b-2016-scaled.jpg","contentUrl":"https:\/\/gralmedical.com\/wp-content\/uploads\/2026\/02\/70110680_b-2016-scaled.jpg","width":2560,"height":1707},{"@type":"BreadcrumbList","@id":"https:\/\/gralmedical.com\/en\/produkt\/0230-mbulese-e-papershkueshme-nga-uji-per-krahun\/#breadcrumb","itemListElement":[{"@type":"ListItem","position":1,"name":"Home","item":"https:\/\/gralmedical.com\/en\/"},{"@type":"ListItem","position":2,"name":"Produktet","item":"https:\/\/gralmedical.com\/sq\/produktet\/"},{"@type":"ListItem","position":3,"name":"0230 Mbulese e pap\u00ebrshkueshme nga uji p\u00ebr krahun"}]},{"@type":"WebSite","@id":"https:\/\/gralmedical.com\/en\/#website","url":"https:\/\/gralmedical.com\/en\/","name":"GralMedical","description":"Laboratory equipment &amp; medical apparatus","publisher":{"@id":"https:\/\/gralmedical.com\/en\/#organization"},"potentialAction":[{"@type":"SearchAction","target":{"@type":"EntryPoint","urlTemplate":"https:\/\/gralmedical.com\/en\/?s={search_term_string}"},"query-input":{"@type":"PropertyValueSpecification","valueRequired":true,"valueName":"search_term_string"}}],"inLanguage":"en-US"},{"@type":"Organization","@id":"https:\/\/gralmedical.com\/en\/#organization","name":"Gralmedical","url":"https:\/\/gralmedical.com\/en\/","logo":{"@type":"ImageObject","inLanguage":"en-US","@id":"https:\/\/gralmedical.com\/en\/#\/schema\/logo\/image\/","url":"https:\/\/gralmedical.com\/wp-content\/uploads\/2022\/04\/logo.png","contentUrl":"https:\/\/gralmedical.com\/wp-content\/uploads\/2022\/04\/logo.png","width":491,"height":132,"caption":"Gralmedical"},"image":{"@id":"https:\/\/gralmedical.com\/en\/#\/schema\/logo\/image\/"},"sameAs":["https:\/\/www.facebook.com\/Gralmedical"]}]}},"_links":{"self":[{"href":"https:\/\/gralmedical.com\/en\/wp-json\/wp\/v2\/product\/2777","targetHints":{"allow":["GET"]}}],"collection":[{"href":"https:\/\/gralmedical.com\/en\/wp-json\/wp\/v2\/product"}],"about":[{"href":"https:\/\/gralmedical.com\/en\/wp-json\/wp\/v2\/types\/product"}],"wp:featuredmedia":[{"embeddable":true,"href":"https:\/\/gralmedical.com\/en\/wp-json\/wp\/v2\/media\/2778"}],"wp:attachment":[{"href":"https:\/\/gralmedical.com\/en\/wp-json\/wp\/v2\/media?parent=2777"}],"wp:term":[{"taxonomy":"product_brand","embeddable":true,"href":"https:\/\/gralmedical.com\/en\/wp-json\/wp\/v2\/product_brand?post=2777"},{"taxonomy":"product_cat","embeddable":true,"href":"https:\/\/gralmedical.com\/en\/wp-json\/wp\/v2\/product_cat?post=2777"},{"taxonomy":"product_tag","embeddable":true,"href":"https:\/\/gralmedical.com\/en\/wp-json\/wp\/v2\/product_tag?post=2777"}],"curies":[{"name":"wp","href":"https:\/\/api.w.org\/{rel}","templated":true}]}}