{"id":2760,"date":"2026-02-09T11:55:34","date_gmt":"2026-02-09T10:55:34","guid":{"rendered":"https:\/\/gralmedical.com\/?post_type=product&#038;p=2760"},"modified":"2026-02-09T11:56:24","modified_gmt":"2026-02-09T10:56:24","slug":"2760","status":"publish","type":"product","link":"https:\/\/gralmedical.com\/en\/produkt\/2760\/","title":{"rendered":"1711 Cante e ndihmes se shpejte"},"content":{"rendered":"<p data-start=\"146\" data-end=\"396\">Kjo <strong data-start=\"150\" data-end=\"180\">\u00e7ant\u00eb e ndihm\u00ebs s\u00eb shpejt\u00eb<\/strong> \u00ebsht\u00eb nj\u00eb komplet kompakt dhe i organizuar mir\u00eb, i projektuar p\u00ebr t\u00eb ofruar pajisjet baz\u00eb mjek\u00ebsore p\u00ebr nd\u00ebrhyrje t\u00eb menj\u00ebhershme n\u00eb raste emergjente, n\u00eb sht\u00ebpi, n\u00eb pun\u00eb, gjat\u00eb udh\u00ebtimeve apo aktiviteteve n\u00eb natyr\u00eb.<\/p>\n<p data-start=\"398\" data-end=\"800\">E paketuar n\u00eb nj\u00eb <strong data-start=\"416\" data-end=\"456\">kuti rezistente EVA (17 \u00d7 11 \u00d7 4 cm)<\/strong>, p\u00ebrmban nj\u00eb gam\u00eb t\u00eb plot\u00eb materialesh mjek\u00ebsore si: g\u00ebrsh\u00ebr\u00eb, piskatore, garza sterile, fasha elastike, leukoplast, fasha p\u00ebr plag\u00eb, doreza mbrojt\u00ebse dhe pecet\u00eb pastruese.<br data-start=\"629\" data-end=\"632\" \/>Kompleti p\u00ebrfshin gjithashtu nj\u00eb <strong data-start=\"665\" data-end=\"716\">lib\u00ebr udh\u00ebzues p\u00ebr ndihm\u00ebn e shpejt\u00eb<\/strong>, i cili shpjegon m\u00ebnyr\u00ebn e sakt\u00eb t\u00eb p\u00ebrdorimit t\u00eb produkteve n\u00eb situata emergjente.<\/p>\n<p data-start=\"802\" data-end=\"988\">I p\u00ebrshtatsh\u00ebm p\u00ebr trajtimin e l\u00ebndimeve t\u00eb lehta si prerje, g\u00ebrvishtje, ndrydhje dhe plag\u00eb t\u00eb vogla, ky komplet garanton higjien\u00eb, siguri dhe reagim t\u00eb shpejt\u00eb kur \u00ebsht\u00eb m\u00eb e nevojshme.<\/p>\n<table class=\"table\" border=\"1\" cellpadding=\"5\">\n<tbody>\n<tr>\n<td>DESCRIPTION<\/td>\n<td>VALUE<\/td>\n<td>QUANTITY<\/td>\n<\/tr>\n<tr>\n<td><strong>G\u00ebrsh\u00ebr\u00eb <\/strong><\/td>\n<td>9cm<\/td>\n<td>1 pc<\/td>\n<\/tr>\n<tr>\n<td><strong>Pinc\u00eb plastike<\/strong><\/td>\n<td>12cm, ABS<\/td>\n<td>1 pc<\/td>\n<\/tr>\n<tr>\n<td><strong>Garze sterile sfungjer<\/strong><\/td>\n<td>2\u2033x2\u2033-8ply<\/td>\n<td>1 pack<\/td>\n<\/tr>\n<tr>\n<td><strong>Pambuk ngjit\u00ebs<\/strong><\/td>\n<td>5cm x 4.5m<\/td>\n<td>1 roll<\/td>\n<\/tr>\n<tr>\n<td><strong>Pambuk ngjit\u00ebs<\/strong><\/td>\n<td>7.5cm x 4.5m<\/td>\n<td>1 roll<\/td>\n<\/tr>\n<tr>\n<td><strong>Shirit jo i endur<\/strong><\/td>\n<td>1.25cm x 5m<\/td>\n<td>1 roll<\/td>\n<\/tr>\n<tr>\n<td><strong>Doreza vinili<\/strong><\/td>\n<td>Xlarge<\/td>\n<td>1 pair<\/td>\n<\/tr>\n<tr>\n<td><strong>Pastrues i lag\u00ebsht, Nacl 0.9%<\/strong><\/td>\n<td>6 x 6cm<\/td>\n<td>1 pc<\/td>\n<\/tr>\n<tr>\n<td><strong>Plast\u00ebr ngjit\u00ebs<\/strong><\/td>\n<td>7.2 x 1.9cm, PE<\/td>\n<td>5 pc<\/td>\n<\/tr>\n<tr>\n<td><strong>Pambuk transparent p\u00ebr plag\u00eb<\/strong><\/td>\n<td>6 x 10cm, PU<\/td>\n<td>1 pc<\/td>\n<\/tr>\n<tr>\n<td><strong>Garz\u00eb trek\u00ebnd\u00ebshe<\/strong><\/td>\n<td>96 x 96 x 136cm<\/td>\n<td>1 pack<\/td>\n<\/tr>\n<tr>\n<td><strong>Kapse sigurie<\/strong><\/td>\n<td>3.6cm<\/td>\n<td>2 pc<\/td>\n<\/tr>\n<tr>\n<td><b>Cante First Aid Kit masa: S<\/b><\/td>\n<td>17 x 11 x 4cm<\/td>\n<td>1 pc<\/td>\n<\/tr>\n<tr>\n<td><strong>Lista e produkteve<\/strong><\/td>\n<td>10.3 x 15cm<\/td>\n<td>1 pc<\/td>\n<\/tr>\n<tr>\n<td><strong>Udhezues Manual<\/strong><\/td>\n<td>6 Languages, 14.2 x 10.5cm<\/td>\n<td>1 pc<\/td>\n<\/tr>\n<\/tbody>\n<\/table>\n","protected":false},"excerpt":{"rendered":"<p data-start=\"1024\" data-end=\"1299\">\u00c7ant\u00eb kompakte e ndihm\u00ebs s\u00eb shpejt\u00eb me pajisje baz\u00eb mjek\u00ebsore, e ruajtur n\u00eb kuti EVA rezistente. P\u00ebrfshin fasha, materiale p\u00ebr plag\u00eb, mjete ndihm\u00ebse, doreza dhe <strong data-start=\"1185\" data-end=\"1238\">lib\u00ebr udh\u00ebzues shum\u00ebgjuh\u00ebsh p\u00ebr ndihm\u00ebn e shpejt\u00eb<\/strong>. Ideale p\u00ebr sht\u00ebpi, pun\u00eb, udh\u00ebtime dhe aktivitete n\u00eb natyr\u00eb.<\/p>\n","protected":false},"featured_media":2761,"template":"","meta":{"inline_featured_image":false},"product_brand":[],"product_cat":[235],"product_tag":[],"class_list":{"0":"post-2760","1":"product","2":"type-product","3":"status-publish","4":"has-post-thumbnail","6":"product_cat-te-ndryshme","8":"first","9":"instock","10":"shipping-taxable","11":"product-type-simple"},"yoast_head":"<!-- This site is optimized with the Yoast SEO plugin v27.4 - https:\/\/yoast.com\/product\/yoast-seo-wordpress\/ -->\n<title>1711 Cante e ndihmes se shpejte - GralMedical<\/title>\n<meta name=\"robots\" content=\"index, follow, max-snippet:-1, max-image-preview:large, max-video-preview:-1\" \/>\n<link rel=\"canonical\" href=\"https:\/\/gralmedical.com\/en\/produkt\/2760\/\" \/>\n<meta property=\"og:locale\" content=\"en_US\" \/>\n<meta property=\"og:type\" content=\"article\" \/>\n<meta property=\"og:title\" content=\"1711 Cante e ndihmes se shpejte - GralMedical\" \/>\n<meta property=\"og:description\" content=\"\u00c7ant\u00eb kompakte e ndihm\u00ebs s\u00eb shpejt\u00eb me pajisje baz\u00eb mjek\u00ebsore, e ruajtur n\u00eb kuti EVA rezistente. P\u00ebrfshin fasha, materiale p\u00ebr plag\u00eb, mjete ndihm\u00ebse, doreza dhe lib\u00ebr udh\u00ebzues shum\u00ebgjuh\u00ebsh p\u00ebr ndihm\u00ebn e shpejt\u00eb. Ideale p\u00ebr sht\u00ebpi, pun\u00eb, udh\u00ebtime dhe aktivitete n\u00eb natyr\u00eb.\" \/>\n<meta property=\"og:url\" content=\"https:\/\/gralmedical.com\/en\/produkt\/2760\/\" \/>\n<meta property=\"og:site_name\" content=\"GralMedical\" \/>\n<meta property=\"article:publisher\" content=\"https:\/\/www.facebook.com\/Gralmedical\" \/>\n<meta property=\"article:modified_time\" content=\"2026-02-09T10:56:24+00:00\" \/>\n<meta property=\"og:image\" content=\"https:\/\/gralmedical.com\/wp-content\/uploads\/2026\/02\/0804602-600x600-1.jpg\" \/>\n\t<meta property=\"og:image:width\" content=\"600\" \/>\n\t<meta property=\"og:image:height\" content=\"600\" \/>\n\t<meta property=\"og:image:type\" content=\"image\/jpeg\" \/>\n<meta name=\"twitter:card\" content=\"summary_large_image\" \/>\n<meta name=\"twitter:label1\" content=\"Est. reading time\" \/>\n\t<meta name=\"twitter:data1\" content=\"2 minutes\" \/>\n<script type=\"application\/ld+json\" class=\"yoast-schema-graph\">{\"@context\":\"https:\\\/\\\/schema.org\",\"@graph\":[{\"@type\":\"WebPage\",\"@id\":\"https:\\\/\\\/gralmedical.com\\\/en\\\/produkt\\\/2760\\\/\",\"url\":\"https:\\\/\\\/gralmedical.com\\\/en\\\/produkt\\\/2760\\\/\",\"name\":\"1711 Cante e ndihmes se shpejte - GralMedical\",\"isPartOf\":{\"@id\":\"https:\\\/\\\/gralmedical.com\\\/en\\\/#website\"},\"primaryImageOfPage\":{\"@id\":\"https:\\\/\\\/gralmedical.com\\\/en\\\/produkt\\\/2760\\\/#primaryimage\"},\"image\":{\"@id\":\"https:\\\/\\\/gralmedical.com\\\/en\\\/produkt\\\/2760\\\/#primaryimage\"},\"thumbnailUrl\":\"https:\\\/\\\/gralmedical.com\\\/wp-content\\\/uploads\\\/2026\\\/02\\\/0804602-600x600-1.jpg\",\"datePublished\":\"2026-02-09T10:55:34+00:00\",\"dateModified\":\"2026-02-09T10:56:24+00:00\",\"breadcrumb\":{\"@id\":\"https:\\\/\\\/gralmedical.com\\\/en\\\/produkt\\\/2760\\\/#breadcrumb\"},\"inLanguage\":\"en-US\",\"potentialAction\":[{\"@type\":\"ReadAction\",\"target\":[\"https:\\\/\\\/gralmedical.com\\\/en\\\/produkt\\\/2760\\\/\"]}]},{\"@type\":\"ImageObject\",\"inLanguage\":\"en-US\",\"@id\":\"https:\\\/\\\/gralmedical.com\\\/en\\\/produkt\\\/2760\\\/#primaryimage\",\"url\":\"https:\\\/\\\/gralmedical.com\\\/wp-content\\\/uploads\\\/2026\\\/02\\\/0804602-600x600-1.jpg\",\"contentUrl\":\"https:\\\/\\\/gralmedical.com\\\/wp-content\\\/uploads\\\/2026\\\/02\\\/0804602-600x600-1.jpg\",\"width\":600,\"height\":600},{\"@type\":\"BreadcrumbList\",\"@id\":\"https:\\\/\\\/gralmedical.com\\\/en\\\/produkt\\\/2760\\\/#breadcrumb\",\"itemListElement\":[{\"@type\":\"ListItem\",\"position\":1,\"name\":\"Home\",\"item\":\"https:\\\/\\\/gralmedical.com\\\/en\\\/\"},{\"@type\":\"ListItem\",\"position\":2,\"name\":\"Produktet\",\"item\":\"https:\\\/\\\/gralmedical.com\\\/sq\\\/produktet\\\/\"},{\"@type\":\"ListItem\",\"position\":3,\"name\":\"1711 Cante e ndihmes se shpejte\"}]},{\"@type\":\"WebSite\",\"@id\":\"https:\\\/\\\/gralmedical.com\\\/en\\\/#website\",\"url\":\"https:\\\/\\\/gralmedical.com\\\/en\\\/\",\"name\":\"GralMedical\",\"description\":\"Laboratory equipment &amp; medical apparatus\",\"publisher\":{\"@id\":\"https:\\\/\\\/gralmedical.com\\\/en\\\/#organization\"},\"potentialAction\":[{\"@type\":\"SearchAction\",\"target\":{\"@type\":\"EntryPoint\",\"urlTemplate\":\"https:\\\/\\\/gralmedical.com\\\/en\\\/?s={search_term_string}\"},\"query-input\":{\"@type\":\"PropertyValueSpecification\",\"valueRequired\":true,\"valueName\":\"search_term_string\"}}],\"inLanguage\":\"en-US\"},{\"@type\":\"Organization\",\"@id\":\"https:\\\/\\\/gralmedical.com\\\/en\\\/#organization\",\"name\":\"Gralmedical\",\"url\":\"https:\\\/\\\/gralmedical.com\\\/en\\\/\",\"logo\":{\"@type\":\"ImageObject\",\"inLanguage\":\"en-US\",\"@id\":\"https:\\\/\\\/gralmedical.com\\\/en\\\/#\\\/schema\\\/logo\\\/image\\\/\",\"url\":\"https:\\\/\\\/gralmedical.com\\\/wp-content\\\/uploads\\\/2022\\\/04\\\/logo.png\",\"contentUrl\":\"https:\\\/\\\/gralmedical.com\\\/wp-content\\\/uploads\\\/2022\\\/04\\\/logo.png\",\"width\":491,\"height\":132,\"caption\":\"Gralmedical\"},\"image\":{\"@id\":\"https:\\\/\\\/gralmedical.com\\\/en\\\/#\\\/schema\\\/logo\\\/image\\\/\"},\"sameAs\":[\"https:\\\/\\\/www.facebook.com\\\/Gralmedical\"]}]}<\/script>\n<!-- \/ Yoast SEO plugin. -->","yoast_head_json":{"title":"1711 Cante e ndihmes se shpejte - GralMedical","robots":{"index":"index","follow":"follow","max-snippet":"max-snippet:-1","max-image-preview":"max-image-preview:large","max-video-preview":"max-video-preview:-1"},"canonical":"https:\/\/gralmedical.com\/en\/produkt\/2760\/","og_locale":"en_US","og_type":"article","og_title":"1711 Cante e ndihmes se shpejte - GralMedical","og_description":"\u00c7ant\u00eb kompakte e ndihm\u00ebs s\u00eb shpejt\u00eb me pajisje baz\u00eb mjek\u00ebsore, e ruajtur n\u00eb kuti EVA rezistente. P\u00ebrfshin fasha, materiale p\u00ebr plag\u00eb, mjete ndihm\u00ebse, doreza dhe lib\u00ebr udh\u00ebzues shum\u00ebgjuh\u00ebsh p\u00ebr ndihm\u00ebn e shpejt\u00eb. Ideale p\u00ebr sht\u00ebpi, pun\u00eb, udh\u00ebtime dhe aktivitete n\u00eb natyr\u00eb.","og_url":"https:\/\/gralmedical.com\/en\/produkt\/2760\/","og_site_name":"GralMedical","article_publisher":"https:\/\/www.facebook.com\/Gralmedical","article_modified_time":"2026-02-09T10:56:24+00:00","og_image":[{"width":600,"height":600,"url":"https:\/\/gralmedical.com\/wp-content\/uploads\/2026\/02\/0804602-600x600-1.jpg","type":"image\/jpeg"}],"twitter_card":"summary_large_image","twitter_misc":{"Est. reading time":"2 minutes"},"schema":{"@context":"https:\/\/schema.org","@graph":[{"@type":"WebPage","@id":"https:\/\/gralmedical.com\/en\/produkt\/2760\/","url":"https:\/\/gralmedical.com\/en\/produkt\/2760\/","name":"1711 Cante e ndihmes se shpejte - GralMedical","isPartOf":{"@id":"https:\/\/gralmedical.com\/en\/#website"},"primaryImageOfPage":{"@id":"https:\/\/gralmedical.com\/en\/produkt\/2760\/#primaryimage"},"image":{"@id":"https:\/\/gralmedical.com\/en\/produkt\/2760\/#primaryimage"},"thumbnailUrl":"https:\/\/gralmedical.com\/wp-content\/uploads\/2026\/02\/0804602-600x600-1.jpg","datePublished":"2026-02-09T10:55:34+00:00","dateModified":"2026-02-09T10:56:24+00:00","breadcrumb":{"@id":"https:\/\/gralmedical.com\/en\/produkt\/2760\/#breadcrumb"},"inLanguage":"en-US","potentialAction":[{"@type":"ReadAction","target":["https:\/\/gralmedical.com\/en\/produkt\/2760\/"]}]},{"@type":"ImageObject","inLanguage":"en-US","@id":"https:\/\/gralmedical.com\/en\/produkt\/2760\/#primaryimage","url":"https:\/\/gralmedical.com\/wp-content\/uploads\/2026\/02\/0804602-600x600-1.jpg","contentUrl":"https:\/\/gralmedical.com\/wp-content\/uploads\/2026\/02\/0804602-600x600-1.jpg","width":600,"height":600},{"@type":"BreadcrumbList","@id":"https:\/\/gralmedical.com\/en\/produkt\/2760\/#breadcrumb","itemListElement":[{"@type":"ListItem","position":1,"name":"Home","item":"https:\/\/gralmedical.com\/en\/"},{"@type":"ListItem","position":2,"name":"Produktet","item":"https:\/\/gralmedical.com\/sq\/produktet\/"},{"@type":"ListItem","position":3,"name":"1711 Cante e ndihmes se shpejte"}]},{"@type":"WebSite","@id":"https:\/\/gralmedical.com\/en\/#website","url":"https:\/\/gralmedical.com\/en\/","name":"GralMedical","description":"Laboratory equipment &amp; medical apparatus","publisher":{"@id":"https:\/\/gralmedical.com\/en\/#organization"},"potentialAction":[{"@type":"SearchAction","target":{"@type":"EntryPoint","urlTemplate":"https:\/\/gralmedical.com\/en\/?s={search_term_string}"},"query-input":{"@type":"PropertyValueSpecification","valueRequired":true,"valueName":"search_term_string"}}],"inLanguage":"en-US"},{"@type":"Organization","@id":"https:\/\/gralmedical.com\/en\/#organization","name":"Gralmedical","url":"https:\/\/gralmedical.com\/en\/","logo":{"@type":"ImageObject","inLanguage":"en-US","@id":"https:\/\/gralmedical.com\/en\/#\/schema\/logo\/image\/","url":"https:\/\/gralmedical.com\/wp-content\/uploads\/2022\/04\/logo.png","contentUrl":"https:\/\/gralmedical.com\/wp-content\/uploads\/2022\/04\/logo.png","width":491,"height":132,"caption":"Gralmedical"},"image":{"@id":"https:\/\/gralmedical.com\/en\/#\/schema\/logo\/image\/"},"sameAs":["https:\/\/www.facebook.com\/Gralmedical"]}]}},"_links":{"self":[{"href":"https:\/\/gralmedical.com\/en\/wp-json\/wp\/v2\/product\/2760","targetHints":{"allow":["GET"]}}],"collection":[{"href":"https:\/\/gralmedical.com\/en\/wp-json\/wp\/v2\/product"}],"about":[{"href":"https:\/\/gralmedical.com\/en\/wp-json\/wp\/v2\/types\/product"}],"wp:featuredmedia":[{"embeddable":true,"href":"https:\/\/gralmedical.com\/en\/wp-json\/wp\/v2\/media\/2761"}],"wp:attachment":[{"href":"https:\/\/gralmedical.com\/en\/wp-json\/wp\/v2\/media?parent=2760"}],"wp:term":[{"taxonomy":"product_brand","embeddable":true,"href":"https:\/\/gralmedical.com\/en\/wp-json\/wp\/v2\/product_brand?post=2760"},{"taxonomy":"product_cat","embeddable":true,"href":"https:\/\/gralmedical.com\/en\/wp-json\/wp\/v2\/product_cat?post=2760"},{"taxonomy":"product_tag","embeddable":true,"href":"https:\/\/gralmedical.com\/en\/wp-json\/wp\/v2\/product_tag?post=2760"}],"curies":[{"name":"wp","href":"https:\/\/api.w.org\/{rel}","templated":true}]}}