{"id":2749,"date":"2026-02-06T16:26:26","date_gmt":"2026-02-06T15:26:26","guid":{"rendered":"https:\/\/gralmedical.com\/?post_type=product&#038;p=2749"},"modified":"2026-02-09T11:33:42","modified_gmt":"2026-02-09T10:33:42","slug":"1710-shufer-kapese-per-sende","status":"publish","type":"product","link":"https:\/\/gralmedical.com\/en\/produkt\/1710-shufer-kapese-per-sende\/","title":{"rendered":"1710 Shufer kapese per sende"},"content":{"rendered":"<p data-start=\"187\" data-end=\"507\"><span style=\"font-size: 17px\">Kapese Invalidi Moretti Prenz \u00ebsht\u00eb nj\u00eb pajisje praktike ndihm\u00ebse, e projektuar p\u00ebr t\u00eb kapur, ngritur dhe l\u00ebvizur objekte t\u00eb vogla n\u00eb m\u00ebnyr\u00eb t\u00eb sigurt dhe pa mundim. Ajo \u00ebsht\u00eb ideale p\u00ebr p\u00ebrdorim t\u00eb p\u00ebrditsh\u00ebm, ve\u00e7an\u00ebrisht p\u00ebr persona me l\u00ebvizshm\u00ebri t\u00eb kufizuar ose me v\u00ebshtir\u00ebsi n\u00eb kapjen dhe mbajtjen e objekteve.<\/span><\/p>\n<p data-start=\"509\" data-end=\"765\"><span style=\"font-size: 17px\">Fal\u00eb dorez\u00ebs s\u00eb dyfisht\u00eb ergonomike, Handy Grip ofron kontroll t\u00eb mir\u00eb dhe p\u00ebrdorim t\u00eb leht\u00eb, duke reduktuar p\u00ebrpjekjen fizike. Pajisja mund t\u00eb p\u00ebrballoj\u00eb pesh\u00eb deri n\u00eb 2 kg, duke e b\u00ebr\u00eb t\u00eb p\u00ebrshtatshme p\u00ebr kapjen e objekteve t\u00eb ndryshme sht\u00ebpiake.<\/span><\/p>\n<p data-start=\"767\" data-end=\"931\"><span style=\"font-size: 17px\">Me nj\u00eb gjat\u00ebsi prej 71 cm, ju lejon t\u00eb arrini objekte t\u00eb larg\u00ebta ose t\u00eb ulura pa u p\u00ebrkulur apo sforcuar, duke rritur sigurin\u00eb dhe komoditetin gjat\u00eb p\u00ebrdorimit.<\/span><\/p>\n","protected":false},"excerpt":{"rendered":"<p>Aksesor ndihm\u00ebs praktik p\u00ebr kapjen dhe l\u00ebvizjen e objekteve t\u00eb vogla.<br data-start=\"1034\" data-end=\"1037\" \/>Dorez\u00eb e dyfisht\u00eb ergonomike, pesh\u00eb mbajt\u00ebse deri n\u00eb 2 kg dhe gjat\u00ebsi 71 cm, ideale p\u00ebr p\u00ebrdorim t\u00eb p\u00ebrditsh\u00ebm dhe per persona me v\u00ebshtir\u00ebsi n\u00eb kapje.<\/p>\n","protected":false},"featured_media":2750,"template":"","meta":{"inline_featured_image":false},"product_brand":[],"product_cat":[15],"product_tag":[],"class_list":{"0":"post-2749","1":"product","2":"type-product","3":"status-publish","4":"has-post-thumbnail","6":"product_cat-various","8":"first","9":"instock","10":"shipping-taxable","11":"product-type-simple"},"yoast_head":"<!-- This site is optimized with the Yoast SEO plugin v27.4 - https:\/\/yoast.com\/product\/yoast-seo-wordpress\/ -->\n<title>1710 Shufer kapese per sende - GralMedical<\/title>\n<meta name=\"robots\" content=\"index, follow, max-snippet:-1, max-image-preview:large, max-video-preview:-1\" \/>\n<link rel=\"canonical\" href=\"https:\/\/gralmedical.com\/en\/produkt\/1710-shufer-kapese-per-sende\/\" \/>\n<meta property=\"og:locale\" content=\"en_US\" \/>\n<meta property=\"og:type\" content=\"article\" \/>\n<meta property=\"og:title\" content=\"1710 Shufer kapese per sende - GralMedical\" \/>\n<meta property=\"og:description\" content=\"Aksesor ndihm\u00ebs praktik p\u00ebr kapjen dhe l\u00ebvizjen e objekteve t\u00eb vogla.Dorez\u00eb e dyfisht\u00eb ergonomike, pesh\u00eb mbajt\u00ebse deri n\u00eb 2 kg dhe gjat\u00ebsi 71 cm, ideale p\u00ebr p\u00ebrdorim t\u00eb p\u00ebrditsh\u00ebm dhe per persona me v\u00ebshtir\u00ebsi n\u00eb kapje.\" \/>\n<meta property=\"og:url\" content=\"https:\/\/gralmedical.com\/en\/produkt\/1710-shufer-kapese-per-sende\/\" \/>\n<meta property=\"og:site_name\" content=\"GralMedical\" \/>\n<meta property=\"article:publisher\" content=\"https:\/\/www.facebook.com\/Gralmedical\" \/>\n<meta property=\"article:modified_time\" content=\"2026-02-09T10:33:42+00:00\" \/>\n<meta property=\"og:image\" content=\"https:\/\/gralmedical.com\/wp-content\/uploads\/2026\/02\/HK0987-Adjustable-Litter-Picker-Image_1000x1000.webp\" \/>\n\t<meta property=\"og:image:width\" content=\"1000\" \/>\n\t<meta property=\"og:image:height\" content=\"1000\" \/>\n\t<meta property=\"og:image:type\" content=\"image\/webp\" \/>\n<meta name=\"twitter:card\" content=\"summary_large_image\" \/>\n<meta name=\"twitter:label1\" content=\"Est. reading time\" \/>\n\t<meta name=\"twitter:data1\" content=\"1 minute\" \/>\n<script type=\"application\/ld+json\" class=\"yoast-schema-graph\">{\"@context\":\"https:\\\/\\\/schema.org\",\"@graph\":[{\"@type\":\"WebPage\",\"@id\":\"https:\\\/\\\/gralmedical.com\\\/en\\\/produkt\\\/1710-shufer-kapese-per-sende\\\/\",\"url\":\"https:\\\/\\\/gralmedical.com\\\/en\\\/produkt\\\/1710-shufer-kapese-per-sende\\\/\",\"name\":\"1710 Shufer kapese per sende - GralMedical\",\"isPartOf\":{\"@id\":\"https:\\\/\\\/gralmedical.com\\\/en\\\/#website\"},\"primaryImageOfPage\":{\"@id\":\"https:\\\/\\\/gralmedical.com\\\/en\\\/produkt\\\/1710-shufer-kapese-per-sende\\\/#primaryimage\"},\"image\":{\"@id\":\"https:\\\/\\\/gralmedical.com\\\/en\\\/produkt\\\/1710-shufer-kapese-per-sende\\\/#primaryimage\"},\"thumbnailUrl\":\"https:\\\/\\\/gralmedical.com\\\/wp-content\\\/uploads\\\/2026\\\/02\\\/HK0987-Adjustable-Litter-Picker-Image_1000x1000.webp\",\"datePublished\":\"2026-02-06T15:26:26+00:00\",\"dateModified\":\"2026-02-09T10:33:42+00:00\",\"breadcrumb\":{\"@id\":\"https:\\\/\\\/gralmedical.com\\\/en\\\/produkt\\\/1710-shufer-kapese-per-sende\\\/#breadcrumb\"},\"inLanguage\":\"en-US\",\"potentialAction\":[{\"@type\":\"ReadAction\",\"target\":[\"https:\\\/\\\/gralmedical.com\\\/en\\\/produkt\\\/1710-shufer-kapese-per-sende\\\/\"]}]},{\"@type\":\"ImageObject\",\"inLanguage\":\"en-US\",\"@id\":\"https:\\\/\\\/gralmedical.com\\\/en\\\/produkt\\\/1710-shufer-kapese-per-sende\\\/#primaryimage\",\"url\":\"https:\\\/\\\/gralmedical.com\\\/wp-content\\\/uploads\\\/2026\\\/02\\\/HK0987-Adjustable-Litter-Picker-Image_1000x1000.webp\",\"contentUrl\":\"https:\\\/\\\/gralmedical.com\\\/wp-content\\\/uploads\\\/2026\\\/02\\\/HK0987-Adjustable-Litter-Picker-Image_1000x1000.webp\",\"width\":1000,\"height\":1000},{\"@type\":\"BreadcrumbList\",\"@id\":\"https:\\\/\\\/gralmedical.com\\\/en\\\/produkt\\\/1710-shufer-kapese-per-sende\\\/#breadcrumb\",\"itemListElement\":[{\"@type\":\"ListItem\",\"position\":1,\"name\":\"Home\",\"item\":\"https:\\\/\\\/gralmedical.com\\\/en\\\/\"},{\"@type\":\"ListItem\",\"position\":2,\"name\":\"Produktet\",\"item\":\"https:\\\/\\\/gralmedical.com\\\/sq\\\/produktet\\\/\"},{\"@type\":\"ListItem\",\"position\":3,\"name\":\"1710 Shufer kapese per sende\"}]},{\"@type\":\"WebSite\",\"@id\":\"https:\\\/\\\/gralmedical.com\\\/en\\\/#website\",\"url\":\"https:\\\/\\\/gralmedical.com\\\/en\\\/\",\"name\":\"GralMedical\",\"description\":\"Laboratory equipment &amp; medical apparatus\",\"publisher\":{\"@id\":\"https:\\\/\\\/gralmedical.com\\\/en\\\/#organization\"},\"potentialAction\":[{\"@type\":\"SearchAction\",\"target\":{\"@type\":\"EntryPoint\",\"urlTemplate\":\"https:\\\/\\\/gralmedical.com\\\/en\\\/?s={search_term_string}\"},\"query-input\":{\"@type\":\"PropertyValueSpecification\",\"valueRequired\":true,\"valueName\":\"search_term_string\"}}],\"inLanguage\":\"en-US\"},{\"@type\":\"Organization\",\"@id\":\"https:\\\/\\\/gralmedical.com\\\/en\\\/#organization\",\"name\":\"Gralmedical\",\"url\":\"https:\\\/\\\/gralmedical.com\\\/en\\\/\",\"logo\":{\"@type\":\"ImageObject\",\"inLanguage\":\"en-US\",\"@id\":\"https:\\\/\\\/gralmedical.com\\\/en\\\/#\\\/schema\\\/logo\\\/image\\\/\",\"url\":\"https:\\\/\\\/gralmedical.com\\\/wp-content\\\/uploads\\\/2022\\\/04\\\/logo.png\",\"contentUrl\":\"https:\\\/\\\/gralmedical.com\\\/wp-content\\\/uploads\\\/2022\\\/04\\\/logo.png\",\"width\":491,\"height\":132,\"caption\":\"Gralmedical\"},\"image\":{\"@id\":\"https:\\\/\\\/gralmedical.com\\\/en\\\/#\\\/schema\\\/logo\\\/image\\\/\"},\"sameAs\":[\"https:\\\/\\\/www.facebook.com\\\/Gralmedical\"]}]}<\/script>\n<!-- \/ Yoast SEO plugin. -->","yoast_head_json":{"title":"1710 Shufer kapese per sende - GralMedical","robots":{"index":"index","follow":"follow","max-snippet":"max-snippet:-1","max-image-preview":"max-image-preview:large","max-video-preview":"max-video-preview:-1"},"canonical":"https:\/\/gralmedical.com\/en\/produkt\/1710-shufer-kapese-per-sende\/","og_locale":"en_US","og_type":"article","og_title":"1710 Shufer kapese per sende - GralMedical","og_description":"Aksesor ndihm\u00ebs praktik p\u00ebr kapjen dhe l\u00ebvizjen e objekteve t\u00eb vogla.Dorez\u00eb e dyfisht\u00eb ergonomike, pesh\u00eb mbajt\u00ebse deri n\u00eb 2 kg dhe gjat\u00ebsi 71 cm, ideale p\u00ebr p\u00ebrdorim t\u00eb p\u00ebrditsh\u00ebm dhe per persona me v\u00ebshtir\u00ebsi n\u00eb kapje.","og_url":"https:\/\/gralmedical.com\/en\/produkt\/1710-shufer-kapese-per-sende\/","og_site_name":"GralMedical","article_publisher":"https:\/\/www.facebook.com\/Gralmedical","article_modified_time":"2026-02-09T10:33:42+00:00","og_image":[{"width":1000,"height":1000,"url":"https:\/\/gralmedical.com\/wp-content\/uploads\/2026\/02\/HK0987-Adjustable-Litter-Picker-Image_1000x1000.webp","type":"image\/webp"}],"twitter_card":"summary_large_image","twitter_misc":{"Est. reading time":"1 minute"},"schema":{"@context":"https:\/\/schema.org","@graph":[{"@type":"WebPage","@id":"https:\/\/gralmedical.com\/en\/produkt\/1710-shufer-kapese-per-sende\/","url":"https:\/\/gralmedical.com\/en\/produkt\/1710-shufer-kapese-per-sende\/","name":"1710 Shufer kapese per sende - GralMedical","isPartOf":{"@id":"https:\/\/gralmedical.com\/en\/#website"},"primaryImageOfPage":{"@id":"https:\/\/gralmedical.com\/en\/produkt\/1710-shufer-kapese-per-sende\/#primaryimage"},"image":{"@id":"https:\/\/gralmedical.com\/en\/produkt\/1710-shufer-kapese-per-sende\/#primaryimage"},"thumbnailUrl":"https:\/\/gralmedical.com\/wp-content\/uploads\/2026\/02\/HK0987-Adjustable-Litter-Picker-Image_1000x1000.webp","datePublished":"2026-02-06T15:26:26+00:00","dateModified":"2026-02-09T10:33:42+00:00","breadcrumb":{"@id":"https:\/\/gralmedical.com\/en\/produkt\/1710-shufer-kapese-per-sende\/#breadcrumb"},"inLanguage":"en-US","potentialAction":[{"@type":"ReadAction","target":["https:\/\/gralmedical.com\/en\/produkt\/1710-shufer-kapese-per-sende\/"]}]},{"@type":"ImageObject","inLanguage":"en-US","@id":"https:\/\/gralmedical.com\/en\/produkt\/1710-shufer-kapese-per-sende\/#primaryimage","url":"https:\/\/gralmedical.com\/wp-content\/uploads\/2026\/02\/HK0987-Adjustable-Litter-Picker-Image_1000x1000.webp","contentUrl":"https:\/\/gralmedical.com\/wp-content\/uploads\/2026\/02\/HK0987-Adjustable-Litter-Picker-Image_1000x1000.webp","width":1000,"height":1000},{"@type":"BreadcrumbList","@id":"https:\/\/gralmedical.com\/en\/produkt\/1710-shufer-kapese-per-sende\/#breadcrumb","itemListElement":[{"@type":"ListItem","position":1,"name":"Home","item":"https:\/\/gralmedical.com\/en\/"},{"@type":"ListItem","position":2,"name":"Produktet","item":"https:\/\/gralmedical.com\/sq\/produktet\/"},{"@type":"ListItem","position":3,"name":"1710 Shufer kapese per sende"}]},{"@type":"WebSite","@id":"https:\/\/gralmedical.com\/en\/#website","url":"https:\/\/gralmedical.com\/en\/","name":"GralMedical","description":"Laboratory equipment &amp; medical apparatus","publisher":{"@id":"https:\/\/gralmedical.com\/en\/#organization"},"potentialAction":[{"@type":"SearchAction","target":{"@type":"EntryPoint","urlTemplate":"https:\/\/gralmedical.com\/en\/?s={search_term_string}"},"query-input":{"@type":"PropertyValueSpecification","valueRequired":true,"valueName":"search_term_string"}}],"inLanguage":"en-US"},{"@type":"Organization","@id":"https:\/\/gralmedical.com\/en\/#organization","name":"Gralmedical","url":"https:\/\/gralmedical.com\/en\/","logo":{"@type":"ImageObject","inLanguage":"en-US","@id":"https:\/\/gralmedical.com\/en\/#\/schema\/logo\/image\/","url":"https:\/\/gralmedical.com\/wp-content\/uploads\/2022\/04\/logo.png","contentUrl":"https:\/\/gralmedical.com\/wp-content\/uploads\/2022\/04\/logo.png","width":491,"height":132,"caption":"Gralmedical"},"image":{"@id":"https:\/\/gralmedical.com\/en\/#\/schema\/logo\/image\/"},"sameAs":["https:\/\/www.facebook.com\/Gralmedical"]}]}},"_links":{"self":[{"href":"https:\/\/gralmedical.com\/en\/wp-json\/wp\/v2\/product\/2749","targetHints":{"allow":["GET"]}}],"collection":[{"href":"https:\/\/gralmedical.com\/en\/wp-json\/wp\/v2\/product"}],"about":[{"href":"https:\/\/gralmedical.com\/en\/wp-json\/wp\/v2\/types\/product"}],"wp:featuredmedia":[{"embeddable":true,"href":"https:\/\/gralmedical.com\/en\/wp-json\/wp\/v2\/media\/2750"}],"wp:attachment":[{"href":"https:\/\/gralmedical.com\/en\/wp-json\/wp\/v2\/media?parent=2749"}],"wp:term":[{"taxonomy":"product_brand","embeddable":true,"href":"https:\/\/gralmedical.com\/en\/wp-json\/wp\/v2\/product_brand?post=2749"},{"taxonomy":"product_cat","embeddable":true,"href":"https:\/\/gralmedical.com\/en\/wp-json\/wp\/v2\/product_cat?post=2749"},{"taxonomy":"product_tag","embeddable":true,"href":"https:\/\/gralmedical.com\/en\/wp-json\/wp\/v2\/product_tag?post=2749"}],"curies":[{"name":"wp","href":"https:\/\/api.w.org\/{rel}","templated":true}]}}